{"id":149890,"date":"2025-04-03T14:19:21","date_gmt":"2025-04-03T12:19:21","guid":{"rendered":"https:\/\/secureus.se\/apollo-55000-122apo-65-serien-a1r-varmedetektor-vit\/"},"modified":"2026-04-23T13:12:33","modified_gmt":"2026-04-23T11:12:33","slug":"apollo-55000-122apo-65-serien-a1r-varmedetektor-vit","status":"publish","type":"product","link":"https:\/\/secureus.se\/pl\/apollo-55000-122apo-65-serien-a1r-varmedetektor-vit\/","title":{"rendered":"Apollo 55000-122APO seria 65, czujnik ciep\u0142a A1R, bia\u0142y"},"content":{"rendered":"<h1>Apollo 55000-122APO seria 65, czujnik ciep\u0142a A1R, bia\u0142y<\/h1>\n<p class=\"\" data-start=\"389\" data-end=\"794\">Czujnik ciep\u0142a Apollo 55000-122APO serii 65 A1R jest przeznaczony do monitorowania i reagowania na wzrost temperatury w \u015brodowiskach, w kt\u00f3rych wykrywanie dymu jest nieskuteczne, np. w obszarach brudnych lub zadymionych.<\/p>\n<p class=\"\" data-start=\"389\" data-end=\"794\">Wykorzystuje uk\u0142ad dw\u00f3ch termistor\u00f3w w celu zapewnienia napi\u0119cia wyj\u015bciowego proporcjonalnego do temperatury powietrza zewn\u0119trznego.<\/p>\n<p class=\"\" data-start=\"389\" data-end=\"794\">Je\u015bli temperatura gwa\u0142townie wzro\u015bnie, w\u0142\u0105cza si\u0119 alarm.<\/p>\n<p class=\"\" data-start=\"796\" data-end=\"1136\">Ten detektor idealnie nadaje si\u0119 do zastosowa\u0144 komercyjnych i przemys\u0142owych, oferuj\u0105c niezawodne rozwi\u0105zanie do wykrywania zmian temperatury.<\/p>\n<p class=\"\" data-start=\"796\" data-end=\"1136\">Dost\u0119pne s\u0105 r\u00f3wnie\u017c wersje z migaj\u0105c\u0105 diod\u0105 LED, umo\u017cliwiaj\u0105c\u0105 wizualn\u0105 sygnalizacj\u0119 stanu czujnika.<\/p>\n<p class=\"\" data-start=\"796\" data-end=\"1136\">Posiada szeroki zakres napi\u0119cia roboczego i jest kompatybilny z wieloma podstawami serii 65.<\/p>\n<p class=\"\" data-start=\"1138\" data-end=\"1158\"><strong data-start=\"1138\" data-end=\"1157\">Dane techniczne<\/strong>:<\/p>\n<ul data-start=\"1159\" data-end=\"1531\">\n<li class=\"\" data-start=\"1159\" data-end=\"1185\">\n<p class=\"\" data-start=\"1161\" data-end=\"1185\"><strong data-start=\"1161\" data-end=\"1175\">\u0179r\u00f3d\u0142o zasilania<\/strong>: 9\u201333 V pr\u0105du sta\u0142ego<\/p>\n<\/li>\n<li class=\"\" data-start=\"1186\" data-end=\"1213\">\n<p class=\"\" data-start=\"1188\" data-end=\"1213\"><strong data-start=\"1188\" data-end=\"1196\">Mierzy\u0107<\/strong>: \u00d8100mm x 42mm<\/p>\n<\/li>\n<li class=\"\" data-start=\"1214\" data-end=\"1230\">\n<p class=\"\" data-start=\"1216\" data-end=\"1230\"><strong data-start=\"1216\" data-end=\"1224\">Waga<\/strong>: 80g<\/p>\n<\/li>\n<li class=\"\" data-start=\"1231\" data-end=\"1246\">\n<p class=\"\" data-start=\"1233\" data-end=\"1246\"><strong data-start=\"1233\" data-end=\"1241\">Farba<\/strong>: Bia\u0142y<\/p>\n<\/li>\n<li class=\"\" data-start=\"1247\" data-end=\"1281\">\n<p class=\"\" data-start=\"1249\" data-end=\"1281\"><strong data-start=\"1249\" data-end=\"1263\">Temperatura<\/strong>: \u201320\u00b0C do +50\u00b0C<\/p>\n<\/li>\n<li class=\"\" data-start=\"1282\" data-end=\"1339\">\n<p class=\"\" data-start=\"1284\" data-end=\"1339\"><strong data-start=\"1284\" data-end=\"1297\">Wilgotno\u015b\u0107<\/strong>: 0\u201395% RH (bez kondensacji i oblodzenia)<\/p>\n<\/li>\n<li class=\"\" data-start=\"1340\" data-end=\"1360\">\n<p class=\"\" data-start=\"1342\" data-end=\"1360\"><strong data-start=\"1342\" data-end=\"1354\">Klasa IP<\/strong>: IP54<\/p>\n<\/li>\n<li class=\"\" data-start=\"1361\" data-end=\"1400\">\n<p class=\"\" data-start=\"1363\" data-end=\"1400\"><strong data-start=\"1363\" data-end=\"1374\">Gwarancja<\/strong>:Ograniczona 10-letnia gwarancja<\/p>\n<\/li>\n<li class=\"\" data-start=\"1401\" data-end=\"1447\">\n<p class=\"\" data-start=\"1403\" data-end=\"1447\"><strong data-start=\"1403\" data-end=\"1415\">Tworzywo<\/strong>: Poliw\u0119glan (trudnopalny)<\/p>\n<\/li>\n<li class=\"\" data-start=\"1448\" data-end=\"1499\">\n<p class=\"\" data-start=\"1450\" data-end=\"1499\"><strong data-start=\"1450\" data-end=\"1468\">Zgodno\u015b\u0107<\/strong>:Podstawy serii 60 i serii 65<\/p>\n<\/li>\n<li class=\"\" data-start=\"1500\" data-end=\"1531\">\n<p class=\"\" data-start=\"1502\" data-end=\"1531\"><strong data-start=\"1502\" data-end=\"1523\">Technologia po\u0142\u0105czenia<\/strong>:Gwintowany<\/p>\n<\/li>\n<\/ul>","protected":false},"excerpt":{"rendered":"<p>Czujnik ciep\u0142a Apollo 55000-122APO serii 65 A1R doskonale nadaje si\u0119 do stosowania w miejscach, w kt\u00f3rych czujniki dymu nie s\u0105 odpowiednie, szczeg\u00f3lnie w \u015brodowiskach brudnych, zadymionych lub zaparowanych.<\/p>\n<p>Monitoruje temperatur\u0119 za pomoc\u0105 podw\u00f3jnej sieci termistor\u00f3w i jest dost\u0119pny w wersji z migaj\u0105c\u0105 diod\u0105 LED.<\/p>","protected":false},"featured_media":149889,"template":"","meta":{"_acf_changed":false},"product_brand":[],"product_cat":[4747,4157],"product_tag":[],"class_list":{"0":"post-149890","1":"product","2":"type-product","3":"status-publish","4":"has-post-thumbnail","6":"product_cat-65-serien","7":"product_cat-varmedetektor","8":"pa_brands-apollo-fire-detectors","9":"tm-no-options","11":"first","12":"instock","13":"taxable","14":"shipping-taxable","15":"purchasable","16":"product-type-simple"},"acf":[],"_links":{"self":[{"href":"https:\/\/secureus.se\/pl\/wp-json\/wp\/v2\/product\/149890","targetHints":{"allow":["GET"]}}],"collection":[{"href":"https:\/\/secureus.se\/pl\/wp-json\/wp\/v2\/product"}],"about":[{"href":"https:\/\/secureus.se\/pl\/wp-json\/wp\/v2\/types\/product"}],"wp:featuredmedia":[{"embeddable":true,"href":"https:\/\/secureus.se\/pl\/wp-json\/wp\/v2\/media\/149889"}],"wp:attachment":[{"href":"https:\/\/secureus.se\/pl\/wp-json\/wp\/v2\/media?parent=149890"}],"wp:term":[{"taxonomy":"product_brand","embeddable":true,"href":"https:\/\/secureus.se\/pl\/wp-json\/wp\/v2\/product_brand?post=149890"},{"taxonomy":"product_cat","embeddable":true,"href":"https:\/\/secureus.se\/pl\/wp-json\/wp\/v2\/product_cat?post=149890"},{"taxonomy":"product_tag","embeddable":true,"href":"https:\/\/secureus.se\/pl\/wp-json\/wp\/v2\/product_tag?post=149890"}],"curies":[{"name":"wp","href":"https:\/\/api.w.org\/{rel}","templated":true}]}}