{"id":149894,"date":"2025-04-03T14:15:42","date_gmt":"2025-04-03T12:15:42","guid":{"rendered":"https:\/\/secureus.se\/apollo-58000-300apo-discovery-series-kolmonoxiddetektor-vit\/"},"modified":"2026-04-16T15:16:00","modified_gmt":"2026-04-16T13:16:00","slug":"apollo-58000-300apo-discovery-series-kolmonoxiddetektor-vit","status":"publish","type":"product","link":"https:\/\/secureus.se\/pl\/apollo-58000-300apo-discovery-series-kolmonoxiddetektor-vit\/","title":{"rendered":"Apollo 58000-300APO detektor tlenku w\u0119gla Discovery Series, bia\u0142y"},"content":{"rendered":"<h1>Apollo 58000-300APO detektor tlenku w\u0119gla Discovery Series<\/h1>\n<p class=\"\" data-start=\"426\" data-end=\"872\">Detektor tlenku w\u0119gla Apollo 58000-300APO serii Discovery to zaawansowany detektor po\u017caru wykorzystuj\u0105cy czujnik elektrochemiczny do wykrywania tlenku w\u0119gla (CO). Jest on szczeg\u00f3lnie skuteczny w wykrywaniu tl\u0105cych si\u0119 po\u017car\u00f3w, w kt\u00f3rych czujniki dymu mog\u0105 by\u0107 mniej niezawodne.<\/p>\n<p class=\"\" data-start=\"426\" data-end=\"872\">Detektor jest bardzo czu\u0142y na szybkie wzrosty st\u0119\u017cenia CO, cz\u0119sto wyst\u0119puj\u0105ce w przypadku gor\u0105cych po\u017car\u00f3w, i zapewnia szybk\u0105 reakcj\u0119 w takich warunkach.<\/p>\n<p class=\"\" data-start=\"874\" data-end=\"1279\">Dzi\u0119ki szerokiej interoperacyjno\u015bci, obejmuj\u0105cej m.in. obs\u0142ug\u0119 system\u00f3w XP95 i Discovery, detektor ten jest przeznaczony do wczesnego ostrzegania o niebezpiecznych poziomach CO w \u015brodowisku, zwi\u0119kszaj\u0105c bezpiecze\u0144stwo zar\u00f3wno w \u015brodowiskach mieszkalnych, jak i komercyjnych.<\/p>\n<p class=\"\" data-start=\"874\" data-end=\"1279\">Detektor jest r\u00f3wnie\u017c bardziej odporny na fa\u0142szywe alarmy wywo\u0142ywane przez powszechnie wyst\u0119puj\u0105ce opary i cz\u0105steczki unosz\u0105ce si\u0119 w powietrzu, dzi\u0119ki czemu w niekt\u00f3rych zastosowaniach jest bardziej niezawodny ni\u017c czujniki dymu.<\/p>\n<p class=\"\" data-start=\"1281\" data-end=\"1301\"><strong data-start=\"1281\" data-end=\"1300\">Dane techniczne<\/strong>:<\/p>\n<ul data-start=\"1302\" data-end=\"1929\">\n<li class=\"\" data-start=\"1302\" data-end=\"1329\">\n<p class=\"\" data-start=\"1304\" data-end=\"1329\"><strong data-start=\"1304\" data-end=\"1318\">\u0179r\u00f3d\u0142o zasilania<\/strong>: 17\u201328 V pr\u0105du sta\u0142ego<\/p>\n<\/li>\n<li class=\"\" data-start=\"1330\" data-end=\"1357\">\n<p class=\"\" data-start=\"1332\" data-end=\"1357\"><strong data-start=\"1332\" data-end=\"1340\">Mierzy\u0107<\/strong>: \u00d8100mm x 42mm<\/p>\n<\/li>\n<li class=\"\" data-start=\"1358\" data-end=\"1373\">\n<p class=\"\" data-start=\"1360\" data-end=\"1373\"><strong data-start=\"1360\" data-end=\"1368\">Farba<\/strong>: Bia\u0142y<\/p>\n<\/li>\n<li class=\"\" data-start=\"1374\" data-end=\"1391\">\n<p class=\"\" data-start=\"1376\" data-end=\"1391\"><strong data-start=\"1376\" data-end=\"1384\">Waga<\/strong>: 105g<\/p>\n<\/li>\n<li class=\"\" data-start=\"1392\" data-end=\"1430\">\n<p class=\"\" data-start=\"1394\" data-end=\"1430\"><strong data-start=\"1394\" data-end=\"1413\">Wykrywalny gaz<\/strong>: Tlenek w\u0119gla (CO)<\/p>\n<\/li>\n<li class=\"\" data-start=\"1431\" data-end=\"1504\">\n<p class=\"\" data-start=\"1433\" data-end=\"1504\"><strong data-start=\"1433\" data-end=\"1447\">Temperatura<\/strong>: \u201320\u00b0C do +50\u00b0C (stan przej\u015bciowy: \u201320\u00b0C do +55\u00b0C)<\/p>\n<\/li>\n<li class=\"\" data-start=\"1505\" data-end=\"1537\">\n<p class=\"\" data-start=\"1507\" data-end=\"1537\"><strong data-start=\"1507\" data-end=\"1520\">Wilgotno\u015b\u0107<\/strong>: 15% do 90% RH<\/p>\n<\/li>\n<li class=\"\" data-start=\"1538\" data-end=\"1558\">\n<p class=\"\" data-start=\"1540\" data-end=\"1558\"><strong data-start=\"1540\" data-end=\"1552\">Klasa IP<\/strong>: IP44<\/p>\n<\/li>\n<li class=\"\" data-start=\"1559\" data-end=\"1610\">\n<p class=\"\" data-start=\"1561\" data-end=\"1610\"><strong data-start=\"1561\" data-end=\"1579\">Certyfikaty<\/strong>: EN 54-11, EN 54-17, CPR, LPCB<\/p>\n<\/li>\n<li class=\"\" data-start=\"1611\" data-end=\"1666\">\n<p class=\"\" data-start=\"1613\" data-end=\"1666\"><strong data-start=\"1613\" data-end=\"1631\">Maksymalne ci\u015bnienie<\/strong>:Monta\u017c do wysoko\u015bci 2000 m n.p.m.<\/p>\n<\/li>\n<li class=\"\" data-start=\"1667\" data-end=\"1738\">\n<p class=\"\" data-start=\"1669\" data-end=\"1738\"><strong data-start=\"1669\" data-end=\"1696\">Protok\u00f3\u0142 komunikacyjny<\/strong>: XP95, Discovery, Zgodno\u015b\u0107 z CoreProtocol<\/p>\n<\/li>\n<li class=\"\" data-start=\"1739\" data-end=\"1763\">\n<p class=\"\" data-start=\"1741\" data-end=\"1763\"><strong data-start=\"1741\" data-end=\"1753\">Cechowanie<\/strong>:Z oznaczeniem CE<\/p>\n<\/li>\n<li class=\"\" data-start=\"1764\" data-end=\"1806\">\n<p class=\"\" data-start=\"1766\" data-end=\"1806\"><strong data-start=\"1766\" data-end=\"1780\">\u017bywotno\u015b\u0107 baterii<\/strong>: 5 lat (\u017cywotno\u015b\u0107 ogniwa)<\/p>\n<\/li>\n<li class=\"\" data-start=\"1807\" data-end=\"1853\">\n<p class=\"\" data-start=\"1809\" data-end=\"1853\"><strong data-start=\"1809\" data-end=\"1821\">Tworzywo<\/strong>: Poliw\u0119glan (trudnopalny)<\/p>\n<\/li>\n<li class=\"\" data-start=\"1854\" data-end=\"1929\">\n<p class=\"\" data-start=\"1856\" data-end=\"1929\"><strong data-start=\"1856\" data-end=\"1870\">Funkcje<\/strong>: Element resetowalny, wska\u017anik LED, funkcja zdalnego testu<\/p>\n<\/li>\n<\/ul>","protected":false},"excerpt":{"rendered":"<p>Detektor tlenku w\u0119gla Apollo 58000-300APO serii Discovery zosta\u0142 zaprojektowany specjalnie do wykrywania tl\u0105cych si\u0119 po\u017car\u00f3w i zapewniania wczesnego ostrzegania, zw\u0142aszcza w przypadku \u017carz\u0105cych si\u0119 po\u017car\u00f3w.<\/p>\n<p>Jest mniej wra\u017cliwy na fa\u0142szywe alarmy wywo\u0142ane par\u0105 ni\u017c czujniki dymu i idealnie nadaje si\u0119 do stosowania w \u015brodowiskach, w kt\u00f3rych wyst\u0119puj\u0105 takie warunki.<\/p>","protected":false},"featured_media":149893,"template":"","meta":{"_acf_changed":false},"product_brand":[],"product_cat":[4748],"product_tag":[],"class_list":{"0":"post-149894","1":"product","2":"type-product","3":"status-publish","4":"has-post-thumbnail","6":"product_cat-discovery-serien","7":"pa_brands-apollo-fire-detectors","8":"tm-no-options","10":"first","11":"onbackorder","12":"taxable","13":"shipping-taxable","14":"purchasable","15":"product-type-simple"},"acf":[],"_links":{"self":[{"href":"https:\/\/secureus.se\/pl\/wp-json\/wp\/v2\/product\/149894","targetHints":{"allow":["GET"]}}],"collection":[{"href":"https:\/\/secureus.se\/pl\/wp-json\/wp\/v2\/product"}],"about":[{"href":"https:\/\/secureus.se\/pl\/wp-json\/wp\/v2\/types\/product"}],"wp:featuredmedia":[{"embeddable":true,"href":"https:\/\/secureus.se\/pl\/wp-json\/wp\/v2\/media\/149893"}],"wp:attachment":[{"href":"https:\/\/secureus.se\/pl\/wp-json\/wp\/v2\/media?parent=149894"}],"wp:term":[{"taxonomy":"product_brand","embeddable":true,"href":"https:\/\/secureus.se\/pl\/wp-json\/wp\/v2\/product_brand?post=149894"},{"taxonomy":"product_cat","embeddable":true,"href":"https:\/\/secureus.se\/pl\/wp-json\/wp\/v2\/product_cat?post=149894"},{"taxonomy":"product_tag","embeddable":true,"href":"https:\/\/secureus.se\/pl\/wp-json\/wp\/v2\/product_tag?post=149894"}],"curies":[{"name":"wp","href":"https:\/\/api.w.org\/{rel}","templated":true}]}}