{"id":149896,"date":"2025-04-03T14:15:41","date_gmt":"2025-04-03T12:15:41","guid":{"rendered":"https:\/\/secureus.se\/apollo-58000-400apo-discovery-series-varmedetektor-vit\/"},"modified":"2026-04-23T13:12:48","modified_gmt":"2026-04-23T11:12:48","slug":"apollo-58000-400apo-discovery-series-varmedetektor-vit","status":"publish","type":"product","link":"https:\/\/secureus.se\/pl\/apollo-58000-400apo-discovery-series-varmedetektor-vit\/","title":{"rendered":"Apollo 58000-400APO Discovery Series, detektor ciep\u0142a, bia\u0142y"},"content":{"rendered":"<h1>Apollo 58000-400APO detektor ciep\u0142a serii Discovery<\/h1>\n<p class=\"\" data-start=\"397\" data-end=\"871\">Detektor ciep\u0142a Apollo 58000-400APO Discovery Series wykorzystuje pojedynczy termistor do dok\u0142adnego pomiaru temperatury powietrza w miejscu ustawienia detektora.<\/p>\n<p class=\"\" data-start=\"397\" data-end=\"871\">Za pomoc\u0105 sieci rezystor\u00f3w generowane jest napi\u0119cie zale\u017cne od temperatury, kt\u00f3re zapewnia liniow\u0105 odpowied\u017a w zakresie od 10\u00b0C do 80\u00b0C.<\/p>\n<p class=\"\" data-start=\"397\" data-end=\"871\">Detektor jest niezwykle dok\u0142adny i odporny na dzia\u0142anie czynnik\u00f3w zewn\u0119trznych, takich jak wiatr czy ci\u015bnienie atmosferyczne, dzi\u0119ki czemu doskonale nadaje si\u0119 do stosowania w \u015brodowiskach brudnych lub zadymionych.<\/p>\n<p class=\"\" data-start=\"873\" data-end=\"1239\">Posiada pi\u0119\u0107 r\u00f3\u017cnych tryb\u00f3w reakcji zatwierdzonych zgodnie z norm\u0105 EN54-5, co umo\u017cliwia dostosowanie czu\u0142o\u015bci w zale\u017cno\u015bci od zastosowania.<\/p>\n<p class=\"\" data-start=\"873\" data-end=\"1239\">Detektor ciep\u0142a jest kompatybilny z systemami XP95 i Discovery i mo\u017cna go do nich pod\u0142\u0105czy\u0107 za pomoc\u0105 dwuprzewodowego przewodu. Posiada r\u00f3wnie\u017c zintegrowan\u0105 funkcj\u0119 testow\u0105, dzi\u0119ki kt\u00f3rej mo\u017cna \u0142atwo sprawdzi\u0107 dzia\u0142anie detektora z poziomu panelu sterowania.<\/p>\n<p class=\"\" data-start=\"1241\" data-end=\"1261\"><strong data-start=\"1241\" data-end=\"1260\">Dane techniczne<\/strong>:<\/p>\n<ul data-start=\"1262\" data-end=\"1824\">\n<li class=\"\" data-start=\"1262\" data-end=\"1289\">\n<p class=\"\" data-start=\"1264\" data-end=\"1289\"><strong data-start=\"1264\" data-end=\"1278\">\u0179r\u00f3d\u0142o zasilania<\/strong>: 17\u201328 V pr\u0105du sta\u0142ego<\/p>\n<\/li>\n<li class=\"\" data-start=\"1290\" data-end=\"1317\">\n<p class=\"\" data-start=\"1292\" data-end=\"1317\"><strong data-start=\"1292\" data-end=\"1300\">Mierzy\u0107<\/strong>: \u00d8100mm x 42mm<\/p>\n<\/li>\n<li class=\"\" data-start=\"1318\" data-end=\"1333\">\n<p class=\"\" data-start=\"1320\" data-end=\"1333\"><strong data-start=\"1320\" data-end=\"1328\">Farba<\/strong>: Bia\u0142y<\/p>\n<\/li>\n<li class=\"\" data-start=\"1334\" data-end=\"1351\">\n<p class=\"\" data-start=\"1336\" data-end=\"1351\"><strong data-start=\"1336\" data-end=\"1344\">Waga<\/strong>: 105g<\/p>\n<\/li>\n<li class=\"\" data-start=\"1352\" data-end=\"1425\">\n<p class=\"\" data-start=\"1354\" data-end=\"1425\"><strong data-start=\"1354\" data-end=\"1368\">Temperatura<\/strong>: \u201320\u00b0C do +50\u00b0C (stan przej\u015bciowy: \u201320\u00b0C do +55\u00b0C)<\/p>\n<\/li>\n<li class=\"\" data-start=\"1426\" data-end=\"1489\">\n<p class=\"\" data-start=\"1428\" data-end=\"1489\"><strong data-start=\"1428\" data-end=\"1441\">Wilgotno\u015b\u0107<\/strong>: 0% do 95% RH (bez kondensacji i oblodzenia)<\/p>\n<\/li>\n<li class=\"\" data-start=\"1490\" data-end=\"1510\">\n<p class=\"\" data-start=\"1492\" data-end=\"1510\"><strong data-start=\"1492\" data-end=\"1504\">Klasa IP<\/strong>: IP44<\/p>\n<\/li>\n<li class=\"\" data-start=\"1511\" data-end=\"1549\">\n<p class=\"\" data-start=\"1513\" data-end=\"1549\"><strong data-start=\"1513\" data-end=\"1531\">Zgodno\u015b\u0107<\/strong>: XP95 i Soteria<\/p>\n<\/li>\n<li class=\"\" data-start=\"1550\" data-end=\"1624\">\n<p class=\"\" data-start=\"1552\" data-end=\"1624\"><strong data-start=\"1552\" data-end=\"1579\">Protok\u00f3\u0142 komunikacyjny<\/strong>:Zgodny z Discovery, XP95 i CoreProtocol<\/p>\n<\/li>\n<li class=\"\" data-start=\"1625\" data-end=\"1677\">\n<p class=\"\" data-start=\"1627\" data-end=\"1677\"><strong data-start=\"1627\" data-end=\"1645\">Certyfikaty<\/strong>: EN 54-5, CPR, LPCB, VdS, BOSEC<\/p>\n<\/li>\n<li class=\"\" data-start=\"1678\" data-end=\"1728\">\n<p class=\"\" data-start=\"1680\" data-end=\"1728\"><strong data-start=\"1680\" data-end=\"1710\">Maksymalna temperatura przechowywania<\/strong>: \u201310\u00b0C do +30\u00b0C<\/p>\n<\/li>\n<li class=\"\" data-start=\"1729\" data-end=\"1777\">\n<p class=\"\" data-start=\"1731\" data-end=\"1777\"><strong data-start=\"1731\" data-end=\"1749\">Po\u0142\u0105czenie uziemiaj\u0105ce<\/strong>:Brak wymaga\u0144 dotycz\u0105cych bezpiecznej obs\u0142ugi<\/p>\n<\/li>\n<li class=\"\" data-start=\"1778\" data-end=\"1824\">\n<p class=\"\" data-start=\"1780\" data-end=\"1824\"><strong data-start=\"1780\" data-end=\"1792\">Tworzywo<\/strong>: Poliw\u0119glan (trudnopalny)<\/p>\n<\/li>\n<\/ul>","protected":false},"excerpt":{"rendered":"<p>Czujka ciep\u0142a Apollo 58000-400APO z serii Discovery idealnie nadaje si\u0119 do stosowania w miejscach, w kt\u00f3rych czujniki dymu mog\u0105 by\u0107 nieodpowiednie, np. w pomieszczeniach brudnych lub zadymionych.<\/p>\n<p>\u015awietnie nadaje si\u0119 do magazyn\u00f3w, dok\u00f3w za\u0142adunkowych i parking\u00f3w, jest odporny na wiatr i ci\u015bnienie atmosferyczne.<\/p>","protected":false},"featured_media":149895,"template":"","meta":{"_acf_changed":false},"product_brand":[],"product_cat":[4748],"product_tag":[],"class_list":{"0":"post-149896","1":"product","2":"type-product","3":"status-publish","4":"has-post-thumbnail","6":"product_cat-discovery-serien","7":"pa_brands-apollo-fire-detectors","8":"tm-no-options","10":"first","11":"instock","12":"taxable","13":"shipping-taxable","14":"purchasable","15":"product-type-simple"},"acf":[],"_links":{"self":[{"href":"https:\/\/secureus.se\/pl\/wp-json\/wp\/v2\/product\/149896","targetHints":{"allow":["GET"]}}],"collection":[{"href":"https:\/\/secureus.se\/pl\/wp-json\/wp\/v2\/product"}],"about":[{"href":"https:\/\/secureus.se\/pl\/wp-json\/wp\/v2\/types\/product"}],"wp:featuredmedia":[{"embeddable":true,"href":"https:\/\/secureus.se\/pl\/wp-json\/wp\/v2\/media\/149895"}],"wp:attachment":[{"href":"https:\/\/secureus.se\/pl\/wp-json\/wp\/v2\/media?parent=149896"}],"wp:term":[{"taxonomy":"product_brand","embeddable":true,"href":"https:\/\/secureus.se\/pl\/wp-json\/wp\/v2\/product_brand?post=149896"},{"taxonomy":"product_cat","embeddable":true,"href":"https:\/\/secureus.se\/pl\/wp-json\/wp\/v2\/product_cat?post=149896"},{"taxonomy":"product_tag","embeddable":true,"href":"https:\/\/secureus.se\/pl\/wp-json\/wp\/v2\/product_tag?post=149896"}],"curies":[{"name":"wp","href":"https:\/\/api.w.org\/{rel}","templated":true}]}}