{"id":149902,"date":"2025-04-03T14:15:36","date_gmt":"2025-04-03T12:15:36","guid":{"rendered":"https:\/\/secureus.se\/apollo-58000-600mar-discovery-series-sil2-marin-optisk-rokdetektor-vit\/"},"modified":"2026-03-27T11:01:03","modified_gmt":"2026-03-27T10:01:03","slug":"apollo-58000-600mar-discovery-series-sil2-marin-optisk-rokdetektor-vit","status":"publish","type":"product","link":"https:\/\/secureus.se\/pl\/apollo-58000-600mar-discovery-series-sil2-marin-optisk-rokdetektor-vit\/","title":{"rendered":"Apollo 58000-600MAR Discovery Series, SIL2 Morski optyczny czujnik dymu, bia\u0142y"},"content":{"rendered":"<h1>Apollo 58000-600MAR Discovery Series, SIL2 Morski optyczny czujnik dymu<\/h1>\n<p class=\"\" data-start=\"417\" data-end=\"742\">Morski optyczny czujnik dymu Apollo 58000-600MAR Discovery Series to zaawansowany czujnik, kt\u00f3ry wykrywa dym, wykorzystuj\u0105c zasad\u0119 rozpraszania \u015bwiat\u0142a.<\/p>\n<p class=\"\" data-start=\"417\" data-end=\"742\">Jest on szczeg\u00f3lnie skuteczny w przypadku po\u017car\u00f3w wolno pal\u0105cych si\u0119 lub tl\u0105cych si\u0119, dzi\u0119ki czemu doskonale nadaje si\u0119 do stosowania w \u015brodowiskach morskich, gdzie tego typu po\u017cary s\u0105 bardziej prawdopodobne.<\/p>\n<p class=\"\" data-start=\"744\" data-end=\"1066\">Detektor zaprojektowano tak, aby by\u0142 odporny na dzia\u0142anie wiatru i ci\u015bnienia atmosferycznego. Posiada pi\u0119\u0107 zatwierdzonych tryb\u00f3w pracy, zgodnie z norm\u0105 EN54-5, co sprawia, \u017ce nadaje si\u0119 do szerokiego zakresu zastosowa\u0144.<\/p>\n<p class=\"\" data-start=\"744\" data-end=\"1066\">Posiada tak\u017ce funkcj\u0119 odrzucania sygna\u0142\u00f3w przej\u015bciowych i funkcj\u0119 zdalnego testu w celu zapewnienia funkcjonalno\u015bci podczas pracy.<\/p>\n<p class=\"\" data-start=\"1068\" data-end=\"1088\"><strong data-start=\"1068\" data-end=\"1087\">Dane techniczne<\/strong>:<\/p>\n<ul data-start=\"1089\" data-end=\"1903\">\n<li class=\"\" data-start=\"1089\" data-end=\"1116\">\n<p class=\"\" data-start=\"1091\" data-end=\"1116\"><strong data-start=\"1091\" data-end=\"1105\">\u0179r\u00f3d\u0142o zasilania<\/strong>: 17\u201328 V pr\u0105du sta\u0142ego<\/p>\n<\/li>\n<li class=\"\" data-start=\"1117\" data-end=\"1144\">\n<p class=\"\" data-start=\"1119\" data-end=\"1144\"><strong data-start=\"1119\" data-end=\"1127\">Mierzy\u0107<\/strong>: \u00d8100mm x 42mm<\/p>\n<\/li>\n<li class=\"\" data-start=\"1145\" data-end=\"1160\">\n<p class=\"\" data-start=\"1147\" data-end=\"1160\"><strong data-start=\"1147\" data-end=\"1155\">Farba<\/strong>: Bia\u0142y<\/p>\n<\/li>\n<li class=\"\" data-start=\"1161\" data-end=\"1178\">\n<p class=\"\" data-start=\"1163\" data-end=\"1178\"><strong data-start=\"1163\" data-end=\"1171\">Waga<\/strong>: 105g<\/p>\n<\/li>\n<li class=\"\" data-start=\"1179\" data-end=\"1213\">\n<p class=\"\" data-start=\"1181\" data-end=\"1213\"><strong data-start=\"1181\" data-end=\"1195\">Temperatura<\/strong>: \u201340\u00b0C do +70\u00b0C<\/p>\n<\/li>\n<li class=\"\" data-start=\"1214\" data-end=\"1271\">\n<p class=\"\" data-start=\"1216\" data-end=\"1271\"><strong data-start=\"1216\" data-end=\"1229\">Wilgotno\u015b\u0107<\/strong>: 0\u201395% RH (bez kondensacji i oblodzenia)<\/p>\n<\/li>\n<li class=\"\" data-start=\"1272\" data-end=\"1346\">\n<p class=\"\" data-start=\"1274\" data-end=\"1346\"><strong data-start=\"1274\" data-end=\"1301\">Protok\u00f3\u0142 komunikacyjny<\/strong>: Kompatybilny z XP95, Discovery i CoreProtocol<\/p>\n<\/li>\n<li class=\"\" data-start=\"1347\" data-end=\"1385\">\n<p class=\"\" data-start=\"1349\" data-end=\"1385\"><strong data-start=\"1349\" data-end=\"1372\">Medium wykrywalne<\/strong>:Ogie\u0144 (Dym)<\/p>\n<\/li>\n<li class=\"\" data-start=\"1386\" data-end=\"1424\">\n<p class=\"\" data-start=\"1388\" data-end=\"1424\"><strong data-start=\"1388\" data-end=\"1407\">Wykrywalny gaz<\/strong>: Tlenek w\u0119gla (CO)<\/p>\n<\/li>\n<li class=\"\" data-start=\"1425\" data-end=\"1475\">\n<p class=\"\" data-start=\"1427\" data-end=\"1475\"><strong data-start=\"1427\" data-end=\"1457\">Maksymalna temperatura przechowywania<\/strong>: \u201340\u00b0C do +80\u00b0C<\/p>\n<\/li>\n<li class=\"\" data-start=\"1476\" data-end=\"1510\">\n<p class=\"\" data-start=\"1478\" data-end=\"1510\"><strong data-start=\"1478\" data-end=\"1490\">Klasa IP<\/strong>: IP44 (wodoodporny)<\/p>\n<\/li>\n<li class=\"\" data-start=\"1511\" data-end=\"1561\">\n<p class=\"\" data-start=\"1513\" data-end=\"1561\"><strong data-start=\"1513\" data-end=\"1525\">Tworzywo<\/strong>:Bia\u0142y poliw\u0119glan (trudnopalny)<\/p>\n<\/li>\n<li class=\"\" data-start=\"1562\" data-end=\"1646\">\n<p class=\"\" data-start=\"1564\" data-end=\"1646\"><strong data-start=\"1564\" data-end=\"1582\">Certyfikaty<\/strong>: EN 54-7, CPR, LPCB, MED, LR, DNV-GL, BV, ABS, CCS, KRS, VNIIPO<\/p>\n<\/li>\n<li class=\"\" data-start=\"1647\" data-end=\"1747\">\n<p class=\"\" data-start=\"1649\" data-end=\"1747\"><strong data-start=\"1649\" data-end=\"1663\">Funkcje<\/strong>: Pi\u0119\u0107 tryb\u00f3w reakcji, kompensacja dryfu, detekcja fotoelektryczna, wska\u017anik LED<\/p>\n<\/li>\n<li class=\"\" data-start=\"1748\" data-end=\"1796\">\n<p class=\"\" data-start=\"1750\" data-end=\"1796\"><strong data-start=\"1750\" data-end=\"1768\">Po\u0142\u0105czenie uziemiaj\u0105ce<\/strong>:Brak wymaga\u0144 dotycz\u0105cych bezpiecznej obs\u0142ugi<\/p>\n<\/li>\n<li class=\"\" data-start=\"1797\" data-end=\"1903\">\n<p class=\"\" data-start=\"1799\" data-end=\"1903\"><strong data-start=\"1799\" data-end=\"1813\">U\u017cywa\u0107<\/strong>:Do stosowania na zewn\u0105trz w zastosowaniach morskich, takich jak przej\u015bcia, drogi ewakuacyjne i pok\u0142ady wewn\u0119trzne<\/p>\n<\/li>\n<\/ul>","protected":false},"excerpt":{"rendered":"<p>Morski optyczny czujnik dymu Apollo 58000-600MAR Discovery Series SIL2 umo\u017cliwia niezawodne wykrywanie wolno tl\u0105cych si\u0119 i tl\u0105cych si\u0119 po\u017car\u00f3w.<\/p>\n<p>Pi\u0119\u0107 tryb\u00f3w pracy i kompensacja dryfu gwarantuj\u0105 sta\u0142\u0105 czu\u0142o\u015b\u0107. Czujnik idealnie nadaje si\u0119 do stosowania na zewn\u0105trz w zastosowaniach morskich.<\/p>","protected":false},"featured_media":149901,"template":"","meta":{"_acf_changed":false},"product_brand":[],"product_cat":[4748],"product_tag":[],"class_list":{"0":"post-149902","1":"product","2":"type-product","3":"status-publish","4":"has-post-thumbnail","6":"product_cat-discovery-serien","7":"pa_brands-apollo-fire-detectors","8":"tm-no-options","10":"first","11":"instock","12":"sale","13":"taxable","14":"shipping-taxable","15":"purchasable","16":"product-type-simple"},"acf":[],"_links":{"self":[{"href":"https:\/\/secureus.se\/pl\/wp-json\/wp\/v2\/product\/149902","targetHints":{"allow":["GET"]}}],"collection":[{"href":"https:\/\/secureus.se\/pl\/wp-json\/wp\/v2\/product"}],"about":[{"href":"https:\/\/secureus.se\/pl\/wp-json\/wp\/v2\/types\/product"}],"wp:featuredmedia":[{"embeddable":true,"href":"https:\/\/secureus.se\/pl\/wp-json\/wp\/v2\/media\/149901"}],"wp:attachment":[{"href":"https:\/\/secureus.se\/pl\/wp-json\/wp\/v2\/media?parent=149902"}],"wp:term":[{"taxonomy":"product_brand","embeddable":true,"href":"https:\/\/secureus.se\/pl\/wp-json\/wp\/v2\/product_brand?post=149902"},{"taxonomy":"product_cat","embeddable":true,"href":"https:\/\/secureus.se\/pl\/wp-json\/wp\/v2\/product_cat?post=149902"},{"taxonomy":"product_tag","embeddable":true,"href":"https:\/\/secureus.se\/pl\/wp-json\/wp\/v2\/product_tag?post=149902"}],"curies":[{"name":"wp","href":"https:\/\/api.w.org\/{rel}","templated":true}]}}