{"id":149904,"date":"2025-04-03T14:15:36","date_gmt":"2025-04-03T12:15:36","guid":{"rendered":"https:\/\/secureus.se\/apollo-58000-700apo-discovery-series-optisk-och-varmesensor-med-flera-sensorer-vit\/"},"modified":"2026-04-16T15:19:04","modified_gmt":"2026-04-16T13:19:04","slug":"apollo-58000-700apo-discovery-series-optisk-och-varmesensor-med-flera-sensorer-vit","status":"publish","type":"product","link":"https:\/\/secureus.se\/pl\/apollo-58000-700apo-discovery-series-optisk-och-varmesensor-med-flera-sensorer-vit\/","title":{"rendered":"Apollo 58000-700APO Discovery Series, wieloczujnikowy czujnik optyczny i termiczny, bia\u0142y"},"content":{"rendered":"<h1>Apollo 58000-700APO Discovery Series, wieloczujnikowy czujnik optyczny i termiczny<\/h1>\n<p class=\"\" data-start=\"405\" data-end=\"839\">Wieloczujnikowy detektor optyczny i termiczny Apollo 58000-700APO serii Discovery wykorzystuje czujniki optyczne i termiczne do dostarczania po\u0142\u0105czonego sygna\u0142u oraz oddzielnego sygna\u0142u termicznego, co pozwala skuteczniej zarz\u0105dza\u0107 fa\u0142szywymi alarmami.<\/p>\n<p class=\"\" data-start=\"405\" data-end=\"839\">Detektor jest szczeg\u00f3lnie przydatny w zastosowaniach, w kt\u00f3rych mog\u0105 jednocze\u015bnie wyst\u0119powa\u0107 zmiany dymu i temperatury, co czyni go doskona\u0142ym wyborem do takich miejsc, jak pokoje hotelowe i oddzia\u0142y szpitalne.<\/p>\n<p class=\"\" data-start=\"841\" data-end=\"1177\">Urz\u0105dzenie jest wyposa\u017cone w pi\u0119\u0107 tryb\u00f3w pracy, kt\u00f3re umo\u017cliwiaj\u0105 dostosowanie czu\u0142o\u015bci do r\u00f3\u017cnych zastosowa\u0144 \u2013 od wykrywania dymu w typowych \u015brodowiskach po gaszenie wolno p\u0142on\u0105cych lub tl\u0105cych si\u0119 po\u017car\u00f3w.<\/p>\n<p class=\"\" data-start=\"841\" data-end=\"1177\">Kompensacja dryfu zapewnia, \u017ce detektor utrzymuje sta\u0142\u0105 czu\u0142o\u015b\u0107 w czasie i przy zmiennych warunkach \u015brodowiskowych.<\/p>\n<p class=\"\" data-start=\"1179\" data-end=\"1199\"><strong data-start=\"1179\" data-end=\"1198\">Dane techniczne<\/strong>:<\/p>\n<ul data-start=\"1200\" data-end=\"1774\">\n<li class=\"\" data-start=\"1200\" data-end=\"1227\">\n<p class=\"\" data-start=\"1202\" data-end=\"1227\"><strong data-start=\"1202\" data-end=\"1216\">\u0179r\u00f3d\u0142o zasilania<\/strong>: 17\u201328 V pr\u0105du sta\u0142ego<\/p>\n<\/li>\n<li class=\"\" data-start=\"1228\" data-end=\"1255\">\n<p class=\"\" data-start=\"1230\" data-end=\"1255\"><strong data-start=\"1230\" data-end=\"1238\">Mierzy\u0107<\/strong>: \u00d8100mm x 50mm<\/p>\n<\/li>\n<li class=\"\" data-start=\"1256\" data-end=\"1271\">\n<p class=\"\" data-start=\"1258\" data-end=\"1271\"><strong data-start=\"1258\" data-end=\"1266\">Farba<\/strong>: Bia\u0142y<\/p>\n<\/li>\n<li class=\"\" data-start=\"1272\" data-end=\"1289\">\n<p class=\"\" data-start=\"1274\" data-end=\"1289\"><strong data-start=\"1274\" data-end=\"1282\">Waga<\/strong>: 105g<\/p>\n<\/li>\n<li class=\"\" data-start=\"1290\" data-end=\"1324\">\n<p class=\"\" data-start=\"1292\" data-end=\"1324\"><strong data-start=\"1292\" data-end=\"1306\">Temperatura<\/strong>: \u201340\u00b0C do +70\u00b0C<\/p>\n<\/li>\n<li class=\"\" data-start=\"1325\" data-end=\"1382\">\n<p class=\"\" data-start=\"1327\" data-end=\"1382\"><strong data-start=\"1327\" data-end=\"1340\">Wilgotno\u015b\u0107<\/strong>: 0\u201395% RH (bez kondensacji i oblodzenia)<\/p>\n<\/li>\n<li class=\"\" data-start=\"1383\" data-end=\"1421\">\n<p class=\"\" data-start=\"1385\" data-end=\"1421\"><strong data-start=\"1385\" data-end=\"1408\">Medium wykrywalne<\/strong>:Ogie\u0144 (Dym)<\/p>\n<\/li>\n<li class=\"\" data-start=\"1422\" data-end=\"1496\">\n<p class=\"\" data-start=\"1424\" data-end=\"1496\"><strong data-start=\"1424\" data-end=\"1451\">Protok\u00f3\u0142 komunikacyjny<\/strong>:Zgodny z Discovery, XP95 i CoreProtocol<\/p>\n<\/li>\n<li class=\"\" data-start=\"1497\" data-end=\"1590\">\n<p class=\"\" data-start=\"1499\" data-end=\"1590\"><strong data-start=\"1499\" data-end=\"1513\">Funkcje<\/strong>:Pi\u0119\u0107 tryb\u00f3w reakcji, detekcja fotoelektryczna optyczna, czujnik temperatury termistora<\/p>\n<\/li>\n<li class=\"\" data-start=\"1591\" data-end=\"1630\">\n<p class=\"\" data-start=\"1593\" data-end=\"1630\"><strong data-start=\"1593\" data-end=\"1604\">Gwarancja<\/strong>:Ograniczona 10-letnia gwarancja<\/p>\n<\/li>\n<li class=\"\" data-start=\"1631\" data-end=\"1665\">\n<p class=\"\" data-start=\"1633\" data-end=\"1665\"><strong data-start=\"1633\" data-end=\"1645\">Klasa IP<\/strong>: IP44 (wodoodporny)<\/p>\n<\/li>\n<li class=\"\" data-start=\"1666\" data-end=\"1717\">\n<p class=\"\" data-start=\"1668\" data-end=\"1717\"><strong data-start=\"1668\" data-end=\"1686\">Zgodno\u015b\u0107<\/strong>: XP95, Odkrycie, Protok\u00f3\u0142 podstawowy<\/p>\n<\/li>\n<li class=\"\" data-start=\"1718\" data-end=\"1774\">\n<p class=\"\" data-start=\"1720\" data-end=\"1774\"><strong data-start=\"1720\" data-end=\"1741\">Certyfikacja \u015brodowiskowa<\/strong>: BOSEC, CPR, LPCB, VdS, SBSC, FG<\/p>\n<\/li>\n<\/ul>","protected":false},"excerpt":{"rendered":"<p>Wieloczujnikowy detektor optyczny i termiczny Apollo 58000-700APO serii Discovery \u0142\u0105czy w sobie optyczne czujniki dymu i termistorowe czujniki temperatury, zapewniaj\u0105c ulepszone zarz\u0105dzanie fa\u0142szywymi alarmami i niezawodne wykrywanie w szerokim zakresie zastosowa\u0144.<\/p>","protected":false},"featured_media":149903,"template":"","meta":{"_acf_changed":false},"product_brand":[],"product_cat":[4748],"product_tag":[],"class_list":{"0":"post-149904","1":"product","2":"type-product","3":"status-publish","4":"has-post-thumbnail","6":"product_cat-discovery-serien","7":"pa_brands-apollo-fire-detectors","8":"tm-no-options","10":"first","11":"instock","12":"sale","13":"taxable","14":"shipping-taxable","15":"purchasable","16":"product-type-simple"},"acf":[],"_links":{"self":[{"href":"https:\/\/secureus.se\/pl\/wp-json\/wp\/v2\/product\/149904","targetHints":{"allow":["GET"]}}],"collection":[{"href":"https:\/\/secureus.se\/pl\/wp-json\/wp\/v2\/product"}],"about":[{"href":"https:\/\/secureus.se\/pl\/wp-json\/wp\/v2\/types\/product"}],"wp:featuredmedia":[{"embeddable":true,"href":"https:\/\/secureus.se\/pl\/wp-json\/wp\/v2\/media\/149903"}],"wp:attachment":[{"href":"https:\/\/secureus.se\/pl\/wp-json\/wp\/v2\/media?parent=149904"}],"wp:term":[{"taxonomy":"product_brand","embeddable":true,"href":"https:\/\/secureus.se\/pl\/wp-json\/wp\/v2\/product_brand?post=149904"},{"taxonomy":"product_cat","embeddable":true,"href":"https:\/\/secureus.se\/pl\/wp-json\/wp\/v2\/product_cat?post=149904"},{"taxonomy":"product_tag","embeddable":true,"href":"https:\/\/secureus.se\/pl\/wp-json\/wp\/v2\/product_tag?post=149904"}],"curies":[{"name":"wp","href":"https:\/\/api.w.org\/{rel}","templated":true}]}}