{"id":149906,"date":"2025-04-03T14:12:35","date_gmt":"2025-04-03T12:12:35","guid":{"rendered":"https:\/\/secureus.se\/apollo-55100-021mar-konventionell-manuell-anropssignal-for-sjofarten-en-54-11-certifierad-rod\/"},"modified":"2026-04-23T13:12:53","modified_gmt":"2026-04-23T11:12:53","slug":"apollo-55100-021mar-konventionell-manuell-anropssignal-for-sjofarten-en-54-11-certifierad-rod","status":"publish","type":"product","link":"https:\/\/secureus.se\/pl\/apollo-55100-021mar-konventionell-manuell-anropssignal-for-sjofarten-en-54-11-certifierad-rod\/","title":{"rendered":"Apollo 55100-021MAR Konwencjonalny r\u0119czny znak wywo\u0142awczy morski, certyfikowany zgodnie z norm\u0105 EN 54-11, czerwony"},"content":{"rendered":"<h1>Apollo 55100-021MAR Konwencjonalny r\u0119czny morski znak wywo\u0142awczy<\/h1>\n<p class=\"\" data-start=\"403\" data-end=\"825\">Konwencjonalny r\u0119czny znak wywo\u0142awczy Apollo 55100-021MAR jest przeznaczony do stosowania w morskich systemach wykrywania po\u017car\u00f3w.<\/p>\n<p class=\"\" data-start=\"403\" data-end=\"825\">Posiada \u0142atwy do zresetowania mechanizm zamiast szk\u0142a, dzi\u0119ki czemu jest trwalszy i bezpieczniejszy do stosowania na statkach i obiektach morskich.<\/p>\n<p class=\"\" data-start=\"403\" data-end=\"825\">Znak wywo\u0142awczy dostarczany jest z puszk\u0105 monta\u017cow\u0105 natynkow\u0105 i instalacj\u0105 \u201ePlug and Play\u201d, dzi\u0119ki czemu okablowanie jest szybkie i wydajne.<\/p>\n<p class=\"\" data-start=\"827\" data-end=\"1168\">Jednostka ta wyposa\u017cona jest w \u0142\u0105cze ci\u0105g\u0142o\u015bci pozwalaj\u0105ce na testowanie okablowania przed uruchomieniem, co poprawia zar\u00f3wno bezpiecze\u0144stwo, jak i wydajno\u015b\u0107 instalacji.<\/p>\n<p class=\"\" data-start=\"827\" data-end=\"1168\">Po aktywacji sygna\u0142u wywo\u0142awczego mo\u017cna go zresetowa\u0107, wk\u0142adaj\u0105c klucz testowy do dolnej cz\u0119\u015bci urz\u0105dzenia i klikaj\u0105c na miejsce.<\/p>\n<p class=\"\" data-start=\"827\" data-end=\"1168\">Czerwona kontrolka zapala si\u0119, gdy urz\u0105dzenie jest aktywne.<\/p>\n<p class=\"\" data-start=\"1170\" data-end=\"1327\">Ten znak wywo\u0142awczy jest zatwierdzony zgodnie z norm\u0105 EN 54-11 oraz Dyrektyw\u0105 w sprawie wyposa\u017cenia morskiego 96\/98\/WE, co sprawia, \u017ce jest niezawodny i bezpieczny do stosowania w \u015brodowisku morskim.<\/p>\n<p class=\"\" data-start=\"1329\" data-end=\"1349\"><strong data-start=\"1329\" data-end=\"1348\">Dane techniczne<\/strong>:<\/p>\n<ul data-start=\"1350\" data-end=\"1869\">\n<li class=\"\" data-start=\"1350\" data-end=\"1374\">\n<p class=\"\" data-start=\"1352\" data-end=\"1374\"><strong data-start=\"1352\" data-end=\"1366\">\u0179r\u00f3d\u0142o zasilania<\/strong>: 30V pr\u0105du sta\u0142ego<\/p>\n<\/li>\n<li class=\"\" data-start=\"1375\" data-end=\"1402\">\n<p class=\"\" data-start=\"1377\" data-end=\"1402\"><strong data-start=\"1377\" data-end=\"1385\">Mierzy\u0107<\/strong>: 93mm x 59,5mm<\/p>\n<\/li>\n<li class=\"\" data-start=\"1403\" data-end=\"1418\">\n<p class=\"\" data-start=\"1405\" data-end=\"1418\"><strong data-start=\"1405\" data-end=\"1413\">Farba<\/strong>: Czerwony<\/p>\n<\/li>\n<li class=\"\" data-start=\"1419\" data-end=\"1436\">\n<p class=\"\" data-start=\"1421\" data-end=\"1436\"><strong data-start=\"1421\" data-end=\"1429\">Waga<\/strong>: 180 gr<\/p>\n<\/li>\n<li class=\"\" data-start=\"1437\" data-end=\"1505\">\n<p class=\"\" data-start=\"1439\" data-end=\"1505\"><strong data-start=\"1439\" data-end=\"1453\">Temperatura<\/strong>: Wewn\u0105trz \u201310\u00b0C do +55\u00b0C, Na zewn\u0105trz \u201325\u00b0C do +70\u00b0C<\/p>\n<\/li>\n<li class=\"\" data-start=\"1506\" data-end=\"1546\">\n<p class=\"\" data-start=\"1508\" data-end=\"1546\"><strong data-start=\"1508\" data-end=\"1521\">Wilgotno\u015b\u0107<\/strong>: 0-93% RH (bez kondensacji)<\/p>\n<\/li>\n<li class=\"\" data-start=\"1547\" data-end=\"1592\">\n<p class=\"\" data-start=\"1549\" data-end=\"1592\"><strong data-start=\"1549\" data-end=\"1561\">Klasa IP<\/strong>: Wewn\u0105trz: IP24D, Na zewn\u0105trz: IP67<\/p>\n<\/li>\n<li class=\"\" data-start=\"1593\" data-end=\"1652\">\n<p class=\"\" data-start=\"1595\" data-end=\"1652\"><strong data-start=\"1595\" data-end=\"1607\">Tworzywo<\/strong>: Poliw\u0119glan lub ABS w zale\u017cno\u015bci od funkcji<\/p>\n<\/li>\n<li class=\"\" data-start=\"1653\" data-end=\"1719\">\n<p class=\"\" data-start=\"1655\" data-end=\"1719\"><strong data-start=\"1655\" data-end=\"1673\">Certyfikaty<\/strong>: EN54-11, Dyrektywa w sprawie wyposa\u017cenia morskiego 96\/98\/WE<\/p>\n<\/li>\n<li class=\"\" data-start=\"1720\" data-end=\"1766\">\n<p class=\"\" data-start=\"1722\" data-end=\"1766\"><strong data-start=\"1722\" data-end=\"1740\">Zgodno\u015b\u0107<\/strong>:T\u0142umacz protoko\u0142u XP95<\/p>\n<\/li>\n<li class=\"\" data-start=\"1767\" data-end=\"1829\">\n<p class=\"\" data-start=\"1769\" data-end=\"1829\"><strong data-start=\"1769\" data-end=\"1783\">Funkcje<\/strong>:Resetowalny, \u201ePlug and Play\u201d, monta\u017c powierzchniowy<\/p>\n<\/li>\n<li class=\"\" data-start=\"1830\" data-end=\"1869\">\n<p class=\"\" data-start=\"1832\" data-end=\"1869\"><strong data-start=\"1832\" data-end=\"1843\">Gwarancja<\/strong>:Ograniczona 10-letnia gwarancja<\/p>\n<\/li>\n<\/ul>","protected":false},"excerpt":{"rendered":"<p>Znak wywo\u0142awczy Apollo 55100-021MAR to konwencjonalny r\u0119czny znak wywo\u0142awczy morski, kt\u00f3ry posiada certyfikat EN 54-11 i jest wyposa\u017cony w z\u0142\u0105cza typu \u201ePlug and Play\u201d, co umo\u017cliwia szybk\u0105 instalacj\u0119.<\/p>\n<p>Idealnie nadaje si\u0119 do zastosowa\u0144 morskich i posiada \u0142\u0105cze ci\u0105g\u0142o\u015bci umo\u017cliwiaj\u0105ce testowanie kabli przed uruchomieniem.<\/p>","protected":false},"featured_media":149905,"template":"","meta":{"_acf_changed":false},"product_brand":[],"product_cat":[4749,1830,4828],"product_tag":[],"class_list":{"0":"post-149906","1":"product","2":"type-product","3":"status-publish","4":"has-post-thumbnail","6":"product_cat-orbis-serien","7":"product_cat-brandknappar","8":"product_cat-nodknappar","9":"pa_brands-apollo-fire-detectors","10":"tm-no-options","12":"first","13":"onbackorder","14":"sale","15":"taxable","16":"shipping-taxable","17":"purchasable","18":"product-type-simple"},"acf":[],"_links":{"self":[{"href":"https:\/\/secureus.se\/pl\/wp-json\/wp\/v2\/product\/149906","targetHints":{"allow":["GET"]}}],"collection":[{"href":"https:\/\/secureus.se\/pl\/wp-json\/wp\/v2\/product"}],"about":[{"href":"https:\/\/secureus.se\/pl\/wp-json\/wp\/v2\/types\/product"}],"wp:featuredmedia":[{"embeddable":true,"href":"https:\/\/secureus.se\/pl\/wp-json\/wp\/v2\/media\/149905"}],"wp:attachment":[{"href":"https:\/\/secureus.se\/pl\/wp-json\/wp\/v2\/media?parent=149906"}],"wp:term":[{"taxonomy":"product_brand","embeddable":true,"href":"https:\/\/secureus.se\/pl\/wp-json\/wp\/v2\/product_brand?post=149906"},{"taxonomy":"product_cat","embeddable":true,"href":"https:\/\/secureus.se\/pl\/wp-json\/wp\/v2\/product_cat?post=149906"},{"taxonomy":"product_tag","embeddable":true,"href":"https:\/\/secureus.se\/pl\/wp-json\/wp\/v2\/product_tag?post=149906"}],"curies":[{"name":"wp","href":"https:\/\/api.w.org\/{rel}","templated":true}]}}