{"id":149910,"date":"2025-04-03T14:12:32","date_gmt":"2025-04-03T12:12:32","guid":{"rendered":"https:\/\/secureus.se\/apollo-pp5021-orbis-series-marin-optisk-rokdetektor-med-blinkande-led-vit\/"},"modified":"2026-04-09T12:32:05","modified_gmt":"2026-04-09T10:32:05","slug":"apollo-pp5021-orbis-series-marin-optisk-rokdetektor-med-blinkande-led-vit","status":"publish","type":"product","link":"https:\/\/secureus.se\/pl\/apollo-pp5021-orbis-series-marin-optisk-rokdetektor-med-blinkande-led-vit\/","title":{"rendered":"Apollo PP5021 Orbis Series Marine optyczny czujnik dymu z migaj\u0105c\u0105 diod\u0105 LED, bia\u0142y"},"content":{"rendered":"<h1>Apollo PP5021 Orbis Series Marine optyczny czujnik dymu z migaj\u0105c\u0105 diod\u0105 LED<\/h1>\n<p class=\"\" data-start=\"425\" data-end=\"840\">Morski optyczny czujnik dymu Apollo PP5021 serii Orbis wykorzystuje udoskonalon\u0105 wersj\u0119 klasycznej zasady rozpraszania \u015bwiat\u0142a, dzi\u0119ki czemu jest skuteczniejszy w wykrywaniu czarnego dymu ni\u017c tradycyjne czujniki optyczne.<\/p>\n<p class=\"\" data-start=\"425\" data-end=\"840\">Czujnik optyczny mierzy \u015bwiat\u0142o rozproszone przez cz\u0105steczki dymu pod szerokim k\u0105tem, co zapewnia zwi\u0119kszon\u0105 czu\u0142o\u015b\u0107 i niezawodno\u015b\u0107, a jednocze\u015bnie znacznie zmniejsza ryzyko fa\u0142szywych alarm\u00f3w.<\/p>\n<p class=\"\" data-start=\"842\" data-end=\"1179\">Detektor wyposa\u017cono w algorytmy odrzucaj\u0105ce sygna\u0142y przej\u015bciowe oraz funkcj\u0119 DirtAlert, kt\u00f3ra ostrzega, gdy detektor wymaga czyszczenia.<\/p>\n<p class=\"\" data-start=\"842\" data-end=\"1179\">Znajduje si\u0119 tam r\u00f3wnie\u017c migaj\u0105ca dioda LED, kt\u00f3ra pokazuje status i alarm.<\/p>\n<p class=\"\" data-start=\"842\" data-end=\"1179\">Detektor idealnie nadaje si\u0119 do stosowania na statkach i obiektach morskich, gdzie zapewnia niezawodn\u0105 detekcj\u0119 nawet w trudnych warunkach.<\/p>\n<p class=\"\" data-start=\"1181\" data-end=\"1201\"><strong data-start=\"1181\" data-end=\"1200\">Dane techniczne<\/strong>:<\/p>\n<ul data-start=\"1202\" data-end=\"1742\">\n<li class=\"\" data-start=\"1202\" data-end=\"1226\">\n<p class=\"\" data-start=\"1204\" data-end=\"1226\"><strong data-start=\"1204\" data-end=\"1218\">\u0179r\u00f3d\u0142o zasilania<\/strong>: 33V pr\u0105du sta\u0142ego<\/p>\n<\/li>\n<li class=\"\" data-start=\"1227\" data-end=\"1253\">\n<p class=\"\" data-start=\"1229\" data-end=\"1253\"><strong data-start=\"1229\" data-end=\"1237\">Mierzy\u0107<\/strong>: \u00d897mm x 31mm<\/p>\n<\/li>\n<li class=\"\" data-start=\"1254\" data-end=\"1272\">\n<p class=\"\" data-start=\"1256\" data-end=\"1272\"><strong data-start=\"1256\" data-end=\"1264\">Farba<\/strong>:Srebrny<\/p>\n<\/li>\n<li class=\"\" data-start=\"1273\" data-end=\"1289\">\n<p class=\"\" data-start=\"1275\" data-end=\"1289\"><strong data-start=\"1275\" data-end=\"1283\">Waga<\/strong>: 75g<\/p>\n<\/li>\n<li class=\"\" data-start=\"1290\" data-end=\"1324\">\n<p class=\"\" data-start=\"1292\" data-end=\"1324\"><strong data-start=\"1292\" data-end=\"1306\">Temperatura<\/strong>: \u201340\u00b0C do +70\u00b0C<\/p>\n<\/li>\n<li class=\"\" data-start=\"1325\" data-end=\"1365\">\n<p class=\"\" data-start=\"1327\" data-end=\"1365\"><strong data-start=\"1327\" data-end=\"1340\">Wilgotno\u015b\u0107<\/strong>: 0\u201398% RH (bez kondensacji)<\/p>\n<\/li>\n<li class=\"\" data-start=\"1366\" data-end=\"1404\">\n<p class=\"\" data-start=\"1368\" data-end=\"1404\"><strong data-start=\"1368\" data-end=\"1391\">Medium wykrywalne<\/strong>:Ogie\u0144 (Dym)<\/p>\n<\/li>\n<li class=\"\" data-start=\"1405\" data-end=\"1460\">\n<p class=\"\" data-start=\"1407\" data-end=\"1460\"><strong data-start=\"1407\" data-end=\"1427\">Technologia czujnik\u00f3w<\/strong>:Podczerwie\u0144, optyka, fotoelektryczno\u015b\u0107<\/p>\n<\/li>\n<li class=\"\" data-start=\"1461\" data-end=\"1533\">\n<p class=\"\" data-start=\"1463\" data-end=\"1533\"><strong data-start=\"1463\" data-end=\"1477\">Funkcje<\/strong>: DirtAlert, SensAlert, FasTest, op\u00f3\u017aniona obs\u0142uga alarm\u00f3w<\/p>\n<\/li>\n<li class=\"\" data-start=\"1534\" data-end=\"1598\">\n<p class=\"\" data-start=\"1536\" data-end=\"1598\"><strong data-start=\"1536\" data-end=\"1554\">Certyfikaty<\/strong>: EN54-7, MED, BV, ABS, CCS, CRS, DNV.GL, LR<\/p>\n<\/li>\n<li class=\"\" data-start=\"1599\" data-end=\"1680\">\n<p class=\"\" data-start=\"1601\" data-end=\"1680\"><strong data-start=\"1601\" data-end=\"1619\">Zgodno\u015b\u0107<\/strong>:Apollo seria 65 i poprzednie serie detektor\u00f3w konwencjonalnych<\/p>\n<\/li>\n<li class=\"\" data-start=\"1681\" data-end=\"1702\">\n<p class=\"\" data-start=\"1683\" data-end=\"1702\"><strong data-start=\"1683\" data-end=\"1695\">Klasa IP<\/strong>: IP23D<\/p>\n<\/li>\n<li class=\"\" data-start=\"1703\" data-end=\"1742\">\n<p class=\"\" data-start=\"1705\" data-end=\"1742\"><strong data-start=\"1705\" data-end=\"1716\">Gwarancja<\/strong>:Ograniczona 10-letnia gwarancja<\/p>\n<\/li>\n<\/ul>","protected":false},"excerpt":{"rendered":"<p>Morski optyczny czujnik dymu Apollo PP5021 z migaj\u0105c\u0105 diod\u0105 LED to wydajny czujnik, kt\u00f3ry redukuje liczb\u0119 fa\u0142szywych alarm\u00f3w dzi\u0119ki udoskonalonej technologii rozpraszania \u015bwiat\u0142a i konstrukcji czujnika.<\/p>\n<p>Produkt ten nadaje si\u0119 szczeg\u00f3lnie do zastosowa\u0144 morskich i jest certyfikowany do stosowania w tego typu \u015brodowiskach.<\/p>","protected":false},"featured_media":149909,"template":"","meta":{"_acf_changed":false},"product_brand":[],"product_cat":[4749,3373],"product_tag":[],"class_list":{"0":"post-149910","1":"product","2":"type-product","3":"status-publish","4":"has-post-thumbnail","6":"product_cat-orbis-serien","7":"product_cat-rokdetektorer","8":"pa_brands-apollo-fire-detectors","9":"tm-no-options","11":"first","12":"onbackorder","13":"sale","14":"taxable","15":"shipping-taxable","16":"purchasable","17":"product-type-simple"},"acf":[],"_links":{"self":[{"href":"https:\/\/secureus.se\/pl\/wp-json\/wp\/v2\/product\/149910","targetHints":{"allow":["GET"]}}],"collection":[{"href":"https:\/\/secureus.se\/pl\/wp-json\/wp\/v2\/product"}],"about":[{"href":"https:\/\/secureus.se\/pl\/wp-json\/wp\/v2\/types\/product"}],"wp:featuredmedia":[{"embeddable":true,"href":"https:\/\/secureus.se\/pl\/wp-json\/wp\/v2\/media\/149909"}],"wp:attachment":[{"href":"https:\/\/secureus.se\/pl\/wp-json\/wp\/v2\/media?parent=149910"}],"wp:term":[{"taxonomy":"product_brand","embeddable":true,"href":"https:\/\/secureus.se\/pl\/wp-json\/wp\/v2\/product_brand?post=149910"},{"taxonomy":"product_cat","embeddable":true,"href":"https:\/\/secureus.se\/pl\/wp-json\/wp\/v2\/product_cat?post=149910"},{"taxonomy":"product_tag","embeddable":true,"href":"https:\/\/secureus.se\/pl\/wp-json\/wp\/v2\/product_tag?post=149910"}],"curies":[{"name":"wp","href":"https:\/\/api.w.org\/{rel}","templated":true}]}}