{"id":149977,"date":"2025-04-03T14:12:31","date_gmt":"2025-04-03T12:12:31","guid":{"rendered":"https:\/\/secureus.se\/apollo-pp5021-orbis-serie-marin-optisk-rokdetektor-vit\/"},"modified":"2026-04-23T13:13:03","modified_gmt":"2026-04-23T11:13:03","slug":"apollo-pp5021-orbis-serie-marin-optisk-rokdetektor-vit","status":"publish","type":"product","link":"https:\/\/secureus.se\/pl\/apollo-pp5021-orbis-serie-marin-optisk-rokdetektor-vit\/","title":{"rendered":"Apollo PP5021 Orbis seria optyczny czujnik dymu morski, bia\u0142y"},"content":{"rendered":"<h1>Apollo PP5021 Orbis Series Morski optyczny czujnik dymu<\/h1>\n<p class=\"\" data-start=\"383\" data-end=\"834\">Morski optyczny czujnik dymu Apollo PP5021 serii Orbis opiera si\u0119 na zasadzie rozpraszania \u015bwiat\u0142a i mierzy ilo\u015b\u0107 cz\u0105steczek dymu w powietrzu.<\/p>\n<p class=\"\" data-start=\"383\" data-end=\"834\">Ten czujnik ma innowacyjn\u0105 konstrukcj\u0119, dzi\u0119ki kt\u00f3rej jest bardziej czu\u0142y na czarny dym, co poprawia jego wydajno\u015b\u0107 w por\u00f3wnaniu do tradycyjnych optycznych czujnik\u00f3w dymu.<\/p>\n<p class=\"\" data-start=\"383\" data-end=\"834\">Posiada r\u00f3wnie\u017c zaawansowane algorytmy, kt\u00f3re redukuj\u0105 ryzyko fa\u0142szywych alarm\u00f3w poprzez odrzucanie sygna\u0142\u00f3w przej\u015bciowych i radzenie sobie z wolno rozprzestrzeniaj\u0105cymi si\u0119 po\u017carami.<\/p>\n<p class=\"\" data-start=\"836\" data-end=\"1177\">Dzi\u0119ki stabilnej i niezawodnej technologii wykrywania oraz migaj\u0105cej diodzie LED informuj\u0105cej o stanie urz\u0105dzenia, ten detektor idealnie nadaje si\u0119 do stosowania w \u015brodowiskach morskich, w kt\u00f3rych dok\u0142adne wykrywanie dymu ma kluczowe znaczenie.<\/p>\n<p class=\"\" data-start=\"836\" data-end=\"1177\">Urz\u0105dzenie jest certyfikowane zgodnie z wieloma mi\u0119dzynarodowymi normami i posiada funkcje takie jak DirtAlert i SensAlert, kt\u00f3re sygnalizuj\u0105 konieczno\u015b\u0107 czyszczenia lub przetestowania dzia\u0142ania.<\/p>\n<p class=\"\" data-start=\"1179\" data-end=\"1199\"><strong data-start=\"1179\" data-end=\"1198\">Dane techniczne<\/strong>:<\/p>\n<ul data-start=\"1200\" data-end=\"1712\">\n<li class=\"\" data-start=\"1200\" data-end=\"1224\">\n<p class=\"\" data-start=\"1202\" data-end=\"1224\"><strong data-start=\"1202\" data-end=\"1216\">\u0179r\u00f3d\u0142o zasilania<\/strong>: 33V pr\u0105du sta\u0142ego<\/p>\n<\/li>\n<li class=\"\" data-start=\"1225\" data-end=\"1251\">\n<p class=\"\" data-start=\"1227\" data-end=\"1251\"><strong data-start=\"1227\" data-end=\"1235\">Mierzy\u0107<\/strong>: \u00d897mm x 31mm<\/p>\n<\/li>\n<li class=\"\" data-start=\"1252\" data-end=\"1267\">\n<p class=\"\" data-start=\"1254\" data-end=\"1267\"><strong data-start=\"1254\" data-end=\"1262\">Farba<\/strong>: Bia\u0142y<\/p>\n<\/li>\n<li class=\"\" data-start=\"1268\" data-end=\"1284\">\n<p class=\"\" data-start=\"1270\" data-end=\"1284\"><strong data-start=\"1270\" data-end=\"1278\">Waga<\/strong>: 75g<\/p>\n<\/li>\n<li class=\"\" data-start=\"1285\" data-end=\"1319\">\n<p class=\"\" data-start=\"1287\" data-end=\"1319\"><strong data-start=\"1287\" data-end=\"1301\">Temperatura<\/strong>: \u201340\u00b0C do +70\u00b0C<\/p>\n<\/li>\n<li class=\"\" data-start=\"1320\" data-end=\"1360\">\n<p class=\"\" data-start=\"1322\" data-end=\"1360\"><strong data-start=\"1322\" data-end=\"1335\">Wilgotno\u015b\u0107<\/strong>: 0\u201398% RH (bez kondensacji)<\/p>\n<\/li>\n<li class=\"\" data-start=\"1361\" data-end=\"1399\">\n<p class=\"\" data-start=\"1363\" data-end=\"1399\"><strong data-start=\"1363\" data-end=\"1386\">Medium wykrywalne<\/strong>:Ogie\u0144 (Dym)<\/p>\n<\/li>\n<li class=\"\" data-start=\"1400\" data-end=\"1455\">\n<p class=\"\" data-start=\"1402\" data-end=\"1455\"><strong data-start=\"1402\" data-end=\"1422\">Technologia czujnik\u00f3w<\/strong>:Podczerwie\u0144, optyka, fotoelektryczno\u015b\u0107<\/p>\n<\/li>\n<li class=\"\" data-start=\"1456\" data-end=\"1503\">\n<p class=\"\" data-start=\"1458\" data-end=\"1503\"><strong data-start=\"1458\" data-end=\"1472\">Funkcje<\/strong>: DirtAlert, SensAlert, FasTest<\/p>\n<\/li>\n<li class=\"\" data-start=\"1504\" data-end=\"1568\">\n<p class=\"\" data-start=\"1506\" data-end=\"1568\"><strong data-start=\"1506\" data-end=\"1524\">Certyfikaty<\/strong>: EN54-7, MED, BV, ABS, CCS, CRS, DNV.GL, LR<\/p>\n<\/li>\n<li class=\"\" data-start=\"1569\" data-end=\"1650\">\n<p class=\"\" data-start=\"1571\" data-end=\"1650\"><strong data-start=\"1571\" data-end=\"1589\">Zgodno\u015b\u0107<\/strong>:Apollo seria 65 i poprzednie serie detektor\u00f3w konwencjonalnych<\/p>\n<\/li>\n<li class=\"\" data-start=\"1651\" data-end=\"1672\">\n<p class=\"\" data-start=\"1653\" data-end=\"1672\"><strong data-start=\"1653\" data-end=\"1665\">Klasa IP<\/strong>: IP23D<\/p>\n<\/li>\n<li class=\"\" data-start=\"1673\" data-end=\"1712\">\n<p class=\"\" data-start=\"1675\" data-end=\"1712\"><strong data-start=\"1675\" data-end=\"1686\">Gwarancja<\/strong>:Ograniczona 10-letnia gwarancja<\/p>\n<\/li>\n<\/ul>","protected":false},"excerpt":{"rendered":"<p>Morski optyczny czujnik dymu Apollo PP5021 z serii Orbis to zaawansowane urz\u0105dzenie wykorzystuj\u0105ce zasad\u0119 rozpraszania \u015bwiat\u0142a do niezawodnego wykrywania dymu.<\/p>\n<p>Dzi\u0119ki udoskonalonej technologii zmniejsza ryzyko fa\u0142szywych alarm\u00f3w i idealnie nadaje si\u0119 do stosowania w \u015brodowisku morskim.<\/p>","protected":false},"featured_media":149976,"template":"","meta":{"_acf_changed":false},"product_brand":[],"product_cat":[4749,3373],"product_tag":[],"class_list":{"0":"post-149977","1":"product","2":"type-product","3":"status-publish","4":"has-post-thumbnail","6":"product_cat-orbis-serien","7":"product_cat-rokdetektorer","8":"pa_brands-apollo-fire-detectors","9":"tm-no-options","11":"first","12":"instock","13":"sale","14":"taxable","15":"shipping-taxable","16":"purchasable","17":"product-type-simple"},"acf":[],"_links":{"self":[{"href":"https:\/\/secureus.se\/pl\/wp-json\/wp\/v2\/product\/149977","targetHints":{"allow":["GET"]}}],"collection":[{"href":"https:\/\/secureus.se\/pl\/wp-json\/wp\/v2\/product"}],"about":[{"href":"https:\/\/secureus.se\/pl\/wp-json\/wp\/v2\/types\/product"}],"wp:featuredmedia":[{"embeddable":true,"href":"https:\/\/secureus.se\/pl\/wp-json\/wp\/v2\/media\/149976"}],"wp:attachment":[{"href":"https:\/\/secureus.se\/pl\/wp-json\/wp\/v2\/media?parent=149977"}],"wp:term":[{"taxonomy":"product_brand","embeddable":true,"href":"https:\/\/secureus.se\/pl\/wp-json\/wp\/v2\/product_brand?post=149977"},{"taxonomy":"product_cat","embeddable":true,"href":"https:\/\/secureus.se\/pl\/wp-json\/wp\/v2\/product_cat?post=149977"},{"taxonomy":"product_tag","embeddable":true,"href":"https:\/\/secureus.se\/pl\/wp-json\/wp\/v2\/product_tag?post=149977"}],"curies":[{"name":"wp","href":"https:\/\/api.w.org\/{rel}","templated":true}]}}