{"id":149979,"date":"2025-04-03T14:11:22","date_gmt":"2025-04-03T12:11:22","guid":{"rendered":"https:\/\/secureus.se\/apollo-orb-ht-41018-mar-orbis-series-cs-marin-varmedetektor-med-blinkande-led-vit\/"},"modified":"2026-03-27T11:02:22","modified_gmt":"2026-03-27T10:02:22","slug":"apollo-orb-ht-41018-mar-orbis-series-cs-marin-varmedetektor-med-blinkande-led-vit","status":"publish","type":"product","link":"https:\/\/secureus.se\/pl\/apollo-orb-ht-41018-mar-orbis-series-cs-marin-varmedetektor-med-blinkande-led-vit\/","title":{"rendered":"Apollo ORB-HT-41018-MAR Orbis Series CS Marine Heat Detector z migaj\u0105c\u0105 diod\u0105 LED, bia\u0142y"},"content":{"rendered":"<h1>Apollo ORB-HT-41018-MAR Orbis Series CS Marine Heat Detector z migaj\u0105c\u0105 diod\u0105 LED<\/h1>\n<p class=\"\" data-start=\"445\" data-end=\"922\">Morski detektor ciep\u0142a Apollo ORB-HT-41018-MAR Orbis Series CS to czujnik ciep\u0142a wykorzystuj\u0105cy termistor do monitorowania temperatury otoczenia.<\/p>\n<p class=\"\" data-start=\"445\" data-end=\"922\">Jest on szczeg\u00f3lnie przydatny w miejscach, w kt\u00f3rych nie mo\u017cna zastosowa\u0107 czujnik\u00f3w dymu, np. w obszarach brudnych lub zadymionych, a tak\u017ce w zastosowaniach morskich.<\/p>\n<p class=\"\" data-start=\"445\" data-end=\"922\">Ten detektor doskonale sprawdzi si\u0119 w pokojach hotelowych, na oddzia\u0142ach szpitalnych i w innych miejscach, w kt\u00f3rych dok\u0142adne monitorowanie temperatury jest niezb\u0119dne do zapewnienia bezpiecze\u0144stwa.<\/p>\n<p class=\"\" data-start=\"924\" data-end=\"1187\">Dzi\u0119ki migaj\u0105cym diodom LED, kt\u00f3re ostrzegaj\u0105 o konieczno\u015bci czyszczenia lub osi\u0105gni\u0119ciu limitu kompensacji dryfu, detektor ten u\u0142atwia utrzymanie go w optymalnym stanie.<\/p>\n<p class=\"\" data-start=\"924\" data-end=\"1187\">Jest on tak\u017ce kompatybilny z wi\u0119kszo\u015bci\u0105 konwencjonalnych system\u00f3w i mo\u017cna go pod\u0142\u0105czy\u0107 do kabli dwu\u017cy\u0142owych.<\/p>\n<p class=\"\" data-start=\"1189\" data-end=\"1209\"><strong data-start=\"1189\" data-end=\"1208\">Dane techniczne<\/strong>:<\/p>\n<ul data-start=\"1210\" data-end=\"1841\">\n<li class=\"\" data-start=\"1210\" data-end=\"1236\">\n<p class=\"\" data-start=\"1212\" data-end=\"1236\"><strong data-start=\"1212\" data-end=\"1226\">\u0179r\u00f3d\u0142o zasilania<\/strong>: 5\u201333 V pr\u0105du sta\u0142ego<\/p>\n<\/li>\n<li class=\"\" data-start=\"1237\" data-end=\"1263\">\n<p class=\"\" data-start=\"1239\" data-end=\"1263\"><strong data-start=\"1239\" data-end=\"1247\">Mierzy\u0107<\/strong>: \u00d897mm x 36mm<\/p>\n<\/li>\n<li class=\"\" data-start=\"1264\" data-end=\"1279\">\n<p class=\"\" data-start=\"1266\" data-end=\"1279\"><strong data-start=\"1266\" data-end=\"1274\">Farba<\/strong>: Bia\u0142y<\/p>\n<\/li>\n<li class=\"\" data-start=\"1280\" data-end=\"1296\">\n<p class=\"\" data-start=\"1282\" data-end=\"1296\"><strong data-start=\"1282\" data-end=\"1290\">Waga<\/strong>: 80g<\/p>\n<\/li>\n<li class=\"\" data-start=\"1297\" data-end=\"1331\">\n<p class=\"\" data-start=\"1299\" data-end=\"1331\"><strong data-start=\"1299\" data-end=\"1313\">Temperatura<\/strong>: \u201340\u00b0C do +70\u00b0C<\/p>\n<\/li>\n<li class=\"\" data-start=\"1332\" data-end=\"1357\">\n<p class=\"\" data-start=\"1334\" data-end=\"1357\"><strong data-start=\"1334\" data-end=\"1347\">Wilgotno\u015b\u0107<\/strong>: 0\u201398% RH<\/p>\n<\/li>\n<li class=\"\" data-start=\"1358\" data-end=\"1398\">\n<p class=\"\" data-start=\"1360\" data-end=\"1398\"><strong data-start=\"1360\" data-end=\"1383\">Medium wykrywalne<\/strong>:Ogie\u0144 (Ciep\u0142o)<\/p>\n<\/li>\n<li class=\"\" data-start=\"1399\" data-end=\"1446\">\n<p class=\"\" data-start=\"1401\" data-end=\"1446\"><strong data-start=\"1401\" data-end=\"1421\">Technologia czujnik\u00f3w<\/strong>: Termistor (czujnik ciep\u0142a)<\/p>\n<\/li>\n<li class=\"\" data-start=\"1447\" data-end=\"1565\">\n<p class=\"\" data-start=\"1449\" data-end=\"1565\"><strong data-start=\"1449\" data-end=\"1463\">Funkcje<\/strong>: DirtAlert (wska\u017anik czyszczenia), SensAlert (w przypadku problem\u00f3w z dzia\u0142aniem), migaj\u0105ca dioda LED informuj\u0105ca o stanie wizualnym<\/p>\n<\/li>\n<li class=\"\" data-start=\"1566\" data-end=\"1647\">\n<p class=\"\" data-start=\"1568\" data-end=\"1647\"><strong data-start=\"1568\" data-end=\"1586\">Zgodno\u015b\u0107<\/strong>:Apollo seria 65 i poprzednie serie detektor\u00f3w konwencjonalnych<\/p>\n<\/li>\n<li class=\"\" data-start=\"1648\" data-end=\"1687\">\n<p class=\"\" data-start=\"1650\" data-end=\"1687\"><strong data-start=\"1650\" data-end=\"1661\">Gwarancja<\/strong>:Ograniczona 10-letnia gwarancja<\/p>\n<\/li>\n<li class=\"\" data-start=\"1688\" data-end=\"1779\">\n<p class=\"\" data-start=\"1690\" data-end=\"1779\"><strong data-start=\"1690\" data-end=\"1702\">Klasa IP<\/strong>:IP23D (ochrona przed wnikaniem obiekt\u00f3w wi\u0119kszych ni\u017c 12 mm i kapi\u0105c\u0105 wod\u0105)<\/p>\n<\/li>\n<li class=\"\" data-start=\"1780\" data-end=\"1841\">\n<p class=\"\" data-start=\"1782\" data-end=\"1841\"><strong data-start=\"1782\" data-end=\"1800\">Certyfikaty<\/strong>: EN 54-5, MED, DNV-GL, BV, CCS, KRS, CRS<\/p>\n<\/li>\n<\/ul>","protected":false},"excerpt":{"rendered":"<p>Morski detektor ciep\u0142a Apollo ORB-HT-41018-MAR Orbis Series CS z migaj\u0105c\u0105 diod\u0105 LED jest przeznaczony do stosowania w \u015brodowiskach morskich, w kt\u00f3rych nie mo\u017cna stosowa\u0107 detektor\u00f3w dymu.<\/p>\n<p>Urz\u0105dzenie charakteryzuje si\u0119 du\u017c\u0105 czu\u0142o\u015bci\u0105 na zmiany temperatury oraz posiada funkcje poprawiaj\u0105ce niezawodno\u015b\u0107 dzia\u0142ania i redukuj\u0105ce liczb\u0119 fa\u0142szywych alarm\u00f3w.<\/p>","protected":false},"featured_media":149978,"template":"","meta":{"_acf_changed":false},"product_brand":[],"product_cat":[4749,4157],"product_tag":[],"class_list":{"0":"post-149979","1":"product","2":"type-product","3":"status-publish","4":"has-post-thumbnail","6":"product_cat-orbis-serien","7":"product_cat-varmedetektor","8":"pa_brands-apollo-fire-detectors","9":"tm-no-options","11":"first","12":"instock","13":"sale","14":"taxable","15":"shipping-taxable","16":"purchasable","17":"product-type-simple"},"acf":[],"_links":{"self":[{"href":"https:\/\/secureus.se\/pl\/wp-json\/wp\/v2\/product\/149979","targetHints":{"allow":["GET"]}}],"collection":[{"href":"https:\/\/secureus.se\/pl\/wp-json\/wp\/v2\/product"}],"about":[{"href":"https:\/\/secureus.se\/pl\/wp-json\/wp\/v2\/types\/product"}],"wp:featuredmedia":[{"embeddable":true,"href":"https:\/\/secureus.se\/pl\/wp-json\/wp\/v2\/media\/149978"}],"wp:attachment":[{"href":"https:\/\/secureus.se\/pl\/wp-json\/wp\/v2\/media?parent=149979"}],"wp:term":[{"taxonomy":"product_brand","embeddable":true,"href":"https:\/\/secureus.se\/pl\/wp-json\/wp\/v2\/product_brand?post=149979"},{"taxonomy":"product_cat","embeddable":true,"href":"https:\/\/secureus.se\/pl\/wp-json\/wp\/v2\/product_cat?post=149979"},{"taxonomy":"product_tag","embeddable":true,"href":"https:\/\/secureus.se\/pl\/wp-json\/wp\/v2\/product_tag?post=149979"}],"curies":[{"name":"wp","href":"https:\/\/api.w.org\/{rel}","templated":true}]}}