{"id":149981,"date":"2025-04-03T14:11:21","date_gmt":"2025-04-03T12:11:21","guid":{"rendered":"https:\/\/secureus.se\/apollo-orb-ht-41004-mar-orbis-series-bs-marin-varmedetektor-vit\/"},"modified":"2026-04-01T15:55:37","modified_gmt":"2026-04-01T13:55:37","slug":"apollo-orb-ht-41004-mar-orbis-series-bs-marin-varmedetektor-vit","status":"publish","type":"product","link":"https:\/\/secureus.se\/pl\/apollo-orb-ht-41004-mar-orbis-series-bs-marin-varmedetektor-vit\/","title":{"rendered":"Apollo ORB-HT-41004-MAR Orbis Series BS morski detektor ciep\u0142a, bia\u0142y"},"content":{"rendered":"<h1>Apollo ORB-HT-41004-MAR Orbis Series BS morski detektor ciep\u0142a<\/h1>\n<p class=\"\" data-start=\"404\" data-end=\"744\">Morski detektor ciep\u0142a Apollo ORB-HT-41004-MAR Orbis Series BS zosta\u0142 zaprojektowany do pracy w \u015brodowiskach, w kt\u00f3rych nie mo\u017cna stosowa\u0107 detektor\u00f3w dymu, w szczeg\u00f3lno\u015bci w obszarach brudnych lub zadymionych.<\/p>\n<p class=\"\" data-start=\"404\" data-end=\"744\">Za pomoc\u0105 termistora co sekund\u0119 mierzy temperatur\u0119 powietrza i por\u00f3wnuje uzyskane warto\u015bci z ustawionymi limitami, aby wykry\u0107 po\u017car.<\/p>\n<p class=\"\" data-start=\"746\" data-end=\"1072\">Migaj\u0105ca czerwona dioda LED podczas uruchamiania informuje, \u017ce detektor jest sprawny i pracuje efektywnie.<\/p>\n<p class=\"\" data-start=\"746\" data-end=\"1072\">Aby zwi\u0119kszy\u0107 niezawodno\u015b\u0107 i ograniczy\u0107 ryzyko fa\u0142szywych alarm\u00f3w, detektor wyposa\u017cono w algorytmy obs\u0142uguj\u0105ce przej\u015bciowe sygna\u0142y i kompensacj\u0119 dryftu, a tak\u017ce w funkcj\u0119 DirtAlert, kt\u00f3ra powiadamia u\u017cytkownik\u00f3w, gdy detektor wymaga konserwacji.<\/p>\n<p class=\"\" data-start=\"1074\" data-end=\"1223\">Detektor jest cz\u0119\u015bci\u0105 serii Orbis Marine, kt\u00f3ra zosta\u0142a zaprojektowana specjalnie do pracy w \u015brodowisku morskim i posiada stopie\u0144 ochrony IP23D, co oznacza ochron\u0119 przed wnikaniem wody.<\/p>\n<p class=\"\" data-start=\"1225\" data-end=\"1245\"><strong data-start=\"1225\" data-end=\"1244\">Dane techniczne<\/strong>:<\/p>\n<ul data-start=\"1246\" data-end=\"1751\">\n<li class=\"\" data-start=\"1246\" data-end=\"1272\">\n<p class=\"\" data-start=\"1248\" data-end=\"1272\"><strong data-start=\"1248\" data-end=\"1262\">\u0179r\u00f3d\u0142o zasilania<\/strong>: 5\u201333 V pr\u0105du sta\u0142ego<\/p>\n<\/li>\n<li class=\"\" data-start=\"1273\" data-end=\"1299\">\n<p class=\"\" data-start=\"1275\" data-end=\"1299\"><strong data-start=\"1275\" data-end=\"1283\">Mierzy\u0107<\/strong>: \u00d897mm x 36mm<\/p>\n<\/li>\n<li class=\"\" data-start=\"1300\" data-end=\"1315\">\n<p class=\"\" data-start=\"1302\" data-end=\"1315\"><strong data-start=\"1302\" data-end=\"1310\">Farba<\/strong>: Bia\u0142y<\/p>\n<\/li>\n<li class=\"\" data-start=\"1316\" data-end=\"1332\">\n<p class=\"\" data-start=\"1318\" data-end=\"1332\"><strong data-start=\"1318\" data-end=\"1326\">Waga<\/strong>: 70g<\/p>\n<\/li>\n<li class=\"\" data-start=\"1333\" data-end=\"1367\">\n<p class=\"\" data-start=\"1335\" data-end=\"1367\"><strong data-start=\"1335\" data-end=\"1349\">Temperatura<\/strong>: \u201340\u00b0C do +70\u00b0C<\/p>\n<\/li>\n<li class=\"\" data-start=\"1368\" data-end=\"1408\">\n<p class=\"\" data-start=\"1370\" data-end=\"1408\"><strong data-start=\"1370\" data-end=\"1383\">Wilgotno\u015b\u0107<\/strong>: 0\u201398% RH (bez kondensacji)<\/p>\n<\/li>\n<li class=\"\" data-start=\"1409\" data-end=\"1449\">\n<p class=\"\" data-start=\"1411\" data-end=\"1449\"><strong data-start=\"1411\" data-end=\"1434\">Medium wykrywalne<\/strong>:Ogie\u0144 (Ciep\u0142o)<\/p>\n<\/li>\n<li class=\"\" data-start=\"1450\" data-end=\"1483\">\n<p class=\"\" data-start=\"1452\" data-end=\"1483\"><strong data-start=\"1452\" data-end=\"1472\">Technologia czujnik\u00f3w<\/strong>: Termistor<\/p>\n<\/li>\n<li class=\"\" data-start=\"1484\" data-end=\"1546\">\n<p class=\"\" data-start=\"1486\" data-end=\"1546\"><strong data-start=\"1486\" data-end=\"1500\">Funkcje<\/strong>: DirtAlert, SensAlert, migaj\u0105ca dioda LED, FasTest<\/p>\n<\/li>\n<li class=\"\" data-start=\"1547\" data-end=\"1607\">\n<p class=\"\" data-start=\"1549\" data-end=\"1607\"><strong data-start=\"1549\" data-end=\"1567\">Certyfikaty<\/strong>: EN54-5, MED, DNV.GL, BV, CCS, KRS, CRS<\/p>\n<\/li>\n<li class=\"\" data-start=\"1608\" data-end=\"1689\">\n<p class=\"\" data-start=\"1610\" data-end=\"1689\"><strong data-start=\"1610\" data-end=\"1628\">Zgodno\u015b\u0107<\/strong>:Apollo seria 65 i poprzednie serie detektor\u00f3w konwencjonalnych<\/p>\n<\/li>\n<li class=\"\" data-start=\"1690\" data-end=\"1711\">\n<p class=\"\" data-start=\"1692\" data-end=\"1711\"><strong data-start=\"1692\" data-end=\"1704\">Klasa IP<\/strong>: IP23D<\/p>\n<\/li>\n<li class=\"\" data-start=\"1712\" data-end=\"1751\">\n<p class=\"\" data-start=\"1714\" data-end=\"1751\"><strong data-start=\"1714\" data-end=\"1725\">Gwarancja<\/strong>:Ograniczona 10-letnia gwarancja<\/p>\n<\/li>\n<\/ul>","protected":false},"excerpt":{"rendered":"<p>Morski detektor ciep\u0142a Apollo ORB-HT-41004-MAR Orbis Series BS z migaj\u0105c\u0105 diod\u0105 LED to niezawodne rozwi\u0105zanie do wykrywania wzrostu temperatury w \u015brodowiskach, w kt\u00f3rych nie mo\u017cna zastosowa\u0107 czujnik\u00f3w dymu.<\/p>\n<p>Posiada skuteczny system czujnik\u00f3w ciep\u0142a i informuje o stanie urz\u0105dzenia za pomoc\u0105 migaj\u0105cej czerwonej diody LED.<\/p>","protected":false},"featured_media":149980,"template":"","meta":{"_acf_changed":false},"product_brand":[],"product_cat":[4749,4157],"product_tag":[],"class_list":{"0":"post-149981","1":"product","2":"type-product","3":"status-publish","4":"has-post-thumbnail","6":"product_cat-orbis-serien","7":"product_cat-varmedetektor","8":"pa_brands-apollo-fire-detectors","9":"tm-no-options","11":"first","12":"instock","13":"sale","14":"taxable","15":"shipping-taxable","16":"purchasable","17":"product-type-simple"},"acf":[],"_links":{"self":[{"href":"https:\/\/secureus.se\/pl\/wp-json\/wp\/v2\/product\/149981","targetHints":{"allow":["GET"]}}],"collection":[{"href":"https:\/\/secureus.se\/pl\/wp-json\/wp\/v2\/product"}],"about":[{"href":"https:\/\/secureus.se\/pl\/wp-json\/wp\/v2\/types\/product"}],"wp:featuredmedia":[{"embeddable":true,"href":"https:\/\/secureus.se\/pl\/wp-json\/wp\/v2\/media\/149980"}],"wp:attachment":[{"href":"https:\/\/secureus.se\/pl\/wp-json\/wp\/v2\/media?parent=149981"}],"wp:term":[{"taxonomy":"product_brand","embeddable":true,"href":"https:\/\/secureus.se\/pl\/wp-json\/wp\/v2\/product_brand?post=149981"},{"taxonomy":"product_cat","embeddable":true,"href":"https:\/\/secureus.se\/pl\/wp-json\/wp\/v2\/product_cat?post=149981"},{"taxonomy":"product_tag","embeddable":true,"href":"https:\/\/secureus.se\/pl\/wp-json\/wp\/v2\/product_tag?post=149981"}],"curies":[{"name":"wp","href":"https:\/\/api.w.org\/{rel}","templated":true}]}}