{"id":149983,"date":"2025-04-03T14:11:19","date_gmt":"2025-04-03T12:11:19","guid":{"rendered":"https:\/\/secureus.se\/apollo-orb-ht-11001-apo-orbis-series-a1r-varmedetektor-med-blinkande-lysdiod-vit\/"},"modified":"2026-04-23T13:15:14","modified_gmt":"2026-04-23T11:15:14","slug":"apollo-orb-ht-11001-apo-orbis-series-a1r-varmedetektor-med-blinkande-lysdiod-vit","status":"publish","type":"product","link":"https:\/\/secureus.se\/pl\/apollo-orb-ht-11001-apo-orbis-series-a1r-varmedetektor-med-blinkande-lysdiod-vit\/","title":{"rendered":"Apollo ORB-HT-11001-APO Orbis Series, czujnik ciep\u0142a A1R z migaj\u0105c\u0105 diod\u0105 LED, bia\u0142y"},"content":{"rendered":"<h1>Apollo ORB-HT-11001-APO Orbis Series, czujnik ciep\u0142a A1R z migaj\u0105c\u0105 diod\u0105 LED<\/h1>\n<p class=\"\" data-start=\"471\" data-end=\"878\">Czujka ciep\u0142a Apollo ORB-HT-11001-APO serii Orbis A1R to doskona\u0142e rozwi\u0105zanie do wykrywania po\u017caru poprzez wzrost temperatury w \u015brodowiskach, w kt\u00f3rych nie mo\u017cna stosowa\u0107 czujek dymu, np.: brudne i zadymione miejsca.<\/p>\n<p class=\"\" data-start=\"471\" data-end=\"878\">Detektor mierzy zmiany temperatury za pomoc\u0105 termistora i potrafi wykry\u0107 wzrost temperatury poprzez por\u00f3wnanie tych warto\u015bci z ustawionymi progami alarmowymi.<\/p>\n<p class=\"\" data-start=\"880\" data-end=\"1206\">Urz\u0105dzenie jest wyposa\u017cone w migaj\u0105c\u0105 czerwon\u0105 diod\u0119 LED, kt\u00f3ra sygnalizuje gotowo\u015b\u0107 do pracy po uruchomieniu. Dzi\u0119ki temu mo\u017cna \u0142atwo monitorowa\u0107 jego dzia\u0142anie i upewni\u0107 si\u0119, \u017ce dzia\u0142a prawid\u0142owo.<\/p>\n<p class=\"\" data-start=\"880\" data-end=\"1206\">Aby zwi\u0119kszy\u0107 niezawodno\u015b\u0107 i ograniczy\u0107 ryzyko fa\u0142szywych alarm\u00f3w, detektor wyposa\u017cono r\u00f3wnie\u017c w funkcj\u0119 DirtAlert\u00ae, kt\u00f3ra ostrzega, gdy detektor wymaga czyszczenia.<\/p>\n<p class=\"\" data-start=\"1208\" data-end=\"1425\">Jest to system zaprojektowany z my\u015bl\u0105 o elastyczno\u015bci i wykorzystaniu w r\u00f3\u017cnych zastosowaniach, m.in. w pokojach hotelowych, oddzia\u0142ach szpitalnych i innych miejscach, w kt\u00f3rych dok\u0142adny monitoring temperatury ma kluczowe znaczenie dla zapewnienia bezpiecze\u0144stwa przeciwpo\u017carowego.<\/p>\n<p class=\"\" data-start=\"1427\" data-end=\"1447\"><strong data-start=\"1427\" data-end=\"1446\">Dane techniczne<\/strong>:<\/p>\n<ul data-start=\"1448\" data-end=\"2022\">\n<li class=\"\" data-start=\"1448\" data-end=\"1474\">\n<p class=\"\" data-start=\"1450\" data-end=\"1474\"><strong data-start=\"1450\" data-end=\"1464\">\u0179r\u00f3d\u0142o zasilania<\/strong>: 5\u201333 V pr\u0105du sta\u0142ego<\/p>\n<\/li>\n<li class=\"\" data-start=\"1475\" data-end=\"1501\">\n<p class=\"\" data-start=\"1477\" data-end=\"1501\"><strong data-start=\"1477\" data-end=\"1485\">Mierzy\u0107<\/strong>: \u00d897mm x 36mm<\/p>\n<\/li>\n<li class=\"\" data-start=\"1502\" data-end=\"1517\">\n<p class=\"\" data-start=\"1504\" data-end=\"1517\"><strong data-start=\"1504\" data-end=\"1512\">Farba<\/strong>: Bia\u0142y<\/p>\n<\/li>\n<li class=\"\" data-start=\"1518\" data-end=\"1534\">\n<p class=\"\" data-start=\"1520\" data-end=\"1534\"><strong data-start=\"1520\" data-end=\"1528\">Waga<\/strong>: 70g<\/p>\n<\/li>\n<li class=\"\" data-start=\"1535\" data-end=\"1569\">\n<p class=\"\" data-start=\"1537\" data-end=\"1569\"><strong data-start=\"1537\" data-end=\"1551\">Temperatura<\/strong>: \u201340\u00b0C do +70\u00b0C<\/p>\n<\/li>\n<li class=\"\" data-start=\"1570\" data-end=\"1595\">\n<p class=\"\" data-start=\"1572\" data-end=\"1595\"><strong data-start=\"1572\" data-end=\"1585\">Wilgotno\u015b\u0107<\/strong>: 0\u201398% RH<\/p>\n<\/li>\n<li class=\"\" data-start=\"1596\" data-end=\"1636\">\n<p class=\"\" data-start=\"1598\" data-end=\"1636\"><strong data-start=\"1598\" data-end=\"1621\">Medium wykrywalne<\/strong>:Ogie\u0144 (Ciep\u0142o)<\/p>\n<\/li>\n<li class=\"\" data-start=\"1637\" data-end=\"1684\">\n<p class=\"\" data-start=\"1639\" data-end=\"1684\"><strong data-start=\"1639\" data-end=\"1659\">Technologia czujnik\u00f3w<\/strong>: Termistor (czujnik ciep\u0142a)<\/p>\n<\/li>\n<li class=\"\" data-start=\"1685\" data-end=\"1747\">\n<p class=\"\" data-start=\"1687\" data-end=\"1747\"><strong data-start=\"1687\" data-end=\"1701\">Funkcje<\/strong>: DirtAlert, migaj\u0105ca dioda LED, SensAlert, FasTest<\/p>\n<\/li>\n<li class=\"\" data-start=\"1748\" data-end=\"1787\">\n<p class=\"\" data-start=\"1750\" data-end=\"1787\"><strong data-start=\"1750\" data-end=\"1761\">Gwarancja<\/strong>:Ograniczona 10-letnia gwarancja<\/p>\n<\/li>\n<li class=\"\" data-start=\"1788\" data-end=\"1879\">\n<p class=\"\" data-start=\"1790\" data-end=\"1879\"><strong data-start=\"1790\" data-end=\"1802\">Klasa IP<\/strong>:IP23D (ochrona przed wnikaniem obiekt\u00f3w wi\u0119kszych ni\u017c 12 mm i kapi\u0105c\u0105 wod\u0105)<\/p>\n<\/li>\n<li class=\"\" data-start=\"1880\" data-end=\"1961\">\n<p class=\"\" data-start=\"1882\" data-end=\"1961\"><strong data-start=\"1882\" data-end=\"1900\">Zgodno\u015b\u0107<\/strong>:Apollo seria 65 i poprzednie serie detektor\u00f3w konwencjonalnych<\/p>\n<\/li>\n<li class=\"\" data-start=\"1962\" data-end=\"2022\">\n<p class=\"\" data-start=\"1964\" data-end=\"2022\"><strong data-start=\"1964\" data-end=\"1982\">Certyfikaty<\/strong>: EN54-5, MED, DNV.GL, BV, CCS, KRS, CRS<\/p>\n<\/li>\n<\/ul>","protected":false},"excerpt":{"rendered":"<p>Czujka ciep\u0142a Apollo ORB-HT-11001-APO Orbis Series A1R z migaj\u0105c\u0105 diod\u0105 LED to niezawodna czujka przeznaczona do stosowania w brudnych lub zadymionych pomieszczeniach, w kt\u00f3rych nie mo\u017cna stosowa\u0107 czujek dymu.<\/p>\n<p>Urz\u0105dzenie jest wyposa\u017cone w migaj\u0105c\u0105 czerwon\u0105 diod\u0119 LED, kt\u00f3ra informuje o jego sprawno\u015bci po uruchomieniu. Urz\u0105dzenie charakteryzuje si\u0119 d\u0142ug\u0105 \u017cywotno\u015bci\u0105 i jest obj\u0119te 10-letni\u0105 gwarancj\u0105.<\/p>","protected":false},"featured_media":149982,"template":"","meta":{"_acf_changed":false},"product_brand":[],"product_cat":[4749,4157],"product_tag":[],"class_list":{"0":"post-149983","1":"product","2":"type-product","3":"status-publish","4":"has-post-thumbnail","6":"product_cat-orbis-serien","7":"product_cat-varmedetektor","8":"pa_brands-apollo-fire-detectors","9":"tm-no-options","11":"first","12":"instock","13":"taxable","14":"shipping-taxable","15":"purchasable","16":"product-type-simple"},"acf":[],"_links":{"self":[{"href":"https:\/\/secureus.se\/pl\/wp-json\/wp\/v2\/product\/149983","targetHints":{"allow":["GET"]}}],"collection":[{"href":"https:\/\/secureus.se\/pl\/wp-json\/wp\/v2\/product"}],"about":[{"href":"https:\/\/secureus.se\/pl\/wp-json\/wp\/v2\/types\/product"}],"wp:featuredmedia":[{"embeddable":true,"href":"https:\/\/secureus.se\/pl\/wp-json\/wp\/v2\/media\/149982"}],"wp:attachment":[{"href":"https:\/\/secureus.se\/pl\/wp-json\/wp\/v2\/media?parent=149983"}],"wp:term":[{"taxonomy":"product_brand","embeddable":true,"href":"https:\/\/secureus.se\/pl\/wp-json\/wp\/v2\/product_brand?post=149983"},{"taxonomy":"product_cat","embeddable":true,"href":"https:\/\/secureus.se\/pl\/wp-json\/wp\/v2\/product_cat?post=149983"},{"taxonomy":"product_tag","embeddable":true,"href":"https:\/\/secureus.se\/pl\/wp-json\/wp\/v2\/product_tag?post=149983"}],"curies":[{"name":"wp","href":"https:\/\/api.w.org\/{rel}","templated":true}]}}