{"id":149990,"date":"2025-04-03T14:11:14","date_gmt":"2025-04-03T12:11:14","guid":{"rendered":"https:\/\/secureus.se\/apollo-orb-mb-00001-apo-orbis-series-kontinuitetsbrytare-timesaver-base-vit\/"},"modified":"2026-03-27T09:50:36","modified_gmt":"2026-03-27T08:50:36","slug":"apollo-orb-mb-00001-apo-orbis-series-kontinuitetsbrytare-timesaver-base-vit","status":"publish","type":"product","link":"https:\/\/secureus.se\/pl\/apollo-orb-mb-00001-apo-orbis-series-kontinuitetsbrytare-timesaver-base-vit\/","title":{"rendered":"Apollo ORB-MB-00001-APO Prze\u0142\u0105cznik ci\u0105g\u0142o\u015bci serii Orbis z podstaw\u0105 TimeSaver, bia\u0142y"},"content":{"rendered":"<h1>Apollo ORB-MB-00001-APO Prze\u0142\u0105cznik ci\u0105g\u0142o\u015bci serii Orbis Podstawa TimeSaver<\/h1>\n<p class=\"\" data-start=\"472\" data-end=\"897\">Podstawa TimeSaver Switch firmy Apollo Orbis zosta\u0142a zaprojektowana tak, aby zoptymalizowa\u0107 instalacj\u0119 czujek po\u017carowych, oferuj\u0105c otwart\u0105 powierzchni\u0119 robocz\u0105 z otworami monta\u017cowymi, kt\u00f3re umo\u017cliwiaj\u0105 szybki i \u0142atwy monta\u017c.<\/p>\n<p class=\"\" data-start=\"472\" data-end=\"897\">Podstawa wyposa\u017cona jest w znacznik ustawienia diod LED, kt\u00f3ry umo\u017cliwia instalatorowi prawid\u0142owe ustawienie czujnik\u00f3w, zapewniaj\u0105c w\u0142a\u015bciw\u0105 orientacj\u0119 diod LED.<\/p>\n<p class=\"\" data-start=\"899\" data-end=\"1390\">Podstawa TimeSaver to idealne rozwi\u0105zanie do stosowania z detektorami Apollo serii 65 i wcze\u015bniejszymi modelami konwencjonalnych detektor\u00f3w.<\/p>\n<p class=\"\" data-start=\"899\" data-end=\"1390\">Urz\u0105dzenie jest funkcjonalne i niezawodne, posiada oznaczenie CE i spe\u0142nia obowi\u0105zuj\u0105ce normy bezpiecze\u0144stwa.<\/p>\n<p class=\"\" data-start=\"899\" data-end=\"1390\">Podstawa wykonana jest z materia\u0142u PC i ma g\u0142\u0119boko\u015b\u0107 20 mm, co zapewnia trwa\u0142\u0105 i stabiln\u0105 instalacj\u0119.<\/p>\n<p class=\"\" data-start=\"899\" data-end=\"1390\">Dzi\u0119ki dw\u00f3m punktom mocowania i solidnej konstrukcji czujnik mo\u017cna stosowa\u0107 w r\u00f3\u017cnych systemach bezpiecze\u0144stwa, zapewniaj\u0105c skuteczne wykrywanie.<\/p>\n<p class=\"\" data-start=\"1392\" data-end=\"1422\"><strong data-start=\"1392\" data-end=\"1420\">G\u0142\u00f3wne cechy:<\/strong><\/p>\n<ul data-start=\"1423\" data-end=\"1660\">\n<li class=\"\" data-start=\"1423\" data-end=\"1442\">\n<p class=\"\" data-start=\"1425\" data-end=\"1442\">Dwa punkty mocowania<\/p>\n<\/li>\n<li class=\"\" data-start=\"1443\" data-end=\"1467\">\n<p class=\"\" data-start=\"1445\" data-end=\"1467\">Znak wyr\u00f3wnania LED<\/p>\n<\/li>\n<li class=\"\" data-start=\"1468\" data-end=\"1520\">\n<p class=\"\" data-start=\"1470\" data-end=\"1520\">Obs\u0142ugiwane urz\u0105dzenia: Czujnik ciep\u0142a, Czujnik dymu<\/p>\n<\/li>\n<li class=\"\" data-start=\"1521\" data-end=\"1595\">\n<p class=\"\" data-start=\"1523\" data-end=\"1595\">Zgodny z Apollo Series 65 i wcze\u015bniejszymi konwencjonalnymi detektorami<\/p>\n<\/li>\n<li class=\"\" data-start=\"1596\" data-end=\"1660\">\n<p class=\"\" data-start=\"1598\" data-end=\"1660\">Oznaczone znakiem CE i certyfikowane do stosowania w systemach bezpiecze\u0144stwa<\/p>\n<\/li>\n<\/ul>\n<p class=\"\" data-start=\"1662\" data-end=\"1693\"><strong data-start=\"1662\" data-end=\"1691\">Dane techniczne:<\/strong><\/p>\n<ul data-start=\"1694\" data-end=\"1875\">\n<li class=\"\" data-start=\"1694\" data-end=\"1709\">\n<p class=\"\" data-start=\"1696\" data-end=\"1709\">G\u0142\u0119boko\u015b\u0107: 20mm<\/p>\n<\/li>\n<li class=\"\" data-start=\"1710\" data-end=\"1726\">\n<p class=\"\" data-start=\"1712\" data-end=\"1726\">Kolor: srebrny<\/p>\n<\/li>\n<li class=\"\" data-start=\"1727\" data-end=\"1758\">\n<p class=\"\" data-start=\"1729\" data-end=\"1758\">Materia\u0142: PC (poliw\u0119glan)<\/p>\n<\/li>\n<li class=\"\" data-start=\"1759\" data-end=\"1801\">\n<p class=\"\" data-start=\"1761\" data-end=\"1801\">Certyfikaty: Oznaczenie CE, Zgodno\u015b\u0107<\/p>\n<\/li>\n<li class=\"\" data-start=\"1802\" data-end=\"1875\">\n<p class=\"\" data-start=\"1804\" data-end=\"1875\">Zgodno\u015b\u0107: Apollo Series 65 i wcze\u015bniejsze konwencjonalne detektory<\/p>\n<\/li>\n<\/ul>","protected":false},"excerpt":{"rendered":"<p>Podstawa prze\u0142\u0105cznika Apollo Orbis Continuity Switch TimeSaver to efektywne rozwi\u0105zanie umo\u017cliwiaj\u0105ce szybk\u0105 instalacj\u0119 czujek po\u017carowych.<\/p>\n<p>Dzi\u0119ki dw\u00f3m punktom mocowania i oznaczeniu LED monta\u017c jest \u0142atwy i szybki. Jest kompatybilny z detektorami Apollo Series 65 i starszymi konwencjonalnymi detektorami.<\/p>","protected":false},"featured_media":149989,"template":"","meta":{"_acf_changed":false},"product_brand":[],"product_cat":[4749],"product_tag":[],"class_list":{"0":"post-149990","1":"product","2":"type-product","3":"status-publish","4":"has-post-thumbnail","6":"product_cat-orbis-serien","7":"pa_brands-apollo-fire-detectors","8":"tm-no-options","10":"first","11":"instock","12":"sale","13":"taxable","14":"shipping-taxable","15":"purchasable","16":"product-type-simple"},"acf":[],"_links":{"self":[{"href":"https:\/\/secureus.se\/pl\/wp-json\/wp\/v2\/product\/149990","targetHints":{"allow":["GET"]}}],"collection":[{"href":"https:\/\/secureus.se\/pl\/wp-json\/wp\/v2\/product"}],"about":[{"href":"https:\/\/secureus.se\/pl\/wp-json\/wp\/v2\/types\/product"}],"wp:featuredmedia":[{"embeddable":true,"href":"https:\/\/secureus.se\/pl\/wp-json\/wp\/v2\/media\/149989"}],"wp:attachment":[{"href":"https:\/\/secureus.se\/pl\/wp-json\/wp\/v2\/media?parent=149990"}],"wp:term":[{"taxonomy":"product_brand","embeddable":true,"href":"https:\/\/secureus.se\/pl\/wp-json\/wp\/v2\/product_brand?post=149990"},{"taxonomy":"product_cat","embeddable":true,"href":"https:\/\/secureus.se\/pl\/wp-json\/wp\/v2\/product_cat?post=149990"},{"taxonomy":"product_tag","embeddable":true,"href":"https:\/\/secureus.se\/pl\/wp-json\/wp\/v2\/product_tag?post=149990"}],"curies":[{"name":"wp","href":"https:\/\/api.w.org\/{rel}","templated":true}]}}