{"id":149992,"date":"2025-04-03T14:11:14","date_gmt":"2025-04-03T12:11:14","guid":{"rendered":"https:\/\/secureus.se\/apollo-orb-mb-50018-apo-orbis-series-egensaker-timesaver-bas-vit\/"},"modified":"2026-04-09T11:29:49","modified_gmt":"2026-04-09T09:29:49","slug":"apollo-orb-mb-50018-apo-orbis-series-egensaker-timesaver-bas-vit","status":"publish","type":"product","link":"https:\/\/secureus.se\/pl\/apollo-orb-mb-50018-apo-orbis-series-egensaker-timesaver-bas-vit\/","title":{"rendered":"Apollo ORB-MB-50018-APO Seria Orbis iskrobezpieczna podstawa TimeSaver, bia\u0142a"},"content":{"rendered":"<h1>Apollo ORB-MB-50018-APO Seria Orbis iskrobezpieczna podstawa TimeSaver<\/h1>\n<p class=\"\" data-start=\"558\" data-end=\"1130\">Apollo Orbis IS TimeSaver Base to innowacyjne rozwi\u0105zanie dla czujek po\u017carowych, kt\u00f3re upraszcza zar\u00f3wno instalacj\u0119, jak i u\u017cytkowanie.<\/p>\n<p class=\"\" data-start=\"558\" data-end=\"1130\">Urz\u0105dzenie zosta\u0142o specjalnie zaprojektowane tak, aby by\u0142o bezpieczne, co pozwala na jego stosowanie w niebezpiecznych \u015brodowiskach.<\/p>\n<p class=\"\" data-start=\"558\" data-end=\"1130\">Podstawa ma dwa punkty mocowania i jest wyposa\u017cona w znaczniki ustawienia LED, co u\u0142atwia instalacj\u0119 i pozwala na prawid\u0142owe ustawienie detektor\u00f3w za pomoc\u0105 wska\u017anik\u00f3w LED.<\/p>\n<p class=\"\" data-start=\"558\" data-end=\"1130\">Dodatkowo \u015bruby zaciskowe s\u0105 zabezpieczone przed wypadni\u0119ciem w trakcie monta\u017cu, co oszcz\u0119dza czas i u\u0142atwia prac\u0119 instalatorom.<\/p>\n<p class=\"\" data-start=\"1132\" data-end=\"1520\">Produkt posiada oznaczenie CE i spe\u0142nia wymogi Dyrektywy w sprawie wyposa\u017cenia morskiego 2014\/90\/UE, co sprawia, \u017ce nadaje si\u0119 do stosowania na statkach.<\/p>\n<p class=\"\" data-start=\"1132\" data-end=\"1520\">Dzi\u0119ki wielu punktom mocowania i prowadnicy kabla monta\u017c podstawy Orbis IS TimeSaver jest szybki i wygodny.<\/p>\n<p class=\"\" data-start=\"1132\" data-end=\"1520\">Podstawa obs\u0142uguje czujniki takie jak czujnik ciep\u0142a i czujnik dymu i mo\u017ce by\u0107 stosowana w systemach wymagaj\u0105cych bezpiecznej i stabilnej pracy w strefach zagro\u017conych wybuchem.<\/p>\n<p class=\"\" data-start=\"1522\" data-end=\"1552\"><strong data-start=\"1522\" data-end=\"1550\">G\u0142\u00f3wne cechy:<\/strong><\/p>\n<ul data-start=\"1553\" data-end=\"1871\">\n<li class=\"\" data-start=\"1553\" data-end=\"1572\">\n<p class=\"\" data-start=\"1555\" data-end=\"1572\">Dwa punkty mocowania<\/p>\n<\/li>\n<li class=\"\" data-start=\"1573\" data-end=\"1597\">\n<p class=\"\" data-start=\"1575\" data-end=\"1597\">Znak wyr\u00f3wnania LED<\/p>\n<\/li>\n<li class=\"\" data-start=\"1598\" data-end=\"1650\">\n<p class=\"\" data-start=\"1600\" data-end=\"1650\">Obs\u0142ugiwane urz\u0105dzenia: Czujnik ciep\u0142a, Czujnik dymu<\/p>\n<\/li>\n<li class=\"\" data-start=\"1651\" data-end=\"1697\">\n<p class=\"\" data-start=\"1653\" data-end=\"1697\">Zgrupowane zaciski u\u0142atwiaj\u0105ce okablowanie<\/p>\n<\/li>\n<li class=\"\" data-start=\"1698\" data-end=\"1774\">\n<p class=\"\" data-start=\"1700\" data-end=\"1774\">Oznaczone znakiem CE i certyfikowane zgodnie z dyrektyw\u0105 w sprawie wyposa\u017cenia morskiego 2014\/90\/UE<\/p>\n<\/li>\n<li class=\"\" data-start=\"1775\" data-end=\"1811\">\n<p class=\"\" data-start=\"1777\" data-end=\"1811\">Uchwyt do bezpiecznego ekranowania kabli<\/p>\n<\/li>\n<li class=\"\" data-start=\"1812\" data-end=\"1871\">\n<p class=\"\" data-start=\"1814\" data-end=\"1871\">Konstrukcja samoistnie bezpieczna do stosowania w \u015brodowiskach niebezpiecznych<\/p>\n<\/li>\n<\/ul>\n<p class=\"\" data-start=\"1873\" data-end=\"1904\"><strong data-start=\"1873\" data-end=\"1902\">Dane techniczne:<\/strong><\/p>\n<ul data-start=\"1905\" data-end=\"2038\">\n<li class=\"\" data-start=\"1905\" data-end=\"1921\">\n<p class=\"\" data-start=\"1907\" data-end=\"1921\">Kolor: srebrny<\/p>\n<\/li>\n<li class=\"\" data-start=\"1922\" data-end=\"1950\">\n<p class=\"\" data-start=\"1924\" data-end=\"1950\">Certyfikaty: Oznakowanie CE<\/p>\n<\/li>\n<li class=\"\" data-start=\"1951\" data-end=\"1994\">\n<p class=\"\" data-start=\"1953\" data-end=\"1994\">Iskrobezpieczne zgodnie z ATEX i IECEx<\/p>\n<\/li>\n<li class=\"\" data-start=\"1995\" data-end=\"2038\">\n<p class=\"\" data-start=\"1997\" data-end=\"2038\">Kompatybilny z czujnikami ciep\u0142a i dymu<\/p>\n<\/li>\n<\/ul>","protected":false},"excerpt":{"rendered":"<p>Podstawa Apollo Orbis IS TimeSaver to podstawa iskrobezpieczna, zaprojektowana z my\u015bl\u0105 o szybkim i \u0142atwym monta\u017cu.<\/p>\n<p>Wyposa\u017cony w dwa punkty mocowania i znacznik ustawienia LED, zapewnia instalatorowi wydajn\u0105 powierzchni\u0119 robocz\u0105 do monta\u017cu czujnik\u00f3w, takich jak czujniki ciep\u0142a i dymu.<\/p>\n<p>Podstawa oznaczona znakiem CE jest zgodna z normami bezpiecze\u0144stwa i umo\u017cliwia \u0142atw\u0105 instalacj\u0119 dzi\u0119ki zaciskom grupowo po\u0142\u0105czonym.<\/p>","protected":false},"featured_media":149991,"template":"","meta":{"_acf_changed":false},"product_brand":[],"product_cat":[4749],"product_tag":[],"class_list":{"0":"post-149992","1":"product","2":"type-product","3":"status-publish","4":"has-post-thumbnail","6":"product_cat-orbis-serien","7":"pa_brands-apollo-fire-detectors","8":"tm-no-options","10":"first","11":"instock","12":"taxable","13":"shipping-taxable","14":"purchasable","15":"product-type-simple"},"acf":[],"_links":{"self":[{"href":"https:\/\/secureus.se\/pl\/wp-json\/wp\/v2\/product\/149992","targetHints":{"allow":["GET"]}}],"collection":[{"href":"https:\/\/secureus.se\/pl\/wp-json\/wp\/v2\/product"}],"about":[{"href":"https:\/\/secureus.se\/pl\/wp-json\/wp\/v2\/types\/product"}],"wp:featuredmedia":[{"embeddable":true,"href":"https:\/\/secureus.se\/pl\/wp-json\/wp\/v2\/media\/149991"}],"wp:attachment":[{"href":"https:\/\/secureus.se\/pl\/wp-json\/wp\/v2\/media?parent=149992"}],"wp:term":[{"taxonomy":"product_brand","embeddable":true,"href":"https:\/\/secureus.se\/pl\/wp-json\/wp\/v2\/product_brand?post=149992"},{"taxonomy":"product_cat","embeddable":true,"href":"https:\/\/secureus.se\/pl\/wp-json\/wp\/v2\/product_cat?post=149992"},{"taxonomy":"product_tag","embeddable":true,"href":"https:\/\/secureus.se\/pl\/wp-json\/wp\/v2\/product_tag?post=149992"}],"curies":[{"name":"wp","href":"https:\/\/api.w.org\/{rel}","templated":true}]}}