{"id":149998,"date":"2025-04-03T14:11:09","date_gmt":"2025-04-03T12:11:09","guid":{"rendered":"https:\/\/secureus.se\/apollo-pp2147-orbis-series-timesaver-detektorbas-med-rela\/"},"modified":"2026-03-27T09:51:46","modified_gmt":"2026-03-27T08:51:46","slug":"apollo-pp2147-orbis-series-timesaver-detektorbas-med-rela","status":"publish","type":"product","link":"https:\/\/secureus.se\/pl\/apollo-pp2147-orbis-series-timesaver-detektorbas-med-rela\/","title":{"rendered":"Apollo PP2147 Orbis Series TimeSaver Detector Base z przeka\u017anikiem"},"content":{"rendered":"<h1>Apollo PP2147 Orbis Series TimeSaver Detector Base z przeka\u017anikiem<\/h1>\n<p class=\"\" data-start=\"501\" data-end=\"880\">Podstawa czujki Apollo Orbis TimeSaver z przeka\u017anikiem zosta\u0142a zaprojektowana w celu usprawnienia instalacji i obs\u0142ugi czujek po\u017carowych.<\/p>\n<p class=\"\" data-start=\"501\" data-end=\"880\">Podstawa wyposa\u017cona jest w zgrupowane zaciski, kt\u00f3re u\u0142atwiaj\u0105 okablowanie i instalacj\u0119, a tak\u017ce w dwa punkty mocowania i znacznik ustawienia LED, kt\u00f3ry u\u0142atwia instalatorom prawid\u0142owy monta\u017c i kalibracj\u0119 czujek.<\/p>\n<p class=\"\" data-start=\"882\" data-end=\"1308\">Przeka\u017anik na podstawie posiada jednobiegunowy, beznapi\u0119ciowy styk prze\u0142\u0105czny, kt\u00f3ry jest aktywowany, gdy detektor przechodzi w tryb alarmowy.<\/p>\n<p class=\"\" data-start=\"882\" data-end=\"1308\">Umo\u017cliwia to pod\u0142\u0105czenie do zewn\u0119trznych urz\u0105dze\u0144 i system\u00f3w, a przeka\u017anik pozostaje aktywny do momentu zresetowania detektora.<\/p>\n<p class=\"\" data-start=\"882\" data-end=\"1308\">Podstawa wyposa\u017cona jest r\u00f3wnie\u017c w z\u0142\u0105cze ci\u0105g\u0142o\u015bci, u\u0142atwiaj\u0105ce testowanie napi\u0119cia kabli strefowych przed uruchomieniem, co pozwala upewni\u0107 si\u0119, \u017ce wszystkie po\u0142\u0105czenia dzia\u0142aj\u0105 prawid\u0142owo przed uruchomieniem systemu.<\/p>\n<p class=\"\" data-start=\"1310\" data-end=\"1522\">Podstawa wykonana jest z poliw\u0119glanu, dzi\u0119ki czemu jest trwa\u0142a i przyjazna dla \u015brodowiska.<\/p>\n<p class=\"\" data-start=\"1310\" data-end=\"1522\">Urz\u0105dzenie posiada oznaczenie CE i jest obj\u0119te 10-letni\u0105 gwarancj\u0105, co zapewnia d\u0142ugoterminow\u0105 wydajno\u015b\u0107 i niezawodno\u015b\u0107 systemu wykrywania po\u017caru.<\/p>\n<p class=\"\" data-start=\"1524\" data-end=\"1554\"><strong data-start=\"1524\" data-end=\"1552\">G\u0142\u00f3wne cechy:<\/strong><\/p>\n<ul data-start=\"1555\" data-end=\"1960\">\n<li class=\"\" data-start=\"1555\" data-end=\"1604\">\n<p class=\"\" data-start=\"1557\" data-end=\"1604\">Zgrupowane zaciski u\u0142atwiaj\u0105ce okablowanie<\/p>\n<\/li>\n<li class=\"\" data-start=\"1605\" data-end=\"1672\">\n<p class=\"\" data-start=\"1607\" data-end=\"1672\">Dwa punkty mocowania i znaczniki LED u\u0142atwiaj\u0105ce instalacj\u0119<\/p>\n<\/li>\n<li class=\"\" data-start=\"1673\" data-end=\"1754\">\n<p class=\"\" data-start=\"1675\" data-end=\"1754\">Jednobiegunowy styk prze\u0142\u0105czaj\u0105cy do urz\u0105dze\u0144 zewn\u0119trznych (mo\u017ce prze\u0142\u0105cza\u0107 do 30 V przy 1 A)<\/p>\n<\/li>\n<li class=\"\" data-start=\"1755\" data-end=\"1811\">\n<p class=\"\" data-start=\"1757\" data-end=\"1811\">Przewodnik po zdejmowaniu izolacji z kabli i mechanizmie blokuj\u0105cym detektor<\/p>\n<\/li>\n<li class=\"\" data-start=\"1812\" data-end=\"1886\">\n<p class=\"\" data-start=\"1814\" data-end=\"1886\">\u0141\u0105cze ci\u0105g\u0142o\u015bci do testowania napi\u0119cia kabli strefowych przed uruchomieniem<\/p>\n<\/li>\n<li class=\"\" data-start=\"1887\" data-end=\"1925\">\n<p class=\"\" data-start=\"1889\" data-end=\"1925\">Oznakowanie CE i przyjazna dla \u015brodowiska konstrukcja<\/p>\n<\/li>\n<li class=\"\" data-start=\"1926\" data-end=\"1960\">\n<p class=\"\" data-start=\"1928\" data-end=\"1960\">Kompatybilny z czujnikami dymu<\/p>\n<\/li>\n<\/ul>\n<p class=\"\" data-start=\"1962\" data-end=\"1993\"><strong data-start=\"1962\" data-end=\"1991\">Dane techniczne:<\/strong><\/p>\n<ul data-start=\"1994\" data-end=\"2130\">\n<li class=\"\" data-start=\"1994\" data-end=\"2011\">\n<p class=\"\" data-start=\"1996\" data-end=\"2011\">G\u0142\u0119boko\u015b\u0107: 23,5 mm<\/p>\n<\/li>\n<li class=\"\" data-start=\"2012\" data-end=\"2028\">\n<p class=\"\" data-start=\"2014\" data-end=\"2028\">Kolor: srebrny<\/p>\n<\/li>\n<li class=\"\" data-start=\"2029\" data-end=\"2056\">\n<p class=\"\" data-start=\"2031\" data-end=\"2056\">Materia\u0142: Poliw\u0119glan<\/p>\n<\/li>\n<li class=\"\" data-start=\"2057\" data-end=\"2078\">\n<p class=\"\" data-start=\"2059\" data-end=\"2078\">Okres gwarancji: 10 lat<\/p>\n<\/li>\n<li class=\"\" data-start=\"2079\" data-end=\"2110\">\n<p class=\"\" data-start=\"2081\" data-end=\"2110\">Certyfikaty: Oznaczenie CE<\/p>\n<\/li>\n<li class=\"\" data-start=\"2111\" data-end=\"2130\">\n<p class=\"\" data-start=\"2113\" data-end=\"2130\">Przyjazny dla \u015brodowiska: Tak<\/p>\n<\/li>\n<\/ul>","protected":false},"excerpt":{"rendered":"<p>Podstawa detektora Apollo Orbis TimeSaver z przeka\u017anikiem to proste i szybkie rozwi\u0105zanie instalacyjne z grupowymi zaciskami do pod\u0142\u0105czania przewod\u00f3w, dwoma punktami mocowania i znacznikiem ustawienia LED.<\/p>\n<p>Przeka\u017anik zostaje aktywowany, gdy detektor przechodzi w tryb alarmowy, co pozwala na \u0142atwe pod\u0142\u0105czenie urz\u0105dze\u0144 zewn\u0119trznych.<\/p>","protected":false},"featured_media":149997,"template":"","meta":{"_acf_changed":false},"product_brand":[],"product_cat":[4749],"product_tag":[],"class_list":{"0":"post-149998","1":"product","2":"type-product","3":"status-publish","4":"has-post-thumbnail","6":"product_cat-orbis-serien","7":"pa_brands-apollo-fire-detectors","8":"tm-no-options","10":"first","11":"instock","12":"sale","13":"taxable","14":"shipping-taxable","15":"purchasable","16":"product-type-simple"},"acf":[],"_links":{"self":[{"href":"https:\/\/secureus.se\/pl\/wp-json\/wp\/v2\/product\/149998","targetHints":{"allow":["GET"]}}],"collection":[{"href":"https:\/\/secureus.se\/pl\/wp-json\/wp\/v2\/product"}],"about":[{"href":"https:\/\/secureus.se\/pl\/wp-json\/wp\/v2\/types\/product"}],"wp:featuredmedia":[{"embeddable":true,"href":"https:\/\/secureus.se\/pl\/wp-json\/wp\/v2\/media\/149997"}],"wp:attachment":[{"href":"https:\/\/secureus.se\/pl\/wp-json\/wp\/v2\/media?parent=149998"}],"wp:term":[{"taxonomy":"product_brand","embeddable":true,"href":"https:\/\/secureus.se\/pl\/wp-json\/wp\/v2\/product_brand?post=149998"},{"taxonomy":"product_cat","embeddable":true,"href":"https:\/\/secureus.se\/pl\/wp-json\/wp\/v2\/product_cat?post=149998"},{"taxonomy":"product_tag","embeddable":true,"href":"https:\/\/secureus.se\/pl\/wp-json\/wp\/v2\/product_tag?post=149998"}],"curies":[{"name":"wp","href":"https:\/\/api.w.org\/{rel}","templated":true}]}}