{"id":150000,"date":"2025-04-03T14:11:09","date_gmt":"2025-04-03T12:11:09","guid":{"rendered":"https:\/\/secureus.se\/apollo-pp5037-orbis-series-egensaker-optisk-rokdetektor-vit\/"},"modified":"2026-04-09T11:30:37","modified_gmt":"2026-04-09T09:30:37","slug":"apollo-pp5037-orbis-series-egensaker-optisk-rokdetektor-vit","status":"publish","type":"product","link":"https:\/\/secureus.se\/pl\/apollo-pp5037-orbis-series-egensaker-optisk-rokdetektor-vit\/","title":{"rendered":"Apollo PP5037 Orbis Series Iskrobezpieczny optyczny czujnik dymu, bia\u0142y"},"content":{"rendered":"<h1>Apollo PP5037 Orbis Series Iskrobezpieczny optyczny czujnik dymu<\/h1>\n<p class=\"\" data-start=\"469\" data-end=\"988\">Optyczny czujnik dymu Apollo Orbis IS to wydajne rozwi\u0105zanie zapewniaj\u0105ce niezawodne wykrywanie po\u017car\u00f3w, w szczeg\u00f3lno\u015bci po\u017car\u00f3w wolno tl\u0105cych si\u0119 lub tl\u0105cych.<\/p>\n<p class=\"\" data-start=\"469\" data-end=\"988\">Wykorzystuj\u0105c zasad\u0119 rozpraszania \u015bwiat\u0142a, urz\u0105dzenie mierzy \u015bwiat\u0142o rozproszone przez gazy dymne, dzi\u0119ki czemu jest niezwykle skuteczne w wykrywaniu zar\u00f3wno czarnego, jak i bia\u0142ego dymu.<\/p>\n<p class=\"\" data-start=\"469\" data-end=\"988\">Model Orbis IS charakteryzuje si\u0119 zwi\u0119kszon\u0105 czu\u0142o\u015bci\u0105 na czarny dym, co czyni go lepszym od standardowych detektor\u00f3w optycznych, kt\u00f3re s\u0105 bardziej czu\u0142e na bia\u0142y dym.<\/p>\n<p class=\"\" data-start=\"990\" data-end=\"1347\">Kolejn\u0105 kluczow\u0105 cech\u0105 s\u0105 algorytmy, kt\u00f3re pomagaj\u0105 ograniczy\u0107 fa\u0142szywe alarmy poprzez filtrowanie sygna\u0142\u00f3w przej\u015bciowych, co zapewnia, \u017ce detektor nie zareaguje na zjawiska niezwi\u0105zane z ogniem, takie jak dym z palenia lub inne \u017ar\u00f3d\u0142a.<\/p>\n<p class=\"\" data-start=\"990\" data-end=\"1347\">Technologia DirtAlert\u00ae informuje, czy detektor wymaga czyszczenia, a SensAlert\u00ae ostrzega, je\u015bli detektor nie dzia\u0142a prawid\u0142owo.<\/p>\n<p class=\"\" data-start=\"1349\" data-end=\"1675\">Dzi\u0119ki zakresowi temperatur roboczych od -40\u00b0C do +70\u00b0C i klasie ochrony IP23D, detektor ten sprawdza si\u0119 niezawodnie zar\u00f3wno w trudnych, jak i zr\u00f3\u017cnicowanych warunkach.<\/p>\n<p class=\"\" data-start=\"1349\" data-end=\"1675\">Produkt posiada oznaczenie CE, jest bezpieczny wewn\u0119trznie i spe\u0142nia wiele mi\u0119dzynarodowych certyfikat\u00f3w, dzi\u0119ki czemu doskonale nadaje si\u0119 do stosowania w \u015brodowiskach niebezpiecznych, takich jak instalacje l\u0105dowe i morskie.<\/p>\n<p class=\"\" data-start=\"1677\" data-end=\"1707\"><strong data-start=\"1677\" data-end=\"1705\">G\u0142\u00f3wne cechy:<\/strong><\/p>\n<ul data-start=\"1708\" data-end=\"2083\">\n<li class=\"\" data-start=\"1708\" data-end=\"1747\">\n<p class=\"\" data-start=\"1710\" data-end=\"1747\">Poprawiona wra\u017cliwo\u015b\u0107 na czarny dym<\/p>\n<\/li>\n<li class=\"\" data-start=\"1748\" data-end=\"1820\">\n<p class=\"\" data-start=\"1750\" data-end=\"1820\">Zmniejsza liczb\u0119 fa\u0142szywych alarm\u00f3w dzi\u0119ki zaawansowanym algorytmom zarz\u0105dzania stanami przej\u015bciowymi<\/p>\n<\/li>\n<li class=\"\" data-start=\"1821\" data-end=\"1893\">\n<p class=\"\" data-start=\"1823\" data-end=\"1893\">Zawiera DirtAlert\u00ae umo\u017cliwiaj\u0105cy \u0142atw\u0105 identyfikacj\u0119 brudnych detektor\u00f3w<\/p>\n<\/li>\n<li class=\"\" data-start=\"1894\" data-end=\"1958\">\n<p class=\"\" data-start=\"1896\" data-end=\"1958\">SensAlert\u00ae informuje, czy czujnik dzia\u0142a nieprawid\u0142owo<\/p>\n<\/li>\n<li class=\"\" data-start=\"1959\" data-end=\"2026\">\n<p class=\"\" data-start=\"1961\" data-end=\"2026\">Oznaczone znakiem CE i samoistnie bezpieczne do stosowania w \u015brodowiskach niebezpiecznych<\/p>\n<\/li>\n<li class=\"\" data-start=\"2027\" data-end=\"2083\">\n<p class=\"\" data-start=\"2029\" data-end=\"2083\">Kompatybilny z instalacjami wewn\u0119trznymi i zewn\u0119trznymi<\/p>\n<\/li>\n<\/ul>\n<p class=\"\" data-start=\"2085\" data-end=\"2116\"><strong data-start=\"2085\" data-end=\"2114\">Dane techniczne:<\/strong><\/p>\n<ul data-start=\"2117\" data-end=\"2380\">\n<li class=\"\" data-start=\"2117\" data-end=\"2133\">\n<p class=\"\" data-start=\"2119\" data-end=\"2133\">Kolor: srebrny<\/p>\n<\/li>\n<li class=\"\" data-start=\"2134\" data-end=\"2149\">\n<p class=\"\" data-start=\"2136\" data-end=\"2149\">Wysoko\u015b\u0107: 42mm<\/p>\n<\/li>\n<li class=\"\" data-start=\"2150\" data-end=\"2170\">\n<p class=\"\" data-start=\"2152\" data-end=\"2170\">\u015arednica: 100 mm<\/p>\n<\/li>\n<li class=\"\" data-start=\"2171\" data-end=\"2196\">\n<p class=\"\" data-start=\"2173\" data-end=\"2196\">Waga: 75 g (bez podstawy)<\/p>\n<\/li>\n<li class=\"\" data-start=\"2197\" data-end=\"2225\">\n<p class=\"\" data-start=\"2199\" data-end=\"2225\">Opis zasilania: 28V DC<\/p>\n<\/li>\n<li class=\"\" data-start=\"2226\" data-end=\"2258\">\n<p class=\"\" data-start=\"2228\" data-end=\"2258\">Temperatura: -40\u00b0C do +70\u00b0C<\/p>\n<\/li>\n<li class=\"\" data-start=\"2259\" data-end=\"2287\">\n<p class=\"\" data-start=\"2261\" data-end=\"2287\">Stopie\u0144 ochrony IP: IP23D<\/p>\n<\/li>\n<li class=\"\" data-start=\"2288\" data-end=\"2309\">\n<p class=\"\" data-start=\"2290\" data-end=\"2309\">Okres gwarancji: 10 lat<\/p>\n<\/li>\n<li class=\"\" data-start=\"2310\" data-end=\"2380\">\n<p class=\"\" data-start=\"2312\" data-end=\"2380\">Certyfikaty: Znak CE, ATEX, IECEx, MED, VdS, LPCB i inne<\/p>\n<\/li>\n<\/ul>","protected":false},"excerpt":{"rendered":"<p>Bezpieczny optyczny czujnik dymu Apollo Orbis charakteryzuje si\u0119 zwi\u0119kszon\u0105 czu\u0142o\u015bci\u0105 na czarny dym i ogranicza liczb\u0119 fa\u0142szywych alarm\u00f3w dzi\u0119ki zaawansowanym algorytmom obs\u0142ugi stan\u00f3w przej\u015bciowych.<\/p>\n<p>Idealny do wczesnego ostrzegania o po\u017carach zar\u00f3wno wewn\u0105trz, jak i na zewn\u0105trz budynk\u00f3w.<\/p>","protected":false},"featured_media":149999,"template":"","meta":{"_acf_changed":false},"product_brand":[],"product_cat":[4749],"product_tag":[],"class_list":{"0":"post-150000","1":"product","2":"type-product","3":"status-publish","4":"has-post-thumbnail","6":"product_cat-orbis-serien","7":"pa_brands-apollo-fire-detectors","8":"tm-no-options","10":"first","11":"instock","12":"taxable","13":"shipping-taxable","14":"purchasable","15":"product-type-simple"},"acf":[],"_links":{"self":[{"href":"https:\/\/secureus.se\/pl\/wp-json\/wp\/v2\/product\/150000","targetHints":{"allow":["GET"]}}],"collection":[{"href":"https:\/\/secureus.se\/pl\/wp-json\/wp\/v2\/product"}],"about":[{"href":"https:\/\/secureus.se\/pl\/wp-json\/wp\/v2\/types\/product"}],"wp:featuredmedia":[{"embeddable":true,"href":"https:\/\/secureus.se\/pl\/wp-json\/wp\/v2\/media\/149999"}],"wp:attachment":[{"href":"https:\/\/secureus.se\/pl\/wp-json\/wp\/v2\/media?parent=150000"}],"wp:term":[{"taxonomy":"product_brand","embeddable":true,"href":"https:\/\/secureus.se\/pl\/wp-json\/wp\/v2\/product_brand?post=150000"},{"taxonomy":"product_cat","embeddable":true,"href":"https:\/\/secureus.se\/pl\/wp-json\/wp\/v2\/product_cat?post=150000"},{"taxonomy":"product_tag","embeddable":true,"href":"https:\/\/secureus.se\/pl\/wp-json\/wp\/v2\/product_tag?post=150000"}],"curies":[{"name":"wp","href":"https:\/\/api.w.org\/{rel}","templated":true}]}}