{"id":150002,"date":"2025-04-03T14:07:52","date_gmt":"2025-04-03T12:07:52","guid":{"rendered":"https:\/\/secureus.se\/apollo-55100-940apo-xp95-series-egenkontrollerad-manuell-anropspunkt\/"},"modified":"2026-04-16T15:37:31","modified_gmt":"2026-04-16T13:37:31","slug":"apollo-55100-940apo-xp95-series-egenkontrollerad-manuell-anropspunkt","status":"publish","type":"product","link":"https:\/\/secureus.se\/pl\/apollo-55100-940apo-xp95-series-egenkontrollerad-manuell-anropspunkt\/","title":{"rendered":"Apollo 55100-940APO Seria XP95 Samosteruj\u0105cy r\u0119czny punkt alarmowy"},"content":{"rendered":"<h1>Apollo 55100-940APO Seria XP95 Samosteruj\u0105cy r\u0119czny punkt alarmowy<\/h1>\n<p>R\u0119czny ostrzegacz po\u017carowy (MCP) Apollo XP95 IS to wytrzyma\u0142e i niezawodne urz\u0105dzenie przeznaczone do stosowania w atmosferach wybuchowych i \u015brodowiskach niebezpiecznych.<\/p>\n<p>Dzia\u0142a w zakresie napi\u0119\u0107 14-22 V DC i jest wyposa\u017cony w prze\u0142\u0105cznik DIL umo\u017cliwiaj\u0105cy \u0142atwe ustawienie adresu.<\/p>\n<p>Po aktywacji MCP szybko przekazuje sw\u00f3j adres do panelu sterowania po\u017carem, umo\u017cliwiaj\u0105c raportowanie stanu alarmu i po\u0142o\u017cenia w czasie kr\u00f3tszym ni\u017c 0,2 sekundy.<\/p>\n<p>R\u0119czny ostrzegacz po\u017carowy jest wyposa\u017cony w czerwon\u0105 diod\u0119 LED, kt\u00f3ra zapala si\u0119 po aktywacji. Mo\u017cna go \u0142atwo zresetowa\u0107 za pomoc\u0105 przycisku testowego i naci\u015bni\u0119cia przedniej pokrywy.<\/p>\n<p>Aby u\u0142atwi\u0107 instalacj\u0119, MCP posiada rozwi\u0105zanie w postaci bloku zaciskowego umo\u017cliwiaj\u0105cego szybkie pod\u0142\u0105czenie przewod\u00f3w, co znacznie skraca czas instalacji.<\/p>\n<p>Urz\u0105dzenie jest tak\u017ce wodoodporne i odporne na warunki atmosferyczne (IP67), dzi\u0119ki czemu nadaje si\u0119 do monta\u017cu zar\u00f3wno wewn\u0105trz, jak i na zewn\u0105trz.<\/p>\n<p>Urz\u0105dzenie Apollo 55100-940APO posiada certyfikaty zgodno\u015bci z wieloma normami mi\u0119dzynarodowymi, w tym ATEX i IECEx, oraz jest obj\u0119te 10-letni\u0105 gwarancj\u0105.<\/p>\n<p class=\"\" data-start=\"1606\" data-end=\"1636\"><strong data-start=\"1606\" data-end=\"1634\">G\u0142\u00f3wne cechy:<\/strong><\/p>\n<ul data-start=\"1637\" data-end=\"1999\">\n<li class=\"\" data-start=\"1637\" data-end=\"1676\">\n<p class=\"\" data-start=\"1639\" data-end=\"1676\">Wodoodporny i odporny na warunki atmosferyczne (IP67)<\/p>\n<\/li>\n<li class=\"\" data-start=\"1677\" data-end=\"1744\">\n<p class=\"\" data-start=\"1679\" data-end=\"1744\">Przeznaczony do stosowania w atmosferach wybuchowych (ATEX, IECEx)<\/p>\n<\/li>\n<li class=\"\" data-start=\"1745\" data-end=\"1808\">\n<p class=\"\" data-start=\"1747\" data-end=\"1808\">Z\u0142\u0105cza zaciskowe \u201ePlug and Play\u201d umo\u017cliwiaj\u0105ce szybk\u0105 instalacj\u0119<\/p>\n<\/li>\n<li class=\"\" data-start=\"1809\" data-end=\"1852\">\n<p class=\"\" data-start=\"1811\" data-end=\"1852\">Czerwona dioda LED alarmu do \u0142atwego wskazywania stanu<\/p>\n<\/li>\n<li class=\"\" data-start=\"1853\" data-end=\"1908\">\n<p class=\"\" data-start=\"1855\" data-end=\"1908\">Raportowanie adresu po aktywacji w celu szybkiej reakcji<\/p>\n<\/li>\n<li class=\"\" data-start=\"1909\" data-end=\"1940\">\n<p class=\"\" data-start=\"1911\" data-end=\"1940\">Mo\u017cliwo\u015b\u0107 zresetowania za pomoc\u0105 klucza testowego<\/p>\n<\/li>\n<li class=\"\" data-start=\"1941\" data-end=\"1999\">\n<p class=\"\" data-start=\"1943\" data-end=\"1999\">Kompatybilny z instalacjami wewn\u0119trznymi i zewn\u0119trznymi<\/p>\n<\/li>\n<\/ul>\n<p class=\"\" data-start=\"2001\" data-end=\"2032\"><strong data-start=\"2001\" data-end=\"2030\">Dane techniczne:<\/strong><\/p>\n<ul data-start=\"2033\" data-end=\"2340\">\n<li class=\"\" data-start=\"2033\" data-end=\"2046\">\n<p class=\"\" data-start=\"2035\" data-end=\"2046\">Zarumieni\u0107<\/p>\n<\/li>\n<li class=\"\" data-start=\"2047\" data-end=\"2082\">\n<p class=\"\" data-start=\"2049\" data-end=\"2082\">Wymiary: 99 mm x 94,5 mm x 73,5 mm<\/p>\n<\/li>\n<li class=\"\" data-start=\"2083\" data-end=\"2098\">\n<p class=\"\" data-start=\"2085\" data-end=\"2098\">Waga: 240g<\/p>\n<\/li>\n<li class=\"\" data-start=\"2099\" data-end=\"2125\">\n<p class=\"\" data-start=\"2101\" data-end=\"2125\">Materia\u0142: poliw\u0119glan<\/p>\n<\/li>\n<li class=\"\" data-start=\"2126\" data-end=\"2160\">\n<p class=\"\" data-start=\"2128\" data-end=\"2160\">Zakres napi\u0119cia: 14-22 V DC<\/p>\n<\/li>\n<li class=\"\" data-start=\"2161\" data-end=\"2227\">\n<p class=\"\" data-start=\"2163\" data-end=\"2227\">Temperatura pracy: -20\u00b0C do +70\u00b0C (T5), -20\u00b0C do +60\u00b0C (T4)<\/p>\n<\/li>\n<li class=\"\" data-start=\"2228\" data-end=\"2255\">\n<p class=\"\" data-start=\"2230\" data-end=\"2255\">Stopie\u0144 ochrony IP: IP67<\/p>\n<\/li>\n<li class=\"\" data-start=\"2256\" data-end=\"2318\">\n<p class=\"\" data-start=\"2258\" data-end=\"2318\">Certyfikaty: Znak CE, ATEX, IECEx, MED, UL i inne<\/p>\n<\/li>\n<li class=\"\" data-start=\"2319\" data-end=\"2340\">\n<p class=\"\" data-start=\"2321\" data-end=\"2340\">Okres gwarancji: 10 lat<\/p>\n<\/li>\n<\/ul>","protected":false},"excerpt":{"rendered":"<p>R\u0119czny ostrzegacz po\u017carowy (MCP) serii Apollo XP95 w wykonaniu iskrobezpiecznym przeznaczony jest do stosowania w przestrzeniach zagro\u017conych wybuchem.<\/p>\n<p>Urz\u0105dzenie jest wodoodporne (IP67) i odporne na warunki atmosferyczne, a jego z\u0142\u0105cza terminalowe \u201ePlug and Play\u201d umo\u017cliwiaj\u0105 szybk\u0105 instalacj\u0119.<\/p>\n<p>Po aktywacji podaje sw\u00f3j adres i szybko odpowiada na wezwanie do centrali.<\/p>","protected":false},"featured_media":150001,"template":"","meta":{"_acf_changed":false},"product_brand":[],"product_cat":[4751,4748],"product_tag":[],"class_list":{"0":"post-150002","1":"product","2":"type-product","3":"status-publish","4":"has-post-thumbnail","6":"product_cat-xp95-serien","7":"product_cat-discovery-serien","8":"pa_brands-apollo-fire-detectors","9":"tm-no-options","11":"first","12":"instock","13":"taxable","14":"shipping-taxable","15":"purchasable","16":"product-type-simple"},"acf":[],"_links":{"self":[{"href":"https:\/\/secureus.se\/pl\/wp-json\/wp\/v2\/product\/150002","targetHints":{"allow":["GET"]}}],"collection":[{"href":"https:\/\/secureus.se\/pl\/wp-json\/wp\/v2\/product"}],"about":[{"href":"https:\/\/secureus.se\/pl\/wp-json\/wp\/v2\/types\/product"}],"wp:featuredmedia":[{"embeddable":true,"href":"https:\/\/secureus.se\/pl\/wp-json\/wp\/v2\/media\/150001"}],"wp:attachment":[{"href":"https:\/\/secureus.se\/pl\/wp-json\/wp\/v2\/media?parent=150002"}],"wp:term":[{"taxonomy":"product_brand","embeddable":true,"href":"https:\/\/secureus.se\/pl\/wp-json\/wp\/v2\/product_brand?post=150002"},{"taxonomy":"product_cat","embeddable":true,"href":"https:\/\/secureus.se\/pl\/wp-json\/wp\/v2\/product_cat?post=150002"},{"taxonomy":"product_tag","embeddable":true,"href":"https:\/\/secureus.se\/pl\/wp-json\/wp\/v2\/product_tag?post=150002"}],"curies":[{"name":"wp","href":"https:\/\/api.w.org\/{rel}","templated":true}]}}