{"id":150008,"date":"2025-04-03T14:07:48","date_gmt":"2025-04-03T12:07:48","guid":{"rendered":"https:\/\/secureus.se\/apollo-55000-001apo-xp95-series-isolerande-hogtalar-for-oppet-omrade-100db-a-inomhusbruk-en-54-3-kompatibel-rod\/"},"modified":"2026-04-16T15:38:26","modified_gmt":"2026-04-16T13:38:26","slug":"apollo-55000-001apo-xp95-series-isolerande-hogtalar-for-oppet-omrade-100db-a-inomhusbruk-en-54-3-kompatibel-rod","status":"publish","type":"product","link":"https:\/\/secureus.se\/pl\/apollo-55000-001apo-xp95-series-isolerande-hogtalar-for-oppet-omrade-100db-a-inomhusbruk-en-54-3-kompatibel-rod\/","title":{"rendered":"Apollo 55000-001APO XP95 Series G\u0142o\u015bnik izolacyjny do zastosowa\u0144 otwartych 100 dB A, do u\u017cytku w pomieszczeniach, zgodny z norm\u0105 EN 54-3, czerwony"},"content":{"rendered":"<h1>Apollo 55000-001APO XP95 Series G\u0142o\u015bnik izolacyjny do zastosowa\u0144 otwartych 100 dB A, do u\u017cytku w pomieszczeniach, zgodny z norm\u0105 EN 54-3, czerwony<\/h1>\n<p class=\"\" data-start=\"494\" data-end=\"923\">G\u0142o\u015bnik izolacyjny serii Apollo XP95 to wysokiej jako\u015bci rozwi\u0105zanie s\u0142u\u017c\u0105ce do nadawania sygna\u0142\u00f3w ostrzegawczych d\u017awi\u0119kowych w otwartych przestrzeniach, przeznaczone do \u0142\u0105czenia z systemami XP95 i Discovery.<\/p>\n<p class=\"\" data-start=\"494\" data-end=\"923\">Oferuje trzy wybieralne tony: Apollo, wolny ton i DIN, co umo\u017cliwia dostosowanie sygna\u0142\u00f3w ostrzegawczych do r\u00f3\u017cnych typ\u00f3w system\u00f3w alarmowych przeciwpo\u017carowych.<\/p>\n<p class=\"\" data-start=\"494\" data-end=\"923\">W zale\u017cno\u015bci od potrzeb mo\u017cna regulowa\u0107 poziom d\u017awi\u0119ku w zakresie 92 dB(A) lub 100 dB(A).<\/p>\n<p class=\"\" data-start=\"925\" data-end=\"1300\">Izolowany bas (4 cale) sprawia, \u017ce g\u0142o\u015bnik ten idealnie nadaje si\u0119 do zastosowa\u0144, w kt\u00f3rych d\u017awi\u0119k musi rozchodzi\u0107 si\u0119 na du\u017cym obszarze.<\/p>\n<p class=\"\" data-start=\"925\" data-end=\"1300\">Produkt jest zgodny z norm\u0105 EN 54-3 i charakteryzuje si\u0119 niezawodn\u0105 prac\u0105 nawet w wymagaj\u0105cych warunkach.<\/p>\n<p class=\"\" data-start=\"925\" data-end=\"1300\">\u0141atwy w instalacji dzi\u0119ki z\u0142\u0105czu \u201ePlug and Play\u201d i synchronizacji z innymi urz\u0105dzeniami w tej samej p\u0119tli, co zapobiega mieszaniu si\u0119 d\u017awi\u0119k\u00f3w alarm\u00f3w.<\/p>\n<p data-start=\"925\" data-end=\"1300\">Czerwone wyko\u0144czenie u\u0142atwia identyfikacj\u0119 urz\u0105dzenia w sytuacjach awaryjnych, a 10-letnia gwarancja zapewnia d\u0142ugotrwa\u0142e bezpiecze\u0144stwo ka\u017cdego systemu alarmowego przeciwpo\u017carowego.<\/p>\n<p class=\"\" data-start=\"1451\" data-end=\"1481\"><strong data-start=\"1451\" data-end=\"1479\">G\u0142\u00f3wne cechy:<\/strong><\/p>\n<ul data-start=\"1482\" data-end=\"1752\">\n<li class=\"\" data-start=\"1482\" data-end=\"1527\">\n<p class=\"\" data-start=\"1484\" data-end=\"1527\">Mo\u017cliwo\u015b\u0107 wyboru poziomu g\u0142o\u015bno\u015bci: 92 dB(A) i 100 dB(A)<\/p>\n<\/li>\n<li class=\"\" data-start=\"1528\" data-end=\"1572\">\n<p class=\"\" data-start=\"1530\" data-end=\"1572\">Trzy tony: Apollo, powolny okrzyk i DIN<\/p>\n<\/li>\n<li class=\"\" data-start=\"1573\" data-end=\"1634\">\n<p class=\"\" data-start=\"1575\" data-end=\"1634\">Synchronizacja d\u017awi\u0119k\u00f3w w celu unikni\u0119cia mieszania si\u0119 alarm\u00f3w<\/p>\n<\/li>\n<li class=\"\" data-start=\"1635\" data-end=\"1657\">\n<p class=\"\" data-start=\"1637\" data-end=\"1657\">Zgodny z norm\u0105 EN 54-3<\/p>\n<\/li>\n<li class=\"\" data-start=\"1658\" data-end=\"1677\">\n<p class=\"\" data-start=\"1660\" data-end=\"1677\">Izolowana podstawa 4\u2033<\/p>\n<\/li>\n<li class=\"\" data-start=\"1678\" data-end=\"1720\">\n<p class=\"\" data-start=\"1680\" data-end=\"1720\">Dzia\u0142a z systemami XP95 i Discovery<\/p>\n<\/li>\n<li class=\"\" data-start=\"1721\" data-end=\"1752\">\n<p class=\"\" data-start=\"1723\" data-end=\"1752\">Oznaczenie CE i 10-letnia gwarancja<\/p>\n<\/li>\n<\/ul>\n<p class=\"\" data-start=\"1754\" data-end=\"1785\"><strong data-start=\"1754\" data-end=\"1783\">Dane techniczne:<\/strong><\/p>\n<ul data-start=\"1786\" data-end=\"2029\">\n<li class=\"\" data-start=\"1786\" data-end=\"1799\">\n<p class=\"\" data-start=\"1788\" data-end=\"1799\">Zarumieni\u0107<\/p>\n<\/li>\n<li class=\"\" data-start=\"1800\" data-end=\"1844\">\n<p class=\"\" data-start=\"1802\" data-end=\"1844\">Wymiary: 104 mm (\u015brednica) x 97,5 mm (wysoko\u015b\u0107)<\/p>\n<\/li>\n<li class=\"\" data-start=\"1845\" data-end=\"1860\">\n<p class=\"\" data-start=\"1847\" data-end=\"1860\">Waga: 225g<\/p>\n<\/li>\n<li class=\"\" data-start=\"1861\" data-end=\"1889\">\n<p class=\"\" data-start=\"1863\" data-end=\"1889\">Zasilanie: 28V DC<\/p>\n<\/li>\n<li class=\"\" data-start=\"1890\" data-end=\"1910\">\n<p class=\"\" data-start=\"1892\" data-end=\"1910\">Poziom ha\u0142asu: 100 dB<\/p>\n<\/li>\n<li class=\"\" data-start=\"1911\" data-end=\"1952\">\n<p class=\"\" data-start=\"1913\" data-end=\"1952\">Zakres temperatur: -10\u00b0C do +55\u00b0C<\/p>\n<\/li>\n<li class=\"\" data-start=\"1953\" data-end=\"1980\">\n<p class=\"\" data-start=\"1955\" data-end=\"1980\">Stopie\u0144 ochrony IP: IP65<\/p>\n<\/li>\n<li class=\"\" data-start=\"1981\" data-end=\"2007\">\n<p class=\"\" data-start=\"1983\" data-end=\"2007\">Materia\u0142: poliw\u0119glan<\/p>\n<\/li>\n<li class=\"\" data-start=\"2008\" data-end=\"2029\">\n<p class=\"\" data-start=\"2010\" data-end=\"2029\">Okres gwarancji: 10 lat<\/p>\n<\/li>\n<\/ul>","protected":false},"excerpt":{"rendered":"<p>G\u0142o\u015bniki izolacyjne serii Apollo XP95 oferuj\u0105 mo\u017cliwo\u015b\u0107 wyboru poziomu g\u0142o\u015bno\u015bci (92 dB(A) i 100 dB(A)) oraz 4-calowy izolowany g\u0142o\u015bnik niskotonowy do u\u017cytku na otwartej przestrzeni.<\/p>\n<p>Urz\u0105dzenie jest zgodne z norm\u0105 EN 54-17 i dzia\u0142a zar\u00f3wno w systemach Discovery, jak i XP95.<\/p>","protected":false},"featured_media":150007,"template":"","meta":{"_acf_changed":false},"product_brand":[],"product_cat":[4751,4748],"product_tag":[],"class_list":{"0":"post-150008","1":"product","2":"type-product","3":"status-publish","4":"has-post-thumbnail","6":"product_cat-xp95-serien","7":"product_cat-discovery-serien","8":"pa_brands-apollo-fire-detectors","9":"tm-no-options","11":"first","12":"instock","13":"taxable","14":"shipping-taxable","15":"purchasable","16":"product-type-simple"},"acf":[],"_links":{"self":[{"href":"https:\/\/secureus.se\/pl\/wp-json\/wp\/v2\/product\/150008","targetHints":{"allow":["GET"]}}],"collection":[{"href":"https:\/\/secureus.se\/pl\/wp-json\/wp\/v2\/product"}],"about":[{"href":"https:\/\/secureus.se\/pl\/wp-json\/wp\/v2\/types\/product"}],"wp:featuredmedia":[{"embeddable":true,"href":"https:\/\/secureus.se\/pl\/wp-json\/wp\/v2\/media\/150007"}],"wp:attachment":[{"href":"https:\/\/secureus.se\/pl\/wp-json\/wp\/v2\/media?parent=150008"}],"wp:term":[{"taxonomy":"product_brand","embeddable":true,"href":"https:\/\/secureus.se\/pl\/wp-json\/wp\/v2\/product_brand?post=150008"},{"taxonomy":"product_cat","embeddable":true,"href":"https:\/\/secureus.se\/pl\/wp-json\/wp\/v2\/product_cat?post=150008"},{"taxonomy":"product_tag","embeddable":true,"href":"https:\/\/secureus.se\/pl\/wp-json\/wp\/v2\/product_tag?post=150008"}],"curies":[{"name":"wp","href":"https:\/\/api.w.org\/{rel}","templated":true}]}}