{"id":150016,"date":"2025-04-03T14:07:43","date_gmt":"2025-04-03T12:07:43","guid":{"rendered":"https:\/\/secureus.se\/apollo-53832-070apo-minidisc-fjarrindikator-for-brandskyddssystem\/"},"modified":"2026-04-09T11:30:04","modified_gmt":"2026-04-09T09:30:04","slug":"apollo-53832-070apo-minidisc-fjarrindikator-for-brandskyddssystem","status":"publish","type":"product","link":"https:\/\/secureus.se\/pl\/apollo-53832-070apo-minidisc-fjarrindikator-for-brandskyddssystem\/","title":{"rendered":"Apollo 53832-070APO MiniDisc Zdalny wska\u017anik do system\u00f3w ochrony przeciwpo\u017carowej"},"content":{"rendered":"<h1>Apollo 53832-070APO MiniDisc Zdalny wska\u017anik do system\u00f3w ochrony przeciwpo\u017carowej<\/h1>\n<p class=\"\" data-start=\"490\" data-end=\"900\">Zdalny wska\u017anik Apollo MiniDisc (53832-070APO) wyr\u00f3\u017cnia si\u0119 kompaktow\u0105 i dyskretn\u0105 konstrukcj\u0105, dzi\u0119ki czemu idealnie nadaje si\u0119 do stosowania w systemach ochrony przeciwpo\u017carowej, w kt\u00f3rych przestrze\u0144 jest ograniczona, a estetyka ma du\u017ce znaczenie.<\/p>\n<p class=\"\" data-start=\"490\" data-end=\"900\">Urz\u0105dzenie jest wyposa\u017cone w \u015brub\u0119 zabezpieczaj\u0105c\u0105 przed nieautoryzowanym usuni\u0119ciem, co gwarantuje, \u017ce w sytuacjach awaryjnych urz\u0105dzenie pozostanie na swoim miejscu i b\u0119dzie dzia\u0142a\u0107 prawid\u0142owo.<\/p>\n<p class=\"\" data-start=\"902\" data-end=\"1236\">Dzi\u0119ki pod\u015bwietleniu LED zapewnia wyra\u017any wizualny wska\u017anik stanu systemu, u\u0142atwiaj\u0105c monitorowanie alarm\u00f3w i innych istotnych informacji.<\/p>\n<p class=\"\" data-start=\"902\" data-end=\"1236\">Jest kompatybilny z detektorami Apollo, takimi jak Series 65, AlarmSense, Orbis, XPlorer, XP95, Discovery i IS, dzi\u0119ki czemu jest wszechstronny i kompatybilny z r\u00f3\u017cnymi instalacjami systemowymi.<\/p>\n<p class=\"\" data-start=\"1238\" data-end=\"1496\">Dzi\u0119ki napi\u0119ciu roboczemu 5\u201336 V i kompaktowej konstrukcji umo\u017cliwiaj\u0105cej \u0142atwy monta\u017c na \u015bcianach, urz\u0105dzenie to jest doskona\u0142ym rozwi\u0105zaniem poprawiaj\u0105cym ochron\u0119 przeciwpo\u017carow\u0105 bez wp\u0142ywu na estetyk\u0119 urz\u0105dzenia.<\/p>\n<p class=\"\" data-start=\"1238\" data-end=\"1496\">Produkt posiada oznaczenie CE i jest obj\u0119ty 10-letni\u0105 gwarancj\u0105.<\/p>\n<p class=\"\" data-start=\"1498\" data-end=\"1528\"><strong data-start=\"1498\" data-end=\"1526\">G\u0142\u00f3wne cechy:<\/strong><\/p>\n<ul data-start=\"1529\" data-end=\"1805\">\n<li class=\"\" data-start=\"1529\" data-end=\"1557\">\n<p class=\"\" data-start=\"1531\" data-end=\"1557\">Ma\u0142y i dyskretny design<\/p>\n<\/li>\n<li class=\"\" data-start=\"1558\" data-end=\"1624\">\n<p class=\"\" data-start=\"1560\" data-end=\"1624\">\u015aruba zabezpieczaj\u0105ca przed nieautoryzowanym usuni\u0119ciem<\/p>\n<\/li>\n<li class=\"\" data-start=\"1625\" data-end=\"1665\">\n<p class=\"\" data-start=\"1627\" data-end=\"1665\">O\u015bwietlenie LED do sygnalizacji wizualnej<\/p>\n<\/li>\n<li class=\"\" data-start=\"1666\" data-end=\"1698\">\n<p class=\"\" data-start=\"1668\" data-end=\"1698\">Mo\u017cliwo\u015b\u0107 monta\u017cu na \u015bcianie i lekko\u015b\u0107<\/p>\n<\/li>\n<li class=\"\" data-start=\"1699\" data-end=\"1776\">\n<p class=\"\" data-start=\"1701\" data-end=\"1776\">Kompatybilny z wieloma detektorami Apollo, w tym XP95, Discovery i innymi<\/p>\n<\/li>\n<li class=\"\" data-start=\"1777\" data-end=\"1805\">\n<p class=\"\" data-start=\"1779\" data-end=\"1805\">Oznaczone znakiem CE i przyjazne dla \u015brodowiska<\/p>\n<\/li>\n<\/ul>\n<p class=\"\" data-start=\"1807\" data-end=\"1838\"><strong data-start=\"1807\" data-end=\"1836\">Dane techniczne:<\/strong><\/p>\n<ul data-start=\"1839\" data-end=\"2007\">\n<li class=\"\" data-start=\"1839\" data-end=\"1854\">\n<p class=\"\" data-start=\"1841\" data-end=\"1854\">Wysoko\u015b\u0107: 20mm<\/p>\n<\/li>\n<li class=\"\" data-start=\"1855\" data-end=\"1869\">\n<p class=\"\" data-start=\"1857\" data-end=\"1869\">Waga: 50g<\/p>\n<\/li>\n<li class=\"\" data-start=\"1870\" data-end=\"1897\">\n<p class=\"\" data-start=\"1872\" data-end=\"1897\">Zasilanie: 5-36V<\/p>\n<\/li>\n<li class=\"\" data-start=\"1898\" data-end=\"1965\">\n<p class=\"\" data-start=\"1900\" data-end=\"1965\">Cechy: \u015aruba zabezpieczaj\u0105ca przed manipulacj\u0105, O\u015bwietlenie LED, Kompaktowa konstrukcja<\/p>\n<\/li>\n<li class=\"\" data-start=\"1966\" data-end=\"1987\">\n<p class=\"\" data-start=\"1968\" data-end=\"1987\">Okres gwarancji: 10 lat<\/p>\n<\/li>\n<li class=\"\" data-start=\"1988\" data-end=\"2007\">\n<p class=\"\" data-start=\"1990\" data-end=\"2007\">Przyjazny dla \u015brodowiska: Tak<\/p>\n<\/li>\n<\/ul>","protected":false},"excerpt":{"rendered":"<p>Zdalny wska\u017anik Apollo MiniDisc to niewielkie i dyskretne rozwi\u0105zanie dla system\u00f3w ochrony przeciwpo\u017carowej.<\/p>\n<p>Wyposa\u017cony w \u015brub\u0119 zabezpieczaj\u0105c\u0105 przed nieautoryzowanym demonta\u017cem, wska\u017anik ten doskonale nadaje si\u0119 do stosowania z czujnikami Apollo, zapewniaj\u0105c bezpiecze\u0144stwo zar\u00f3wno estetyczne, jak i funkcjonalne.<\/p>","protected":false},"featured_media":150015,"template":"","meta":{"_acf_changed":false},"product_brand":[],"product_cat":[4751],"product_tag":[],"class_list":{"0":"post-150016","1":"product","2":"type-product","3":"status-publish","4":"has-post-thumbnail","6":"product_cat-xp95-serien","7":"pa_brands-apollo-fire-detectors","8":"tm-no-options","10":"first","11":"instock","12":"taxable","13":"shipping-taxable","14":"purchasable","15":"product-type-simple"},"acf":[],"_links":{"self":[{"href":"https:\/\/secureus.se\/pl\/wp-json\/wp\/v2\/product\/150016","targetHints":{"allow":["GET"]}}],"collection":[{"href":"https:\/\/secureus.se\/pl\/wp-json\/wp\/v2\/product"}],"about":[{"href":"https:\/\/secureus.se\/pl\/wp-json\/wp\/v2\/types\/product"}],"wp:featuredmedia":[{"embeddable":true,"href":"https:\/\/secureus.se\/pl\/wp-json\/wp\/v2\/media\/150015"}],"wp:attachment":[{"href":"https:\/\/secureus.se\/pl\/wp-json\/wp\/v2\/media?parent=150016"}],"wp:term":[{"taxonomy":"product_brand","embeddable":true,"href":"https:\/\/secureus.se\/pl\/wp-json\/wp\/v2\/product_brand?post=150016"},{"taxonomy":"product_cat","embeddable":true,"href":"https:\/\/secureus.se\/pl\/wp-json\/wp\/v2\/product_cat?post=150016"},{"taxonomy":"product_tag","embeddable":true,"href":"https:\/\/secureus.se\/pl\/wp-json\/wp\/v2\/product_tag?post=150016"}],"curies":[{"name":"wp","href":"https:\/\/api.w.org\/{rel}","templated":true}]}}