{"id":150020,"date":"2025-04-03T14:07:39","date_gmt":"2025-04-03T12:07:39","guid":{"rendered":"https:\/\/secureus.se\/apollo-53541-170apo-provtagningsror-for-kanaldetektor-300-750-mm\/"},"modified":"2026-04-09T11:30:16","modified_gmt":"2026-04-09T09:30:16","slug":"apollo-53541-170apo-provtagningsror-for-kanaldetektor-300-750-mm","status":"publish","type":"product","link":"https:\/\/secureus.se\/pl\/apollo-53541-170apo-provtagningsror-for-kanaldetektor-300-750-mm\/","title":{"rendered":"Apollo 53541-170APO Rurka pr\u00f3bkuj\u0105ca do detektora kana\u0142owego, 300-750 mm"},"content":{"rendered":"<h1>Apollo 53541-170APO Rurka pr\u00f3bkuj\u0105ca do detektora kana\u0142owego, 300-750 mm<\/h1>\n<p>Rurka pr\u00f3bkuj\u0105ca do przewod\u00f3w wentylacyjnych Apollo (53541-170APO) jest przeznaczona do efektywnego pobierania pr\u00f3bek dymu z przewod\u00f3w o szeroko\u015bci od 300 mm do 3000 mm.<\/p>\n<p>W zestawie znajduje si\u0119 rura zasysaj\u0105ca o d\u0142ugo\u015bci 360 mm, kt\u00f3ra nadaje si\u0119 do kana\u0142\u00f3w o szeroko\u015bci do 540 mm.<\/p>\n<p>Ta rurka pr\u00f3bkuj\u0105ca pozwala na stosowanie czujek kana\u0142owych w szerokim zakresie \u015brodowisk instalacyjnych, co czyni j\u0105 elastycznym rozwi\u0105zaniem do wykrywania po\u017caru w systemach wentylacyjnych.<\/p>\n<p>W przypadku kana\u0142\u00f3w o wi\u0119kszej szeroko\u015bci mo\u017cna osobno zam\u00f3wi\u0107 d\u0142u\u017csze rurki pr\u00f3bkuj\u0105ce, co zapewnia jeszcze wi\u0119ksz\u0105 elastyczno\u015b\u0107 w przypadku konkretnych wymaga\u0144 instalacyjnych.<\/p>\n<p>Dzi\u0119ki swojej konstrukcji i funkcjonalno\u015bci rurka pr\u00f3bkuj\u0105ca zapewnia skuteczn\u0105 i niezawodn\u0105 detekcj\u0119 dymu w systemach kana\u0142owych, poprawiaj\u0105c bezpiecze\u0144stwo w budynkach komercyjnych i przemys\u0142owych.<\/p>\n<p class=\"\" data-start=\"1281\" data-end=\"1311\"><strong data-start=\"1281\" data-end=\"1309\">G\u0142\u00f3wne cechy:<\/strong><\/p>\n<ul data-start=\"1312\" data-end=\"1599\">\n<li class=\"\" data-start=\"1312\" data-end=\"1375\">\n<p class=\"\" data-start=\"1314\" data-end=\"1375\">Pracuje w kana\u0142ach o szeroko\u015bci od 300 mm do 3000 mm<\/p>\n<\/li>\n<li class=\"\" data-start=\"1376\" data-end=\"1463\">\n<p class=\"\" data-start=\"1378\" data-end=\"1463\">Zawiera rurk\u0119 pr\u00f3bkuj\u0105c\u0105 o d\u0142ugo\u015bci 360 mm, odpowiedni\u0105 do kana\u0142\u00f3w o szeroko\u015bci do 540 mm<\/p>\n<\/li>\n<li class=\"\" data-start=\"1464\" data-end=\"1538\">\n<p class=\"\" data-start=\"1466\" data-end=\"1538\">D\u0142u\u017csze rurki do pobierania pr\u00f3bek mo\u017cna zam\u00f3wi\u0107 osobno w przypadku wi\u0119kszych instalacji<\/p>\n<\/li>\n<li class=\"\" data-start=\"1539\" data-end=\"1599\">\n<p class=\"\" data-start=\"1541\" data-end=\"1599\">Oznaczone znakiem CE i zaprojektowane do stosowania z detektorami kana\u0142owymi<\/p>\n<\/li>\n<\/ul>\n<p class=\"\" data-start=\"1601\" data-end=\"1632\"><strong data-start=\"1601\" data-end=\"1630\">Dane techniczne:<\/strong><\/p>\n<ul data-start=\"1633\" data-end=\"1809\">\n<li class=\"\" data-start=\"1633\" data-end=\"1668\">\n<p class=\"\" data-start=\"1635\" data-end=\"1668\">Standardowe pobieranie pr\u00f3bek: rura 360 mm<\/p>\n<\/li>\n<li class=\"\" data-start=\"1669\" data-end=\"1713\">\n<p class=\"\" data-start=\"1671\" data-end=\"1713\">Nadaje si\u0119 do kana\u0142\u00f3w o szeroko\u015bci do 540 mm<\/p>\n<\/li>\n<li class=\"\" data-start=\"1714\" data-end=\"1748\">\n<p class=\"\" data-start=\"1716\" data-end=\"1748\">Kompatybilny z detektorami kana\u0142\u00f3w<\/p>\n<\/li>\n<li class=\"\" data-start=\"1749\" data-end=\"1778\">\n<p class=\"\" data-start=\"1751\" data-end=\"1778\">Certyfikacja: Oznaczenie CE<\/p>\n<\/li>\n<li class=\"\" data-start=\"1779\" data-end=\"1809\">\n<p class=\"\" data-start=\"1781\" data-end=\"1809\">Gwarancja: Ograniczona gwarancja<\/p>\n<\/li>\n<\/ul>","protected":false},"excerpt":{"rendered":"<p>Rurki pr\u00f3bkuj\u0105ce Apollo do detektor\u00f3w kana\u0142owych s\u0105 przeznaczone do stosowania w kana\u0142ach o szeroko\u015bci od 300 mm do 3000 mm.<\/p>\n<p>W zestawie standardowo znajduje si\u0119 rura poboru pr\u00f3bek o d\u0142ugo\u015bci 360 mm, kt\u00f3ra jest odpowiednia do kana\u0142\u00f3w o szeroko\u015bci do 540 mm.<\/p>","protected":false},"featured_media":150019,"template":"","meta":{"_acf_changed":false},"product_brand":[],"product_cat":[4751],"product_tag":[],"class_list":{"0":"post-150020","1":"product","2":"type-product","3":"status-publish","4":"has-post-thumbnail","6":"product_cat-xp95-serien","7":"pa_brands-apollo-fire-detectors","8":"tm-no-options","10":"first","11":"instock","12":"taxable","13":"shipping-taxable","14":"purchasable","15":"product-type-simple"},"acf":[],"_links":{"self":[{"href":"https:\/\/secureus.se\/pl\/wp-json\/wp\/v2\/product\/150020","targetHints":{"allow":["GET"]}}],"collection":[{"href":"https:\/\/secureus.se\/pl\/wp-json\/wp\/v2\/product"}],"about":[{"href":"https:\/\/secureus.se\/pl\/wp-json\/wp\/v2\/types\/product"}],"wp:featuredmedia":[{"embeddable":true,"href":"https:\/\/secureus.se\/pl\/wp-json\/wp\/v2\/media\/150019"}],"wp:attachment":[{"href":"https:\/\/secureus.se\/pl\/wp-json\/wp\/v2\/media?parent=150020"}],"wp:term":[{"taxonomy":"product_brand","embeddable":true,"href":"https:\/\/secureus.se\/pl\/wp-json\/wp\/v2\/product_brand?post=150020"},{"taxonomy":"product_cat","embeddable":true,"href":"https:\/\/secureus.se\/pl\/wp-json\/wp\/v2\/product_cat?post=150020"},{"taxonomy":"product_tag","embeddable":true,"href":"https:\/\/secureus.se\/pl\/wp-json\/wp\/v2\/product_tag?post=150020"}],"curies":[{"name":"wp","href":"https:\/\/api.w.org\/{rel}","templated":true}]}}