{"id":150026,"date":"2025-04-03T13:35:29","date_gmt":"2025-04-03T11:35:29","guid":{"rendered":"https:\/\/secureus.se\/apollo-29600-239-din-skena-granssnittsholje-120-mm\/"},"modified":"2026-04-09T11:31:03","modified_gmt":"2026-04-09T09:31:03","slug":"apollo-29600-239-din-skena-granssnittsholje-120-mm","status":"publish","type":"product","link":"https:\/\/secureus.se\/pl\/apollo-29600-239-din-skena-granssnittsholje-120-mm\/","title":{"rendered":"Obudowa interfejsu na szyn\u0119 DIN Apollo 29600-239, 120 mm"},"content":{"rendered":"<h1>Obudowa interfejsu na szyn\u0119 DIN Apollo 29600-239, 120 mm<\/h1>\n<p class=\"\" data-start=\"391\" data-end=\"827\">Obudowa interfejsu na szyn\u0119 DIN serii Apollo 29600-239 XP95 zosta\u0142a zaprojektowana tak, aby zapewni\u0107 trwa\u0142o\u015b\u0107 i niezawodno\u015b\u0107 instalacji.<\/p>\n<p class=\"\" data-start=\"391\" data-end=\"827\">Dzi\u0119ki imponuj\u0105cej klasie ochrony IP67 obudowa ta jest zabezpieczona przed kurzem i wod\u0105, co czyni j\u0105 idealn\u0105 do stosowania w wymagaj\u0105cych warunkach.<\/p>\n<p class=\"\" data-start=\"391\" data-end=\"827\">Szafka ma kompaktowe wymiary, zaledwie 120 mm d\u0142ugo\u015bci i oferuje wystarczaj\u0105co du\u017co miejsca, aby skutecznie pomie\u015bci\u0107 i chroni\u0107 Twoje podzespo\u0142y elektryczne.<\/p>\n<p class=\"\" data-start=\"829\" data-end=\"1116\">Niezale\u017cnie od tego, czy modernizujesz sw\u00f3j system, czy rozpoczynasz nowy projekt, Apollo 29600-239 to idealne rozwi\u0105zanie \u0142\u0105cz\u0105ce w sobie trwa\u0142o\u015b\u0107 i bezpiecze\u0144stwo.<\/p>\n<p class=\"\" data-start=\"829\" data-end=\"1116\">Szara obudowa zosta\u0142a zaprojektowana tak, aby wytrzyma\u0107 trudne warunki i zagwarantowa\u0107 niezawodn\u0105 prac\u0119 instalacji przez ca\u0142y okres jej u\u017cytkowania.<\/p>","protected":false},"excerpt":{"rendered":"<p>Obudowa interfejsu na szyn\u0119 DIN serii Apollo 29600-239 XP95 to kompaktowe i wytrzyma\u0142e rozwi\u0105zanie o stopniu ochrony IP67, co czyni je idealnym rozwi\u0105zaniem do instalacji w trudnych warunkach.<\/p>\n<p>Ma d\u0142ugo\u015b\u0107 120 mm i chroni przed kurzem i wod\u0105.<\/p>","protected":false},"featured_media":150025,"template":"","meta":{"_acf_changed":false},"product_brand":[],"product_cat":[4751],"product_tag":[],"class_list":{"0":"post-150026","1":"product","2":"type-product","3":"status-publish","4":"has-post-thumbnail","6":"product_cat-xp95-serien","7":"pa_brands-apollo-fire-detectors","8":"tm-no-options","10":"first","11":"onbackorder","12":"taxable","13":"shipping-taxable","14":"purchasable","15":"product-type-simple"},"acf":[],"_links":{"self":[{"href":"https:\/\/secureus.se\/pl\/wp-json\/wp\/v2\/product\/150026","targetHints":{"allow":["GET"]}}],"collection":[{"href":"https:\/\/secureus.se\/pl\/wp-json\/wp\/v2\/product"}],"about":[{"href":"https:\/\/secureus.se\/pl\/wp-json\/wp\/v2\/types\/product"}],"wp:featuredmedia":[{"embeddable":true,"href":"https:\/\/secureus.se\/pl\/wp-json\/wp\/v2\/media\/150025"}],"wp:attachment":[{"href":"https:\/\/secureus.se\/pl\/wp-json\/wp\/v2\/media?parent=150026"}],"wp:term":[{"taxonomy":"product_brand","embeddable":true,"href":"https:\/\/secureus.se\/pl\/wp-json\/wp\/v2\/product_brand?post=150026"},{"taxonomy":"product_cat","embeddable":true,"href":"https:\/\/secureus.se\/pl\/wp-json\/wp\/v2\/product_cat?post=150026"},{"taxonomy":"product_tag","embeddable":true,"href":"https:\/\/secureus.se\/pl\/wp-json\/wp\/v2\/product_tag?post=150026"}],"curies":[{"name":"wp","href":"https:\/\/api.w.org\/{rel}","templated":true}]}}