{"id":150034,"date":"2025-04-03T13:35:22","date_gmt":"2025-04-03T11:35:22","guid":{"rendered":"https:\/\/secureus.se\/apollo-pp2557-overvakningsmodul-for-intelligent-brytare-i-xp95-serien\/"},"modified":"2026-04-09T11:31:19","modified_gmt":"2026-04-09T09:31:19","slug":"apollo-pp2557-overvakningsmodul-for-intelligent-brytare-i-xp95-serien","status":"publish","type":"product","link":"https:\/\/secureus.se\/pl\/apollo-pp2557-overvakningsmodul-for-intelligent-brytare-i-xp95-serien\/","title":{"rendered":"Modu\u0142 inteligentnego monitorowania prze\u0142\u0105cznik\u00f3w serii Apollo PP2557 XP95"},"content":{"rendered":"<h1>Modu\u0142 inteligentnego monitorowania prze\u0142\u0105cznik\u00f3w serii Apollo PP2557 XP95<\/h1>\n<p>Inteligentny monitor prze\u0142\u0105cznik\u00f3w Apollo PP2557 to zaawansowane rozwi\u0105zanie do monitorowania prze\u0142\u0105cznik\u00f3w w systemach ochrony przeciwpo\u017carowej.<\/p>\n<p>Jest kompatybilny z systemami XP95, Discovery i CoreProtocol i oferuje pi\u0119\u0107 wst\u0119pnie skonfigurowanych tryb\u00f3w, w tym tryb zgodno\u015bci ze starszymi systemami.<\/p>\n<p>Urz\u0105dzenie ma zakres adres\u00f3w 1\u2013254 i mo\u017cna je skonfigurowa\u0107 dla r\u00f3\u017cnych styl\u00f3w wprowadzania danych i tryb\u00f3w priorytet\u00f3w, aby zapewni\u0107 szybk\u0105 reakcj\u0119.<\/p>\n<p>Wa\u017cn\u0105 cech\u0105 tego monitora jest sterowany izolator, kt\u00f3ry chroni system przed zak\u0142\u00f3ceniami elektrycznymi i zwarciami.<\/p>\n<p>Posiada tak\u017ce mo\u017cliwo\u015b\u0107 wyboru op\u00f3\u017anienia raportowania stanu, dzi\u0119ki czemu nadaje si\u0119 do stosowania z prze\u0142\u0105cznikami przep\u0142ywu.<\/p>\n<p>Urz\u0105dzenie zaprojektowano z my\u015bl\u0105 o \u0142atwej instalacji. Mo\u017cna je montowa\u0107 za pomoc\u0105 do\u0142\u0105czonej puszki natynkowej lub podtynkowo w puszce z podw\u00f3jnym gwintem brytyjskim.<\/p>\n<p>Dzi\u0119ki zakresowi temperatur roboczych od -40\u00b0C do +70\u00b0C i certyfikatowi CE ten modu\u0142 monitoruj\u0105cy jest niezawodnym rozwi\u0105zaniem dla system\u00f3w ochrony przeciwpo\u017carowej, w kt\u00f3rych wymagany jest dok\u0142adny monitoring prze\u0142\u0105cznik\u00f3w i powi\u0105zanych urz\u0105dze\u0144.<\/p>","protected":false},"excerpt":{"rendered":"<p>Inteligentny monitor prze\u0142\u0105cznik\u00f3w Apollo PP2557 to inteligentny modu\u0142 monitoruj\u0105cy prze\u0142\u0105czniki, zaprojektowany do monitorowania stanu jednego lub wi\u0119kszej liczby jednobiegunowych styk\u00f3w beznapi\u0119ciowych.<\/p>\n<p>Zawiera sterowany izolator i mo\u017ce by\u0107 stosowany w systemach XP95\/Discovery i CoreProtocol.<\/p>","protected":false},"featured_media":150033,"template":"","meta":{"_acf_changed":false},"product_brand":[],"product_cat":[4751],"product_tag":[],"class_list":{"0":"post-150034","1":"product","2":"type-product","3":"status-publish","4":"has-post-thumbnail","6":"product_cat-xp95-serien","7":"pa_brands-apollo-fire-detectors","8":"tm-no-options","10":"first","11":"instock","12":"taxable","13":"shipping-taxable","14":"purchasable","15":"product-type-simple"},"acf":[],"_links":{"self":[{"href":"https:\/\/secureus.se\/pl\/wp-json\/wp\/v2\/product\/150034","targetHints":{"allow":["GET"]}}],"collection":[{"href":"https:\/\/secureus.se\/pl\/wp-json\/wp\/v2\/product"}],"about":[{"href":"https:\/\/secureus.se\/pl\/wp-json\/wp\/v2\/types\/product"}],"wp:featuredmedia":[{"embeddable":true,"href":"https:\/\/secureus.se\/pl\/wp-json\/wp\/v2\/media\/150033"}],"wp:attachment":[{"href":"https:\/\/secureus.se\/pl\/wp-json\/wp\/v2\/media?parent=150034"}],"wp:term":[{"taxonomy":"product_brand","embeddable":true,"href":"https:\/\/secureus.se\/pl\/wp-json\/wp\/v2\/product_brand?post=150034"},{"taxonomy":"product_cat","embeddable":true,"href":"https:\/\/secureus.se\/pl\/wp-json\/wp\/v2\/product_cat?post=150034"},{"taxonomy":"product_tag","embeddable":true,"href":"https:\/\/secureus.se\/pl\/wp-json\/wp\/v2\/product_tag?post=150034"}],"curies":[{"name":"wp","href":"https:\/\/api.w.org\/{rel}","templated":true}]}}