{"id":150038,"date":"2025-04-03T13:35:21","date_gmt":"2025-04-03T11:35:21","guid":{"rendered":"https:\/\/secureus.se\/apollo-55000-760apo-xp95-series-isolerande-din-skena-mini-switch-monitor-module\/"},"modified":"2026-04-09T11:31:22","modified_gmt":"2026-04-09T09:31:22","slug":"apollo-55000-760apo-xp95-series-isolerande-din-skena-mini-switch-monitor-module","status":"publish","type":"product","link":"https:\/\/secureus.se\/pl\/apollo-55000-760apo-xp95-series-isolerande-din-skena-mini-switch-monitor-module\/","title":{"rendered":"Apollo 55000-760APO XP95 Series, izolacyjny modu\u0142 monitora prze\u0142\u0105cznika miniaturowego na szyn\u0119 DIN"},"content":{"rendered":"<h1>Apollo 55000-760APO XP95 Series, izolacyjny modu\u0142 monitora prze\u0142\u0105cznika miniaturowego na szyn\u0119 DIN<\/h1>\n<p>Modu\u0142 monitoruj\u0105cy prze\u0142\u0105cznik miniaturowy Apollo 55000-760APO XP95 to kompaktowe rozwi\u0105zanie umo\u017cliwiaj\u0105ce monitorowanie jednego lub wi\u0119kszej liczby styk\u00f3w beznapi\u0119ciowych.<\/p>\n<p>Jest on szczeg\u00f3lnie przydatny w miejscach o ograniczonej przestrzeni, gdy\u017c modu\u0142 ma wymiary zaledwie 39 mm x 39 mm x 20 mm.<\/p>\n<p>Mo\u017cna go r\u00f3wnie\u017c zamontowa\u0107 na szynie DIN, co u\u0142atwia instalacj\u0119.<\/p>\n<p>Urz\u0105dzenie jest kompatybilne z systemami Apollo XP95, Discovery i CoreProtocol i oferuje trzy wska\u017aniki stanu pokazuj\u0105ce stan normalny, b\u0142\u0105d i alarm.<\/p>\n<p>Jednostka ta wyposa\u017cona jest r\u00f3wnie\u017c w izolator zwar\u0107 i mo\u017ce by\u0107 stosowana zar\u00f3wno w systemach priorytetowych, jak i niepriorytetowych.<\/p>\n<p>Zawiera tak\u017ce op\u00f3\u017aniony stan alarmu (\u201eprzedalarm\u201d), kt\u00f3ry umo\u017cliwia zbadanie potencjalnych alarm\u00f3w i zmniejsza ryzyko fa\u0142szywych alarm\u00f3w.<\/p>\n<p>Posiadaj\u0105cy znak CE i certyfikat VdS, jest to niezawodny komponent zaawansowanych system\u00f3w alarm\u00f3w przeciwpo\u017carowych.<\/p>","protected":false},"excerpt":{"rendered":"<p>Modu\u0142 monitoruj\u0105cy prze\u0142\u0105cznik miniaturowy serii Apollo 55000-760APO XP95 to kompaktowe urz\u0105dzenie, kt\u00f3re monitoruje jeden lub wi\u0119cej jednobiegunowych styk\u00f3w beznapi\u0119ciowych i raportuje stan do panelu sterowania po\u017carem.<\/p>\n<p>Urz\u0105dzenie jest przeznaczone do stosowania w miejscach o ograniczonej przestrzeni i mo\u017cna je zamontowa\u0107 na szynie DIN.<\/p>","protected":false},"featured_media":150037,"template":"","meta":{"_acf_changed":false},"product_brand":[],"product_cat":[4751],"product_tag":[],"class_list":{"0":"post-150038","1":"product","2":"type-product","3":"status-publish","4":"has-post-thumbnail","6":"product_cat-xp95-serien","7":"pa_brands-apollo-fire-detectors","8":"tm-no-options","10":"first","11":"instock","12":"taxable","13":"shipping-taxable","14":"purchasable","15":"product-type-simple"},"acf":[],"_links":{"self":[{"href":"https:\/\/secureus.se\/pl\/wp-json\/wp\/v2\/product\/150038","targetHints":{"allow":["GET"]}}],"collection":[{"href":"https:\/\/secureus.se\/pl\/wp-json\/wp\/v2\/product"}],"about":[{"href":"https:\/\/secureus.se\/pl\/wp-json\/wp\/v2\/types\/product"}],"wp:featuredmedia":[{"embeddable":true,"href":"https:\/\/secureus.se\/pl\/wp-json\/wp\/v2\/media\/150037"}],"wp:attachment":[{"href":"https:\/\/secureus.se\/pl\/wp-json\/wp\/v2\/media?parent=150038"}],"wp:term":[{"taxonomy":"product_brand","embeddable":true,"href":"https:\/\/secureus.se\/pl\/wp-json\/wp\/v2\/product_brand?post=150038"},{"taxonomy":"product_cat","embeddable":true,"href":"https:\/\/secureus.se\/pl\/wp-json\/wp\/v2\/product_cat?post=150038"},{"taxonomy":"product_tag","embeddable":true,"href":"https:\/\/secureus.se\/pl\/wp-json\/wp\/v2\/product_tag?post=150038"}],"curies":[{"name":"wp","href":"https:\/\/api.w.org\/{rel}","templated":true}]}}