{"id":150042,"date":"2025-04-03T13:35:17","date_gmt":"2025-04-03T11:35:17","guid":{"rendered":"https:\/\/secureus.se\/apollo-45682-800apo-xpert-series-universellt-adresskort-for-baser-25-st\/"},"modified":"2026-04-01T15:53:43","modified_gmt":"2026-04-01T13:53:43","slug":"apollo-45682-800apo-xpert-series-universellt-adresskort-for-baser-25-st","status":"publish","type":"product","link":"https:\/\/secureus.se\/pl\/apollo-45682-800apo-xpert-series-universellt-adresskort-for-baser-25-st\/","title":{"rendered":"Apollo 45682-800APO Xpert Series, uniwersalna karta adresowa do podstaw, 25 szt."},"content":{"rendered":"<h1>Apollo 45682-800APO Xpert Series, uniwersalna karta adresowa bazowa<\/h1>\n<p class=\"\" data-start=\"441\" data-end=\"897\">Uniwersalna karta adresowa serii Xpert Apollo 45682-800APO zosta\u0142a zaprojektowana tak, aby zapewni\u0107 \u0142atw\u0105 instalacj\u0119 i obs\u0142ug\u0119 zar\u00f3wno baz Xpert 7, jak i Xpert 8.<\/p>\n<p class=\"\" data-start=\"441\" data-end=\"897\">Dzi\u0119ki mo\u017cliwo\u015bci u\u017cycia do 8 pips\u00f3w mo\u017cesz tworzy\u0107 opcjonalne adresy, usuwaj\u0105c pipsy, co pozwala na dostosowanie adresu do ka\u017cdego detektora.<\/p>\n<p class=\"\" data-start=\"441\" data-end=\"897\">Dodatkowy sygna\u0142 d\u017awi\u0119kowy (128-bitowy) jest do\u0142\u0105czony dla system\u00f3w CoreProtocol i mo\u017cna go usun\u0105\u0107 lub pozostawi\u0107 na miejscu, gdy karta jest u\u017cywana z urz\u0105dzeniami XP95 lub Discovery.<\/p>\n<p class=\"\" data-start=\"899\" data-end=\"1185\">Adres pozostaje taki sam nawet po wymianie czujnik\u00f3w, co zapewnia d\u0142ugoterminow\u0105 stabilno\u015b\u0107 systemu.<\/p>\n<p class=\"\" data-start=\"899\" data-end=\"1185\">P\u0142ytka charakteryzuje si\u0119 du\u017c\u0105 tolerancj\u0105 regulacji \u015brednicy styku rur (\u00d81,7 mm \u2013 2 mm) i posiada dodatkowe wyprowadzenie na rurach adresowych, co upraszcza instalacj\u0119 i przyspiesza uruchomienie.<\/p>\n<p class=\"\" data-start=\"1187\" data-end=\"1330\">Ta uniwersalna karta adresowa sprawia, \u017ce instalacja przebiega sprawniej i szybciej. Jest niezb\u0119dna przy profesjonalnych instalacjach system\u00f3w przeciwpo\u017carowych.<\/p>","protected":false},"excerpt":{"rendered":"<p>Uniwersalna karta adresowa serii Xpert Apollo 45682-800APO zapewnia elastyczno\u015b\u0107 w instalowaniu i konfigurowaniu baz Xpert 7 i Xpert 8.<\/p>\n<p>Umo\u017cliwia szybk\u0105 i \u0142atw\u0105 instalacj\u0119 dzi\u0119ki regulowanym rurkom, co pozwala na stworzenie dowolnego adresu.<\/p>","protected":false},"featured_media":150041,"template":"","meta":{"_acf_changed":false},"product_brand":[],"product_cat":[4751],"product_tag":[],"class_list":{"0":"post-150042","1":"product","2":"type-product","3":"status-publish","4":"has-post-thumbnail","6":"product_cat-xp95-serien","7":"pa_brands-apollo-fire-detectors","8":"tm-no-options","10":"first","11":"instock","12":"sale","13":"taxable","14":"shipping-taxable","15":"purchasable","16":"product-type-simple"},"acf":[],"_links":{"self":[{"href":"https:\/\/secureus.se\/pl\/wp-json\/wp\/v2\/product\/150042","targetHints":{"allow":["GET"]}}],"collection":[{"href":"https:\/\/secureus.se\/pl\/wp-json\/wp\/v2\/product"}],"about":[{"href":"https:\/\/secureus.se\/pl\/wp-json\/wp\/v2\/types\/product"}],"wp:featuredmedia":[{"embeddable":true,"href":"https:\/\/secureus.se\/pl\/wp-json\/wp\/v2\/media\/150041"}],"wp:attachment":[{"href":"https:\/\/secureus.se\/pl\/wp-json\/wp\/v2\/media?parent=150042"}],"wp:term":[{"taxonomy":"product_brand","embeddable":true,"href":"https:\/\/secureus.se\/pl\/wp-json\/wp\/v2\/product_brand?post=150042"},{"taxonomy":"product_cat","embeddable":true,"href":"https:\/\/secureus.se\/pl\/wp-json\/wp\/v2\/product_cat?post=150042"},{"taxonomy":"product_tag","embeddable":true,"href":"https:\/\/secureus.se\/pl\/wp-json\/wp\/v2\/product_tag?post=150042"}],"curies":[{"name":"wp","href":"https:\/\/api.w.org\/{rel}","templated":true}]}}