{"id":150044,"date":"2025-04-03T13:35:17","date_gmt":"2025-04-03T11:35:17","guid":{"rendered":"https:\/\/secureus.se\/apollo-44251-189apo-1-st-lock-till-larmknapp-soteria-fi700\/"},"modified":"2026-05-06T14:12:55","modified_gmt":"2026-05-06T12:12:55","slug":"apollo-44251-189apo-1-st-lock-till-larmknapp-soteria-fi700","status":"publish","type":"product","link":"https:\/\/secureus.se\/pl\/apollo-44251-189apo-1-st-lock-till-larmknapp-soteria-fi700\/","title":{"rendered":"Apollo 44251-189APO 1 szt. Os\u0142ona przycisku alarmowego. Soteria, FI700"},"content":{"rendered":"<h1>Apollo 44251-189APO 1 szt. Os\u0142ona przycisku alarmowego. Soteria, FI700<\/h1>\n<p>Apollo 44251-189APO Os\u0142ona przycisku alarmowego (Soteria, FI700) to przezroczysta, dyskretna os\u0142ona ochronna, zaprojektowana w celu zapobiegania przypadkowej aktywacji r\u0119cznych przycisk\u00f3w alarmowych w systemach przeciwpo\u017carowych.<\/p>\n<p>Pasuje do wszystkich punkt\u00f3w alarmowych Apollo, w tym do serii Soteria i FI700, zapewniaj\u0105c prost\u0105, ale skuteczn\u0105 ochron\u0119, gwarantuj\u0105c, \u017ce alarm zostanie aktywowany wy\u0142\u0105cznie w wyniku celowego dzia\u0142ania.<\/p>\n<p>Przezroczysty materia\u0142 pozwala u\u017cytkownikom sprawdzi\u0107 stan urz\u0105dzenia alarmowego, a jednocze\u015bnie zapewnia dyskretn\u0105 ochron\u0119, co pozwala na utrzymanie estetycznego wygl\u0105du budynk\u00f3w i obiekt\u00f3w.<\/p>","protected":false},"excerpt":{"rendered":"<p>Os\u0142ona przycisku alarmowego Apollo 44251-189APO (Soteria, FI700) to dyskretna i przezroczysta os\u0142ona ochronna, kt\u00f3ra zapobiega przypadkowej aktywacji alarmu.<\/p>\n<p>Jest on zaprojektowany tak, aby pasowa\u0142 do wszystkich r\u0119cznych ostrzegaczy po\u017carowych produkowanych przez Apollo.<\/p>","protected":false},"featured_media":150043,"template":"","meta":{"_acf_changed":false},"product_brand":[],"product_cat":[4751],"product_tag":[],"class_list":{"0":"post-150044","1":"product","2":"type-product","3":"status-publish","4":"has-post-thumbnail","6":"product_cat-xp95-serien","7":"pa_brands-apollo-fire-detectors","8":"tm-no-options","10":"first","11":"instock","12":"sale","13":"taxable","14":"shipping-taxable","15":"purchasable","16":"product-type-simple"},"acf":[],"_links":{"self":[{"href":"https:\/\/secureus.se\/pl\/wp-json\/wp\/v2\/product\/150044","targetHints":{"allow":["GET"]}}],"collection":[{"href":"https:\/\/secureus.se\/pl\/wp-json\/wp\/v2\/product"}],"about":[{"href":"https:\/\/secureus.se\/pl\/wp-json\/wp\/v2\/types\/product"}],"wp:featuredmedia":[{"embeddable":true,"href":"https:\/\/secureus.se\/pl\/wp-json\/wp\/v2\/media\/150043"}],"wp:attachment":[{"href":"https:\/\/secureus.se\/pl\/wp-json\/wp\/v2\/media?parent=150044"}],"wp:term":[{"taxonomy":"product_brand","embeddable":true,"href":"https:\/\/secureus.se\/pl\/wp-json\/wp\/v2\/product_brand?post=150044"},{"taxonomy":"product_cat","embeddable":true,"href":"https:\/\/secureus.se\/pl\/wp-json\/wp\/v2\/product_cat?post=150044"},{"taxonomy":"product_tag","embeddable":true,"href":"https:\/\/secureus.se\/pl\/wp-json\/wp\/v2\/product_tag?post=150044"}],"curies":[{"name":"wp","href":"https:\/\/api.w.org\/{rel}","templated":true}]}}