{"id":150046,"date":"2025-04-03T13:23:21","date_gmt":"2025-04-03T11:23:21","guid":{"rendered":"https:\/\/secureus.se\/apollo-45681-284apo-xpert-7-series-isolerande-detektormontering-vit\/"},"modified":"2026-04-16T15:51:56","modified_gmt":"2026-04-16T13:51:56","slug":"apollo-45681-284apo-xpert-7-series-isolerande-detektormontering-vit","status":"publish","type":"product","link":"https:\/\/secureus.se\/pl\/apollo-45681-284apo-xpert-7-series-isolerande-detektormontering-vit\/","title":{"rendered":"Apollo 45681-284APO Xpert 7 Series, uchwyt izolacyjny czujnika, bia\u0142y"},"content":{"rendered":"<h1>Apollo 45681-284APO Xpert 7 Series, uchwyt izolacyjny czujnika, bia\u0142y<\/h1>\n<p>Zesp\u00f3\u0142 detektor\u00f3w izolacyjnych Apollo 45681-284APO Xpert serii 7 jest przeznaczony do wykrywania i izolowania zwar\u0107 w p\u0119tlach i \u015bcie\u017ckach systemowych. Wyposa\u017cony jest w diod\u0119 LED o du\u017cej jasno\u015bci, kt\u00f3ra wskazuje stan izolacji (\u017c\u00f3\u0142ta dioda LED) i zapewnia, \u017ce detektor pozostanie aktywny nawet w warunkach zwarcia.<\/p>\n<p class=\"\" data-start=\"784\" data-end=\"1175\">Zasada dzia\u0142ania bazy izolacyjnej polega na wykrywaniu zwar\u0107 i izolowaniu dotkni\u0119tej nimi cz\u0119\u015bci poprzez obni\u017cenie napi\u0119cia. Dzi\u0119ki temu po usuni\u0119ciu zwarcia zasilanie i sygna\u0142y w dotkni\u0119tej cz\u0119\u015bci zostan\u0105 przywr\u00f3cone automatycznie.<\/p>\n<p class=\"\" data-start=\"784\" data-end=\"1175\">Dzi\u0119ki temu mo\u017cna mie\u0107 pewno\u015b\u0107, \u017ce \u017caden z czujnik\u00f3w nie zostanie utracony w przypadku wyst\u0105pienia pojedynczego zwarcia. Podstawa jest kompatybilna z urz\u0105dzeniami Apollo XP95, Discovery i CoreProtocol.<\/p>\n<p class=\"\" data-start=\"1177\" data-end=\"1385\">Urz\u0105dzenie jest przeznaczone do stosowania wewn\u0105trz pomieszcze\u0144 i jego zakres temperatur pracy wynosi od -20\u00b0C do +60\u00b0C.<\/p>\n<p class=\"\" data-start=\"1177\" data-end=\"1385\">Podstaw\u0119 mo\u017cna zamontowa\u0107 na dowolnym standardowym pod\u0142o\u017cu. Jest ona istotnym elementem zapewniaj\u0105cym integralno\u015b\u0107 systemu w trakcie jego eksploatacji.<\/p>","protected":false},"excerpt":{"rendered":"<p>Zesp\u00f3\u0142 detektora izolacyjnego Apollo 45681-284APO Xpert serii 7 jest wyposa\u017cony w diod\u0119 LED o du\u017cej jasno\u015bci i wykrywa zwarcia w okablowaniu.<\/p>\n<p>Automatycznie izoluje uszkodzone odcinki p\u0119tli, aby zminimalizowa\u0107 zak\u0142\u00f3cenia.<\/p>","protected":false},"featured_media":150045,"template":"","meta":{"_acf_changed":false},"product_brand":[],"product_cat":[4751],"product_tag":[],"class_list":{"0":"post-150046","1":"product","2":"type-product","3":"status-publish","4":"has-post-thumbnail","6":"product_cat-xp95-serien","7":"pa_brands-apollo-fire-detectors","8":"tm-no-options","10":"first","11":"onbackorder","12":"taxable","13":"shipping-taxable","14":"purchasable","15":"product-type-simple"},"acf":[],"_links":{"self":[{"href":"https:\/\/secureus.se\/pl\/wp-json\/wp\/v2\/product\/150046","targetHints":{"allow":["GET"]}}],"collection":[{"href":"https:\/\/secureus.se\/pl\/wp-json\/wp\/v2\/product"}],"about":[{"href":"https:\/\/secureus.se\/pl\/wp-json\/wp\/v2\/types\/product"}],"wp:featuredmedia":[{"embeddable":true,"href":"https:\/\/secureus.se\/pl\/wp-json\/wp\/v2\/media\/150045"}],"wp:attachment":[{"href":"https:\/\/secureus.se\/pl\/wp-json\/wp\/v2\/media?parent=150046"}],"wp:term":[{"taxonomy":"product_brand","embeddable":true,"href":"https:\/\/secureus.se\/pl\/wp-json\/wp\/v2\/product_brand?post=150046"},{"taxonomy":"product_cat","embeddable":true,"href":"https:\/\/secureus.se\/pl\/wp-json\/wp\/v2\/product_cat?post=150046"},{"taxonomy":"product_tag","embeddable":true,"href":"https:\/\/secureus.se\/pl\/wp-json\/wp\/v2\/product_tag?post=150046"}],"curies":[{"name":"wp","href":"https:\/\/api.w.org\/{rel}","templated":true}]}}