{"id":150048,"date":"2025-04-03T13:23:20","date_gmt":"2025-04-03T11:23:20","guid":{"rendered":"https:\/\/secureus.se\/apollo-45681-311apo-monteringsplatta-for-hogtalar-i-xp95-serien-vit\/"},"modified":"2026-04-16T15:52:51","modified_gmt":"2026-04-16T13:52:51","slug":"apollo-45681-311apo-monteringsplatta-for-hogtalar-i-xp95-serien-vit","status":"publish","type":"product","link":"https:\/\/secureus.se\/pl\/apollo-45681-311apo-monteringsplatta-for-hogtalar-i-xp95-serien-vit\/","title":{"rendered":"Apollo 45681-311APO XP95 Series P\u0142yta monta\u017cowa g\u0142o\u015bnika, bia\u0142a"},"content":{"rendered":"<h1>Apollo 45681-311APO XP95 Series P\u0142yta monta\u017cowa g\u0142o\u015bnika, bia\u0142a<\/h1>\n<p>P\u0142yta monta\u017cowa g\u0142o\u015bnika Apollo 45681-311APO serii XP95 to praktyczne rozwi\u0105zanie umo\u017cliwiaj\u0105ce monta\u017c kabli montowanych na powierzchni na podstawie g\u0142o\u015bnika z p\u0119tl\u0105 steruj\u0105c\u0105.<\/p>\n<p>P\u0142yta ma za zadanie u\u0142atwi\u0107 instalacj\u0119 i zapewni\u0107 efektywne i uporz\u0105dkowane zarz\u0105dzanie kablami.<\/p>\n<p>P\u0142yta monta\u017cowa jest kompatybilna z seri\u0105 XP95 i umo\u017cliwia zapewnienie niezawodnego po\u0142\u0105czenia i funkcjonalno\u015bci podzespo\u0142\u00f3w audio w systemach przeciwpo\u017carowych.<\/p>\n<p>Bia\u0142e wyko\u0144czenie zapewnia dyskretny i profesjonalny wygl\u0105d, dzi\u0119ki czemu urz\u0105dzenie nadaje si\u0119 do stosowania w r\u00f3\u017cnych \u015brodowiskach.<\/p>\n<p>Dzi\u0119ki d\u0142ugiej, 10-letniej gwarancji i oznaczeniu CE ta p\u0142yta monta\u017cowa oferuje niezawodne i trwa\u0142e rozwi\u0105zanie dla profesjonalnych instalacji.<\/p>","protected":false},"excerpt":{"rendered":"<p>P\u0142yta monta\u017cowa sygnalizatora akustycznego Apollo 45681-311APO serii XP95 u\u0142atwia monta\u017c kabli montowanych na powierzchni do podstawy sygnalizatora akustycznego z p\u0119tl\u0105.<\/p>\n<p>Ta p\u0142yta monta\u017cowa gwarantuje bezproblemow\u0105 instalacj\u0119 i d\u0142ugotrwa\u0142e dzia\u0142anie.<\/p>","protected":false},"featured_media":150047,"template":"","meta":{"_acf_changed":false},"product_brand":[],"product_cat":[4751],"product_tag":[],"class_list":{"0":"post-150048","1":"product","2":"type-product","3":"status-publish","4":"has-post-thumbnail","6":"product_cat-xp95-serien","7":"pa_brands-apollo-fire-detectors","8":"tm-no-options","10":"first","11":"instock","12":"taxable","13":"shipping-taxable","14":"purchasable","15":"product-type-simple"},"acf":[],"_links":{"self":[{"href":"https:\/\/secureus.se\/pl\/wp-json\/wp\/v2\/product\/150048","targetHints":{"allow":["GET"]}}],"collection":[{"href":"https:\/\/secureus.se\/pl\/wp-json\/wp\/v2\/product"}],"about":[{"href":"https:\/\/secureus.se\/pl\/wp-json\/wp\/v2\/types\/product"}],"wp:featuredmedia":[{"embeddable":true,"href":"https:\/\/secureus.se\/pl\/wp-json\/wp\/v2\/media\/150047"}],"wp:attachment":[{"href":"https:\/\/secureus.se\/pl\/wp-json\/wp\/v2\/media?parent=150048"}],"wp:term":[{"taxonomy":"product_brand","embeddable":true,"href":"https:\/\/secureus.se\/pl\/wp-json\/wp\/v2\/product_brand?post=150048"},{"taxonomy":"product_cat","embeddable":true,"href":"https:\/\/secureus.se\/pl\/wp-json\/wp\/v2\/product_cat?post=150048"},{"taxonomy":"product_tag","embeddable":true,"href":"https:\/\/secureus.se\/pl\/wp-json\/wp\/v2\/product_tag?post=150048"}],"curies":[{"name":"wp","href":"https:\/\/api.w.org\/{rel}","templated":true}]}}