{"id":150052,"date":"2025-04-03T13:23:18","date_gmt":"2025-04-03T11:23:18","guid":{"rendered":"https:\/\/secureus.se\/apollo-55100-908apo-xp95-series-isolerande-manuell-anropspunkt-en-54-11-certifierad-rod\/"},"modified":"2026-04-16T15:54:17","modified_gmt":"2026-04-16T13:54:17","slug":"apollo-55100-908apo-xp95-series-isolerande-manuell-anropspunkt-en-54-11-certifierad-rod","status":"publish","type":"product","link":"https:\/\/secureus.se\/pl\/apollo-55100-908apo-xp95-series-isolerande-manuell-anropspunkt-en-54-11-certifierad-rod\/","title":{"rendered":"Apollo 55100-908APO seria XP95, izolacyjny r\u0119czny ostrzegacz po\u017carowy, certyfikowany zgodnie z norm\u0105 EN 54-11, kolor czerwony"},"content":{"rendered":"<h1>Apollo 55100-908APO seria XP95, izolacyjny r\u0119czny ostrzegacz po\u017carowy, certyfikowany zgodnie z norm\u0105 EN 54-11, kolor czerwony<\/h1>\n<p class=\"\" data-start=\"484\" data-end=\"877\">R\u0119czny przycisk alarmowy Apollo 55100-908APO serii XP95 to szybkie i skuteczne rozwi\u0105zanie umo\u017cliwiaj\u0105ce aktywacj\u0119 alarm\u00f3w przeciwpo\u017carowych.<\/p>\n<p class=\"\" data-start=\"484\" data-end=\"877\">Po aktywacji punktu alarmowego cykl odpytywania zostaje przerwany w celu umo\u017cliwienia bardzo szybkiej reakcji, dzi\u0119ki czemu alarm zostaje zg\u0142oszony w czasie kr\u00f3tszym ni\u017c 0,2 sekundy.<\/p>\n<p class=\"\" data-start=\"484\" data-end=\"877\">Jest przeznaczony do zastosowa\u0144 wewn\u0105trz pomieszcze\u0144 i jest kompatybilny z systemami XP95, Discovery i CoreProtocol.<\/p>\n<p class=\"\" data-start=\"879\" data-end=\"1309\">Izolowana wersja MCP oferuje bezpieczne rozwi\u0105zanie zapobiegaj\u0105ce zwarciom w systemie, natomiast wersja nieizolowana doskonale sprawdza si\u0119 w prostszych zastosowaniach.<\/p>\n<p class=\"\" data-start=\"879\" data-end=\"1309\">Przycisk alarmowy jest wyposa\u017cony w diod\u0119 LED, kt\u00f3ra \u015bwieci na czerwono, gdy alarm jest aktywowany, lub na \u017c\u00f3\u0142to, gdy nast\u0119puje zwarcie.<\/p>\n<p class=\"\" data-start=\"879\" data-end=\"1309\">Po\u0142\u0105czenie ci\u0105g\u0142e u\u0142atwia testowanie okablowania przed instalacj\u0105 i uruchomieniem, gwarantuj\u0105c funkcjonalno\u015b\u0107 systemu przed jego uruchomieniem.<\/p>\n<p data-start=\"879\" data-end=\"1309\">\u0141atwy monta\u017c i konserwacja sprawiaj\u0105, \u017ce jest to doskona\u0142y wyb\u00f3r dla profesjonalnych system\u00f3w alarm\u00f3w przeciwpo\u017carowych. Produkt posiada certyfikaty EN 54-11 i EN 54-15, oznaczenie CE i d\u0142ug\u0105, 10-letni\u0105 gwarancj\u0119.<\/p>","protected":false},"excerpt":{"rendered":"<p>R\u0119czny ostrzegacz po\u017carowy z izolacj\u0105 serii XP95 Apollo 55100-908APO przeznaczony jest do szybkiej i bezpiecznej aktywacji w systemach sygnalizacji po\u017carowej.<\/p>\n<p>Wyposa\u017cony jest w \u0142atwy element resetuj\u0105cy, instalacj\u0119 \u201ePlug and Play\u201d oraz z\u0142\u0105cze ci\u0105g\u0142o\u015bci umo\u017cliwiaj\u0105ce testowanie okablowania przed uruchomieniem.<\/p>","protected":false},"featured_media":150051,"template":"","meta":{"_acf_changed":false},"product_brand":[],"product_cat":[4751,4748],"product_tag":[],"class_list":{"0":"post-150052","1":"product","2":"type-product","3":"status-publish","4":"has-post-thumbnail","6":"product_cat-xp95-serien","7":"product_cat-discovery-serien","8":"pa_brands-apollo-fire-detectors","9":"tm-no-options","11":"first","12":"instock","13":"taxable","14":"shipping-taxable","15":"purchasable","16":"product-type-simple"},"acf":[],"_links":{"self":[{"href":"https:\/\/secureus.se\/pl\/wp-json\/wp\/v2\/product\/150052","targetHints":{"allow":["GET"]}}],"collection":[{"href":"https:\/\/secureus.se\/pl\/wp-json\/wp\/v2\/product"}],"about":[{"href":"https:\/\/secureus.se\/pl\/wp-json\/wp\/v2\/types\/product"}],"wp:featuredmedia":[{"embeddable":true,"href":"https:\/\/secureus.se\/pl\/wp-json\/wp\/v2\/media\/150051"}],"wp:attachment":[{"href":"https:\/\/secureus.se\/pl\/wp-json\/wp\/v2\/media?parent=150052"}],"wp:term":[{"taxonomy":"product_brand","embeddable":true,"href":"https:\/\/secureus.se\/pl\/wp-json\/wp\/v2\/product_brand?post=150052"},{"taxonomy":"product_cat","embeddable":true,"href":"https:\/\/secureus.se\/pl\/wp-json\/wp\/v2\/product_cat?post=150052"},{"taxonomy":"product_tag","embeddable":true,"href":"https:\/\/secureus.se\/pl\/wp-json\/wp\/v2\/product_tag?post=150052"}],"curies":[{"name":"wp","href":"https:\/\/api.w.org\/{rel}","templated":true}]}}