{"id":150054,"date":"2025-04-03T13:23:16","date_gmt":"2025-04-03T11:23:16","guid":{"rendered":"https:\/\/secureus.se\/apollo-45681-217apo-vattentat-kapsling-for-sockel-vit\/"},"modified":"2026-04-09T11:31:37","modified_gmt":"2026-04-09T09:31:37","slug":"apollo-45681-217apo-vattentat-kapsling-for-sockel-vit","status":"publish","type":"product","link":"https:\/\/secureus.se\/pl\/apollo-45681-217apo-vattentat-kapsling-for-sockel-vit\/","title":{"rendered":"Apollo 45681-217APO Obudowa wodoodporna do podstawy, bia\u0142a"},"content":{"rendered":"<h1>Apollo 45681-217APO Obudowa wodoodporna do podstawy, bia\u0142a<\/h1>\n<p class=\"\" data-start=\"404\" data-end=\"756\">Wodoodporna obudowa podstawy Apollo 45681-217APO zosta\u0142a zaprojektowana w celu ochrony podstaw Apollo, sygnalizator\u00f3w akustycznych oraz podstaw sygnalizator\u00f3w akustycznych i wska\u017anik\u00f3w wizualnych przed zalaniem wod\u0105 lub innymi p\u0142ynami.<\/p>\n<p class=\"\" data-start=\"404\" data-end=\"756\">Obudowa ta gwarantuje niezawodne dzia\u0142anie systemu alarmowego nawet w trudnych warunkach, w kt\u00f3rych uszkodzenia spowodowane wod\u0105 mog\u0105 stanowi\u0107 problem.<\/p>\n<p class=\"\" data-start=\"758\" data-end=\"1127\">Skrzynka monta\u017cowa jest \u0142atwa w monta\u017cu i mo\u017cna j\u0105 stosowa\u0107 z r\u00f3\u017cnymi podstawami Apollo.<\/p>\n<p class=\"\" data-start=\"758\" data-end=\"1127\">Do instalacji niekt\u00f3rych urz\u0105dze\u0144, takich jak detektory XP95 lub Discovery, mo\u017ce by\u0107 konieczne u\u017cycie oddzielnego zestawu akcesori\u00f3w (nr cz\u0119\u015bci 45681-218).<\/p>\n<p class=\"\" data-start=\"758\" data-end=\"1127\">Zestaw zawiera w\u0105\u017c przed\u0142u\u017caj\u0105cy i pier\u015bcie\u0144 adaptera do monta\u017cu urz\u0105dze\u0144 z g\u0142\u0119bszymi podstawami lub emiterami d\u017awi\u0119ku.<\/p>\n<p data-start=\"758\" data-end=\"1127\">Wodoodporna obudowa ma solidn\u0105 konstrukcj\u0119 i doskonale nadaje si\u0119 do stosowania zar\u00f3wno w \u015brodowiskach komercyjnych, jak i przemys\u0142owych.<\/p>\n<p data-start=\"758\" data-end=\"1127\">Jest on zaprojektowany tak, aby wytrzymywa\u0107 warunki panuj\u0105ce w \u015brodowiskach o du\u017cej wilgotno\u015bci i stanowi niezawodne rozwi\u0105zanie gwarantuj\u0105ce d\u0142ugotrwa\u0142e dzia\u0142anie systemu bezpiecze\u0144stwa przeciwpo\u017carowego.<\/p>","protected":false},"excerpt":{"rendered":"<p>Wodoodporna obudowa podstawy Apollo 45681-217APO zapewnia ochron\u0119 przed wnikaniem wody i zwi\u0119ksza wydajno\u015b\u0107 r\u00f3\u017cnych podstaw Apollo.<\/p>\n<p>Idealnie nadaje si\u0119 do monta\u017cu w \u015brodowiskach, w kt\u00f3rych istnieje ryzyko kontaktu urz\u0105dze\u0144 z cieczami.<\/p>","protected":false},"featured_media":150053,"template":"","meta":{"_acf_changed":false},"product_brand":[],"product_cat":[4751],"product_tag":[],"class_list":{"0":"post-150054","1":"product","2":"type-product","3":"status-publish","4":"has-post-thumbnail","6":"product_cat-xp95-serien","7":"pa_brands-apollo-fire-detectors","8":"tm-no-options","10":"first","11":"instock","12":"taxable","13":"shipping-taxable","14":"purchasable","15":"product-type-simple"},"acf":[],"_links":{"self":[{"href":"https:\/\/secureus.se\/pl\/wp-json\/wp\/v2\/product\/150054","targetHints":{"allow":["GET"]}}],"collection":[{"href":"https:\/\/secureus.se\/pl\/wp-json\/wp\/v2\/product"}],"about":[{"href":"https:\/\/secureus.se\/pl\/wp-json\/wp\/v2\/types\/product"}],"wp:featuredmedia":[{"embeddable":true,"href":"https:\/\/secureus.se\/pl\/wp-json\/wp\/v2\/media\/150053"}],"wp:attachment":[{"href":"https:\/\/secureus.se\/pl\/wp-json\/wp\/v2\/media?parent=150054"}],"wp:term":[{"taxonomy":"product_brand","embeddable":true,"href":"https:\/\/secureus.se\/pl\/wp-json\/wp\/v2\/product_brand?post=150054"},{"taxonomy":"product_cat","embeddable":true,"href":"https:\/\/secureus.se\/pl\/wp-json\/wp\/v2\/product_cat?post=150054"},{"taxonomy":"product_tag","embeddable":true,"href":"https:\/\/secureus.se\/pl\/wp-json\/wp\/v2\/product_tag?post=150054"}],"curies":[{"name":"wp","href":"https:\/\/api.w.org\/{rel}","templated":true}]}}