{"id":150060,"date":"2025-04-03T13:23:11","date_gmt":"2025-04-03T11:23:11","guid":{"rendered":"https:\/\/secureus.se\/apollo-55000-005apo-xp95-series-isolerande-ljudfyr-for-oppen-miljo-100-db-a-for-anvandning-inomhus-en-54-3-kompatibel-rod-blixt-och-rod-kropp\/"},"modified":"2026-04-09T11:31:57","modified_gmt":"2026-04-09T09:31:57","slug":"apollo-55000-005apo-xp95-series-isolerande-ljudfyr-for-oppen-miljo-100-db-a-for-anvandning-inomhus-en-54-3-kompatibel-rod-blixt-och-rod-kropp","status":"publish","type":"product","link":"https:\/\/secureus.se\/pl\/apollo-55000-005apo-xp95-series-isolerande-ljudfyr-for-oppen-miljo-100-db-a-for-anvandning-inomhus-en-54-3-kompatibel-rod-blixt-och-rod-kropp\/","title":{"rendered":"Apollo 55000-005APO seria XP95, sygnalizator akustyczny z izolacj\u0105 akustyczn\u0105 do zastosowa\u0144 w otwartych warunkach, 100 dB A, do u\u017cytku wewn\u0105trz pomieszcze\u0144, zgodny z norm\u0105 EN 54-3, czerwona lampa b\u0142yskowa i czerwona obudowa"},"content":{"rendered":"<h1>Apollo 55000-005APO seria XP95, sygnalizator akustyczny z izolacj\u0105 akustyczn\u0105 do zastosowa\u0144 w otwartych warunkach, 100 dB A, do u\u017cytku wewn\u0105trz pomieszcze\u0144, zgodny z norm\u0105 EN 54-3, czerwona lampa b\u0142yskowa i czerwona obudowa<\/h1>\n<p class=\"\" data-start=\"431\" data-end=\"815\">Sygnalizator d\u017awi\u0119kowy izoluj\u0105cy otwarte \u015brodowisko Apollo 55000-005APO XP95 to zaawansowane urz\u0105dzenie wyposa\u017cone w ostrze\u017cenia d\u017awi\u0119kowe i wizualne, dzi\u0119ki czemu idealnie nadaje si\u0119 do stosowania w otwartych przestrzeniach, gdzie mo\u017ce zaistnie\u0107 potrzeba jednoczesnego us\u0142yszenia sygna\u0142u z wielu urz\u0105dze\u0144.<\/p>\n<p class=\"\" data-start=\"431\" data-end=\"815\">Urz\u0105dzenie o poziomie ha\u0142asu 100 dB (A) i czerwonym b\u0142ysku zapewnia, \u017ce alarm przeciwpo\u017carowy b\u0119dzie wyra\u017anie s\u0142yszalny i widoczny.<\/p>\n<p class=\"\" data-start=\"817\" data-end=\"1173\">Urz\u0105dzenie jest zasilane z p\u0119tli i nie wymaga zewn\u0119trznego \u017ar\u00f3d\u0142a zasilania. Dzia\u0142a przy napi\u0119ciu 17\u201328 V pr\u0105du sta\u0142ego i jest wra\u017cliwy na polaryzacj\u0119.<\/p>\n<p class=\"\" data-start=\"817\" data-end=\"1173\">G\u0142o\u015bno\u015b\u0107 sygna\u0142u d\u017awi\u0119kowego mo\u017cna ustawi\u0107 na 92 dB (A) lub 100 dB (A) i mo\u017cna wybiera\u0107 spo\u015br\u00f3d trzech ton\u00f3w: Apollo, Slow-whoop i DIN. W razie potrzeby zar\u00f3wno sygna\u0142y d\u017awi\u0119kowe, jak i synchronizacj\u0119 b\u0142ysku mo\u017cna aktywowa\u0107 za pomoc\u0105 panelu sterowania.<\/p>\n<p class=\"\" data-start=\"1175\" data-end=\"1427\">Urz\u0105dzenie jest tak\u017ce kompatybilne z systemami XP95, Discovery i CoreProtocol i mo\u017ce by\u0107 adresowane indywidualnie lub grupowo.<\/p>\n<p class=\"\" data-start=\"1175\" data-end=\"1427\">Stopie\u0144 ochrony IP65 zapewnia ochron\u0119 przed wnikaniem py\u0142u i wody, dzi\u0119ki czemu urz\u0105dzenie doskonale nadaje si\u0119 do u\u017cytku wewn\u0105trz pomieszcze\u0144, jak i w trudniejszych warunkach.<\/p>","protected":false},"excerpt":{"rendered":"<p>Sygnalizator po\u017carowy Apollo 55000-005APO serii XP95 przeznaczony jest do ostrzegania d\u017awi\u0119kowego i wizualnego o po\u017carze w przestrzeniach otwartych.<\/p>\n<p>Poziom ha\u0142asu wynosi 100 dB (A), urz\u0105dzenie posiada czerwony sygna\u0142 \u015bwietlny i jest zgodne z norm\u0105 EN 54-3.<\/p>","protected":false},"featured_media":150059,"template":"","meta":{"_acf_changed":false},"product_brand":[],"product_cat":[4751,4748],"product_tag":[],"class_list":{"0":"post-150060","1":"product","2":"type-product","3":"status-publish","4":"has-post-thumbnail","6":"product_cat-xp95-serien","7":"product_cat-discovery-serien","8":"pa_brands-apollo-fire-detectors","9":"tm-no-options","11":"first","12":"instock","13":"taxable","14":"shipping-taxable","15":"purchasable","16":"product-type-simple"},"acf":[],"_links":{"self":[{"href":"https:\/\/secureus.se\/pl\/wp-json\/wp\/v2\/product\/150060","targetHints":{"allow":["GET"]}}],"collection":[{"href":"https:\/\/secureus.se\/pl\/wp-json\/wp\/v2\/product"}],"about":[{"href":"https:\/\/secureus.se\/pl\/wp-json\/wp\/v2\/types\/product"}],"wp:featuredmedia":[{"embeddable":true,"href":"https:\/\/secureus.se\/pl\/wp-json\/wp\/v2\/media\/150059"}],"wp:attachment":[{"href":"https:\/\/secureus.se\/pl\/wp-json\/wp\/v2\/media?parent=150060"}],"wp:term":[{"taxonomy":"product_brand","embeddable":true,"href":"https:\/\/secureus.se\/pl\/wp-json\/wp\/v2\/product_brand?post=150060"},{"taxonomy":"product_cat","embeddable":true,"href":"https:\/\/secureus.se\/pl\/wp-json\/wp\/v2\/product_cat?post=150060"},{"taxonomy":"product_tag","embeddable":true,"href":"https:\/\/secureus.se\/pl\/wp-json\/wp\/v2\/product_tag?post=150060"}],"curies":[{"name":"wp","href":"https:\/\/api.w.org\/{rel}","templated":true}]}}