{"id":150062,"date":"2025-04-03T13:23:11","date_gmt":"2025-04-03T11:23:11","guid":{"rendered":"https:\/\/secureus.se\/apollo-55000-420apo-xp95-series-a2s-55c-varmedetektor-vit\/"},"modified":"2026-04-01T15:52:58","modified_gmt":"2026-04-01T13:52:58","slug":"apollo-55000-420apo-xp95-series-a2s-55c-varmedetektor-vit","status":"publish","type":"product","link":"https:\/\/secureus.se\/pl\/apollo-55000-420apo-xp95-series-a2s-55c-varmedetektor-vit\/","title":{"rendered":"Apollo 55000-420APO XP95 Series, A2S 55\u00b0C Czujnik ciep\u0142a, bia\u0142y"},"content":{"rendered":"<h1>Apollo 55000-420APO XP95 Series, A2S 55\u00b0C Czujnik ciep\u0142a, bia\u0142y<\/h1>\n<p class=\"\" data-start=\"469\" data-end=\"871\">Czujnik ciep\u0142a Apollo 55000-420APO serii XP95 A2S 55\u00b0C wykorzystuje termistor do dok\u0142adnego monitorowania temperatury i dostarcza sygna\u0142 analogowy proporcjonalny do temperatury powietrza zewn\u0119trznego.<\/p>\n<p class=\"\" data-start=\"469\" data-end=\"871\">Urz\u0105dzenie uruchamia alarm, gdy temperatura osi\u0105gnie 55\u00b0C, dzi\u0119ki czemu idealnie nadaje si\u0119 do stosowania w \u015brodowiskach, kt\u00f3re mog\u0105 by\u0107 ska\u017cone lub w kt\u00f3rych inne metody wykrywania zawodz\u0105.<\/p>\n<p class=\"\" data-start=\"873\" data-end=\"1229\">Detektor jest wra\u017cliwy na polaryzacj\u0119 i dzia\u0142a przy napi\u0119ciu od 17 V do 28 V pr\u0105du sta\u0142ego. Jest on przeznaczony do pod\u0142\u0105czenia do system\u00f3w XP95, Discovery i XPlorer i nie jest nara\u017cony na dzia\u0142anie wiatru ani zmian atmosferycznych.<\/p>\n<p class=\"\" data-start=\"873\" data-end=\"1229\">Maksymalna wilgotno\u015b\u0107 wzgl\u0119dna wynosz\u0105ca 95% i temperatura pracy od -20\u00b0C do +70\u00b0C sprawiaj\u0105, \u017ce detektor jest jednocze\u015bnie wytrzyma\u0142y i niezawodny.<\/p>\n<p data-start=\"873\" data-end=\"1229\">Jest to doskona\u0142e rozwi\u0105zanie do monitorowania po\u017car\u00f3w w trudnych warunkach, w kt\u00f3rych wa\u017cne jest zapewnienie bezpiecze\u0144stwa w ka\u017cdych warunkach.<\/p>","protected":false},"excerpt":{"rendered":"<p>Detektor ciep\u0142a Apollo 55000-420APO XP95 Series A2S 55\u00b0C jest przeznaczony do monitorowania zmian temperatury w \u015brodowiskach, w kt\u00f3rych panuje zazwyczaj brud lub zadymienie.<\/p>\n<p>Nie jest podatny na dzia\u0142anie wiatru ani ci\u015bnienia atmosferycznego, dzi\u0119ki czemu doskonale sprawdza si\u0119 w zapewnianiu bezpiecze\u0144stwa w tak trudnych warunkach.<\/p>","protected":false},"featured_media":150061,"template":"","meta":{"_acf_changed":false},"product_brand":[],"product_cat":[4751],"product_tag":[],"class_list":{"0":"post-150062","1":"product","2":"type-product","3":"status-publish","4":"has-post-thumbnail","6":"product_cat-xp95-serien","7":"pa_brands-apollo-fire-detectors","8":"tm-no-options","10":"first","11":"instock","12":"sale","13":"taxable","14":"shipping-taxable","15":"purchasable","16":"product-type-simple"},"acf":[],"_links":{"self":[{"href":"https:\/\/secureus.se\/pl\/wp-json\/wp\/v2\/product\/150062","targetHints":{"allow":["GET"]}}],"collection":[{"href":"https:\/\/secureus.se\/pl\/wp-json\/wp\/v2\/product"}],"about":[{"href":"https:\/\/secureus.se\/pl\/wp-json\/wp\/v2\/types\/product"}],"wp:featuredmedia":[{"embeddable":true,"href":"https:\/\/secureus.se\/pl\/wp-json\/wp\/v2\/media\/150061"}],"wp:attachment":[{"href":"https:\/\/secureus.se\/pl\/wp-json\/wp\/v2\/media?parent=150062"}],"wp:term":[{"taxonomy":"product_brand","embeddable":true,"href":"https:\/\/secureus.se\/pl\/wp-json\/wp\/v2\/product_brand?post=150062"},{"taxonomy":"product_cat","embeddable":true,"href":"https:\/\/secureus.se\/pl\/wp-json\/wp\/v2\/product_cat?post=150062"},{"taxonomy":"product_tag","embeddable":true,"href":"https:\/\/secureus.se\/pl\/wp-json\/wp\/v2\/product_tag?post=150062"}],"curies":[{"name":"wp","href":"https:\/\/api.w.org\/{rel}","templated":true}]}}