{"id":150066,"date":"2025-04-03T12:59:57","date_gmt":"2025-04-03T10:59:57","guid":{"rendered":"https:\/\/secureus.se\/varmedetektor-58-5351te\/"},"modified":"2026-03-26T11:06:06","modified_gmt":"2026-03-26T10:06:06","slug":"varmedetektor-58-5351te","status":"publish","type":"product","link":"https:\/\/secureus.se\/pl\/varmedetektor-58-5351te\/","title":{"rendered":"Czujnik ciep\u0142a 5351TE \u2013 58\u00b0 \u2013 Czujnik systemowy"},"content":{"rendered":"<h1 data-pm-slice=\"1 1 []\">CZUJNIK CIEP\u0141A 58\u00b0 5351TE<\/h1>\n<p class=\"\" data-start=\"515\" data-end=\"1017\">Czujka ciep\u0142a 5351TE firmy System Sensor jest cz\u0119\u015bci\u0105 konwencjonalnej serii 300 i wykorzystuje nowoczesn\u0105 technologi\u0119 zapewniaj\u0105c\u0105 dok\u0142adne i skuteczne wykrywanie po\u017caru.<\/p>\n<p class=\"\" data-start=\"515\" data-end=\"1017\">Jest on specjalnie przystosowany do stosowania w \u015brodowiskach, w kt\u00f3rych nie mo\u017cna stosowa\u0107 czujnik\u00f3w dymu, np. w miejscach, w kt\u00f3rych wyst\u0119puje wysoki poziom zanieczyszczenia powietrza.<\/p>\n<p class=\"\" data-start=\"515\" data-end=\"1017\">Detektor wyposa\u017cony jest w dwukolorow\u0105 diod\u0119 LED, kt\u00f3ra wyra\u017anie wskazuje stan pracy (zielona \u2013 praca prawid\u0142owa, czerwona \u2013 alarm).<\/p>\n<p class=\"\" data-start=\"515\" data-end=\"1017\">Programowalna funkcja pozwala na miganie lub ci\u0105g\u0142e \u015bwiecenie \u015bwiat\u0142a LED, zale\u017cnie od wyboru u\u017cytkownika.<\/p>\n<p class=\"\" data-start=\"1019\" data-end=\"1467\">Posiada szeroki zakres napi\u0119\u0107 roboczych i mo\u017cna go instalowa\u0107 z kompatybilnymi podstawami, takimi jak B401R, B401DGR lub B401SD.<\/p>\n<p class=\"\" data-start=\"1019\" data-end=\"1467\">Ponadto detektor jest kompatybilny wstecz z seri\u0105 100 i mo\u017cna go \u0142atwo zintegrowa\u0107 z istniej\u0105cymi instalacjami.<\/p>\n<p class=\"\" data-start=\"1019\" data-end=\"1467\">Aby skorzysta\u0107 z zaawansowanych funkcji, mo\u017cna u\u017cy\u0107 programatora r\u0119cznego do odczytu i zapisu danych konserwacyjnych, warto\u015bci temperatur oraz przeprowadzania test\u00f3w alarmowych bez konieczno\u015bci wyjmowania detektora z podstawy.<\/p>\n<p class=\"\" data-start=\"1019\" data-end=\"1467\">Zatwierdzone zgodnie z norm\u0105 EN54-5.<\/p>","protected":false},"excerpt":{"rendered":"<p>Detektor ciep\u0142a 5351TE to konwencjonalny detektor temperatury o maksymalnym limicie wykrywania 58\u00b0C.<\/p>\n<p>Idealnie nadaje si\u0119 do stosowania w miejscach nara\u017conych na du\u017ce zanieczyszczenie powietrza, takich jak kot\u0142ownie i kuchnie.<\/p>\n<p>Programowalny detektor charakteryzuje si\u0119 niskim zu\u017cyciem energii i oferuje kompensacj\u0119 dryfu w przypadku zanieczyszcze\u0144.<\/p>","protected":false},"featured_media":150065,"template":"","meta":{"_acf_changed":false},"product_brand":[],"product_cat":[4754,4157],"product_tag":[],"class_list":{"0":"post-150066","1":"product","2":"type-product","3":"status-publish","4":"has-post-thumbnail","6":"product_cat-system-sensor-300-serien","7":"product_cat-varmedetektor","8":"tm-no-options","10":"first","11":"instock","12":"sale","13":"taxable","14":"shipping-taxable","15":"purchasable","16":"product-type-simple"},"acf":[],"_links":{"self":[{"href":"https:\/\/secureus.se\/pl\/wp-json\/wp\/v2\/product\/150066","targetHints":{"allow":["GET"]}}],"collection":[{"href":"https:\/\/secureus.se\/pl\/wp-json\/wp\/v2\/product"}],"about":[{"href":"https:\/\/secureus.se\/pl\/wp-json\/wp\/v2\/types\/product"}],"wp:featuredmedia":[{"embeddable":true,"href":"https:\/\/secureus.se\/pl\/wp-json\/wp\/v2\/media\/150065"}],"wp:attachment":[{"href":"https:\/\/secureus.se\/pl\/wp-json\/wp\/v2\/media?parent=150066"}],"wp:term":[{"taxonomy":"product_brand","embeddable":true,"href":"https:\/\/secureus.se\/pl\/wp-json\/wp\/v2\/product_brand?post=150066"},{"taxonomy":"product_cat","embeddable":true,"href":"https:\/\/secureus.se\/pl\/wp-json\/wp\/v2\/product_cat?post=150066"},{"taxonomy":"product_tag","embeddable":true,"href":"https:\/\/secureus.se\/pl\/wp-json\/wp\/v2\/product_tag?post=150066"}],"curies":[{"name":"wp","href":"https:\/\/api.w.org\/{rel}","templated":true}]}}