{"id":150080,"date":"2025-04-03T12:22:18","date_gmt":"2025-04-03T10:22:18","guid":{"rendered":"https:\/\/secureus.se\/system-sensor-eco1002-a-eco-fotoelektrisk-rok-och-temperaturdetektor\/"},"modified":"2026-05-06T14:07:52","modified_gmt":"2026-05-06T12:07:52","slug":"system-sensor-eco1002-a-eco-fotoelektrisk-rok-och-temperaturdetektor","status":"publish","type":"product","link":"https:\/\/secureus.se\/pl\/system-sensor-eco1002-a-eco-fotoelektrisk-rok-och-temperaturdetektor\/","title":{"rendered":"Czujnik systemowy ECO1002 A ECO Fotoelektryczny czujnik dymu i temperatury"},"content":{"rendered":"<h1>Czujnik systemowy ECO1002 A ECO Fotoelektryczny czujnik dymu i temperatury<\/h1>\n<p class=\"\" data-start=\"515\" data-end=\"955\">System Sensor ECO1002 A to innowacyjny fotoelektryczny i termiczny czujnik dymu, kt\u00f3ry jest cz\u0119\u015bci\u0105 serii ECO1000.<\/p>\n<p class=\"\" data-start=\"515\" data-end=\"955\">\u0141\u0105czy w sobie detekcj\u0119 fotoelektryczn\u0105 dymu z termistorem wykrywaj\u0105cym ciep\u0142o, dzi\u0119ki czemu jest skutecznym rozwi\u0105zaniem do wykrywania po\u017car\u00f3w zar\u00f3wno we wczesnym, jak i p\u00f3\u017anym stadium.<\/p>\n<p class=\"\" data-start=\"515\" data-end=\"955\">Dzi\u0119ki niewielkim rozmiarom i napi\u0119ciu roboczemu 12 V DC i 24 V DC urz\u0105dzenie jest elastyczne i \u0142atwe do zintegrowania z r\u00f3\u017cnymi systemami przeciwpo\u017carowymi i bezpiecze\u0144stwa.<\/p>\n<p class=\"\" data-start=\"957\" data-end=\"1242\">Automatyczna kompensacja dryfu zmniejsza ryzyko fa\u0142szywych alarm\u00f3w spowodowanych brudem lub innymi zanieczyszczeniami \u015brodowiska, dzi\u0119ki czemu jest to niezawodny wyb\u00f3r na d\u0142ugi czas.<\/p>\n<p class=\"\" data-start=\"957\" data-end=\"1242\">Urz\u0105dzenie ECO1002 A wyposa\u017cono tak\u017ce w funkcj\u0119 zdalnego testowania alarmu, co upraszcza konserwacj\u0119 i obs\u0142ug\u0119.<\/p>\n<p class=\"\" data-start=\"1244\" data-end=\"1500\">Zakres temperatur od -30\u00b0C do +70\u00b0C i maksymalna wilgotno\u015b\u0107 wzgl\u0119dna 95% sprawiaj\u0105, \u017ce urz\u0105dzenie jest wystarczaj\u0105co wytrzyma\u0142e, aby mo\u017cna by\u0142o go stosowa\u0107 w wymagaj\u0105cych warunkach.<\/p>\n<p class=\"\" data-start=\"1244\" data-end=\"1500\">Ten detektor, posiadaj\u0105cy certyfikat EN54-7:2000 (poprawka 1), jest niezawodnym wyborem dla profesjonalnych system\u00f3w alarm\u00f3w przeciwpo\u017carowych.<\/p>","protected":false},"excerpt":{"rendered":"<p>ECO1002 A to fotoelektryczny i termiczny czujnik dymu, kt\u00f3ry umo\u017cliwia jednoczesne wykrywanie dymu i ciep\u0142a.<\/p>\n<p>Dzi\u0119ki niskiemu zu\u017cyciu energii, automatycznej kompensacji dryftu i \u0142atwemu zdalnemu testowaniu, ten detektor idealnie nadaje si\u0119 zar\u00f3wno do system\u00f3w przeciwpo\u017carowych, jak i bezpiecze\u0144stwa.<\/p>","protected":false},"featured_media":150079,"template":"","meta":{"_acf_changed":false},"product_brand":[],"product_cat":[4755,3373,4157],"product_tag":[],"class_list":{"0":"post-150080","1":"product","2":"type-product","3":"status-publish","4":"has-post-thumbnail","6":"product_cat-eco-1000-serien","7":"product_cat-rokdetektorer","8":"product_cat-varmedetektor","9":"pa_brands-system-sensor","10":"tm-no-options","12":"first","13":"instock","14":"sale","15":"taxable","16":"shipping-taxable","17":"purchasable","18":"product-type-simple"},"acf":[],"_links":{"self":[{"href":"https:\/\/secureus.se\/pl\/wp-json\/wp\/v2\/product\/150080","targetHints":{"allow":["GET"]}}],"collection":[{"href":"https:\/\/secureus.se\/pl\/wp-json\/wp\/v2\/product"}],"about":[{"href":"https:\/\/secureus.se\/pl\/wp-json\/wp\/v2\/types\/product"}],"wp:featuredmedia":[{"embeddable":true,"href":"https:\/\/secureus.se\/pl\/wp-json\/wp\/v2\/media\/150079"}],"wp:attachment":[{"href":"https:\/\/secureus.se\/pl\/wp-json\/wp\/v2\/media?parent=150080"}],"wp:term":[{"taxonomy":"product_brand","embeddable":true,"href":"https:\/\/secureus.se\/pl\/wp-json\/wp\/v2\/product_brand?post=150080"},{"taxonomy":"product_cat","embeddable":true,"href":"https:\/\/secureus.se\/pl\/wp-json\/wp\/v2\/product_cat?post=150080"},{"taxonomy":"product_tag","embeddable":true,"href":"https:\/\/secureus.se\/pl\/wp-json\/wp\/v2\/product_tag?post=150080"}],"curies":[{"name":"wp","href":"https:\/\/api.w.org\/{rel}","templated":true}]}}