{"id":150082,"date":"2025-04-03T12:22:17","date_gmt":"2025-04-03T10:22:17","guid":{"rendered":"https:\/\/secureus.se\/system-sensor-eco1005t-a-eco-varmedetektor-58\/"},"modified":"2026-05-06T14:15:00","modified_gmt":"2026-05-06T12:15:00","slug":"system-sensor-eco1005t-a-eco-varmedetektor-58","status":"publish","type":"product","link":"https:\/\/secureus.se\/pl\/system-sensor-eco1005t-a-eco-varmedetektor-58\/","title":{"rendered":"Czujnik systemowy ECO1005T A Czujnik ciep\u0142a ECO, 58\u00b0"},"content":{"rendered":"<h1>Czujnik systemowy ECO1005T A Czujnik ciep\u0142a ECO, 58\u00b0<\/h1>\n<p class=\"\" data-start=\"466\" data-end=\"866\">Czujnik systemowy ECO1005T A to wydajny i niezawodny detektor ciep\u0142a b\u0119d\u0105cy cz\u0119\u015bci\u0105 serii ECO1000.<\/p>\n<p class=\"\" data-start=\"466\" data-end=\"866\">Temperatura robocza 58\u00b0C sprawia, \u017ce urz\u0105dzenie jest szczeg\u00f3lnie przydatne w miejscach, w kt\u00f3rych zmiany temperatury mog\u0105 nast\u0119powa\u0107 szybko, np. w kuchniach.<\/p>\n<p class=\"\" data-start=\"466\" data-end=\"866\">\u0141\u0105czy najnowocze\u015bniejszy element termiczny z uk\u0142adem scalonym ASIC przeznaczonym do konkretnych zastosowa\u0144, co zapewnia szybkie i dok\u0142adne wykrywanie po\u017caru.<\/p>\n<p class=\"\" data-start=\"868\" data-end=\"1222\">Jedn\u0105 z zaawansowanych funkcji urz\u0105dzenia ECO1005T A jest przeno\u015bne urz\u0105dzenie testowe z laserem, kt\u00f3re umo\u017cliwia zdalne testowanie detektora bez konieczno\u015bci fizycznego dost\u0119pu do urz\u0105dzenia.<\/p>\n<p class=\"\" data-start=\"868\" data-end=\"1222\">Dzi\u0119ki temu konserwacja jest \u0142atwa i wydajna. Wbudowana dioda LED zapewnia lokalny sygna\u0142 alarmowy, kt\u00f3ry pozostaje w\u0142\u0105czony do momentu zresetowania detektora przez przerw\u0119 w dostawie pr\u0105du.<\/p>\n<p class=\"\" data-start=\"1224\" data-end=\"1568\">Detektor wsp\u00f3\u0142pracuje zar\u00f3wno z systemami 12 V, jak i 24 V DC, a przy tym charakteryzuje si\u0119 niskim zu\u017cyciem energii, co sprawia, \u017ce jest ekonomiczny i trwa\u0142y.<\/p>\n<p class=\"\" data-start=\"1224\" data-end=\"1568\">Produkt jest zgodny z norm\u0105 EN54-5:2000, klasa A2S i obj\u0119ty jest rozszerzon\u0105 gwarancj\u0105, co zapewnia jeszcze wi\u0119kszy spok\u00f3j ducha.<\/p>\n<p class=\"\" data-start=\"1224\" data-end=\"1568\">ECO1005T A jest kompatybilny z wieloma typami podstaw, co zapewnia jego elastyczno\u015b\u0107 i \u0142atwo\u015b\u0107 integracji z r\u00f3\u017cnymi systemami alarm\u00f3w przeciwpo\u017carowych.<\/p>","protected":false},"excerpt":{"rendered":"<p>ECO1005T A to zaawansowany detektor ciep\u0142a o temperaturze roboczej 58\u00b0C.<\/p>\n<p>Urz\u0105dzenie wykorzystuje uk\u0142ad scalony ASIC (Application Specialized Integrated Circuit) i element termiczny umo\u017cliwiaj\u0105cy szybkie i dok\u0142adne wykrywanie po\u017caru.<\/p>\n<p>Niskie zu\u017cycie energii i \u0142atwo\u015b\u0107 konserwacji.<\/p>","protected":false},"featured_media":150081,"template":"","meta":{"_acf_changed":false},"product_brand":[],"product_cat":[4755,4157],"product_tag":[],"class_list":{"0":"post-150082","1":"product","2":"type-product","3":"status-publish","4":"has-post-thumbnail","6":"product_cat-eco-1000-serien","7":"product_cat-varmedetektor","8":"pa_brands-system-sensor","9":"tm-no-options","11":"first","12":"instock","13":"taxable","14":"shipping-taxable","15":"purchasable","16":"product-type-simple"},"acf":[],"_links":{"self":[{"href":"https:\/\/secureus.se\/pl\/wp-json\/wp\/v2\/product\/150082","targetHints":{"allow":["GET"]}}],"collection":[{"href":"https:\/\/secureus.se\/pl\/wp-json\/wp\/v2\/product"}],"about":[{"href":"https:\/\/secureus.se\/pl\/wp-json\/wp\/v2\/types\/product"}],"wp:featuredmedia":[{"embeddable":true,"href":"https:\/\/secureus.se\/pl\/wp-json\/wp\/v2\/media\/150081"}],"wp:attachment":[{"href":"https:\/\/secureus.se\/pl\/wp-json\/wp\/v2\/media?parent=150082"}],"wp:term":[{"taxonomy":"product_brand","embeddable":true,"href":"https:\/\/secureus.se\/pl\/wp-json\/wp\/v2\/product_brand?post=150082"},{"taxonomy":"product_cat","embeddable":true,"href":"https:\/\/secureus.se\/pl\/wp-json\/wp\/v2\/product_cat?post=150082"},{"taxonomy":"product_tag","embeddable":true,"href":"https:\/\/secureus.se\/pl\/wp-json\/wp\/v2\/product_tag?post=150082"}],"curies":[{"name":"wp","href":"https:\/\/api.w.org\/{rel}","templated":true}]}}