{"id":150084,"date":"2025-04-03T12:22:13","date_gmt":"2025-04-03T10:22:13","guid":{"rendered":"https:\/\/secureus.se\/honeywell-eco1000rtu-a-lasertestenhet-for-detektorer-i-300-och-eco1000-serien\/"},"modified":"2026-04-09T11:32:24","modified_gmt":"2026-04-09T09:32:24","slug":"honeywell-eco1000rtu-a-lasertestenhet-for-detektorer-i-300-och-eco1000-serien","status":"publish","type":"product","link":"https:\/\/secureus.se\/pl\/honeywell-eco1000rtu-a-lasertestenhet-for-detektorer-i-300-och-eco1000-serien\/","title":{"rendered":"Honeywell ECO1000RTU-A Laser Test Unit dla detektor\u00f3w serii 300 i Eco1000"},"content":{"rendered":"<h1>Honeywell ECO1000RTU-A Laser Test Unit dla detektor\u00f3w serii 300 i Eco1000<\/h1>\n<p class=\"\" data-start=\"504\" data-end=\"889\">Honeywell ECO1000RTU-A to zaawansowany laserowy modu\u0142 testowy przeznaczony do wsp\u00f3\u0142pracy z detektorami serii 300 i ECO1000.<\/p>\n<p class=\"\" data-start=\"504\" data-end=\"889\">Urz\u0105dzenie wykorzystuje technologi\u0119 laserow\u0105 do wysy\u0142ania zakodowanego sygna\u0142u, kt\u00f3ry umo\u017cliwia zdalne testowanie detektor\u00f3w.<\/p>\n<p class=\"\" data-start=\"504\" data-end=\"889\">Eliminuje to potrzeb\u0119 fizycznego dost\u0119pu do detektora, co oszcz\u0119dza czas i upraszcza konserwacj\u0119.<\/p>\n<p class=\"\" data-start=\"891\" data-end=\"1301\">Dzia\u0142a zar\u00f3wno z systemami 12 V, jak i 24 V DC, dzi\u0119ki czemu u\u017cytkownicy mog\u0105 \u0142atwo sprawdzi\u0107, czy detektory dzia\u0142aj\u0105 prawid\u0142owo.<\/p>\n<p class=\"\" data-start=\"891\" data-end=\"1301\">Dost\u0119pne s\u0105 r\u00f3wnie\u017c opcje zdalnej diody LED, kt\u00f3ra umo\u017cliwia u\u017cytkownikowi uzyskanie wizualnej informacji o stanie detektora z odleg\u0142o\u015bci.<\/p>\n<p class=\"\" data-start=\"891\" data-end=\"1301\">Tester laserowy jest kompatybilny z wieloma typami podstaw czujek i stanowi niezast\u0105pione narz\u0119dzie umo\u017cliwiaj\u0105ce skuteczn\u0105 i dok\u0142adn\u0105 konserwacj\u0119 czujek po\u017carowych.<\/p>","protected":false},"excerpt":{"rendered":"<p>ECO1000RTU-A to laserowe urz\u0105dzenie testowe s\u0142u\u017c\u0105ce do zdalnego testowania detektor\u00f3w serii 300 i ECO1000.<\/p>\n<p>Jest to idealne rozwi\u0105zanie, pozwalaj\u0105ce upewni\u0107 si\u0119, \u017ce detektory dzia\u0142aj\u0105 prawid\u0142owo, bez konieczno\u015bci fizycznego dost\u0119pu.<\/p>","protected":false},"featured_media":150083,"template":"","meta":{"_acf_changed":false},"product_brand":[],"product_cat":[4755,4754],"product_tag":[],"class_list":{"0":"post-150084","1":"product","2":"type-product","3":"status-publish","4":"has-post-thumbnail","6":"product_cat-eco-1000-serien","7":"product_cat-system-sensor-300-serien","8":"pa_brands-honeywell","9":"tm-no-options","11":"first","12":"instock","13":"taxable","14":"shipping-taxable","15":"purchasable","16":"product-type-simple"},"acf":[],"_links":{"self":[{"href":"https:\/\/secureus.se\/pl\/wp-json\/wp\/v2\/product\/150084","targetHints":{"allow":["GET"]}}],"collection":[{"href":"https:\/\/secureus.se\/pl\/wp-json\/wp\/v2\/product"}],"about":[{"href":"https:\/\/secureus.se\/pl\/wp-json\/wp\/v2\/types\/product"}],"wp:featuredmedia":[{"embeddable":true,"href":"https:\/\/secureus.se\/pl\/wp-json\/wp\/v2\/media\/150083"}],"wp:attachment":[{"href":"https:\/\/secureus.se\/pl\/wp-json\/wp\/v2\/media?parent=150084"}],"wp:term":[{"taxonomy":"product_brand","embeddable":true,"href":"https:\/\/secureus.se\/pl\/wp-json\/wp\/v2\/product_brand?post=150084"},{"taxonomy":"product_cat","embeddable":true,"href":"https:\/\/secureus.se\/pl\/wp-json\/wp\/v2\/product_cat?post=150084"},{"taxonomy":"product_tag","embeddable":true,"href":"https:\/\/secureus.se\/pl\/wp-json\/wp\/v2\/product_tag?post=150084"}],"curies":[{"name":"wp","href":"https:\/\/api.w.org\/{rel}","templated":true}]}}