{"id":150086,"date":"2025-04-03T12:22:13","date_gmt":"2025-04-03T10:22:13","guid":{"rendered":"https:\/\/secureus.se\/system-sensor-eco1000br-detektorbas-standar\/"},"modified":"2026-04-09T11:32:06","modified_gmt":"2026-04-09T09:32:06","slug":"system-sensor-eco1000br-detektorbas-standar","status":"publish","type":"product","link":"https:\/\/secureus.se\/pl\/system-sensor-eco1000br-detektorbas-standar\/","title":{"rendered":"Czujnik systemowy ECO1000BR Podstawa detektora Standard"},"content":{"rendered":"<h1>Czujnik systemowy ECO1000BR Podstawa detektora Standard<\/h1>\n<p class=\"\" data-start=\"416\" data-end=\"795\">Czujnik systemowy ECO1000BR to standardowa podstawa czujki nale\u017c\u0105ca do niezawodnej serii ECO1000.<\/p>\n<p class=\"\" data-start=\"416\" data-end=\"795\">Wyposa\u017cono go w zabezpieczenie antysabota\u017cowe, kt\u00f3re aktywuje si\u0119 poprzez od\u0142amanie plastikowej zak\u0142adki. Oznacza to, \u017ce detektora nie mo\u017cna usun\u0105\u0107 bez u\u017cycia odpowiedniego narz\u0119dzia.<\/p>\n<p class=\"\" data-start=\"416\" data-end=\"795\">Zwi\u0119ksza to bezpiecze\u0144stwo, uniemo\u017cliwiaj\u0105c niechcian\u0105 manipulacj\u0119 lub usuni\u0119cie danych.<\/p>\n<p class=\"\" data-start=\"797\" data-end=\"1193\">Podstawa ECO1000BR jest kompatybilna z ca\u0142\u0105 seri\u0105 ECO1000 i charakteryzuje si\u0119 \u0142atwo\u015bci\u0105 instalacji i u\u017cytkowania.<\/p>\n<p class=\"\" data-start=\"797\" data-end=\"1193\">Podstaw\u0119 mo\u017cna oznaczy\u0107 etykiet\u0105 adresow\u0105, kt\u00f3r\u0105 mo\u017cna oderwa\u0107, co u\u0142atwia identyfikacj\u0119.<\/p>\n<p class=\"\" data-start=\"797\" data-end=\"1193\">Dost\u0119pny jest w trzech kolorach: bia\u0142ym, ko\u015bci s\u0142oniowej i czarnym, dzi\u0119ki czemu jest uniwersalny i \u0142atwy do dopasowania do r\u00f3\u017cnych \u015brodowisk.<\/p>\n<p class=\"\" data-start=\"797\" data-end=\"1193\">Podstawa posiada r\u00f3wnie\u017c spr\u0119\u017cyn\u0119 zwieraj\u0105c\u0105 umo\u017cliwiaj\u0105c\u0105 sprawdzenie obwodu przed monta\u017cem detektora.<\/p>","protected":false},"excerpt":{"rendered":"<p>ECO1000BR to standardowa podstawa detektora przeznaczona do stosowania z seri\u0105 ECO1000.<\/p>\n<p>Posiada zabezpieczenie antysabota\u017cowe, kt\u00f3re uniemo\u017cliwia usuni\u0119cie czujnika bez u\u017cycia odpowiednich narz\u0119dzi, co zwi\u0119ksza bezpiecze\u0144stwo.<\/p>","protected":false},"featured_media":150085,"template":"","meta":{"_acf_changed":false},"product_brand":[],"product_cat":[4755],"product_tag":[],"class_list":{"0":"post-150086","1":"product","2":"type-product","3":"status-publish","4":"has-post-thumbnail","6":"product_cat-eco-1000-serien","7":"pa_brands-system-sensor","8":"tm-no-options","10":"first","11":"instock","12":"taxable","13":"shipping-taxable","14":"purchasable","15":"product-type-simple"},"acf":[],"_links":{"self":[{"href":"https:\/\/secureus.se\/pl\/wp-json\/wp\/v2\/product\/150086","targetHints":{"allow":["GET"]}}],"collection":[{"href":"https:\/\/secureus.se\/pl\/wp-json\/wp\/v2\/product"}],"about":[{"href":"https:\/\/secureus.se\/pl\/wp-json\/wp\/v2\/types\/product"}],"wp:featuredmedia":[{"embeddable":true,"href":"https:\/\/secureus.se\/pl\/wp-json\/wp\/v2\/media\/150085"}],"wp:attachment":[{"href":"https:\/\/secureus.se\/pl\/wp-json\/wp\/v2\/media?parent=150086"}],"wp:term":[{"taxonomy":"product_brand","embeddable":true,"href":"https:\/\/secureus.se\/pl\/wp-json\/wp\/v2\/product_brand?post=150086"},{"taxonomy":"product_cat","embeddable":true,"href":"https:\/\/secureus.se\/pl\/wp-json\/wp\/v2\/product_cat?post=150086"},{"taxonomy":"product_tag","embeddable":true,"href":"https:\/\/secureus.se\/pl\/wp-json\/wp\/v2\/product_tag?post=150086"}],"curies":[{"name":"wp","href":"https:\/\/api.w.org\/{rel}","templated":true}]}}