{"id":150091,"date":"2025-04-14T16:17:21","date_gmt":"2025-04-14T14:17:21","guid":{"rendered":"https:\/\/secureus.se\/motorlas-step-352-vanster-komplett-sats\/"},"modified":"2026-04-08T15:10:31","modified_gmt":"2026-04-08T13:10:31","slug":"motorlas-step-352-vanster-komplett-sats","status":"publish","type":"product","link":"https:\/\/secureus.se\/pl\/motorlas-step-352-vanster-komplett-sats\/","title":{"rendered":"Blokada silnika STEP 352 Lewa Kompletny zestaw"},"content":{"rendered":"<div><\/div>\n<p>STEP 352 to blokada silnikowa zapewniaj\u0105ca bezpieczne zamykanie przez ca\u0142\u0105 dob\u0119. Zamek silnikowy jest przeznaczony do cz\u0119stego u\u017cytkowania i wytrzymuje kilka milion\u00f3w otwar\u0107, kt\u00f3re nast\u0119puj\u0105 z szybko\u015bci\u0105 zbli\u017con\u0105 do szybko\u015bci elektrozaczepu. Daje to wyj\u0105tkow\u0105 mo\u017cliwo\u015b\u0107 osi\u0105gni\u0119cia wi\u0119kszego bezpiecze\u0144stwa tam, gdzie jest to potrzebne, a tym samym umo\u017cliwienia prawid\u0142owego zamkni\u0119cia wra\u017cliwych i wa\u017cnych drzwi.<\/p>\n<div><\/div>\n<div>STEP 352 wyposa\u017cony jest w rygiel hakowy i t\u0142ok automatyczny. Automatyczny cylinder pozwala na wyposa\u017cenie drzwi w klamk\u0119 od zewn\u0105trz, gdy\u017c awaryjne otwieranie mo\u017cna wykona\u0107 kluczem od zewn\u0105trz, w po\u0142\u0105czeniu z ewakuacj\u0105 zgodnie z instrukcj\u0105. SS-EN 179:2008 od \u015brodka. Dzi\u0119ki temu zamek mo\u017cna z powodzeniem stosowa\u0107 na drodze ewakuacyjnej wyposa\u017conej w alarm.<\/div>\n<div><\/div>\n<div>Zamek mo\u017ce spe\u0142nia\u0107 wymagania dotycz\u0105ce ewakuacji, ponownego zaj\u0119cia budynku, ochrony przeciwpo\u017carowej i dost\u0119pno\u015bci, zapewniaj\u0105c jednocze\u015bnie drzwiom znacznie wy\u017csz\u0105 odporno\u015b\u0107 na w\u0142amania. Solidny zatrzask gwarantuje, \u017ce drzwi s\u0105 naprawd\u0119 zablokowane, a nie tylko utrzymywane w pozycji zamkni\u0119tej.<\/div>\n<div><\/div>\n<div>STEP 352 jest wyposa\u017cony w unikalny automatyczny t\u0142ok STEP. Podczas elektrycznego otwierania drzwi automatyczny t\u0142ok mo\u017ce si\u0119 z\u0142o\u017cy\u0107, umo\u017cliwiaj\u0105c automatyczne otwieranie drzwi. Natychmiast po otwarciu drzwi automatyczny t\u0142ok wysuwa si\u0119, blokuje w odpowiedniej pozycji i zn\u00f3w dzia\u0142a jak zwyk\u0142y t\u0142ok opuszczany.<\/div>\n<div><\/div>\n<div>Zamek posiada podw\u00f3jn\u0105 blokad\u0119, w kt\u00f3rej blokowany jest r\u00f3wnie\u017c rygiel hakowy. Pozycj\u0119 zatrzasku odczytuje czujnik optyczny, dzi\u0119ki czemu masz pewno\u015b\u0107, \u017ce zamek jest rzeczywi\u015bcie zamkni\u0119ty. Zatrzask jest ca\u0142kowicie zabezpieczony przed dost\u0119pem, co gwarantuje ochron\u0119 przed manipulacj\u0105.<\/div>\n<div><\/div>\n<div>STEP 352 jest wyposa\u017cony w FreeDrive\u00ae, nasz\u0105 wyj\u0105tkow\u0105 i opatentowan\u0105 technologi\u0119, kt\u00f3ra ca\u0142kowicie roz\u0142\u0105cza silnik i przek\u0142adni\u0119 zamka za ka\u017cdym razem, gdy drzwi zostan\u0105 mechanicznie odblokowane.<\/div>\n<div>Minimalizuje to zu\u017cycie podczas u\u017cywania klamki, pokr\u0119t\u0142a, klucza lub okucia ewakuacyjnego.<\/div>\n<div><\/div>\n<div><b>Artyku\u0142 zawiera:<\/b><\/div>\n<div>\n<ul>\n<li>Blokada silnika ST352-L<\/li>\n<li>Jednostka steruj\u0105ca 300C<\/li>\n<li>Przesy\u0142anie ramek ST1283<\/li>\n<li>Kabel po\u0142\u0105czeniowy ST0916H 10m<\/li>\n<li>P\u0142yta czo\u0142owa ST2009-15<\/li>\n<li>Ochrona wiert\u0142a ST1199<\/li>\n<li>Kontakt magnetyczny ST0910<\/li>\n<li>Zestaw \u015brub i \u0142\u0105cznik\u00f3w ST1192<\/li>\n<\/ul>\n<\/div>\n<div><\/div>\n<div><b>W\u0142a\u015bciwo\u015bci:<\/b><\/div>\n<div>\n<ul>\n<li>Nieodwracalne<\/li>\n<li>Odblokowuje si\u0119 w czasie kr\u00f3tszym ni\u017c 0,1 sekundy<\/li>\n<li>G\u0142\u0119boko\u015b\u0107 trzpienia 50 mm<\/li>\n<li>Nowoczesne umiejscowienie t\u0142oka<\/li>\n<li>Z unikalnym automatycznym t\u0142okiem<\/li>\n<li>Oba kontrolery obs\u0142uguj\u0105 ponowne umieszczanie<\/li>\n<li>Technologia FreeDrive\u00ae<\/li>\n<li>Technologia blokowania odporna na manipulacj\u0119<\/li>\n<li>Szyfrowana komunikacja OSDP AES-128<\/li>\n<li>Gwarantuje otwarcie pomimo nacisku ta\u015bmy do 80 kg<\/li>\n<li>Ewakuacja i ponowne zaj\u0119cie pomieszcze\u0144 s\u0105 zapewnione dzi\u0119ki wyposa\u017ceniu ewakuacyjnemu STEP Exit<\/li>\n<li>Przeznaczony do stosowania w drzwiach o du\u017cej cz\u0119stotliwo\u015bci u\u017cytkowania<\/li>\n<\/ul>\n<\/div>\n<div><\/div>\n<div><b>Funkcjonowa\u0107:<\/b><\/div>\n<div>\n<ul>\n<li>Rygiel hakowy i automatyczny t\u0142ok blokuj\u0105 si\u0119\/odblokowuj\u0105 elektrycznie za pomoc\u0105 sygna\u0142u otwarcia z systemu dost\u0119pu, zamka kodowego, prze\u0142\u0105cznika \u0142okciowego lub podobnego.<\/li>\n<li>Hak rygluj\u0105cy i automatyczny t\u0142ok blokuj\u0105 si\u0119\/odblokowuj\u0105 mechanicznie za pomoc\u0105 cylindra od wewn\u0105trz i od zewn\u0105trz<\/li>\n<li>Automatyczny t\u0142ok jest chowany mechanicznie za pomoc\u0105 cylindra wio\u015blarskiego poprzez pchni\u0119cie od wewn\u0105trz i od zewn\u0105trz.<\/li>\n<li>Normalne przej\u015bcie nast\u0119puje po otrzymaniu sygna\u0142u otwarcia z systemu dost\u0119pu, zamka kodowego, prze\u0142\u0105cznika \u0142okciowego lub podobnego urz\u0105dzenia od wewn\u0105trz i z zewn\u0105trz.<\/li>\n<\/ul>\n<\/div>\n<div><\/div>","protected":false},"excerpt":{"rendered":"<p>STEP 352 to blokada silnikowa zapewniaj\u0105ca bezpieczne zamykanie przez ca\u0142\u0105 dob\u0119. Blokada silnika zosta\u0142a zaprojektowana do cz\u0119stego u\u017cytkowania i wytrzymuje kilka milion\u00f3w otwar\u0107, kt\u00f3re r\u00f3wnie\u017c maj\u0105 miejsce<\/p>","protected":false},"featured_media":150090,"template":"","meta":{"_acf_changed":false},"product_brand":[],"product_cat":[2874],"product_tag":[],"class_list":{"0":"post-150091","1":"product","2":"type-product","3":"status-publish","4":"has-post-thumbnail","6":"product_cat-motorlas","7":"pa_brands-step","8":"tm-no-options","10":"first","11":"instock","12":"sale","13":"taxable","14":"shipping-taxable","15":"purchasable","16":"product-type-simple"},"acf":[],"_links":{"self":[{"href":"https:\/\/secureus.se\/pl\/wp-json\/wp\/v2\/product\/150091","targetHints":{"allow":["GET"]}}],"collection":[{"href":"https:\/\/secureus.se\/pl\/wp-json\/wp\/v2\/product"}],"about":[{"href":"https:\/\/secureus.se\/pl\/wp-json\/wp\/v2\/types\/product"}],"wp:featuredmedia":[{"embeddable":true,"href":"https:\/\/secureus.se\/pl\/wp-json\/wp\/v2\/media\/150090"}],"wp:attachment":[{"href":"https:\/\/secureus.se\/pl\/wp-json\/wp\/v2\/media?parent=150091"}],"wp:term":[{"taxonomy":"product_brand","embeddable":true,"href":"https:\/\/secureus.se\/pl\/wp-json\/wp\/v2\/product_brand?post=150091"},{"taxonomy":"product_cat","embeddable":true,"href":"https:\/\/secureus.se\/pl\/wp-json\/wp\/v2\/product_cat?post=150091"},{"taxonomy":"product_tag","embeddable":true,"href":"https:\/\/secureus.se\/pl\/wp-json\/wp\/v2\/product_tag?post=150091"}],"curies":[{"name":"wp","href":"https:\/\/api.w.org\/{rel}","templated":true}]}}