{"id":150100,"date":"2025-04-14T16:17:23","date_gmt":"2025-04-14T14:17:23","guid":{"rendered":"https:\/\/secureus.se\/motorlas-step-352s-split-hoger-komplett-sats\/"},"modified":"2026-03-25T15:29:57","modified_gmt":"2026-03-25T14:29:57","slug":"motorlas-step-352s-split-hoger-komplett-sats","status":"publish","type":"product","link":"https:\/\/secureus.se\/pl\/motorlas-step-352s-split-hoger-komplett-sats\/","title":{"rendered":"Blokada silnika STEP 352S Split Prawa Kompletny zestaw"},"content":{"rendered":"<p>\nSTEP 352S to zamek silnikowy z wbudowan\u0105 funkcj\u0105 dzielenia i automatycznym cylindrem, przeznaczony do wymiany zamk\u00f3w zasuwkowych w ochronie skorupowej, a tym samym do zapewnienia bezpiecznego zamykania przez ca\u0142\u0105 dob\u0119. Zamek jest przeznaczony do drzwi o du\u017cej cz\u0119stotliwo\u015bci otwierania i wyposa\u017cony w automatyk\u0119 drzwiow\u0105. Wytrzymuje kilka milion\u00f3w otwar\u0107! Spe\u0142nia wymagania klasy zamka 2A i 2B zgodnie z norm\u0105 SSF 3522.<\/p>\n<div>Zamek ten mo\u017ce spe\u0142nia\u0107 wszystkie wymagania dotycz\u0105ce ewakuacji, ponownego wej\u015bcia, ochrony przeciwpo\u017carowej i dost\u0119pno\u015bci, zapewniaj\u0105c jednocze\u015bnie drzwiom znacznie wy\u017csz\u0105 odporno\u015b\u0107 na w\u0142amania. STEP 352S wyposa\u017cono w solidny rygiel hakowy, kt\u00f3ry gwarantuje, \u017ce drzwi b\u0119d\u0105 zawsze zablokowane, natomiast wbudowana funkcja dzielenia zapewnia niezr\u00f3wnan\u0105 \u0142atwo\u015b\u0107 u\u017cytkowania.<\/div>\n<div><\/div>\n<div>Wbudowana funkcja dzielenia umo\u017cliwia mechaniczne otwieranie od wewn\u0105trz, bez u\u017cycia przycisku otwierania. \u015aluza posiada funkcj\u0119 obej\u015bcia alarmu (by-pass), dzi\u0119ki czemu mo\u017cliwe jest uzyskanie \u201ezatwierdzonego przej\u015bcia\u201d. Dzi\u0119ki temu \u015brodowisko drzwi staje si\u0119 wyj\u0105tkowo przyjazne dla u\u017cytkownika.<\/div>\n<div><\/div>\n<div>STEP 352S jest wyposa\u017cony w unikalny automatyczny t\u0142ok STEP. Podczas elektrycznego otwierania drzwi automatyczny t\u0142ok mo\u017ce si\u0119 z\u0142o\u017cy\u0107, umo\u017cliwiaj\u0105c automatyczne otwieranie drzwi. Natychmiast po otwarciu drzwi automatyczny t\u0142ok wysuwa si\u0119, blokuje w odpowiedniej pozycji i zn\u00f3w dzia\u0142a jak zwyk\u0142y t\u0142ok opuszczany.<\/div>\n<div>STEP 352S zosta\u0142 zatem specjalnie przystosowany do drzwi, w kt\u00f3rych wymagana jest wi\u0119ksza dost\u0119pno\u015b\u0107.<\/div>\n<div><\/div>\n<div>Zamek posiada podw\u00f3jn\u0105 blokad\u0119, w kt\u00f3rej blokowany jest r\u00f3wnie\u017c rygiel hakowy. Pozycj\u0119 zatrzasku odczytuje czujnik optyczny, dzi\u0119ki czemu masz pewno\u015b\u0107, \u017ce zamek jest rzeczywi\u015bcie zamkni\u0119ty. Zatrzask jest ca\u0142kowicie zabezpieczony przed dost\u0119pem, co gwarantuje ochron\u0119 przed manipulacj\u0105.<\/div>\n<div><\/div>\n<div>Zamek STEP 352S jest wyposa\u017cony w technologi\u0119 FreeDrive\u00ae, nasz\u0105 unikaln\u0105 i opatentowan\u0105 technologi\u0119, kt\u00f3ra ca\u0142kowicie roz\u0142\u0105cza silnik i przek\u0142adni\u0119 zamka za ka\u017cdym razem, gdy drzwi zostan\u0105 mechanicznie odblokowane.<\/div>\n<div><\/div>\n<div>Wiele drzwi w Szwecji jest dzi\u015b wyposa\u017conych w zamki, kt\u00f3re mog\u0105 sprosta\u0107 wymogom ewakuacji, ponownego zaj\u0119cia budynku, ochrony przeciwpo\u017carowej i dost\u0119pno\u015bci, ale kosztem niskiego poziomu bezpiecze\u0144stwa antyw\u0142amaniowego. Dotyczy to zewn\u0119trznych i wewn\u0119trznych drzwi ochronnych w tysi\u0105cach budynk\u00f3w mieszkalnych, szpitali, dom\u00f3w opieki i zak\u0142ad\u00f3w karnych, \u017ceby wymieni\u0107 tylko kilka.<\/div>\n<div>Dzi\u0119ki zamkowi silnikowemu STEP 352S nie musisz i\u015b\u0107 na kompromis w kwestii ochrony przed w\u0142amaniem. Zamiast tego mo\u017cesz zastosowa\u0107 kombinacj\u0119 wszystkich powy\u017cszych wymaga\u0144 w jednym i tym samym zamku, a tak\u017ce umie\u015bci\u0107 go w drzwiach, z kt\u00f3rych cz\u0119sto si\u0119 korzysta.<\/p>\n<p><b>Artyku\u0142 zawiera:<\/b><\/div>\n<div>\n<ul>\n<li>Blokada silnika ST352S Split Right<\/li>\n<li>Jednostka steruj\u0105ca ST300C<\/li>\n<li>Przesy\u0142anie ramek ST1283<\/li>\n<li>Kabel po\u0142\u0105czeniowy ST0916H 10m<\/li>\n<li>Drukowanie pin\u00f3w ST1088-50 i ST1088-57<\/li>\n<li>P\u0142yta czo\u0142owa ST2009-15<\/li>\n<li>Ochrona wiert\u0142a ST1199<\/li>\n<li>Kontakt magnetyczny ST0910<\/li>\n<li>Zestaw \u015brub i \u0142\u0105cznik\u00f3w ST1192<\/li>\n<\/ul>\n<\/div>\n<div><b>W\u0142a\u015bciwo\u015bci:<\/b><\/p>\n<ul>\n<li>Nieodwracalne<\/li>\n<li>Odblokowuje si\u0119 w czasie kr\u00f3tszym ni\u017c 0,1 sekundy<\/li>\n<li>Nowoczesne umiejscowienie t\u0142oka<\/li>\n<li>Oba kontrolery obs\u0142uguj\u0105 ponowne umieszczanie<\/li>\n<li>Technologia FreeDrive\u00ae<\/li>\n<li>Technologia blokowania odporna na manipulacj\u0119<\/li>\n<li>G\u0142\u0119boko\u015b\u0107 trzpienia 50 mm<\/li>\n<li>Szyfrowana komunikacja AES-128<\/li>\n<li>Gwarantuje otwarcie pomimo nacisku ta\u015bmy do 80 kg<\/li>\n<li>Pod\u0142\u0105czenie do zamka silnikowego odbywa si\u0119 poprzez RS-485<\/li>\n<li>Wbudowany rozdzielony wrzeciono<\/li>\n<li>Ewakuacj\u0119 i powr\u00f3t do pomieszczenia zapewniaj\u0105 akcesoria ewakuacyjne STEP Exit. Certyfikowany zgodnie z norm\u0105 SS-EN 179:2008<\/li>\n<li>Certyfikowany pod k\u0105tem ochrony antyw\u0142amaniowej w klasie zamka 2A i 2B zgodnie z norm\u0105 SSF 3522<\/li>\n<li>Certyfikowany w klasie ochrony przeciwpo\u017carowej E\/EI120 zgodnie z norm\u0105 SS-EN 14846:2008<\/li>\n<li>Certyfikowany w klasie L pod k\u0105tem odporno\u015bci na korozj\u0119, temperatury i wilgotno\u015b\u0107, co odpowiada wysokim wymaganiom zgodnie z norm\u0105 SS-EN 14846<\/li>\n<li>Przeznaczony do stosowania w drzwiach o du\u017cej cz\u0119stotliwo\u015bci u\u017cytkowania<\/li>\n<li>Z unikalnym automatycznym t\u0142okiem<\/li>\n<\/ul>\n<\/div>\n<div><b>Funkcjonowa\u0107:<\/b><\/p>\n<ul>\n<li>Rygiel hakowy i automatyczny cylinder blokuj\u0105\/odblokowuj\u0105 si\u0119 elektrycznie za pomoc\u0105 sygna\u0142u otwarcia z systemu dost\u0119pu, zamka kodowego, przycisku lub podobnego urz\u0105dzenia.<\/li>\n<li>Rygiel hakowy i automatyczny t\u0142ok blokuj\u0105 si\u0119\/odblokowuj\u0105 mechanicznie za pomoc\u0105 przycisku od wewn\u0105trz (funkcja dzielona)<\/li>\n<li>Automatyczny t\u0142ok cofa si\u0119 mechanicznie za pomoc\u0105 popychacza, poprzez popychanie od wewn\u0105trz i od zewn\u0105trz.<\/li>\n<li>Normalne przej\u015bcie wykonuje si\u0119 poprzez pchni\u0119cie od wewn\u0105trz<\/li>\n<li>Regulowany mechanicznie podzia\u0142 boczny. Zmiana stron odbywa si\u0119 mechanicznie na obudowie zamka<\/li>\n<\/ul>\n<\/div>","protected":false},"excerpt":{"rendered":"<p>STEP 352S to zamek silnikowy z wbudowan\u0105 funkcj\u0105 dzielenia i automatycznym cylindrem, przeznaczony do wymiany zamk\u00f3w zasuwkowych w ochronie skorupowej, a tym samym do zapewnienia bezpiecznego zamykania przez ca\u0142\u0105 dob\u0119. Zamek jest przeznaczony do<\/p>","protected":false},"featured_media":150099,"template":"","meta":{"_acf_changed":false},"product_brand":[],"product_cat":[2874],"product_tag":[],"class_list":{"0":"post-150100","1":"product","2":"type-product","3":"status-publish","4":"has-post-thumbnail","6":"product_cat-motorlas","7":"pa_brands-step","8":"tm-no-options","10":"first","11":"instock","12":"sale","13":"taxable","14":"shipping-taxable","15":"purchasable","16":"product-type-simple"},"acf":[],"_links":{"self":[{"href":"https:\/\/secureus.se\/pl\/wp-json\/wp\/v2\/product\/150100","targetHints":{"allow":["GET"]}}],"collection":[{"href":"https:\/\/secureus.se\/pl\/wp-json\/wp\/v2\/product"}],"about":[{"href":"https:\/\/secureus.se\/pl\/wp-json\/wp\/v2\/types\/product"}],"wp:featuredmedia":[{"embeddable":true,"href":"https:\/\/secureus.se\/pl\/wp-json\/wp\/v2\/media\/150099"}],"wp:attachment":[{"href":"https:\/\/secureus.se\/pl\/wp-json\/wp\/v2\/media?parent=150100"}],"wp:term":[{"taxonomy":"product_brand","embeddable":true,"href":"https:\/\/secureus.se\/pl\/wp-json\/wp\/v2\/product_brand?post=150100"},{"taxonomy":"product_cat","embeddable":true,"href":"https:\/\/secureus.se\/pl\/wp-json\/wp\/v2\/product_cat?post=150100"},{"taxonomy":"product_tag","embeddable":true,"href":"https:\/\/secureus.se\/pl\/wp-json\/wp\/v2\/product_tag?post=150100"}],"curies":[{"name":"wp","href":"https:\/\/api.w.org\/{rel}","templated":true}]}}