{"id":151331,"date":"2025-04-14T13:20:07","date_gmt":"2025-04-14T11:20:07","guid":{"rendered":"https:\/\/secureus.se\/?post_type=product&#038;p=151331"},"modified":"2026-03-12T22:45:32","modified_gmt":"2026-03-12T21:45:32","slug":"microsd-minneskort-128gb-securex-card-pro","status":"publish","type":"product","link":"https:\/\/secureus.se\/pl\/microsd-minneskort-128gb-securex-card-pro\/","title":{"rendered":"Karta pami\u0119ci MicroSD 128 GB \u2013 SecureX Card Pro Series"},"content":{"rendered":"<h4 class=\"\" data-start=\"487\" data-end=\"546\"><strong data-start=\"492\" data-end=\"546\">Karta pami\u0119ci MicroSD 128 GB \u2013 SecureX Card Pro Series<\/strong><\/h4>\n<p class=\"\" data-start=\"548\" data-end=\"919\">Karta pami\u0119ci MicroSD SecureX Card Pro Series o pojemno\u015bci 128 GB to wydajna karta pami\u0119ci przeznaczona do profesjonalnego u\u017cytku w systemach bezpiecze\u0144stwa, monitoringu i innych urz\u0105dzeniach przetwarzaj\u0105cych du\u017c\u0105 ilo\u015b\u0107 danych. Niezale\u017cnie od tego, czy u\u017cyjesz jej w kamerach IP, systemach samochodowych, telefonach kom\u00f3rkowych czy sprz\u0119cie medycznym, ta karta pami\u0119ci zapewni stabilny i szybki transfer danych w ka\u017cdych warunkach.<\/p>\n<p class=\"\" data-start=\"921\" data-end=\"1206\">Karta jest klasyfikowana jako <strong data-start=\"949\" data-end=\"965\">Klasa 10, U3<\/strong>, co oznacza du\u017c\u0105 pr\u0119dko\u015b\u0107 odczytu i zapisu, kt\u00f3ra umo\u017cliwia nagrywanie wideo w wysokiej rozdzielczo\u015bci bez op\u00f3\u017anie\u0144. Przy temperaturze roboczej <strong data-start=\"1113\" data-end=\"1133\">-25\u00b0C do +80\u00b0C<\/strong> i trwa\u0142a konstrukcja doskonale nadaje si\u0119 do stosowania zar\u00f3wno wewn\u0105trz, jak i na zewn\u0105trz.<\/p>\n<p class=\"\" data-start=\"1208\" data-end=\"1293\">Karta jest dostarczana w komplecie z adapterem SD, co zapewnia szerok\u0105 kompatybilno\u015b\u0107 z innymi urz\u0105dzeniami.<\/p>\n<hr class=\"\" data-start=\"1295\" data-end=\"1298\" \/>\n<h4 class=\"\" data-start=\"1300\" data-end=\"1322\">\u2705 <strong data-start=\"1307\" data-end=\"1322\">W\u0142a\u015bciwo\u015bci:<\/strong><\/h4>\n<ul data-start=\"1324\" data-end=\"1658\">\n<li class=\"\" data-start=\"1324\" data-end=\"1356\">\n<p class=\"\" data-start=\"1326\" data-end=\"1356\"><strong data-start=\"1326\" data-end=\"1348\">Pojemno\u015b\u0107 magazynowa:<\/strong> 128 GB<\/p>\n<\/li>\n<li class=\"\" data-start=\"1357\" data-end=\"1442\">\n<p class=\"\" data-start=\"1359\" data-end=\"1442\"><strong data-start=\"1359\" data-end=\"1379\">Klasa pr\u0119dko\u015bci:<\/strong> U3 \/ Klasa 10 \u2013 zoptymalizowany pod k\u0105tem wideo i szybkiego przesy\u0142u danych<\/p>\n<\/li>\n<li class=\"\" data-start=\"1443\" data-end=\"1529\">\n<p class=\"\" data-start=\"1445\" data-end=\"1529\"><strong data-start=\"1445\" data-end=\"1468\">Obszary zastosowania:<\/strong> Kamery IP, rejestratory DVR, GPS-y, smartfony, urz\u0105dzenia medyczne itp.<\/p>\n<\/li>\n<li class=\"\" data-start=\"1530\" data-end=\"1571\">\n<p class=\"\" data-start=\"1532\" data-end=\"1571\"><strong data-start=\"1532\" data-end=\"1552\">Temperatura pracy:<\/strong> -25\u00b0C do +80\u00b0C<\/p>\n<\/li>\n<li class=\"\" data-start=\"1572\" data-end=\"1593\">\n<p class=\"\" data-start=\"1574\" data-end=\"1593\"><strong data-start=\"1574\" data-end=\"1586\">Gwarancja:<\/strong> 5 lat<\/p>\n<\/li>\n<li class=\"\" data-start=\"1594\" data-end=\"1624\">\n<p class=\"\" data-start=\"1596\" data-end=\"1624\"><strong data-start=\"1596\" data-end=\"1619\">W zestawie adapter:<\/strong> Tak<\/p>\n<\/li>\n<li class=\"\" data-start=\"1625\" data-end=\"1658\">\n<p class=\"\" data-start=\"1627\" data-end=\"1658\"><strong data-start=\"1627\" data-end=\"1642\">Certyfikat:<\/strong> CE, FCC, RoHS<\/p>\n<\/li>\n<\/ul>\n<hr class=\"\" data-start=\"1660\" data-end=\"1663\" \/>\n<p class=\"\" data-start=\"1665\" data-end=\"1786\">Uzyskaj maksymaln\u0105 wydajno\u015b\u0107 i spok\u00f3j ducha podczas monitoringu dzi\u0119ki karcie MicroSD, kt\u00f3rej mo\u017cesz zaufa\u0107 \u2013 <strong data-start=\"1758\" data-end=\"1785\">Karta SecureX serii Pro<\/strong>.<\/p>","protected":false},"excerpt":{"rendered":"<p><strong data-start=\"208\" data-end=\"262\">Karta pami\u0119ci MicroSD 128 GB \u2013 SecureX Card Pro Series<\/strong><br data-start=\"262\" data-end=\"265\" \/>Niezawodna i szybka karta MicroSD do monitoringu, smartfon\u00f3w i innych urz\u0105dze\u0144. Klasa 10, pr\u0119dko\u015b\u0107 U3 i 5-letnia gwarancja \u2013 idealne do wymagaj\u0105cych zastosowa\u0144 zwi\u0105zanych z przechowywaniem.<\/p>","protected":false},"featured_media":162722,"template":"","meta":{"_acf_changed":false},"product_brand":[],"product_cat":[3260],"product_tag":[],"class_list":{"0":"post-151331","1":"product","2":"type-product","3":"status-publish","4":"has-post-thumbnail","6":"product_cat-micro-sd-minneskort","7":"product_shipping_class-postnord-varubrev","8":"tm-no-options","10":"first","11":"outofstock","12":"sale","13":"taxable","14":"shipping-taxable","15":"purchasable","16":"product-type-simple"},"acf":[],"_links":{"self":[{"href":"https:\/\/secureus.se\/pl\/wp-json\/wp\/v2\/product\/151331","targetHints":{"allow":["GET"]}}],"collection":[{"href":"https:\/\/secureus.se\/pl\/wp-json\/wp\/v2\/product"}],"about":[{"href":"https:\/\/secureus.se\/pl\/wp-json\/wp\/v2\/types\/product"}],"wp:featuredmedia":[{"embeddable":true,"href":"https:\/\/secureus.se\/pl\/wp-json\/wp\/v2\/media\/162722"}],"wp:attachment":[{"href":"https:\/\/secureus.se\/pl\/wp-json\/wp\/v2\/media?parent=151331"}],"wp:term":[{"taxonomy":"product_brand","embeddable":true,"href":"https:\/\/secureus.se\/pl\/wp-json\/wp\/v2\/product_brand?post=151331"},{"taxonomy":"product_cat","embeddable":true,"href":"https:\/\/secureus.se\/pl\/wp-json\/wp\/v2\/product_cat?post=151331"},{"taxonomy":"product_tag","embeddable":true,"href":"https:\/\/secureus.se\/pl\/wp-json\/wp\/v2\/product_tag?post=151331"}],"curies":[{"name":"wp","href":"https:\/\/api.w.org\/{rel}","templated":true}]}}