{"id":151447,"date":"2023-09-27T18:04:31","date_gmt":"2023-09-27T16:04:31","guid":{"rendered":"https:\/\/secureus.se\/blindstolpe-510-2\/"},"modified":"2026-04-23T12:22:40","modified_gmt":"2026-04-23T10:22:40","slug":"blindstolpe-510","status":"publish","type":"product","link":"https:\/\/secureus.se\/pl\/blindstolpe-510\/","title":{"rendered":"S\u0142up \u015blepy 510"},"content":{"rendered":"<div>ASSA ABLOY 510 to zaczep \u015blepy, stosowany w przypadku, gdy segment bramy nie posiada zamka mechanicznego i zaczepu elektrycznego, a o\u015bcie\u017cnica jest przygotowana pod zaczep elektryczny. Nazwa s\u0142upka za\u015blepiaj\u0105cego oraz wymiary s\u0105 takie same jak s\u0142upka monta\u017cowego do elektrycznych p\u0142yt ko\u0144cowych o tej samej nazwie.<\/div>\n<div><b>W\u0142a\u015bciwo\u015bci:<\/b><\/div>\n<div>\n<ul>\n<li>Szeroko\u015b\u0107: 35 mm<\/li>\n<li>Wysoko\u015b\u0107: 180 mm<\/li>\n<\/ul>\n<\/div>","protected":false},"excerpt":{"rendered":"<h5><a href=\"https:\/\/elslutblecksguiden.se\/\" target=\"_blank\" rel=\"noopener\">Przewodnik po zamkach elektrycznych ASSA, zamkach silnikowych, blachach zaczepowych i przewodniku wymiany<\/a><\/h5>","protected":false},"featured_media":139210,"template":"","meta":{"_acf_changed":false},"product_brand":[],"product_cat":[4735],"product_tag":[2967],"class_list":{"0":"post-151447","1":"product","2":"type-product","3":"status-publish","4":"has-post-thumbnail","6":"product_cat-monteringsstolpe","7":"product_tag-rg-assa-abloy","8":"product_shipping_class-tunga-paket","9":"pa_brands-abloy","10":"tm-no-options","12":"first","13":"instock","14":"sale","15":"taxable","16":"shipping-taxable","17":"purchasable","18":"product-type-simple"},"acf":[],"_links":{"self":[{"href":"https:\/\/secureus.se\/pl\/wp-json\/wp\/v2\/product\/151447","targetHints":{"allow":["GET"]}}],"collection":[{"href":"https:\/\/secureus.se\/pl\/wp-json\/wp\/v2\/product"}],"about":[{"href":"https:\/\/secureus.se\/pl\/wp-json\/wp\/v2\/types\/product"}],"wp:featuredmedia":[{"embeddable":true,"href":"https:\/\/secureus.se\/pl\/wp-json\/wp\/v2\/media\/139210"}],"wp:attachment":[{"href":"https:\/\/secureus.se\/pl\/wp-json\/wp\/v2\/media?parent=151447"}],"wp:term":[{"taxonomy":"product_brand","embeddable":true,"href":"https:\/\/secureus.se\/pl\/wp-json\/wp\/v2\/product_brand?post=151447"},{"taxonomy":"product_cat","embeddable":true,"href":"https:\/\/secureus.se\/pl\/wp-json\/wp\/v2\/product_cat?post=151447"},{"taxonomy":"product_tag","embeddable":true,"href":"https:\/\/secureus.se\/pl\/wp-json\/wp\/v2\/product_tag?post=151447"}],"curies":[{"name":"wp","href":"https:\/\/api.w.org\/{rel}","templated":true}]}}