{"id":151626,"date":"2025-04-30T10:03:20","date_gmt":"2025-04-30T08:03:20","guid":{"rendered":"https:\/\/secureus.se\/solo-611-urban-ryggsack\/"},"modified":"2026-04-23T12:47:44","modified_gmt":"2026-04-23T10:47:44","slug":"solo-611-urban-ryggsack","status":"publish","type":"product","link":"https:\/\/secureus.se\/pl\/solo-611-urban-ryggsack\/","title":{"rendered":"Solo 611 \u2013 plecak miejski"},"content":{"rendered":"<h1>Solo 611 \u2013 plecak miejski<\/h1>\n<h3 data-start=\"307\" data-end=\"363\">Lekki i elastyczny plecak do testowania sprz\u0119tu<\/h3>\n<p data-start=\"364\" data-end=\"657\">Plecak Solo 611 Urban zosta\u0142 zaprojektowany dla technik\u00f3w i instalator\u00f3w, kt\u00f3rzy musz\u0105 wygodnie transportowa\u0107 sprz\u0119t testowy w miastach lub na du\u017cych placach budowy.<\/p>\n<p data-start=\"364\" data-end=\"657\">Mo\u017cna w nim przewozi\u0107 sprz\u0119t taki jak Solo 365, Testifire 1001\/2001 i Solo 330, a tak\u017ce kr\u00f3tkie kije teleskopowe, takie jak Solo 110 i Solo 111.<\/p>\n<h3 data-start=\"659\" data-end=\"696\">Inteligentne i konfigurowalne przegr\u00f3dki<\/h3>\n<p data-start=\"697\" data-end=\"1007\">Plecak ma regulowany system wn\u0119trza g\u0142\u00f3wnego, umo\u017cliwiaj\u0105cy przechowywanie sprz\u0119tu testowego i pr\u0119t\u00f3w akumulatorowych.<\/p>\n<p data-start=\"697\" data-end=\"1007\">Posiada wy\u015bcie\u0142an\u0105 przegrod\u0119 na laptopa lub tablet, du\u017ce kieszenie zapinane na suwak na wk\u0142ady oraz przedni\u0105 kiesze\u0144 na notatniki A4 i ma\u0142e narz\u0119dzia.<\/p>\n<p data-start=\"697\" data-end=\"1007\">Logo swojej firmy mo\u017cesz r\u00f3wnie\u017c umie\u015bci\u0107 w przezroczystej kieszeni.<\/p>\n<h3 data-start=\"1009\" data-end=\"1036\">Komfort i przeno\u015bno\u015b\u0107<\/h3>\n<p data-start=\"1037\" data-end=\"1307\">Plecak Urban Backpack Solo 611 ma szerokie, wy\u015bcie\u0142ane paski na ramiona, pas piersiowy zapewniaj\u0105cy r\u00f3wnowag\u0119 ci\u0119\u017caru i wa\u017cy mniej ni\u017c 1,5 kg.<\/p>\n<p data-start=\"1037\" data-end=\"1307\">Szybkoz\u0142\u0105czki do torby na w\u0119dki Solo 612 zapewniaj\u0105 dodatkow\u0105 elastyczno\u015b\u0107.<\/p>\n<p data-start=\"1037\" data-end=\"1307\">Mo\u017cna j\u0105 \u0142atwo przenosi\u0107 przez ca\u0142y dzie\u0144 roboczy, a jednocze\u015bnie zachowa\u0107 porz\u0105dek i ochron\u0119 sprz\u0119tu.<\/p>\n<h3 data-start=\"1309\" data-end=\"1336\">Zalety Solo 611<\/h3>\n<ul data-start=\"1337\" data-end=\"1640\">\n<li data-start=\"1337\" data-end=\"1397\">\n<p data-start=\"1339\" data-end=\"1397\">System projektowania wn\u0119trz z mo\u017cliwo\u015bci\u0105 dostosowania do potrzeb sprz\u0119tu testowego<\/p>\n<\/li>\n<li data-start=\"1398\" data-end=\"1443\">\n<p data-start=\"1400\" data-end=\"1443\">Wy\u015bcie\u0142ane przegr\u00f3dki na komputer lub tablet<\/p>\n<\/li>\n<li data-start=\"1444\" data-end=\"1502\">\n<p data-start=\"1446\" data-end=\"1502\">Zapinane na zamek kieszenie na naboje i przednia kiesze\u0144 na narz\u0119dzia<\/p>\n<\/li>\n<li data-start=\"1503\" data-end=\"1552\">\n<p data-start=\"1505\" data-end=\"1552\">Regulowane zapi\u0119cia szybkiego zwalniania do torby na w\u0119dki Solo 612<\/p>\n<\/li>\n<li data-start=\"1553\" data-end=\"1606\">\n<p data-start=\"1555\" data-end=\"1606\">Wygodne noszenie dzi\u0119ki szerokim pasom na ramiona i pasowi piersiowemu<\/p>\n<\/li>\n<li data-start=\"1607\" data-end=\"1640\">\n<p data-start=\"1609\" data-end=\"1640\">Lekka \u2013 wa\u017cy poni\u017cej 1,5 kg<\/p>\n<\/li>\n<\/ul>\n<p data-start=\"1642\" data-end=\"1669\">SPECYFIKACJA TECHNICZNA:<\/p>\n<ul data-start=\"1670\" data-end=\"2012\">\n<li data-start=\"1670\" data-end=\"1697\">\n<p data-start=\"1672\" data-end=\"1697\">Produkt: Plecak miejski<\/p>\n<\/li>\n<li data-start=\"1698\" data-end=\"1718\">\n<p data-start=\"1700\" data-end=\"1718\">Model: Solo 611<\/p>\n<\/li>\n<li data-start=\"1719\" data-end=\"1778\">\n<p data-start=\"1721\" data-end=\"1778\">Kompatybilny z: Solo 365, Testifire 1001\/2001, Solo 330<\/p>\n<\/li>\n<li data-start=\"1779\" data-end=\"1871\">\n<p data-start=\"1781\" data-end=\"1871\">Przegrody: wy\u015bcie\u0142ane na komputer\/tablet, du\u017ce kieszenie zapinane na zamek, przednia kiesze\u0144 na ma\u0142e narz\u0119dzia\/format A4<\/p>\n<\/li>\n<li data-start=\"1872\" data-end=\"1911\">\n<p data-start=\"1874\" data-end=\"1911\">Do pask\u00f3w testowych: Solo 110, Solo 111<\/p>\n<\/li>\n<li data-start=\"1912\" data-end=\"1954\">\n<p data-start=\"1914\" data-end=\"1954\">Komfort noszenia: szerokie paski na ramiona, pas piersiowy<\/p>\n<\/li>\n<li data-start=\"1955\" data-end=\"1972\">\n<p data-start=\"1957\" data-end=\"1972\">Waga: &lt;1,5 kg<\/p>\n<\/li>\n<li data-start=\"1973\" data-end=\"2012\">\n<p data-start=\"1975\" data-end=\"2012\">Materia\u0142: Wytrzyma\u0142y materia\u0142 tekstylny<\/p>\n<\/li>\n<\/ul>","protected":false},"excerpt":{"rendered":"<p>Urban Backpack Solo 611 to lekki i elastyczny plecak przeznaczony do Solo 365, Testifire 1001\/2001 i Solo 330.<\/p>\n<p>Posiada wy\u015bcie\u0142ane przegrody, regulowane paski i miejsce na sprz\u0119t testowy, ma\u0142e narz\u0119dzia i baterie, dzi\u0119ki czemu doskonale nadaje si\u0119 do pracy na wi\u0119kszych placach budowy.<\/p>","protected":false},"featured_media":151625,"template":"","meta":{"_acf_changed":false},"product_brand":[],"product_cat":[2945,4758,5072,2946],"product_tag":[],"class_list":{"0":"post-151626","1":"product","2":"type-product","3":"status-publish","4":"has-post-thumbnail","6":"product_cat-solo","7":"product_cat-forvaring-vaskor","8":"product_cat-solo-365","9":"product_cat-testifire","10":"pa_brands-solo","11":"tm-no-options","13":"first","14":"instock","15":"sale","16":"taxable","17":"shipping-taxable","18":"purchasable","19":"product-type-simple"},"acf":[],"_links":{"self":[{"href":"https:\/\/secureus.se\/pl\/wp-json\/wp\/v2\/product\/151626","targetHints":{"allow":["GET"]}}],"collection":[{"href":"https:\/\/secureus.se\/pl\/wp-json\/wp\/v2\/product"}],"about":[{"href":"https:\/\/secureus.se\/pl\/wp-json\/wp\/v2\/types\/product"}],"wp:featuredmedia":[{"embeddable":true,"href":"https:\/\/secureus.se\/pl\/wp-json\/wp\/v2\/media\/151625"}],"wp:attachment":[{"href":"https:\/\/secureus.se\/pl\/wp-json\/wp\/v2\/media?parent=151626"}],"wp:term":[{"taxonomy":"product_brand","embeddable":true,"href":"https:\/\/secureus.se\/pl\/wp-json\/wp\/v2\/product_brand?post=151626"},{"taxonomy":"product_cat","embeddable":true,"href":"https:\/\/secureus.se\/pl\/wp-json\/wp\/v2\/product_cat?post=151626"},{"taxonomy":"product_tag","embeddable":true,"href":"https:\/\/secureus.se\/pl\/wp-json\/wp\/v2\/product_tag?post=151626"}],"curies":[{"name":"wp","href":"https:\/\/api.w.org\/{rel}","templated":true}]}}