{"id":151628,"date":"2025-04-30T10:03:22","date_gmt":"2025-04-30T08:03:22","guid":{"rendered":"https:\/\/secureus.se\/solo-602-koger-for-provstanger\/"},"modified":"2026-04-08T16:02:17","modified_gmt":"2026-04-08T14:02:17","slug":"solo-602-koger-for-provstanger","status":"publish","type":"product","link":"https:\/\/secureus.se\/pl\/solo-602-koger-for-provstanger\/","title":{"rendered":"Ko\u0142czan Solo 602 do w\u0119dek testowych"},"content":{"rendered":"<h1>Ko\u0142czan Solo 602 do w\u0119dek testowych<\/h1>\n<h3 data-start=\"229\" data-end=\"266\">Praktyczny ko\u0142czan do w\u0119dek testowych<\/h3>\n<p data-start=\"267\" data-end=\"491\">Solo 602 to specjalnie zaprojektowany ko\u0142czan, kt\u00f3ry u\u0142atwia transport sztabek testowych Solo 100, Solo 108 i Solo 101.<\/p>\n<p data-start=\"267\" data-end=\"491\">Solidna konstrukcja chroni sprz\u0119t i pozwala na \u0142atwe przechowywanie wszystkiego w jednym miejscu.<\/p>\n<h3 data-start=\"493\" data-end=\"532\">Trwa\u0142a i przyjazna dla u\u017cytkownika konstrukcja<\/h3>\n<p data-start=\"533\" data-end=\"828\">Ko\u0142czan wykonany jest z trwa\u0142ego p\u0142\u00f3tna, kt\u00f3re chroni pr\u0119ty testowe przed uderzeniami i brudem.<\/p>\n<p data-start=\"533\" data-end=\"828\">Czarny design jest stylowy i profesjonalny, a pasek na rami\u0119 u\u0142atwia przenoszenie ko\u0142czanu i sprz\u0119tu mi\u0119dzy miejscami pracy.<\/p>\n<p data-start=\"533\" data-end=\"828\">Solo 602 jest r\u00f3wnie\u017c cz\u0119\u015bci\u0105 torby do przechowywania <strong data-start=\"813\" data-end=\"825\">Solo 610<\/strong>.<\/p>\n<h3 data-start=\"830\" data-end=\"857\">Zalety Solo 602<\/h3>\n<ul data-start=\"858\" data-end=\"1085\">\n<li data-start=\"858\" data-end=\"908\">\n<p data-start=\"860\" data-end=\"908\">Przeznaczony do sztang testowych Solo 100, 108 i 101<\/p>\n<\/li>\n<li data-start=\"909\" data-end=\"960\">\n<p data-start=\"911\" data-end=\"960\">Wytrzyma\u0142y materia\u0142 p\u0142\u00f3cienny zapewniaj\u0105cy bezpiecze\u0144stwo podczas transportu<\/p>\n<\/li>\n<li data-start=\"961\" data-end=\"1001\">\n<p data-start=\"963\" data-end=\"1001\">Pasek na rami\u0119 zapewniaj\u0105cy \u0142atwe i wygodne noszenie<\/p>\n<\/li>\n<li data-start=\"1002\" data-end=\"1047\">\n<p data-start=\"1004\" data-end=\"1047\">Kolor czarny odpowiedni do \u015brodowisk profesjonalnych<\/p>\n<\/li>\n<li data-start=\"1048\" data-end=\"1085\">\n<p data-start=\"1050\" data-end=\"1085\">Do\u0142\u0105czony jako ko\u0142czan do futera\u0142u Solo 610<\/p>\n<\/li>\n<\/ul>\n<p data-start=\"1087\" data-end=\"1114\"><strong>SPECYFIKACJA TECHNICZNA:<\/strong><\/p>\n<ul data-start=\"1115\" data-end=\"1403\">\n<li data-start=\"1115\" data-end=\"1160\">\n<p data-start=\"1117\" data-end=\"1160\">Produkt: Pokrowiec\/ko\u0142czan na w\u0119dki testowe<\/p>\n<\/li>\n<li data-start=\"1161\" data-end=\"1185\">\n<p data-start=\"1163\" data-end=\"1185\">Model: Solo 602-001<\/p>\n<\/li>\n<li data-start=\"1186\" data-end=\"1234\">\n<p data-start=\"1188\" data-end=\"1234\">Kompatybilny z: Solo 100, Solo 108, Solo 101<\/p>\n<\/li>\n<li data-start=\"1235\" data-end=\"1267\">\n<p data-start=\"1237\" data-end=\"1267\">Materia\u0142: p\u0142\u00f3tno, trwa\u0142e<\/p>\n<\/li>\n<li data-start=\"1268\" data-end=\"1316\">\n<p data-start=\"1270\" data-end=\"1316\">Funkcja: Ochrona i transport pr\u0119t\u00f3w testowych<\/p>\n<\/li>\n<li data-start=\"1317\" data-end=\"1358\">\n<p data-start=\"1319\" data-end=\"1358\">Transport: Pasek na rami\u0119 zapewniaj\u0105cy wygodne noszenie<\/p>\n<\/li>\n<li data-start=\"1359\" data-end=\"1374\">\n<p data-start=\"1361\" data-end=\"1374\">Kolor: czarny<\/p>\n<\/li>\n<li data-start=\"1375\" data-end=\"1403\">\n<p data-start=\"1377\" data-end=\"1403\">W zestawie: futera\u0142 Solo 610<\/p>\n<\/li>\n<\/ul>","protected":false},"excerpt":{"rendered":"<p>Solo 602 Quiver to solidny pokrowiec transportowy do w\u0119dek testowych Solo 100, 108 i 101.<\/p>\n<p>Wykonany z trwa\u0142ego p\u0142\u00f3tna, z paskiem na rami\u0119, idealny do bezpiecznego i \u0142atwego transportu na placu budowy.<\/p>","protected":false},"featured_media":151627,"template":"","meta":{"_acf_changed":false},"product_brand":[],"product_cat":[2945,4758,5088],"product_tag":[],"class_list":{"0":"post-151628","1":"product","2":"type-product","3":"status-publish","4":"has-post-thumbnail","6":"product_cat-solo","7":"product_cat-forvaring-vaskor","8":"product_cat-solo-solo","9":"pa_brands-solo","10":"tm-no-options","12":"first","13":"instock","14":"taxable","15":"shipping-taxable","16":"purchasable","17":"product-type-simple"},"acf":[],"_links":{"self":[{"href":"https:\/\/secureus.se\/pl\/wp-json\/wp\/v2\/product\/151628","targetHints":{"allow":["GET"]}}],"collection":[{"href":"https:\/\/secureus.se\/pl\/wp-json\/wp\/v2\/product"}],"about":[{"href":"https:\/\/secureus.se\/pl\/wp-json\/wp\/v2\/types\/product"}],"wp:featuredmedia":[{"embeddable":true,"href":"https:\/\/secureus.se\/pl\/wp-json\/wp\/v2\/media\/151627"}],"wp:attachment":[{"href":"https:\/\/secureus.se\/pl\/wp-json\/wp\/v2\/media?parent=151628"}],"wp:term":[{"taxonomy":"product_brand","embeddable":true,"href":"https:\/\/secureus.se\/pl\/wp-json\/wp\/v2\/product_brand?post=151628"},{"taxonomy":"product_cat","embeddable":true,"href":"https:\/\/secureus.se\/pl\/wp-json\/wp\/v2\/product_cat?post=151628"},{"taxonomy":"product_tag","embeddable":true,"href":"https:\/\/secureus.se\/pl\/wp-json\/wp\/v2\/product_tag?post=151628"}],"curies":[{"name":"wp","href":"https:\/\/api.w.org\/{rel}","templated":true}]}}