{"id":151730,"date":"2025-04-15T13:11:24","date_gmt":"2025-04-15T11:11:24","guid":{"rendered":"https:\/\/secureus.se\/?post_type=product&#038;p=151730"},"modified":"2026-03-17T11:56:57","modified_gmt":"2026-03-17T10:56:57","slug":"nodoppningsknapp-larmknapp-gron-for-utomhus-ip67-extra-gediget-utforande-for-att-tala-tuffare-miljoer","status":"publish","type":"product","link":"https:\/\/secureus.se\/pl\/nodoppningsknapp-larmknapp-gron-for-utomhus-ip67-extra-gediget-utforande-for-att-tala-tuffare-miljoer\/","title":{"rendered":"Przycisk awaryjnego otwierania \u2013 Przycisk alarmowy Zielony \u2013 Do u\u017cytku na zewn\u0105trz IP67 \u2013 Bardzo solidna konstrukcja wytrzymuj\u0105ca trudniejsze warunki"},"content":{"rendered":"<h4 class=\"\" data-start=\"406\" data-end=\"455\"><strong data-start=\"411\" data-end=\"455\">Przycisk awaryjnego zwalniania Zewn\u0119trzny IP67 \u2013 Resetowalny<\/strong><\/h4>\n<p class=\"\" data-start=\"457\" data-end=\"750\">Ten resetowalny przycisk awaryjnego zwalniania alarmu (r\u0119czny przycisk alarmowy) zaprojektowano tak, aby wytrzyma\u0142 trudne warunki zewn\u0119trzne i charakteryzowa\u0142 si\u0119 wysok\u0105 niezawodno\u015bci\u0105. Klasa ochrony IP67 oznacza, \u017ce urz\u0105dzenie jest wodoodporne i py\u0142oszczelne, co czyni je idealnym rozwi\u0105zaniem do monta\u017cu w wymagaj\u0105cych warunkach, takich jak przemys\u0142, parkingi, magazyny i inne nara\u017cone miejsca.<\/p>\n<p class=\"\" data-start=\"752\" data-end=\"1029\">Przycisk jest wyposa\u017cony w dwubiegunowe styki prze\u0142\u0105czne i ma solidn\u0105 obudow\u0119 z tworzywa sztucznego, kt\u00f3ra wytrzymuje temperatury od <strong data-start=\"894\" data-end=\"914\">-25\u00b0C do +70\u00b0C<\/strong>. Funkcja resetowania sprawia, \u017ce przycisk mo\u017cna \u0142atwo zresetowa\u0107 po aktywacji, co zmniejsza potrzeb\u0119 wymiany.<\/p>\n<p class=\"\" data-start=\"1031\" data-end=\"1220\">W komplecie znajduje si\u0119 puszka monta\u017cowa i pier\u015bcienie uszczelniaj\u0105ce, co zapewnia bezpieczny i szczelny monta\u017c.<\/p>\n<p data-start=\"1031\" data-end=\"1220\"><span style=\"text-decoration: underline;\"><strong>Produkt posiada certyfikat CE na rynki europejskie i nordyckie.<\/strong><\/span><\/p>\n<hr class=\"\" data-start=\"1222\" data-end=\"1225\" \/>\n<h4 class=\"\" data-start=\"1227\" data-end=\"1249\"><strong data-start=\"1234\" data-end=\"1249\">W\u0142a\u015bciwo\u015bci:<\/strong><\/h4>\n<ul data-start=\"1251\" data-end=\"1658\">\n<li class=\"\" data-start=\"1251\" data-end=\"1289\">\n<p class=\"\" data-start=\"1253\" data-end=\"1289\"><strong data-start=\"1253\" data-end=\"1272\">Moc znamionowa:<\/strong> 30 V pr\u0105du sta\u0142ego, maks. 2 A<\/p>\n<\/li>\n<li class=\"\" data-start=\"1290\" data-end=\"1339\">\n<p class=\"\" data-start=\"1292\" data-end=\"1339\"><strong data-start=\"1292\" data-end=\"1308\">Klasa ochrony:<\/strong> IP67 (wodoodporno\u015b\u0107 i py\u0142oszczelno\u015b\u0107)<\/p>\n<\/li>\n<li class=\"\" data-start=\"1382\" data-end=\"1426\">\n<p class=\"\" data-start=\"1384\" data-end=\"1426\"><strong data-start=\"1384\" data-end=\"1407\">Odporno\u015b\u0107 na temperatur\u0119:<\/strong> -25\u00b0C do +70\u00b0C<\/p>\n<\/li>\n<li class=\"\" data-start=\"1427\" data-end=\"1466\">\n<p class=\"\" data-start=\"1429\" data-end=\"1466\"><strong data-start=\"1429\" data-end=\"1442\">Tworzywo:<\/strong> Trwa\u0142a obudowa z tworzywa sztucznego<\/p>\n<\/li>\n<li class=\"\" data-start=\"1523\" data-end=\"1593\">\n<p class=\"\" data-start=\"1525\" data-end=\"1593\"><strong data-start=\"1525\" data-end=\"1539\">Montowanie:<\/strong> Monta\u017c na \u015bcianie za pomoc\u0105 do\u0142\u0105czonych \u015brub i uszczelek<\/p>\n<\/li>\n<li class=\"\" data-start=\"1594\" data-end=\"1658\">\n<p class=\"\" data-start=\"1596\" data-end=\"1658\"><strong data-start=\"1596\" data-end=\"1611\">U\u017cywa\u0107:<\/strong> Przycisk alarmowy, otwieranie awaryjne, r\u0119czne wyzwalanie alarmu<\/p>\n<\/li>\n<\/ul>\n<hr class=\"\" data-start=\"1660\" data-end=\"1663\" \/>\n<p class=\"\" data-start=\"1665\" data-end=\"1818\">Niezawodne i profesjonalne rozwi\u0105zanie do zarz\u0105dzania alarmami w \u015brodowiskach nara\u017conych na ataki \u2013 wybierz <strong data-start=\"1746\" data-end=\"1796\">Przycisk awaryjnego otwierania Zewn\u0119trzny IP67<\/strong>\u00a0dla zapewnienia maksymalnego bezpiecze\u0144stwa.<\/p>","protected":false},"excerpt":{"rendered":"<p><strong data-start=\"137\" data-end=\"181\">Przycisk awaryjnego zwalniania Zewn\u0119trzny IP67 \u2013 Resetowalny<\/strong><br data-start=\"181\" data-end=\"184\" \/>Solidny przycisk alarmowy o klasie ochrony IP67, przeznaczony do trudnych warunk\u00f3w pracy. Mo\u017cliwo\u015b\u0107 resetowania, wiele opcji kolorystycznych i dwubiegunowy styk prze\u0142\u0105czny umo\u017cliwiaj\u0105 elastyczne zarz\u0105dzanie alarmami.<\/p>","protected":false},"featured_media":151725,"template":"","meta":{"_acf_changed":false},"product_brand":[],"product_cat":[1830,4828,1332],"product_tag":[2937,2958],"class_list":{"0":"post-151730","1":"product","2":"type-product","3":"status-publish","4":"has-post-thumbnail","6":"product_cat-brandknappar","7":"product_cat-nodknappar","8":"product_cat-utrymning-tillbehor","9":"product_tag-oppnaknappar","10":"product_tag-stonehouse-produkt","11":"product_shipping_class-postnord-varubrev","12":"pa_brands-stonehouse-security","13":"pa_farg-gron","14":"pa_sakerhetssystem-larmtillbehor-elektronik","15":"tm-no-options","17":"first","18":"instock","19":"sale","20":"featured","21":"taxable","22":"shipping-taxable","23":"purchasable","24":"product-type-simple"},"acf":[],"_links":{"self":[{"href":"https:\/\/secureus.se\/pl\/wp-json\/wp\/v2\/product\/151730","targetHints":{"allow":["GET"]}}],"collection":[{"href":"https:\/\/secureus.se\/pl\/wp-json\/wp\/v2\/product"}],"about":[{"href":"https:\/\/secureus.se\/pl\/wp-json\/wp\/v2\/types\/product"}],"wp:featuredmedia":[{"embeddable":true,"href":"https:\/\/secureus.se\/pl\/wp-json\/wp\/v2\/media\/151725"}],"wp:attachment":[{"href":"https:\/\/secureus.se\/pl\/wp-json\/wp\/v2\/media?parent=151730"}],"wp:term":[{"taxonomy":"product_brand","embeddable":true,"href":"https:\/\/secureus.se\/pl\/wp-json\/wp\/v2\/product_brand?post=151730"},{"taxonomy":"product_cat","embeddable":true,"href":"https:\/\/secureus.se\/pl\/wp-json\/wp\/v2\/product_cat?post=151730"},{"taxonomy":"product_tag","embeddable":true,"href":"https:\/\/secureus.se\/pl\/wp-json\/wp\/v2\/product_tag?post=151730"}],"curies":[{"name":"wp","href":"https:\/\/api.w.org\/{rel}","templated":true}]}}