{"id":151765,"date":"2025-05-06T14:33:44","date_gmt":"2025-05-06T12:33:44","guid":{"rendered":"https:\/\/secureus.se\/?post_type=product&#038;p=151765"},"modified":"2026-04-20T22:24:41","modified_gmt":"2026-04-20T20:24:41","slug":"transparent-nyckel-till-larmknapp-6301059-sh-led","status":"publish","type":"product","link":"https:\/\/secureus.se\/pl\/transparent-nyckel-till-larmknapp-6301059-sh-led\/","title":{"rendered":"Przezroczysty klucz do przycisku alarmowego \u2013 6301059-SH-LED"},"content":{"rendered":"<p>Klawisz resetowania dla typu przycisku alarmowego <strong>6301059-SH-LED<\/strong><\/p>\n<p>Klucz s\u0142u\u017cy do resetowania i testowania, pasuje do wi\u0119kszo\u015bci modeli<\/p>\n<p>&nbsp;<\/p>\n<p>&nbsp;<\/p>","protected":false},"excerpt":{"rendered":"<p>Przycisk alarmu po\u017carowego \u2013 Przycisk po\u017caru \u2013 Pokrywa ochronna jako wyposa\u017cenie dodatkowe \u2013 Czerwone\/zielone przyciski alarmowe umo\u017cliwiaj\u0105ce ewakuacj\u0119<\/p>","protected":false},"featured_media":156755,"template":"","meta":{"_acf_changed":false},"product_brand":[],"product_cat":[4828,1830],"product_tag":[2422,2958,3130],"class_list":{"0":"post-151765","1":"product","2":"type-product","3":"status-publish","4":"has-post-thumbnail","6":"product_cat-nodknappar","7":"product_cat-brandknappar","8":"product_tag-rel-brand","9":"product_tag-stonehouse-produkt","10":"product_tag-tillbehor-oppna-brandknappar","11":"product_shipping_class-postnord-varubrev","12":"pa_brands-stonehouse-security","13":"tm-no-options","15":"first","16":"instock","17":"sale","18":"featured","19":"taxable","20":"shipping-taxable","21":"purchasable","22":"product-type-simple"},"acf":[],"_links":{"self":[{"href":"https:\/\/secureus.se\/pl\/wp-json\/wp\/v2\/product\/151765","targetHints":{"allow":["GET"]}}],"collection":[{"href":"https:\/\/secureus.se\/pl\/wp-json\/wp\/v2\/product"}],"about":[{"href":"https:\/\/secureus.se\/pl\/wp-json\/wp\/v2\/types\/product"}],"wp:featuredmedia":[{"embeddable":true,"href":"https:\/\/secureus.se\/pl\/wp-json\/wp\/v2\/media\/156755"}],"wp:attachment":[{"href":"https:\/\/secureus.se\/pl\/wp-json\/wp\/v2\/media?parent=151765"}],"wp:term":[{"taxonomy":"product_brand","embeddable":true,"href":"https:\/\/secureus.se\/pl\/wp-json\/wp\/v2\/product_brand?post=151765"},{"taxonomy":"product_cat","embeddable":true,"href":"https:\/\/secureus.se\/pl\/wp-json\/wp\/v2\/product_cat?post=151765"},{"taxonomy":"product_tag","embeddable":true,"href":"https:\/\/secureus.se\/pl\/wp-json\/wp\/v2\/product_tag?post=151765"}],"curies":[{"name":"wp","href":"https:\/\/api.w.org\/{rel}","templated":true}]}}