{"id":151816,"date":"2025-05-08T16:26:21","date_gmt":"2025-05-08T14:26:21","guid":{"rendered":"https:\/\/secureus.se\/aritech-kombi-rok-varme-detektor-dp721rt\/"},"modified":"2026-04-08T16:26:19","modified_gmt":"2026-04-08T14:26:19","slug":"aritech-kombi-rok-varme-detektor-dp721rt","status":"publish","type":"product","link":"https:\/\/secureus.se\/pl\/aritech-kombi-rok-varme-detektor-dp721rt\/","title":{"rendered":"Aritech Combi Czujnik dymu i ciep\u0142a DP721RT"},"content":{"rendered":"<p>Po\u0142\u0105czony czujnik dymu i ciep\u0142a z wymienn\u0105 komor\u0105 dymow\u0105, Optyczny czujnik dymu i ciep\u0142a, cztero\u017cy\u0142owy, napi\u0119cie zasilania 8,5-33 VDC, Z wyj\u015bciem przeka\u017anika prze\u0142\u0105cznego, samoczynne resetowanie IP43. Wszystkie czujniki dymu serii Aritech 700 stale monitoruj\u0105 swoj\u0105 czu\u0142o\u015b\u0107 i stan dzia\u0142ania. Dryft t\u0142a jest codziennie kompensowany w celu utrzymania oryginalnej skalibrowanej czu\u0142o\u015bci w wymaganych granicach. Raz dziennie detektor wykonuje pe\u0142ny test diagnostyczny, kt\u00f3ry obejmuje dynamiczne testy komory pomiarowej i wewn\u0119trznej elektroniki. Je\u015bli detektor znajdzie si\u0119 poza zasi\u0119giem lub nie przejdzie wewn\u0119trznego testu diagnostycznego, fakt ten zostanie zg\u0142oszony do panelu, a na detektorze zostanie wy\u015bwietlona \u017c\u00f3\u0142ta dioda jako usterka.<\/p>","protected":false},"excerpt":{"rendered":"<p>Po\u0142\u0105czony czujnik dymu i ciep\u0142a, wymienna komora dymowa. Optyczny czujnik dymu i ciep\u0142a. Cztero\u017cy\u0142owy, napi\u0119cie zasilania 8,5-33 VDC. `Z wyj\u015bciem przeka\u017anika prze\u0142\u0105czaj\u0105cego IP43<\/p>\n<p>Automatyczna autodiagnostyka<br \/>\nBadania na miejscu bez dodatkowego sprz\u0119tu pomiarowego<br \/>\nCzujnik optyczny z komor\u0105, kt\u00f3r\u0105 mo\u017cna wymieni\u0107 na miejscu i podda\u0107 recyklingowi (przyjazny dla \u015brodowiska)<br \/>\nOddzielne diody LED sygnalizuj\u0105ce po\u017car i awari\u0119<br \/>\nMo\u017cliwo\u015b\u0107 zasilania pr\u0105dem sta\u0142ym o napi\u0119ciu 12\u201324 V<\/p>","protected":false},"featured_media":151815,"template":"","meta":{"_acf_changed":false},"product_brand":[],"product_cat":[3373,4157],"product_tag":[],"class_list":{"0":"post-151816","1":"product","2":"type-product","3":"status-publish","4":"has-post-thumbnail","6":"product_cat-rokdetektorer","7":"product_cat-varmedetektor","8":"pa_brands-aritech","9":"tm-no-options","11":"first","12":"outofstock","13":"sale","14":"taxable","15":"shipping-taxable","16":"purchasable","17":"product-type-simple"},"acf":[],"_links":{"self":[{"href":"https:\/\/secureus.se\/pl\/wp-json\/wp\/v2\/product\/151816","targetHints":{"allow":["GET"]}}],"collection":[{"href":"https:\/\/secureus.se\/pl\/wp-json\/wp\/v2\/product"}],"about":[{"href":"https:\/\/secureus.se\/pl\/wp-json\/wp\/v2\/types\/product"}],"wp:featuredmedia":[{"embeddable":true,"href":"https:\/\/secureus.se\/pl\/wp-json\/wp\/v2\/media\/151815"}],"wp:attachment":[{"href":"https:\/\/secureus.se\/pl\/wp-json\/wp\/v2\/media?parent=151816"}],"wp:term":[{"taxonomy":"product_brand","embeddable":true,"href":"https:\/\/secureus.se\/pl\/wp-json\/wp\/v2\/product_brand?post=151816"},{"taxonomy":"product_cat","embeddable":true,"href":"https:\/\/secureus.se\/pl\/wp-json\/wp\/v2\/product_cat?post=151816"},{"taxonomy":"product_tag","embeddable":true,"href":"https:\/\/secureus.se\/pl\/wp-json\/wp\/v2\/product_tag?post=151816"}],"curies":[{"name":"wp","href":"https:\/\/api.w.org\/{rel}","templated":true}]}}