{"id":152197,"date":"2025-05-20T14:56:08","date_gmt":"2025-05-20T12:56:08","guid":{"rendered":"https:\/\/secureus.se\/?post_type=product&#038;p=152197"},"modified":"2026-02-25T13:05:47","modified_gmt":"2026-02-25T12:05:47","slug":"elektrisk-musfalla-rattfalla-wi-fi-fanga-skadedjuren-smart-och-sakert","status":"publish","type":"product","link":"https:\/\/secureus.se\/pl\/elektrisk-musfalla-rattfalla-wi-fi-fanga-skadedjuren-smart-och-sakert\/","title":{"rendered":"Elektryczna pu\u0142apka na myszy\/szczury Wi-Fi \u2013 sterowana aplikacj\u0105 \u2013 ekologiczna \u2013 \u0142ap szkodniki inteligentnie i bezpiecznie"},"content":{"rendered":"<p data-start=\"577\" data-end=\"727\">Ekologiczna, inteligentna i higieniczna pu\u0142apka na myszy i szczury, kt\u00f3ra zabija szybkim impulsem elektrycznym i wysy\u0142a powiadomienie push na telefon kom\u00f3rkowy w momencie ataku. Zasilane bateryjnie, bezwonne i \u0142atwe do czyszczenia \u2013 idealne do kuchni, gara\u017cy i magazyn\u00f3w.<\/p>\n<p class=\"\" data-start=\"577\" data-end=\"727\">Unikaj tradycyjnych pu\u0142apek i tablic z klejem. Z naszym <strong data-start=\"636\" data-end=\"673\">Elektryczna pu\u0142apka na myszy i szczury Wi-Fi<\/strong> Zwalczanie szkodnik\u00f3w staje si\u0119 higieniczne i inteligentne:<\/p>\n<ol data-start=\"729\" data-end=\"1138\">\n<li class=\"\" data-start=\"729\" data-end=\"797\">\n<p class=\"\" data-start=\"732\" data-end=\"797\"><strong data-start=\"732\" data-end=\"744\">Wystawa<\/strong> pu\u0142apka w miejscu, w kt\u00f3rym widzisz aktywno\u015b\u0107 \u2013 kuchnia, pomieszczenie gospodarcze, gara\u017c.<\/p>\n<\/li>\n<li class=\"\" data-start=\"798\" data-end=\"888\">\n<p class=\"\" data-start=\"801\" data-end=\"888\"><strong data-start=\"801\" data-end=\"815\">Po\u0142\u0105cz aplikacj\u0119<\/strong> przez <strong>2,4 GHz<\/strong>-Wi-Fi\/Bluetooth 5.0 i podgl\u0105d statusu na \u017cywo bezpo\u015brednio na telefonie.<\/p>\n<\/li>\n<li class=\"\" data-start=\"889\" data-end=\"948\">\n<p class=\"\" data-start=\"892\" data-end=\"948\"><strong data-start=\"892\" data-end=\"901\">Poci\u0105ga\u0107<\/strong> z przyn\u0119t\u0105 wed\u0142ug w\u0142asnego wyboru w wyjmowanym pojemniku na jedzenie.<\/p>\n<\/li>\n<li class=\"\" data-start=\"949\" data-end=\"1084\">\n<p class=\"\" data-start=\"952\" data-end=\"1084\"><strong data-start=\"952\" data-end=\"964\">Zosta\u0144 powiadomiony<\/strong> Po z\u0142apaniu myszy\/szczura pu\u0142apka wysy\u0142a szybki impuls elektryczny i utrzymuje wysokie napi\u0119cie przez 2 minuty, aby zapewni\u0107 maksymaln\u0105 skuteczno\u015b\u0107.<\/p>\n<\/li>\n<li class=\"\" data-start=\"1085\" data-end=\"1138\">\n<p class=\"\" data-start=\"1088\" data-end=\"1138\"><strong data-start=\"1088\" data-end=\"1104\">Pusty i czysty<\/strong> nie dotykaj\u0105c szkodnika. Jasne!<\/p>\n<\/li>\n<\/ol>\n<p class=\"\" data-start=\"1140\" data-end=\"1237\">Pu\u0142apka nadaje si\u0119 zar\u00f3wno dla os\u00f3b prywatnych, jak i profesjonalist\u00f3w, kt\u00f3rzy chc\u0105 zredukowa\u0107 ryzyko obra\u017ce\u0144, nieprzyjemnego zapachu i niepotrzebnego cierpienia.<\/p>\n<hr class=\"\" data-start=\"2106\" data-end=\"2109\" \/>\n<h2 class=\"\" data-start=\"2111\" data-end=\"2158\"><strong data-start=\"2114\" data-end=\"2158\">Jak zamontowa\u0107 pu\u0142apk\u0119 (krok po kroku)<\/strong><\/h2>\n<ol data-start=\"2160\" data-end=\"2542\">\n<li class=\"\" data-start=\"2160\" data-end=\"2201\">\n<p class=\"\" data-start=\"2163\" data-end=\"2201\"><strong data-start=\"2163\" data-end=\"2179\">Otw\u00f3rz pokryw\u0119<\/strong> i wyjmij z lunchboxa.<\/p>\n<\/li>\n<li class=\"\" data-start=\"2202\" data-end=\"2294\">\n<p class=\"\" data-start=\"2205\" data-end=\"2294\"><strong data-start=\"2205\" data-end=\"2227\">W\u0142\u00f3\u017c baterie<\/strong> (4 baterie AA). Zamknij pokryw\u0119 i przytrzymaj przycisk resetowania przez 3 sekundy, aby sparowa\u0107.<\/p>\n<\/li>\n<li class=\"\" data-start=\"2295\" data-end=\"2368\">\n<p class=\"\" data-start=\"2298\" data-end=\"2368\"><strong data-start=\"2298\" data-end=\"2315\">Nape\u0142nij pude\u0142ko na lunch<\/strong> z mas\u0142em orzechowym, serem lub inn\u0105 atrakcyjn\u0105 przyn\u0119t\u0105.<\/p>\n<\/li>\n<li class=\"\" data-start=\"2369\" data-end=\"2454\">\n<p class=\"\" data-start=\"2372\" data-end=\"2454\"><strong data-start=\"2372\" data-end=\"2385\">Po\u0142\u0105czy\u0107<\/strong> i ustaw pu\u0142apk\u0119 tak, aby wej\u015bcie znajdowa\u0142o si\u0119 wzd\u0142u\u017c \u015bciany, po kt\u00f3rej poruszaj\u0105 si\u0119 gryzonie.<\/p>\n<\/li>\n<li class=\"\" data-start=\"2455\" data-end=\"2542\">\n<p class=\"\" data-start=\"2458\" data-end=\"2542\"><strong data-start=\"2458\" data-end=\"2474\">Uruchom aplikacj\u0119<\/strong> i post\u0119puj zgodnie z instrukcjami, aby doda\u0107 urz\u0105dzenie do sieci Wi-Fi.<\/p>\n<\/li>\n<\/ol>\n<blockquote data-start=\"2544\" data-end=\"2621\">\n<p class=\"\" data-start=\"2546\" data-end=\"2621\"><strong data-start=\"2546\" data-end=\"2555\">Wskaz\u00f3wka:<\/strong> Umie\u015b\u0107 pu\u0142apk\u0119 w zasi\u0119gu sieci Wi-Fi, aby zapewni\u0107 sobie powiadomienia push.<\/p>\n<\/blockquote>\n<hr class=\"\" data-start=\"2623\" data-end=\"2626\" \/>\n<h2 class=\"\" data-start=\"2628\" data-end=\"2655\"><strong data-start=\"2631\" data-end=\"2655\">Cz\u0119sto zadawane pytania (FAQ)<\/strong><\/h2>\n<p class=\"\" data-start=\"2657\" data-end=\"2767\"><strong data-start=\"2657\" data-end=\"2690\">Jak najlepiej umie\u015bci\u0107 pu\u0142apk\u0119?<\/strong><br data-start=\"2690\" data-end=\"2693\" \/>Wzd\u0142u\u017c \u015bcian, za urz\u0105dzeniami lub w pobli\u017cu \u017ar\u00f3de\u0142 po\u017cywienia\/wody, gdzie mo\u017cna dostrzec \u015blady.<\/p>\n<p class=\"\" data-start=\"2769\" data-end=\"2908\"><strong data-start=\"2769\" data-end=\"2788\">Jak czy\u015bci\u0107?<\/strong><br data-start=\"2788\" data-end=\"2791\" \/>Za\u0142\u00f3\u017c r\u0119kawiczki, roz\u0142aduj pude\u0142ko z \u017cywno\u015bci\u0105 i pude\u0142ko z datkami. Wyp\u0142uka\u0107 w gor\u0105cej wodzie z dodatkiem detergentu, dok\u0142adnie osuszy\u0107 i ponownie z\u0142o\u017cy\u0107.<\/p>\n<p class=\"\" data-start=\"2910\" data-end=\"3036\"><strong data-start=\"2910\" data-end=\"2952\">Czy musz\u0119 codziennie sprawdza\u0107 pu\u0142apk\u0119?<\/strong><br data-start=\"2952\" data-end=\"2955\" \/>Powiadomienia z aplikacji zazwyczaj wystarczaj\u0105, jednak ze wzgl\u0119d\u00f3w higienicznych zaleca si\u0119 wizyt\u0119 osobist\u0105 raz dziennie.<\/p>\n<p class=\"\" data-start=\"3038\" data-end=\"3166\"><strong data-start=\"3038\" data-end=\"3072\">Czy jest bezpieczny dla dzieci i zwierz\u0105t domowych?<\/strong><br data-start=\"3072\" data-end=\"3075\" \/>Tak, ale w takim przypadku w\u0142\u0105cza si\u0119 wysokie napi\u0119cie \u2013 nale\u017cy przechowywa\u0107 je w miejscu niedost\u0119pnym dla dzieci i zawsze wyjmowa\u0107 baterie przed przyst\u0105pieniem do prac serwisowych.<\/p>\n<p data-start=\"3038\" data-end=\"3166\"><strong data-start=\"3038\" data-end=\"3072\">Z kt\u00f3rej aplikacji korzystasz?<br \/>\n<\/strong>Pu\u0142apka jest kompatybilna m.in. z Tuya, Smart Life i aplikacj\u0105 Stonehouse Smart.<\/p>\n<hr class=\"\" data-start=\"3168\" data-end=\"3171\" \/>\n<h2 class=\"\" data-start=\"3173\" data-end=\"3198\"><strong data-start=\"3176\" data-end=\"3198\">Pakiet zawiera<\/strong><\/h2>\n<ul data-start=\"3200\" data-end=\"3323\">\n<li class=\"\" data-start=\"3200\" data-end=\"3238\">\n<p class=\"\" data-start=\"3202\" data-end=\"3238\">1 \u00d7 Elektryczna pu\u0142apka na myszy\/szczury Wi-Fi<\/p>\n<\/li>\n<li class=\"\" data-start=\"3239\" data-end=\"3264\">\n<p class=\"\" data-start=\"3241\" data-end=\"3264\">1 \u00d7 Wyjmowany pojemnik na lunch<\/p>\n<\/li>\n<li class=\"\" data-start=\"3265\" data-end=\"3298\">\n<p class=\"\" data-start=\"3267\" data-end=\"3298\">1 \u00d7 Instrukcja (szwedzki\/angielski)<\/p>\n<\/li>\n<li class=\"\" data-start=\"3299\" data-end=\"3323\">\n<p class=\"\" data-start=\"3301\" data-end=\"3323\"><strong data-start=\"3301\" data-end=\"3323\">Baterie nie s\u0105 do\u0142\u0105czone<\/strong><\/p>\n<\/li>\n<\/ul>\n<hr class=\"\" data-start=\"3325\" data-end=\"3328\" \/>\n<h2 class=\"\" data-start=\"1244\" data-end=\"1275\"><strong data-start=\"1247\" data-end=\"1275\">Specyfikacje techniczne<\/strong><\/h2>\n<div class=\"_tableContainer_16hzy_1\">\n<div class=\"_tableWrapper_16hzy_14 group flex w-fit flex-col-reverse\">\n<table class=\"w-fit min-w-(--thread-content-width)\" data-start=\"1277\" data-end=\"1633\">\n<thead data-start=\"1277\" data-end=\"1298\">\n<tr data-start=\"1277\" data-end=\"1298\">\n<th data-start=\"1277\" data-end=\"1289\" data-col-size=\"sm\">Parametr<\/th>\n<th data-start=\"1289\" data-end=\"1298\" data-col-size=\"md\">Warto\u015b\u0107<\/th>\n<\/tr>\n<\/thead>\n<tbody data-start=\"1321\" data-end=\"1633\">\n<tr data-start=\"1321\" data-end=\"1366\">\n<td data-start=\"1321\" data-end=\"1340\" data-col-size=\"sm\">Zasilanie<\/td>\n<td data-col-size=\"md\" data-start=\"1340\" data-end=\"1366\">4 x 1,5 V AA\/LR6 (6 V)<\/td>\n<\/tr>\n<tr data-start=\"1367\" data-end=\"1395\">\n<td data-start=\"1367\" data-end=\"1384\" data-col-size=\"sm\">Moc czuwania<\/td>\n<td data-col-size=\"md\" data-start=\"1384\" data-end=\"1395\">52,5 \u00b5A<\/td>\n<\/tr>\n<tr data-start=\"1396\" data-end=\"1455\">\n<td data-start=\"1396\" data-end=\"1407\" data-col-size=\"sm\">Bezprzewodowy<\/td>\n<td data-col-size=\"md\" data-start=\"1407\" data-end=\"1455\">Wi-Fi 802.11 b\/g\/n (2,4 GHz) \/ Bluetooth 5.0<\/td>\n<\/tr>\n<tr data-start=\"1456\" data-end=\"1489\">\n<td data-start=\"1456\" data-end=\"1467\" data-col-size=\"sm\">Zakres<\/td>\n<td data-col-size=\"md\" data-start=\"1467\" data-end=\"1489\">oko\u0142o 45 m (widoczno\u015b\u0107 niezak\u0142\u00f3cona)<\/td>\n<\/tr>\n<tr data-start=\"1490\" data-end=\"1540\">\n<td data-start=\"1490\" data-end=\"1504\" data-col-size=\"sm\">Temperatura pracy<\/td>\n<td data-col-size=\"md\" data-start=\"1504\" data-end=\"1540\">\u221210 \u00b0C \u2026 +60 \u00b0C (14 \u00b0F \u2026 140 \u00b0F)<\/td>\n<\/tr>\n<tr data-start=\"1541\" data-end=\"1595\">\n<td data-start=\"1541\" data-end=\"1557\" data-col-size=\"sm\">Wilgotno\u015b\u0107<\/td>\n<td data-start=\"1557\" data-end=\"1595\" data-col-size=\"md\">1 % \u2026 85 % RH (bez kondensacji)<\/td>\n<\/tr>\n<tr data-start=\"1596\" data-end=\"1633\">\n<td data-start=\"1596\" data-end=\"1611\" data-col-size=\"sm\">Wymiary (d\u0142. \u00d7 szer. \u00d7 wys.)<\/td>\n<td data-col-size=\"md\" data-start=\"1611\" data-end=\"1633\">Wymiary: 222 \u00d7 112 \u00d7 120 mm<\/td>\n<\/tr>\n<\/tbody>\n<\/table>\n<div class=\"sticky end-(--thread-content-margin) h-0 self-end select-none\">\n<div class=\"absolute end-0 flex items-end\"><\/div>\n<\/div>\n<\/div>\n<\/div>\n<hr class=\"\" data-start=\"1635\" data-end=\"1638\" \/>\n<h2 class=\"\" data-start=\"1640\" data-end=\"1673\"><strong data-start=\"1643\" data-end=\"1673\">Wska\u017anik LED \u2013 kr\u00f3tki przewodnik<\/strong><\/h2>\n<div class=\"_tableContainer_16hzy_1\">\n<div class=\"_tableWrapper_16hzy_14 group flex w-fit flex-col-reverse\">\n<table class=\"w-fit min-w-(--thread-content-width)\" data-start=\"1675\" data-end=\"2104\">\n<thead data-start=\"1675\" data-end=\"1702\">\n<tr data-start=\"1675\" data-end=\"1702\">\n<th data-start=\"1675\" data-end=\"1688\" data-col-size=\"sm\">Tryb urz\u0105dzenia<\/th>\n<th data-start=\"1688\" data-end=\"1702\" data-col-size=\"md\">Sygna\u0142 LED<\/th>\n<\/tr>\n<\/thead>\n<tbody data-start=\"1731\" data-end=\"2104\">\n<tr data-start=\"1731\" data-end=\"1796\">\n<td data-start=\"1731\" data-end=\"1757\" data-col-size=\"sm\">Parowanie Wi-Fi\/Bluetooth<\/td>\n<td data-col-size=\"md\" data-start=\"1757\" data-end=\"1796\"><strong data-start=\"1759\" data-end=\"1767\">Zielony<\/strong> miga szybko (2 \u00d7 \/ sek.)<\/td>\n<\/tr>\n<tr data-start=\"1797\" data-end=\"1858\">\n<td data-start=\"1797\" data-end=\"1817\" data-col-size=\"sm\">Tryb AP\/Bluetooth<\/td>\n<td data-col-size=\"md\" data-start=\"1817\" data-end=\"1858\"><strong data-start=\"1819\" data-end=\"1827\">Zielony<\/strong> miga powoli (co 2 sekundy)<\/td>\n<\/tr>\n<tr data-start=\"1859\" data-end=\"1914\">\n<td data-start=\"1859\" data-end=\"1876\" data-col-size=\"sm\">\u0141apie gryzonie<\/td>\n<td data-col-size=\"md\" data-start=\"1876\" data-end=\"1914\"><strong data-start=\"1878\" data-end=\"1885\">Czerwony<\/strong> \u015bwieci przez 1 minut\u0119, miga przez 1 minut\u0119<\/td>\n<\/tr>\n<tr data-start=\"1915\" data-end=\"1991\">\n<td data-start=\"1915\" data-end=\"1932\" data-col-size=\"sm\">Z\u0142apany gryzo\u0144<\/td>\n<td data-col-size=\"md\" data-start=\"1932\" data-end=\"1991\"><strong data-start=\"1934\" data-end=\"1941\">Czerwony<\/strong> miga 10 razy, powtarza si\u0119 co 5 minut (maks. 30 minut)<\/td>\n<\/tr>\n<tr data-start=\"1992\" data-end=\"2047\">\n<td data-start=\"1992\" data-end=\"2007\" data-col-size=\"sm\">OTA budzik<\/td>\n<td data-col-size=\"md\" data-start=\"2007\" data-end=\"2047\">Trzyma\u0107 <strong data-start=\"2014\" data-end=\"2029\">przycisk resetowania<\/strong> 1 s (zielone \u015bwiat\u0142o ci\u0105g\u0142e)<\/td>\n<\/tr>\n<tr data-start=\"2048\" data-end=\"2104\">\n<td data-start=\"2048\" data-end=\"2064\" data-col-size=\"sm\">Przywracanie ustawie\u0144 fabrycznych<\/td>\n<td data-col-size=\"md\" data-start=\"2064\" data-end=\"2104\">Trzyma\u0107 <strong data-start=\"2071\" data-end=\"2086\">przycisk resetowania<\/strong> 6 s (zielone \u015bwiat\u0142o ci\u0105g\u0142e)<\/td>\n<\/tr>\n<\/tbody>\n<\/table>\n<div class=\"sticky end-(--thread-content-margin) h-0 self-end select-none\">\n<div class=\"absolute end-0 flex items-end\">\n<hr class=\"\" data-start=\"1635\" data-end=\"1638\" \/>\n<\/div>\n<\/div>\n<\/div>\n<\/div>\n<h2 class=\"\" data-start=\"3330\" data-end=\"3357\"><strong data-start=\"3333\" data-end=\"3357\">Informacje dotycz\u0105ce bezpiecze\u0144stwa<\/strong><\/h2>\n<ul data-start=\"3359\" data-end=\"3612\">\n<li class=\"\" data-start=\"3359\" data-end=\"3429\">\n<p class=\"\" data-start=\"3361\" data-end=\"3429\">U\u017cywany <strong data-start=\"3368\" data-end=\"3378\">tylko<\/strong> alkaliczny, <strong data-start=\"3390\" data-end=\"3396\">nie<\/strong> akumulatory typu AA.<\/p>\n<\/li>\n<li class=\"\" data-start=\"3430\" data-end=\"3499\">\n<p class=\"\" data-start=\"3432\" data-end=\"3499\">Rura <strong data-start=\"3436\" data-end=\"3446\">Nigdy<\/strong> metalowe p\u0142ytki wewn\u0105trz pu\u0142apki po jej aktywacji.<\/p>\n<\/li>\n<li class=\"\" data-start=\"3500\" data-end=\"3559\">\n<p class=\"\" data-start=\"3502\" data-end=\"3559\">Trzyma\u0107 z dala od wody; Cz\u0119\u015bci wyjmowane nale\u017cy czy\u015bci\u0107 oddzielnie.<\/p>\n<\/li>\n<li class=\"\" data-start=\"3560\" data-end=\"3612\">\n<p class=\"\" data-start=\"3562\" data-end=\"3612\">Przed ka\u017cdym opr\u00f3\u017cnianiem nale\u017cy wy\u0142\u0105czy\u0107 urz\u0105dzenie (przyciskiem Power\/Clear).<\/p>\n<\/li>\n<\/ul>","protected":false},"excerpt":{"rendered":"<ul>\n<li class=\"\" data-start=\"112\" data-end=\"164\">\n<p class=\"\" data-start=\"114\" data-end=\"164\">\u26a1 <strong data-start=\"116\" data-end=\"137\">Natychmiastowy wstrz\u0105s elektryczny<\/strong> \u2013 humanitarne, szybkie zabijanie<\/p>\n<\/li>\n<li class=\"\" data-start=\"165\" data-end=\"237\">\n<p class=\"\" data-start=\"167\" data-end=\"237\">\ud83d\udcf1 <strong data-start=\"170\" data-end=\"188\">Po\u0142\u0105czono z Wi-Fi<\/strong> \u2013 otrzymuj powiadomienia push na sw\u00f3j telefon kom\u00f3rkowy, gdy pu\u0142apka zostanie uruchomiona<\/p>\n<\/li>\n<li class=\"\" data-start=\"238\" data-end=\"314\">\n<p class=\"\" data-start=\"240\" data-end=\"314\">\ud83d\udd0b <strong data-start=\"243\" data-end=\"272\">Zasilany 4 bateriami AA<\/strong> \u2013 bez kabli, do 6 miesi\u0119cy czuwania<\/p>\n<\/li>\n<li class=\"\" data-start=\"315\" data-end=\"377\">\n<p class=\"\" data-start=\"317\" data-end=\"377\">\ud83e\uddfd <strong data-start=\"320\" data-end=\"340\">\u0141atwe do czyszczenia<\/strong> \u2013 wyjmowany pojemnik na lunch i pojemnik na odpady<\/p>\n<\/li>\n<li class=\"\" data-start=\"378\" data-end=\"454\">\n<p class=\"\" data-start=\"380\" data-end=\"454\">\ud83c\udf21\ufe0f <strong data-start=\"384\" data-end=\"402\">Wytrzymuje trudne warunki \u015brodowiskowe<\/strong> \u2013 dzia\u0142a w temp. od \u221210 \u00b0C do +60 \u00b0C i przy wysokiej wilgotno\u015bci<\/p>\n<\/li>\n<li class=\"\" data-start=\"455\" data-end=\"543\">\n<p class=\"\" data-start=\"457\" data-end=\"543\">\ud83d\udc76 <strong data-start=\"460\" data-end=\"485\">Blokada dla dzieci i zwierz\u0105t<\/strong> \u2013 wysokie napi\u0119cie jest aktywowane tylko wtedy, gdy gryzo\u0144 jest ju\u017c ca\u0142kowicie w \u015brodku<\/p>\n<\/li>\n<\/ul>","protected":false},"featured_media":152377,"template":"","meta":{"_acf_changed":false},"product_brand":[],"product_cat":[4663,4764],"product_tag":[],"class_list":{"0":"post-152197","1":"product","2":"type-product","3":"status-publish","4":"has-post-thumbnail","6":"product_cat-smart-home","7":"product_cat-smart-djur-natur","8":"pa_brands-stonehouse-smart","9":"tm-no-options","11":"first","12":"outofstock","13":"sale","14":"taxable","15":"shipping-taxable","16":"purchasable","17":"product-type-simple"},"acf":[],"_links":{"self":[{"href":"https:\/\/secureus.se\/pl\/wp-json\/wp\/v2\/product\/152197","targetHints":{"allow":["GET"]}}],"collection":[{"href":"https:\/\/secureus.se\/pl\/wp-json\/wp\/v2\/product"}],"about":[{"href":"https:\/\/secureus.se\/pl\/wp-json\/wp\/v2\/types\/product"}],"wp:featuredmedia":[{"embeddable":true,"href":"https:\/\/secureus.se\/pl\/wp-json\/wp\/v2\/media\/152377"}],"wp:attachment":[{"href":"https:\/\/secureus.se\/pl\/wp-json\/wp\/v2\/media?parent=152197"}],"wp:term":[{"taxonomy":"product_brand","embeddable":true,"href":"https:\/\/secureus.se\/pl\/wp-json\/wp\/v2\/product_brand?post=152197"},{"taxonomy":"product_cat","embeddable":true,"href":"https:\/\/secureus.se\/pl\/wp-json\/wp\/v2\/product_cat?post=152197"},{"taxonomy":"product_tag","embeddable":true,"href":"https:\/\/secureus.se\/pl\/wp-json\/wp\/v2\/product_tag?post=152197"}],"curies":[{"name":"wp","href":"https:\/\/api.w.org\/{rel}","templated":true}]}}