{"id":152352,"date":"2025-05-20T16:02:20","date_gmt":"2025-05-20T14:02:20","guid":{"rendered":"https:\/\/secureus.se\/?post_type=product&#038;p=152352"},"modified":"2026-03-03T15:42:00","modified_gmt":"2026-03-03T14:42:00","slug":"automatiskt-bevattningssystem-appstyrd-wi-fi-smart-bevattningskontroll","status":"publish","type":"product","link":"https:\/\/secureus.se\/pl\/automatiskt-bevattningssystem-appstyrd-wi-fi-smart-bevattningskontroll\/","title":{"rendered":"Automatyczny system nawadniania \u2013 sterowanie aplikacj\u0105 \u2013 Wi-Fi \u2013 inteligentne sterowanie nawadnianiem \u2013 podlewaj gdziekolwiek jeste\u015b!"},"content":{"rendered":"<p class=\"\" data-start=\"696\" data-end=\"912\">Uczy\u0144 swoje wakacje wolnymi od zmartwie\u0144 i unikaj codziennego mycia r\u0105k. <strong data-start=\"755\" data-end=\"786\">Inteligentne nawadnianie kropelkowe Wi-Fi<\/strong> to kompletny, \u0142adowalny system nawadniania kropelkowego, kt\u00f3ry dostarcza Twoim ro\u015blinom dok\u0142adnie tak\u0105 ilo\u015b\u0107 wody, jak\u0105 potrzebujesz \u2014 sterowany bezpo\u015brednio z telefonu kom\u00f3rkowego.<\/p>\n<ol data-start=\"914\" data-end=\"1302\">\n<li class=\"\" data-start=\"914\" data-end=\"982\">\n<p class=\"\" data-start=\"917\" data-end=\"982\"><strong data-start=\"917\" data-end=\"933\">Zawie\u015b urz\u0105dzenie<\/strong> przy \u017ar\u00f3dle wody (wiadrze, puszce lub beczce na deszcz\u00f3wk\u0119).<\/p>\n<\/li>\n<li class=\"\" data-start=\"983\" data-end=\"1064\">\n<p class=\"\" data-start=\"986\" data-end=\"1064\"><strong data-start=\"986\" data-end=\"999\">W\u0105\u017c poci\u0105gowy<\/strong> (maks. 15 m) do <strong data-start=\"1025\" data-end=\"1034\">10 szt.<\/strong> regulowane dysze kropluj\u0105ce.<\/p>\n<\/li>\n<li class=\"\" data-start=\"1065\" data-end=\"1146\">\n<p class=\"\" data-start=\"1068\" data-end=\"1146\"><strong data-start=\"1068\" data-end=\"1081\">Po\u0142\u0105cz si\u0119 w par\u0119<\/strong> poprzez Bluetooth, dodaj Wi-Fi 2,4 GHz w <em data-start=\"1125\" data-end=\"1137\">Inteligentne \u017cycie<\/em>aplikacja.<\/p>\n<\/li>\n<li class=\"\" data-start=\"1147\" data-end=\"1234\">\n<p class=\"\" data-start=\"1150\" data-end=\"1234\"><strong data-start=\"1150\" data-end=\"1166\">Ustaw harmonogram<\/strong> (np. 30 sek. co 12 godzin) lub uruchom r\u0119cznie, gdziekolwiek jeste\u015b.<\/p>\n<\/li>\n<li class=\"\" data-start=\"1235\" data-end=\"1302\">\n<p class=\"\" data-start=\"1238\" data-end=\"1302\"><strong data-start=\"1238\" data-end=\"1255\">\u0141aduj spokojnie<\/strong> \u2013 Obudowa IP66 jest odporna na s\u0142o\u0144ce, deszcz i kurz.<\/p>\n<\/li>\n<\/ol>\n<blockquote data-start=\"1304\" data-end=\"1381\">\n<p class=\"\" data-start=\"1306\" data-end=\"1381\"><strong data-start=\"1306\" data-end=\"1316\">Premia:<\/strong> Zintegruj z Google Home\/Alexa i powiedz \u201ePodlej ro\u015bliny\u201d \u2013 gotowe!<\/p>\n<\/blockquote>\n<hr class=\"\" data-start=\"1383\" data-end=\"1386\" \/>\n<h2 class=\"\" data-start=\"1388\" data-end=\"1419\"><strong data-start=\"1391\" data-end=\"1419\">Specyfikacje techniczne<\/strong><\/h2>\n<div class=\"_tableContainer_16hzy_1\">\n<div class=\"_tableWrapper_16hzy_14 group flex w-fit flex-col-reverse\">\n<table class=\"w-fit min-w-(--thread-content-width)\" data-start=\"1421\" data-end=\"1825\">\n<thead data-start=\"1421\" data-end=\"1442\">\n<tr data-start=\"1421\" data-end=\"1442\">\n<th data-start=\"1421\" data-end=\"1433\" data-col-size=\"sm\">Parametr<\/th>\n<th data-start=\"1433\" data-end=\"1442\" data-col-size=\"md\">Warto\u015b\u0107<\/th>\n<\/tr>\n<\/thead>\n<tbody data-start=\"1465\" data-end=\"1825\">\n<tr data-start=\"1465\" data-end=\"1505\">\n<td data-start=\"1465\" data-end=\"1484\" data-col-size=\"sm\">Zasilanie<\/td>\n<td data-start=\"1484\" data-end=\"1505\" data-col-size=\"md\">5 V \u2393 2 A (USB-C)<\/td>\n<\/tr>\n<tr data-start=\"1506\" data-end=\"1558\">\n<td data-start=\"1506\" data-end=\"1516\" data-col-size=\"sm\">Bateria<\/td>\n<td data-start=\"1516\" data-end=\"1558\" data-col-size=\"md\">Wbudowany akumulator litowo-jonowy 18650, mo\u017cliwo\u015b\u0107 \u0142adowania<\/td>\n<\/tr>\n<tr data-start=\"1559\" data-end=\"1586\">\n<td data-start=\"1559\" data-end=\"1576\" data-col-size=\"sm\">Moc czuwania<\/td>\n<td data-col-size=\"md\" data-start=\"1576\" data-end=\"1586\">135 \u00b5A<\/td>\n<\/tr>\n<tr data-start=\"1587\" data-end=\"1645\">\n<td data-start=\"1587\" data-end=\"1598\" data-col-size=\"sm\">Bezprzewodowy<\/td>\n<td data-start=\"1598\" data-end=\"1645\" data-col-size=\"md\">Wi-Fi 802.11 b\/g\/n (2,4 GHz), Bluetooth 5.0<\/td>\n<\/tr>\n<tr data-start=\"1646\" data-end=\"1679\">\n<td data-start=\"1646\" data-end=\"1657\" data-col-size=\"sm\">Zakres<\/td>\n<td data-start=\"1657\" data-end=\"1679\" data-col-size=\"md\">oko\u0142o 45 m (widoczno\u015b\u0107 niezak\u0142\u00f3cona)<\/td>\n<\/tr>\n<tr data-start=\"1680\" data-end=\"1703\">\n<td data-start=\"1680\" data-end=\"1695\" data-col-size=\"sm\">Wodoodporno\u015b\u0107<\/td>\n<td data-col-size=\"md\" data-start=\"1695\" data-end=\"1703\">IP66<\/td>\n<\/tr>\n<tr data-start=\"1704\" data-end=\"1735\">\n<td data-start=\"1704\" data-end=\"1718\" data-col-size=\"sm\">Temperatura pracy<\/td>\n<td data-col-size=\"md\" data-start=\"1718\" data-end=\"1735\">Temperatura od 0\u00b0C do +60\u00b0C<\/td>\n<\/tr>\n<tr data-start=\"1736\" data-end=\"1790\">\n<td data-start=\"1736\" data-end=\"1752\" data-col-size=\"sm\">Wilgotno\u015b\u0107<\/td>\n<td data-col-size=\"md\" data-start=\"1752\" data-end=\"1790\">1 % \u2026 95 % RH (bez kondensacji)<\/td>\n<\/tr>\n<tr data-start=\"1791\" data-end=\"1825\">\n<td data-start=\"1791\" data-end=\"1806\" data-col-size=\"sm\">Wymiary (d\u0142. \u00d7 szer. \u00d7 wys.)<\/td>\n<td data-col-size=\"md\" data-start=\"1806\" data-end=\"1825\">Wymiary: 71 \u00d7 48 \u00d7 90 mm<\/td>\n<\/tr>\n<\/tbody>\n<\/table>\n<div class=\"sticky end-(--thread-content-margin) h-0 self-end select-none\">\n<div class=\"absolute end-0 flex items-end\"><\/div>\n<\/div>\n<\/div>\n<\/div>\n<hr class=\"\" data-start=\"1827\" data-end=\"1830\" \/>\n<h2 class=\"\" data-start=\"1832\" data-end=\"1865\"><strong data-start=\"1835\" data-end=\"1865\">Wska\u017anik LED \u2013 kr\u00f3tki przewodnik<\/strong><\/h2>\n<div class=\"_tableContainer_16hzy_1\">\n<div class=\"_tableWrapper_16hzy_14 group flex w-fit flex-col-reverse\">\n<table class=\"w-fit min-w-(--thread-content-width)\" data-start=\"1867\" data-end=\"2110\">\n<thead data-start=\"1867\" data-end=\"1894\">\n<tr data-start=\"1867\" data-end=\"1894\">\n<th data-start=\"1867\" data-end=\"1880\" data-col-size=\"sm\">Tryb urz\u0105dzenia<\/th>\n<th data-start=\"1880\" data-end=\"1894\" data-col-size=\"sm\">Sygna\u0142 LED<\/th>\n<\/tr>\n<\/thead>\n<tbody data-start=\"1923\" data-end=\"2110\">\n<tr data-start=\"1923\" data-end=\"1965\">\n<td data-start=\"1923\" data-end=\"1938\" data-col-size=\"sm\">Tryb parowania<\/td>\n<td data-col-size=\"sm\" data-start=\"1938\" data-end=\"1965\"><strong data-start=\"1940\" data-end=\"1947\">Czerwony<\/strong> miga 1 raz\/s<\/td>\n<\/tr>\n<tr data-start=\"1966\" data-end=\"2033\">\n<td data-start=\"1966\" data-end=\"1985\" data-col-size=\"sm\">Reset (przytrzymaj przez 6 sekund)<\/td>\n<td data-col-size=\"sm\" data-start=\"1985\" data-end=\"2033\"><strong data-start=\"1987\" data-end=\"1994\">Czerwony<\/strong> \u015bwieci \u015bwiat\u0142em ci\u0105g\u0142ym \u2192 ga\u015bnie po zako\u0144czeniu resetowania<\/td>\n<\/tr>\n<tr data-start=\"2034\" data-end=\"2075\">\n<td data-start=\"2034\" data-end=\"2043\" data-col-size=\"sm\">Za\u0142adunek<\/td>\n<td data-start=\"2043\" data-end=\"2075\" data-col-size=\"sm\"><strong data-start=\"2045\" data-end=\"2052\">Czerwony<\/strong> miga sekwencyjnie<\/td>\n<\/tr>\n<tr data-start=\"2076\" data-end=\"2110\">\n<td data-start=\"2076\" data-end=\"2088\" data-col-size=\"sm\">W pe\u0142ni na\u0142adowany<\/td>\n<td data-col-size=\"sm\" data-start=\"2088\" data-end=\"2110\"><strong data-start=\"2090\" data-end=\"2097\">Czerwony<\/strong> \u015bwieci \u015bwiat\u0142em ci\u0105g\u0142ym<\/td>\n<\/tr>\n<\/tbody>\n<\/table>\n<div class=\"sticky end-(--thread-content-margin) h-0 self-end select-none\">\n<div class=\"absolute end-0 flex items-end\"><\/div>\n<\/div>\n<\/div>\n<\/div>\n<hr class=\"\" data-start=\"2112\" data-end=\"2115\" \/>\n<h2 class=\"\" data-start=\"2117\" data-end=\"2157\"><strong data-start=\"2120\" data-end=\"2157\">Jak zainstalowa\u0107 (krok po kroku)<\/strong><\/h2>\n<ol data-start=\"2159\" data-end=\"2707\">\n<li class=\"\" data-start=\"2159\" data-end=\"2224\">\n<p class=\"\" data-start=\"2162\" data-end=\"2224\"><strong data-start=\"2162\" data-end=\"2186\">Przygotuj \u017ar\u00f3d\u0142o wody<\/strong> \u2013 umie\u015b\u0107 pomp\u0119 wy\u017cej ni\u017c wylot.<\/p>\n<\/li>\n<li class=\"\" data-start=\"2225\" data-end=\"2292\">\n<p class=\"\" data-start=\"2228\" data-end=\"2292\"><strong data-start=\"2228\" data-end=\"2246\">Zainstaluj filtry<\/strong> na ko\u0144cu wlotowym w\u0119\u017ca \u2192 pod\u0142\u0105czy\u0107 do \u201eIN\u201d.<\/p>\n<\/li>\n<li class=\"\" data-start=\"2293\" data-end=\"2351\">\n<p class=\"\" data-start=\"2296\" data-end=\"2351\"><strong data-start=\"2296\" data-end=\"2337\">Pod\u0142\u0105cz w\u0105\u017c wychodz\u0105cy (6 \u00d7 8 mm, 5 m)<\/strong> na \u201eOUT\u201d.<\/p>\n<\/li>\n<li class=\"\" data-start=\"2352\" data-end=\"2430\">\n<p class=\"\" data-start=\"2355\" data-end=\"2430\"><strong data-start=\"2355\" data-end=\"2367\">Oddzia\u0142<\/strong> ze z\u0142\u0105czem 3-dro\u017cnym + w\u0105\u017c 4 \u00d7 7 mm (2 m) na ka\u017cd\u0105 ro\u015blin\u0119.<\/p>\n<\/li>\n<li class=\"\" data-start=\"2431\" data-end=\"2519\">\n<p class=\"\" data-start=\"2434\" data-end=\"2519\"><strong data-start=\"2434\" data-end=\"2460\">W\u0142\u00f3\u017c w\u0142\u00f3czni\u0119 do ociekania<\/strong> (przep\u0142yw regulowany) i ustaw <strong data-start=\"2489\" data-end=\"2501\">korek ko\u0144cowy<\/strong> ostatni w w\u0119\u017cu.<\/p>\n<\/li>\n<li class=\"\" data-start=\"2520\" data-end=\"2593\">\n<p class=\"\" data-start=\"2523\" data-end=\"2593\"><strong data-start=\"2523\" data-end=\"2541\">Uruchom urz\u0105dzenie<\/strong> \u2013 przytrzymaj przycisk resetowania przez 5 sekund, a\u017c \u015bwiat\u0142o za\u015bwieci si\u0119 \u015bwiat\u0142em ci\u0105g\u0142ym.<\/p>\n<\/li>\n<li class=\"\" data-start=\"2594\" data-end=\"2707\">\n<p class=\"\" data-start=\"2597\" data-end=\"2707\"><strong data-start=\"2597\" data-end=\"2618\">Dodaj do aplikacji<\/strong> \u2013 wybierz opcj\u0119 \u201eInteligentne nawadnianie kropelkowe\u201d, post\u0119puj zgodnie z instrukcjami (wykrywanie Bluetooth \u2192 Wi-Fi 2,4 GHz).<\/p>\n<\/li>\n<\/ol>\n<blockquote data-start=\"2709\" data-end=\"2791\">\n<p class=\"\" data-start=\"2711\" data-end=\"2791\"><strong data-start=\"2711\" data-end=\"2720\">Wskaz\u00f3wka:<\/strong> Aby uzyska\u0107 najlepsze ci\u015bnienie, nale\u017cy unika\u0107 w\u0119\u017cy d\u0142u\u017cszych ni\u017c 15 m i wi\u0119cej ni\u017c 10 dysz.<\/p>\n<\/blockquote>\n<hr class=\"\" data-start=\"2793\" data-end=\"2796\" \/>\n<h2 class=\"\" data-start=\"2798\" data-end=\"2825\"><strong data-start=\"2801\" data-end=\"2825\">Cz\u0119sto zadawane pytania (FAQ)<\/strong><\/h2>\n<p class=\"\" data-start=\"2827\" data-end=\"2968\"><strong data-start=\"2827\" data-end=\"2856\">Jak cz\u0119sto musz\u0119 \u0142adowa\u0107?<\/strong><br data-start=\"2856\" data-end=\"2859\" \/>Zale\u017cy to od tego, jak du\u017co pompujesz, ale przy normalnych cyklach 1-2 dziennie jedno \u0142adowanie cz\u0119sto wystarcza <strong data-start=\"2953\" data-end=\"2967\">3\u20136 tygodni<\/strong>.<\/p>\n<p class=\"\" data-start=\"2970\" data-end=\"3074\"><strong data-start=\"2970\" data-end=\"2998\">Czy mog\u0119 je\u017adzi\u0107 samochodem bez Wi-Fi?<\/strong><br data-start=\"2998\" data-end=\"3001\" \/>Tak, harmonogram jest przechowywany lokalnie \u2013 ale tracisz mo\u017cliwo\u015b\u0107 zdalnego sterowania i otrzymywania powiadomie\u0144 push.<\/p>\n<p class=\"\" data-start=\"3076\" data-end=\"3181\"><strong data-start=\"3076\" data-end=\"3112\">Czy dzia\u0142a z roztworem od\u017cywczym?<\/strong><br data-start=\"3112\" data-end=\"3115\" \/>Tak, wymieszaj sk\u0142adniki od\u017cywcze w zbiorniku z wod\u0105, a one wyp\u0142yn\u0105 kroplami.<\/p>\n<p class=\"\" data-start=\"3183\" data-end=\"3284\"><strong data-start=\"3183\" data-end=\"3206\">Czy jest odporny na zim\u0119?<\/strong><br data-start=\"3206\" data-end=\"3209\" \/>Uk\u0142ady elektroniczne wytrzymuj\u0105 temperatury do 0 \u00b0C, ale je\u015bli istnieje ryzyko wyst\u0105pienia mrozu, nale\u017cy opr\u00f3\u017cni\u0107 w\u0105\u017c i pomp\u0119.<\/p>\n<hr class=\"\" data-start=\"3286\" data-end=\"3289\" \/>\n<h2 class=\"\" data-start=\"3291\" data-end=\"3316\"><strong data-start=\"3294\" data-end=\"3316\">Pakiet zawiera<\/strong><\/h2>\n<p>1x Inteligentna jednostka nawadniania kropelkowego<br \/>\n1x z\u0142\u0105cze 3-dro\u017cne<br \/>\n1x G\u0142owica filtra z siatk\u0105<br \/>\n1x W\u0105\u017c przezroczysty 4 \u00d7 7 mm (2 m)<br \/>\n1x W\u0105\u017c przezroczysty 6 \u00d7 8 mm (5 m)<br \/>\n1x Regulowana lanca kropluj\u0105ca<br \/>\n1x Korek ko\u0144cowy<br \/>\n1x Instrukcja (angielski)<\/p>\n<hr class=\"\" data-start=\"3616\" data-end=\"3619\" \/>\n<h2 class=\"\" data-start=\"3621\" data-end=\"3658\"><strong data-start=\"3624\" data-end=\"3658\">Porady dotycz\u0105ce bezpiecze\u0144stwa i instalacji<\/strong><\/h2>\n<ol data-start=\"3660\" data-end=\"3997\">\n<li class=\"\" data-start=\"3660\" data-end=\"3726\">\n<p class=\"\" data-start=\"3663\" data-end=\"3726\">Trzyma\u0107 <strong data-start=\"3668\" data-end=\"3686\">wylot dolny<\/strong> ni\u017c wlot, aby unikn\u0105\u0107 cofania si\u0119 przep\u0142ywu.<\/p>\n<\/li>\n<li class=\"\" data-start=\"3727\" data-end=\"3806\">\n<p class=\"\" data-start=\"3730\" data-end=\"3806\">Przekroczy\u0107 <strong data-start=\"3740\" data-end=\"3753\">nie 15 m<\/strong> w\u0105\u017c lub <strong data-start=\"3766\" data-end=\"3783\">10 dysz<\/strong> \u2013 mo\u017ce dawa\u0107 niskie ci\u015bnienie.<\/p>\n<\/li>\n<li class=\"\" data-start=\"3807\" data-end=\"3879\">\n<p class=\"\" data-start=\"3810\" data-end=\"3879\">Upewnij si\u0119, \u017ce <strong data-start=\"3822\" data-end=\"3841\">wszystkie po\u0142\u0105czenia<\/strong> s\u0105 uszczelnione, aby zapobiec wyciekom.<\/p>\n<\/li>\n<li class=\"\" data-start=\"3880\" data-end=\"3928\">\n<p class=\"\" data-start=\"3883\" data-end=\"3928\">Zawsze \u0142aduj <strong data-start=\"3900\" data-end=\"3913\">5V \/ 2A<\/strong> Adapter USB.<\/p>\n<\/li>\n<li class=\"\" data-start=\"3929\" data-end=\"3997\">\n<p class=\"\" data-start=\"3932\" data-end=\"3997\">Podczas monta\u017cu nale\u017cy unika\u0107 silnych wibracji i chwiejnych powierzchni.<\/p>\n<\/li>\n<\/ol>","protected":false},"excerpt":{"rendered":"<ul>\n<li class=\"\" data-start=\"116\" data-end=\"198\">\n<p class=\"\" data-start=\"118\" data-end=\"198\">\ud83d\udca6 <strong data-start=\"121\" data-end=\"151\">Automatyczne nawadnianie kropelkowe<\/strong> \u2013 ustaw harmonogram lub uruchom r\u0119cznie w aplikacji<\/p>\n<\/li>\n<li class=\"\" data-start=\"199\" data-end=\"277\">\n<p class=\"\" data-start=\"201\" data-end=\"277\">\ud83d\udcf1 <strong data-start=\"204\" data-end=\"225\">Wi-Fi + Bluetooth<\/strong> \u2013 Aplikacja \u201eSmart Life\u201d, powiadomienie push o niskim poziomie na\u0142adowania baterii<\/p>\n<\/li>\n<li class=\"\" data-start=\"278\" data-end=\"363\">\n<p class=\"\" data-start=\"280\" data-end=\"363\">\ud83d\udd0b <strong data-start=\"283\" data-end=\"308\">Wbudowana bateria 18650<\/strong> \u2013 \u0142adowane przez USB-C, bardzo niski pr\u0105d czuwania (135 \u00b5A)<\/p>\n<\/li>\n<li class=\"\" data-start=\"364\" data-end=\"435\">\n<p class=\"\" data-start=\"366\" data-end=\"435\">\ud83c\udf27\ufe0f <strong data-start=\"370\" data-end=\"384\">Uszczelniony zgodnie z norm\u0105 IP66<\/strong> \u2013 odporny na deszcz i kurz, idealny na tarasy i balkony<\/p>\n<\/li>\n<li class=\"\" data-start=\"436\" data-end=\"514\">\n<p class=\"\" data-start=\"438\" data-end=\"514\">\ud83c\udf31 <strong data-start=\"441\" data-end=\"477\">Do 10 ro\u015blin \/ w\u0105\u017c 15 m<\/strong> \u2013 w zestawie regulowane dysze kropluj\u0105ce<\/p>\n<\/li>\n<li class=\"\" data-start=\"515\" data-end=\"586\">\n<p class=\"\" data-start=\"517\" data-end=\"586\">\u2699\ufe0f <strong data-start=\"520\" data-end=\"543\">\u0141atwy monta\u017c DIY<\/strong> \u2013 filtry, w\u0119\u017ce i z\u0142\u0105cza w zestawie<\/p>\n<\/li>\n<\/ul>","protected":false},"featured_media":152370,"template":"","meta":{"_acf_changed":false},"product_brand":[],"product_cat":[4663,4765],"product_tag":[],"class_list":{"0":"post-152352","1":"product","2":"type-product","3":"status-publish","4":"has-post-thumbnail","6":"product_cat-smart-home","7":"product_cat-smart-tradgard","8":"pa_brands-stonehouse-smart","9":"tm-no-options","11":"first","12":"instock","13":"sale","14":"taxable","15":"shipping-taxable","16":"purchasable","17":"product-type-simple"},"acf":[],"_links":{"self":[{"href":"https:\/\/secureus.se\/pl\/wp-json\/wp\/v2\/product\/152352","targetHints":{"allow":["GET"]}}],"collection":[{"href":"https:\/\/secureus.se\/pl\/wp-json\/wp\/v2\/product"}],"about":[{"href":"https:\/\/secureus.se\/pl\/wp-json\/wp\/v2\/types\/product"}],"wp:featuredmedia":[{"embeddable":true,"href":"https:\/\/secureus.se\/pl\/wp-json\/wp\/v2\/media\/152370"}],"wp:attachment":[{"href":"https:\/\/secureus.se\/pl\/wp-json\/wp\/v2\/media?parent=152352"}],"wp:term":[{"taxonomy":"product_brand","embeddable":true,"href":"https:\/\/secureus.se\/pl\/wp-json\/wp\/v2\/product_brand?post=152352"},{"taxonomy":"product_cat","embeddable":true,"href":"https:\/\/secureus.se\/pl\/wp-json\/wp\/v2\/product_cat?post=152352"},{"taxonomy":"product_tag","embeddable":true,"href":"https:\/\/secureus.se\/pl\/wp-json\/wp\/v2\/product_tag?post=152352"}],"curies":[{"name":"wp","href":"https:\/\/api.w.org\/{rel}","templated":true}]}}