{"id":152438,"date":"2025-05-22T14:11:53","date_gmt":"2025-05-22T12:11:53","guid":{"rendered":"https:\/\/secureus.se\/fargo-84500-clear-retransfer-film-1500-prints\/"},"modified":"2026-04-23T12:38:13","modified_gmt":"2026-04-23T10:38:13","slug":"fargo-84500-clear-retransfer-film-1500-prints","status":"publish","type":"product","link":"https:\/\/secureus.se\/pl\/fargo-84500-clear-retransfer-film-1500-prints\/","title":{"rendered":"Film retransferowy Fargo \u2013 84500 (1500 odbitek)"},"content":{"rendered":"<h1>Film retransferowy<br \/>\n  Fargo \u2013 84500 (1500 odbitek)<\/h1>\n<p>Film retransferowy Fargo \u2013 84500 (1500 odbitek) jest ta\u015bm\u0105 KO z<br \/>\n  Czarny panel i nak\u0142adka ochronna. To dobry wyb\u00f3r, gdy potrzebujesz przejrzystego<br \/>\n  tekst, kody kreskowe i dodatkowa ochrona na powierzchni karty.<\/p>\n<p>Nadaje si\u0119 do dowod\u00f3w osobistych, kart dost\u0119pu, kart cz\u0142onkowskich i innych<br \/>\n  karty plastikowe, gdzie liczy si\u0119 wysoka jako\u015b\u0107 druku i niezawodno\u015b\u0107<br \/>\n  wa\u017cny.<\/p>\n<ul>\n<li>Pojemno\u015b\u0107: do 1500 wydruk\u00f3w<\/li>\n<li>Typ zespo\u0142u: KO<\/li>\n<li>Numer artyku\u0142u: 84500<\/li>\n<\/ul>\n<p><strong>Kompatybilny z drukarkami kart Fargo HDP5600 i HDP5000e.<\/strong><\/p>\n<p><strong>Waga produktu:<\/strong> 0,20 kg<\/p>","protected":false},"excerpt":{"rendered":"<p>Retransferfilm Fargo &#8211; 84500 (1500 utskrifter) Retransferfilm Fargo &#8211; 84500 (1500 utskrifter) \u00e4r ett KO-band med svart panel och skyddande overlay. Det \u00e4r ett bra val n\u00e4r du beh\u00f6ver tydlig<\/p>","protected":false},"featured_media":152435,"template":"","meta":{"_acf_changed":false},"product_brand":[],"product_cat":[3214,4846,4850,4851],"product_tag":[4863],"class_list":{"0":"post-152438","1":"product","2":"type-product","3":"status-publish","4":"has-post-thumbnail","6":"product_cat-fargo-fargband-retransfer","7":"product_cat-dtc4500-band","8":"product_cat-hdp5000-band","9":"product_cat-hdp5000e-band","10":"product_tag-pf","11":"pa_brands-fargo","12":"tm-has-options","14":"first","15":"instock","16":"sale","17":"taxable","18":"shipping-taxable","19":"purchasable","20":"product-type-simple"},"acf":[],"_links":{"self":[{"href":"https:\/\/secureus.se\/pl\/wp-json\/wp\/v2\/product\/152438","targetHints":{"allow":["GET"]}}],"collection":[{"href":"https:\/\/secureus.se\/pl\/wp-json\/wp\/v2\/product"}],"about":[{"href":"https:\/\/secureus.se\/pl\/wp-json\/wp\/v2\/types\/product"}],"wp:featuredmedia":[{"embeddable":true,"href":"https:\/\/secureus.se\/pl\/wp-json\/wp\/v2\/media\/152435"}],"wp:attachment":[{"href":"https:\/\/secureus.se\/pl\/wp-json\/wp\/v2\/media?parent=152438"}],"wp:term":[{"taxonomy":"product_brand","embeddable":true,"href":"https:\/\/secureus.se\/pl\/wp-json\/wp\/v2\/product_brand?post=152438"},{"taxonomy":"product_cat","embeddable":true,"href":"https:\/\/secureus.se\/pl\/wp-json\/wp\/v2\/product_cat?post=152438"},{"taxonomy":"product_tag","embeddable":true,"href":"https:\/\/secureus.se\/pl\/wp-json\/wp\/v2\/product_tag?post=152438"}],"curies":[{"name":"wp","href":"https:\/\/api.w.org\/{rel}","templated":true}]}}