{"id":153395,"date":"2025-06-24T13:00:07","date_gmt":"2025-06-24T11:00:07","guid":{"rendered":"https:\/\/secureus.se\/magicard-mc250ymckok-colour-ribbon-250-prints-4\/"},"modified":"2026-04-08T17:00:25","modified_gmt":"2026-04-08T15:00:25","slug":"magicard-mc250ymckok-colour-ribbon-250-prints","status":"publish","type":"product","link":"https:\/\/secureus.se\/pl\/magicard-mc250ymckok-colour-ribbon-250-prints\/","title":{"rendered":"Ta\u015bma Magicard \u2013 MC250YMCKOK (250 wydruk\u00f3w)"},"content":{"rendered":"<h1>Wst\u0105\u017cka<br \/>\n  Magicard \u2013 MC250YMCKOK (250 wydruk\u00f3w)<\/h1>\n<p>Magicard Ribbon \u2013 MC250YMCKOK (250 wydruk\u00f3w) to wst\u0105\u017cka<br \/>\n  do drukowania kart plastikowych o ostrych kolorach, wyra\u017anym tek\u015bcie i dobrej jako\u015bci<br \/>\n  reprodukcja szczeg\u00f3\u0142\u00f3w. Ta\u015bma YMCKOK zapewnia prawid\u0142ow\u0105 kombinacj\u0119 paneli kolor\u00f3w i<br \/>\n  Pow\u0142oka ochronna do profesjonalnego druku kart.<\/p>\n<p>Nadaje si\u0119 do dowod\u00f3w osobistych, kart dost\u0119pu, kart cz\u0142onkowskich i innych<br \/>\n  karty plastikowe, gdzie liczy si\u0119 wysoka jako\u015b\u0107 druku i niezawodno\u015b\u0107<br \/>\n  wa\u017cny.<\/p>\n<ul>\n<li>Pojemno\u015b\u0107: do 250 wydruk\u00f3w<\/li>\n<li>Typ zespo\u0142u: YMCKOK<\/li>\n<li>Nadaje si\u0119 do dwustronnego druku kart<\/li>\n<li>Numer artyku\u0142u: MC250YMCKOK<\/li>\n<\/ul>\n<p><strong>Kompatybilny z Magicard 300 i Magicard E+<br \/>\n  wydarzenia.<\/strong><\/p>\n<p><strong>Waga produktu:<\/strong> 0,18 kg<\/p>","protected":false},"excerpt":{"rendered":"<p><span data-teams=\"true\">Wytrzyma\u0142y tag RFID z<strong> Stopie\u0144 ochrony IP68 o<\/strong>Kompaktowa konstrukcja z formowanego, wytrzyma\u0142ego materia\u0142u przemys\u0142owego. Obs\u0142uguje cz\u0119stotliwo\u015bci LF, HF, UHF i kombinacje - idealna do \u015brodowisk przemys\u0142owych.<\/span><\/p>\n<p>Je\u015bli masz wymagania dotycz\u0105ce produkt\u00f3w przyjaznych dla \u015brodowiska, zalecamy nasze <span style=\"text-decoration: underline\"><strong>Vortex Eco<\/strong><\/span>Zosta\u0142a ona wykonana z materia\u0142u 100% pochodz\u0105cego z recyklingu, co jest korzystne zar\u00f3wno dla u\u017cytkownika, jak i dla \u015brodowiska.<\/p>\n<p><span style=\"text-decoration: underline\">IP68 oznacza, \u017ce produkt jest ca\u0142kowicie py\u0142oszczelny i mo\u017ce wytrzyma\u0107 d\u0142ugotrwa\u0142e zanurzenie w wodzie bez uszkodze\u0144.<\/span><\/p>","protected":false},"featured_media":153387,"template":"","meta":{"_acf_changed":false},"product_brand":[],"product_cat":[3216,4829],"product_tag":[4863],"class_list":{"0":"post-153395","1":"product","2":"type-product","3":"status-publish","4":"has-post-thumbnail","6":"product_cat-magicard-fargband-retransfer","7":"product_cat-magicard-300-band","8":"product_tag-pf","9":"pa_brands-magicard","10":"tm-has-options","12":"first","13":"instock","14":"sale","15":"taxable","16":"shipping-taxable","17":"purchasable","18":"product-type-simple"},"acf":[],"_links":{"self":[{"href":"https:\/\/secureus.se\/pl\/wp-json\/wp\/v2\/product\/153395","targetHints":{"allow":["GET"]}}],"collection":[{"href":"https:\/\/secureus.se\/pl\/wp-json\/wp\/v2\/product"}],"about":[{"href":"https:\/\/secureus.se\/pl\/wp-json\/wp\/v2\/types\/product"}],"wp:featuredmedia":[{"embeddable":true,"href":"https:\/\/secureus.se\/pl\/wp-json\/wp\/v2\/media\/153387"}],"wp:attachment":[{"href":"https:\/\/secureus.se\/pl\/wp-json\/wp\/v2\/media?parent=153395"}],"wp:term":[{"taxonomy":"product_brand","embeddable":true,"href":"https:\/\/secureus.se\/pl\/wp-json\/wp\/v2\/product_brand?post=153395"},{"taxonomy":"product_cat","embeddable":true,"href":"https:\/\/secureus.se\/pl\/wp-json\/wp\/v2\/product_cat?post=153395"},{"taxonomy":"product_tag","embeddable":true,"href":"https:\/\/secureus.se\/pl\/wp-json\/wp\/v2\/product_tag?post=153395"}],"curies":[{"name":"wp","href":"https:\/\/api.w.org\/{rel}","templated":true}]}}