{"id":153583,"date":"2025-06-27T16:17:10","date_gmt":"2025-06-27T14:17:10","guid":{"rendered":"https:\/\/secureus.se\/?post_type=product&#038;p=153583"},"modified":"2026-03-31T13:29:49","modified_gmt":"2026-03-31T11:29:49","slug":"ajax-indoorcam-4mp-svart-wifi-kamera-for-inomhusbruk","status":"publish","type":"product","link":"https:\/\/secureus.se\/pl\/ajax-indoorcam-4mp-svart-wifi-kamera-for-inomhusbruk\/","title":{"rendered":"Ajax IndoorCam 4MP Black \u2013 kamera WiFi do u\u017cytku wewn\u0105trz pomieszcze\u0144"},"content":{"rendered":"<p data-start=\"794\" data-end=\"1003\"><strong data-start=\"794\" data-end=\"812\">Ajax IndoorCam<\/strong> \u0142\u0105czy zaawansowane zabezpieczenia z \u0142atw\u0105 instalacj\u0105. Kamera \u0142\u0105czy si\u0119 z aplikacj\u0105 Ajax za pomoc\u0105 kodu QR i natychmiast rozpoczyna przesy\u0142anie strumieniowe - niezale\u017cnie od tego, czy jest u\u017cywana samodzielnie, czy sparowana z koncentratorem Ajax.<\/p>\n<p data-start=\"1008\" data-end=\"1369\">Wbudowany <strong data-start=\"1021\" data-end=\"1034\">Silnik AI<\/strong> I <strong data-start=\"1039\" data-end=\"1054\">Czujnik PIR<\/strong> minimalizuje liczb\u0119 fa\u0142szywych alarm\u00f3w, rozpoznaj\u0105c ludzi, zwierz\u0119ta i pojazdy. Je\u015bli kamera zauwa\u017cy osob\u0119, wysy\u0142a powiadomienie push; dotknij go, a w ci\u0105gu kilku sekund przejdziesz do trybu na \u017cywo. Aby p\u00f3\u017aniej przegl\u0105da\u0107 nagrania i filtrowa\u0107 zdarzenia AI, pod\u0142\u0105cz kamer\u0119 do <strong data-start=\"1325\" data-end=\"1337\">Rejestrator NVR Ajax<\/strong> Lub <strong data-start=\"1344\" data-end=\"1366\">Przechowywanie w chmurze Ajax<\/strong>.<\/p>\n<p data-start=\"1371\" data-end=\"1539\">Dzi\u0119ki <strong data-start=\"1381\" data-end=\"1416\">Protoko\u0142y jubilera i skrzyde\u0142<\/strong> Kamera IndoorCam nadal dostarcza zdarzenia, alarmy i zdj\u0119cia za po\u015brednictwem koncentratora Ajax, nawet je\u015bli sie\u0107 Wi-Fi nie dzia\u0142a.<\/p>\n<hr data-start=\"1541\" data-end=\"1544\" \/>\n<h2 data-start=\"1546\" data-end=\"1574\"><strong data-start=\"1549\" data-end=\"1574\">Cechy i korzy\u015bci<\/strong><\/h2>\n<div class=\"_tableContainer_16hzy_1\">\n<div class=\"_tableWrapper_16hzy_14 group flex w-fit flex-col-reverse\">\n<table class=\"w-fit min-w-(--thread-content-width)\" data-start=\"1576\" data-end=\"2442\">\n<thead data-start=\"1576\" data-end=\"1605\">\n<tr data-start=\"1576\" data-end=\"1605\">\n<th data-start=\"1576\" data-end=\"1591\" data-col-size=\"sm\"><strong data-start=\"1578\" data-end=\"1590\">Kategoria<\/strong><\/th>\n<th data-start=\"1591\" data-end=\"1605\" data-col-size=\"md\"><strong data-start=\"1593\" data-end=\"1603\">Szczeg\u00f3\u0142<\/strong><\/th>\n<\/tr>\n<\/thead>\n<tbody data-start=\"1635\" data-end=\"2442\">\n<tr data-start=\"1635\" data-end=\"1693\">\n<td data-start=\"1635\" data-end=\"1647\" data-col-size=\"sm\"><strong data-start=\"1637\" data-end=\"1646\">Wideo<\/strong><\/td>\n<td data-col-size=\"md\" data-start=\"1647\" data-end=\"1693\">4 MP, 2560 \u00d7 1440 przy 25 kl, <strong data-start=\"1677\" data-end=\"1686\">H.264<\/strong>HDR<\/td>\n<\/tr>\n<tr data-start=\"1694\" data-end=\"1731\">\n<td data-start=\"1694\" data-end=\"1711\" data-col-size=\"sm\"><strong data-start=\"1696\" data-end=\"1710\">K\u0105t widzenia<\/strong><\/td>\n<td data-col-size=\"md\" data-start=\"1711\" data-end=\"1731\">110 \u00b0 H \/ 60 \u00b0 V<\/td>\n<\/tr>\n<tr data-start=\"1732\" data-end=\"1787\">\n<td data-start=\"1732\" data-end=\"1750\" data-col-size=\"sm\"><strong data-start=\"1734\" data-end=\"1749\">Tryb nocny IR<\/strong><\/td>\n<td data-col-size=\"md\" data-start=\"1750\" data-end=\"1787\">Do 8 m, automatyczny tryb dzie\u0144\/noc<\/td>\n<\/tr>\n<tr data-start=\"1788\" data-end=\"1862\">\n<td data-start=\"1788\" data-end=\"1804\" data-col-size=\"sm\"><strong data-start=\"1790\" data-end=\"1803\">Analiza AI<\/strong><\/td>\n<td data-col-size=\"md\" data-start=\"1804\" data-end=\"1862\">Ludzie \/ Zwierz\u0119ta \/ Pojazdy - dzia\u0142a nawet bez przechowywania<\/td>\n<\/tr>\n<tr data-start=\"1863\" data-end=\"1929\">\n<td data-start=\"1863\" data-end=\"1880\" data-col-size=\"sm\"><strong data-start=\"1865\" data-end=\"1879\">Czujnik PIR<\/strong><\/td>\n<td data-col-size=\"md\" data-start=\"1880\" data-end=\"1929\">Zasi\u0119g 4 m, wyzwalanie nagrywania i powiadomienia push<\/td>\n<\/tr>\n<tr data-start=\"1930\" data-end=\"1996\">\n<td data-start=\"1930\" data-end=\"1941\" data-col-size=\"sm\"><strong data-start=\"1932\" data-end=\"1940\">D\u017awi\u0119k<\/strong><\/td>\n<td data-col-size=\"md\" data-start=\"1941\" data-end=\"1996\">2-dro\u017cny (mikrofon + g\u0142o\u015bnik 1,5 W), redukcja szum\u00f3w i echa<\/td>\n<\/tr>\n<tr data-start=\"1997\" data-end=\"2105\">\n<td data-start=\"1997\" data-end=\"2017\" data-col-size=\"sm\"><strong data-start=\"1999\" data-end=\"2016\">Komunikacja<\/strong><\/td>\n<td data-col-size=\"md\" data-start=\"2017\" data-end=\"2105\">Wi-Fi 802.11 b\/g\/n 2,4 GHz (\u2264 3 Mbit\/s)<br \/>\nJubiler \u2264 1 700 m<br \/>\nSkrzyd\u0142a do zdj\u0119\u0107<\/td>\n<\/tr>\n<tr data-start=\"2106\" data-end=\"2176\">\n<td data-start=\"2106\" data-end=\"2121\" data-col-size=\"sm\"><strong data-start=\"2108\" data-end=\"2120\">Bezpiecze\u0144stwo<\/strong><\/td>\n<td data-col-size=\"md\" data-start=\"2121\" data-end=\"2176\">Szyfrowanie mTLS, bezpieczny rozruch, sprz\u0119t zatwierdzony przez NDAA<\/td>\n<\/tr>\n<tr data-start=\"2177\" data-end=\"2259\">\n<td data-start=\"2177\" data-end=\"2193\" data-col-size=\"sm\"><strong data-start=\"2179\" data-end=\"2192\">Scenariusze<\/strong><\/td>\n<td data-col-size=\"md\" data-start=\"2193\" data-end=\"2259\">Rozpocz\u0119cie nagrywania w przypadku alarmu, wy\u015bwietlanie obrazu na \u017cywo do centrum alarmowego itp.<\/td>\n<\/tr>\n<tr data-start=\"2260\" data-end=\"2321\">\n<td data-start=\"2260\" data-end=\"2272\" data-col-size=\"sm\"><strong data-start=\"2262\" data-end=\"2271\">Aktualny<\/strong><\/td>\n<td data-col-size=\"md\" data-start=\"2272\" data-end=\"2321\">12 V DC (w zestawie adapter z kablem o d\u0142ugo\u015bci 1,5 m), \u2264 10 W<\/td>\n<\/tr>\n<tr data-start=\"2322\" data-end=\"2369\">\n<td data-start=\"2322\" data-end=\"2334\" data-col-size=\"sm\"><strong data-start=\"2324\" data-end=\"2333\">\u015arodowisko<\/strong><\/td>\n<td data-col-size=\"md\" data-start=\"2334\" data-end=\"2369\">0 ... +40 \u00b0C, \u2264 90 % RH, <strong data-start=\"2359\" data-end=\"2367\">IP20<\/strong><\/td>\n<\/tr>\n<tr data-start=\"2370\" data-end=\"2442\">\n<td data-start=\"2370\" data-end=\"2388\" data-col-size=\"sm\"><strong data-start=\"2372\" data-end=\"2387\">Wymiary \/ waga<\/strong><\/td>\n<td data-col-size=\"md\" data-start=\"2388\" data-end=\"2442\">Do okre\u015blenia w instrukcji (\u2248 75 \u00d7 75 \u00d7 110 mm), waga ok. 200 g<\/td>\n<\/tr>\n<\/tbody>\n<\/table>\n<div class=\"sticky end-(--thread-content-margin) h-0 self-end select-none\">\n<div class=\"absolute end-0 flex items-end\"><\/div>\n<\/div>\n<\/div>\n<\/div>\n<hr data-start=\"2444\" data-end=\"2447\" \/>\n<h2 data-start=\"2449\" data-end=\"2480\"><strong data-start=\"2452\" data-end=\"2480\">Specyfikacje techniczne<\/strong><\/h2>\n<div class=\"_tableContainer_16hzy_1\">\n<div class=\"_tableWrapper_16hzy_14 group flex w-fit flex-col-reverse\">\n<table class=\"w-fit min-w-(--thread-content-width)\" data-start=\"2482\" data-end=\"2922\">\n<thead data-start=\"2482\" data-end=\"2503\">\n<tr data-start=\"2482\" data-end=\"2503\">\n<th data-start=\"2482\" data-end=\"2494\" data-col-size=\"sm\">Parametr<\/th>\n<th data-start=\"2494\" data-end=\"2503\" data-col-size=\"md\">Warto\u015b\u0107<\/th>\n<\/tr>\n<\/thead>\n<tbody data-start=\"2526\" data-end=\"2922\">\n<tr data-start=\"2526\" data-end=\"2561\">\n<td data-start=\"2526\" data-end=\"2539\" data-col-size=\"sm\">Rezolucja<\/td>\n<td data-col-size=\"md\" data-start=\"2539\" data-end=\"2561\">4 MP (2560 \u00d7 1440)<\/td>\n<\/tr>\n<tr data-start=\"2562\" data-end=\"2587\">\n<td data-start=\"2562\" data-end=\"2577\" data-col-size=\"sm\">Liczba klatek na sekund\u0119<\/td>\n<td data-col-size=\"md\" data-start=\"2577\" data-end=\"2587\">25 kl.<\/td>\n<\/tr>\n<tr data-start=\"2588\" data-end=\"2612\">\n<td data-start=\"2588\" data-end=\"2603\" data-col-size=\"sm\">Kompresja<\/td>\n<td data-col-size=\"md\" data-start=\"2603\" data-end=\"2612\">H.264<\/td>\n<\/tr>\n<tr data-start=\"2613\" data-end=\"2639\">\n<td data-start=\"2613\" data-end=\"2619\" data-col-size=\"sm\">FOV<\/td>\n<td data-start=\"2619\" data-end=\"2639\" data-col-size=\"md\">110 \u00b0 H \/ 60 \u00b0 V<\/td>\n<\/tr>\n<tr data-start=\"2640\" data-end=\"2656\">\n<td data-start=\"2640\" data-end=\"2649\" data-col-size=\"sm\">DIODA LED IR<\/td>\n<td data-col-size=\"md\" data-start=\"2649\" data-end=\"2656\">8 m<\/td>\n<\/tr>\n<tr data-start=\"2657\" data-end=\"2677\">\n<td data-start=\"2657\" data-end=\"2670\" data-col-size=\"sm\">Zasi\u0119g PIR<\/td>\n<td data-col-size=\"md\" data-start=\"2670\" data-end=\"2677\">4 m<\/td>\n<\/tr>\n<tr data-start=\"2678\" data-end=\"2741\">\n<td data-start=\"2678\" data-end=\"2693\" data-col-size=\"sm\">Typy wyzwalaczy<\/td>\n<td data-col-size=\"md\" data-start=\"2693\" data-end=\"2741\">Ruch, obiekty AI, alarmy czujnik\u00f3w, scenariusze<\/td>\n<\/tr>\n<tr data-start=\"2742\" data-end=\"2787\">\n<td data-start=\"2742\" data-end=\"2752\" data-col-size=\"sm\">Sk\u0142adowanie<\/td>\n<td data-start=\"2752\" data-end=\"2787\" data-col-size=\"md\">Ajax NVR (HDD) lub Ajax Cloud<\/td>\n<\/tr>\n<tr data-start=\"2788\" data-end=\"2820\">\n<td data-start=\"2788\" data-end=\"2806\" data-col-size=\"sm\">Pr\u0119dko\u015b\u0107 Wi-Fi<\/td>\n<td data-start=\"2806\" data-end=\"2820\" data-col-size=\"md\">\u2264 3 Mbit\/s<\/td>\n<\/tr>\n<tr data-start=\"2821\" data-end=\"2863\">\n<td data-start=\"2821\" data-end=\"2841\" data-col-size=\"sm\">Gama produkt\u00f3w jubilerskich<\/td>\n<td data-start=\"2841\" data-end=\"2863\" data-col-size=\"md\">\u2264 1 700 m dobrej widoczno\u015bci<\/td>\n<\/tr>\n<tr data-start=\"2864\" data-end=\"2899\">\n<td data-start=\"2864\" data-end=\"2872\" data-col-size=\"sm\">Aktualny<\/td>\n<td data-start=\"2872\" data-end=\"2899\" data-col-size=\"md\">12 V DC (adapter w zestawie)<\/td>\n<\/tr>\n<tr data-start=\"2900\" data-end=\"2922\">\n<td data-start=\"2900\" data-end=\"2914\" data-col-size=\"sm\">Klasa ochrony<\/td>\n<td data-start=\"2914\" data-end=\"2922\" data-col-size=\"md\">IP20<\/td>\n<\/tr>\n<\/tbody>\n<\/table>\n<div class=\"sticky end-(--thread-content-margin) h-0 self-end select-none\">\n<div class=\"absolute end-0 flex items-end\"><\/div>\n<\/div>\n<\/div>\n<\/div>\n<hr data-start=\"2924\" data-end=\"2927\" \/>\n<h2 data-start=\"2929\" data-end=\"2956\"><strong data-start=\"2932\" data-end=\"2956\">Komunikacja zapasowa<\/strong><\/h2>\n<div class=\"_tableContainer_16hzy_1\">\n<div class=\"_tableWrapper_16hzy_14 group flex w-fit flex-col-reverse\">\n<table class=\"w-fit min-w-(--thread-content-width)\" data-start=\"2958\" data-end=\"3142\">\n<thead data-start=\"2958\" data-end=\"3011\">\n<tr data-start=\"2958\" data-end=\"3011\">\n<th data-start=\"2958\" data-end=\"2967\" data-col-size=\"sm\">Podstawowe<\/th>\n<th data-start=\"2967\" data-end=\"2976\" data-col-size=\"sm\">Kopia zapasowa<\/th>\n<th data-start=\"2976\" data-end=\"3011\" data-col-size=\"sm\">Co jest wysy\u0142ane w przypadku awarii Wi-Fi?<\/th>\n<\/tr>\n<\/thead>\n<tbody data-start=\"3066\" data-end=\"3142\">\n<tr data-start=\"3066\" data-end=\"3142\">\n<td data-start=\"3066\" data-end=\"3082\" data-col-size=\"sm\">Wi-Fi 2,4 GHz<\/td>\n<td data-start=\"3082\" data-end=\"3115\" data-col-size=\"sm\">Jeweller + Wings przez Ajax-hubb<\/td>\n<td data-start=\"3115\" data-end=\"3142\" data-col-size=\"sm\">Powiadomienia, wydarzenia i zdj\u0119cia<\/td>\n<\/tr>\n<\/tbody>\n<\/table>\n<div class=\"sticky end-(--thread-content-margin) h-0 self-end select-none\">\n<div class=\"absolute end-0 flex items-end\"><\/div>\n<\/div>\n<\/div>\n<\/div>\n<hr data-start=\"3144\" data-end=\"3147\" \/>\n<h2 data-start=\"3149\" data-end=\"3170\"><strong data-start=\"3152\" data-end=\"3170\">Zgodno\u015b\u0107<\/strong><\/h2>\n<p data-start=\"3172\" data-end=\"3269\">Hub 2 \/ Hub 2 (4G) \/ Hub 2 Plus \/ Hub BP \/ Hub Hybrid 4G \/ ReX 2 i wszystkie inne <strong data-start=\"3247\" data-end=\"3259\">Rejestrator NVR Ajax<\/strong>-modele.<\/p>\n<p data-start=\"3172\" data-end=\"3269\"><strong>Zawiera:<\/strong><br \/>\nKamera<br \/>\nZa\u0142\u0105cznik<br \/>\nTransformator wtykowy z kablem o d\u0142ugo\u015bci 1,5 m<\/p>","protected":false},"excerpt":{"rendered":"<ul>\n<li data-start=\"100\" data-end=\"177\">\n<p data-start=\"102\" data-end=\"177\"><strong data-start=\"105\" data-end=\"131\">Wideo 4 MP (2K) + HDR<\/strong> \u2013 ostre kolory zar\u00f3wno w jasnych, jak i ciemnych scenach<\/p>\n<\/li>\n<li data-start=\"178\" data-end=\"259\">\n<p data-start=\"180\" data-end=\"259\"><strong data-start=\"183\" data-end=\"207\">Rozpoznawanie AI + PIR<\/strong> \u2013 rozr\u00f3\u017cnia ludzi, zwierz\u0119ta i pojazdy (zasi\u0119g 4 m)<\/p>\n<\/li>\n<li data-start=\"260\" data-end=\"336\">\n<p data-start=\"262\" data-end=\"336\"><strong data-start=\"265\" data-end=\"289\">Komunikacja dwukierunkowa<\/strong> \u2013 wbudowany mikrofon (G.722) i g\u0142o\u015bnik 85 dB<\/p>\n<\/li>\n<li data-start=\"337\" data-end=\"427\">\n<p data-start=\"339\" data-end=\"427\"><strong data-start=\"342\" data-end=\"383\">Wi-Fi 2,4 GHz + kopia zapasowa Jeweller\/Wings<\/strong> \u2013 zachowuje alarmy i obrazy, je\u015bli Wi-Fi przestanie dzia\u0142a\u0107<\/p>\n<\/li>\n<li data-start=\"428\" data-end=\"515\">\n<p data-start=\"430\" data-end=\"515\"><strong data-start=\"433\" data-end=\"453\">Elastyczne przechowywanie<\/strong> \u2013 lokalnie na <strong data-start=\"466\" data-end=\"478\">Rejestrator NVR Ajax<\/strong> lub w <strong data-start=\"487\" data-end=\"501\">Chmura Ajax<\/strong> (wkr\u00f3tce)<\/p>\n<\/li>\n<li data-start=\"516\" data-end=\"590\">\n<p data-start=\"518\" data-end=\"590\"><strong data-start=\"521\" data-end=\"559\">Zgodno\u015b\u0107 z NDAA i szyfrowanie (mTLS)<\/strong> \u2013 brak zabronionych sk\u0142adnik\u00f3w<\/p>\n<\/li>\n<li data-start=\"591\" data-end=\"684\">\n<p data-start=\"593\" data-end=\"684\"><strong data-start=\"596\" data-end=\"625\">Scenariusze i sterowanie hubem<\/strong> \u2013 nagrywaj stale lub tylko wtedy, gdy alarm jest aktywny<\/p>\n<\/li>\n<li data-start=\"685\" data-end=\"760\">\n<p data-start=\"687\" data-end=\"760\">\ud83d\udd0c <strong data-start=\"690\" data-end=\"724\">Zasilacz 12 V DC (w zestawie) + IP20<\/strong> \u2013 idealne do domu, biura i sklepu<\/p>\n<\/li>\n<\/ul>","protected":false},"featured_media":155505,"template":"","meta":{"_acf_changed":false},"product_brand":[],"product_cat":[4011,3156],"product_tag":[4863],"class_list":{"0":"post-153583","1":"product","2":"type-product","3":"status-publish","4":"has-post-thumbnail","6":"product_cat-ajax-kameror","7":"product_cat-rorelse-och-kamera","8":"product_tag-pf","9":"pa_brands-ajax-systems","10":"pa_farg-svart","11":"tm-no-options","13":"first","14":"instock","15":"sale","16":"taxable","17":"shipping-taxable","18":"purchasable","19":"product-type-simple"},"acf":[],"_links":{"self":[{"href":"https:\/\/secureus.se\/pl\/wp-json\/wp\/v2\/product\/153583","targetHints":{"allow":["GET"]}}],"collection":[{"href":"https:\/\/secureus.se\/pl\/wp-json\/wp\/v2\/product"}],"about":[{"href":"https:\/\/secureus.se\/pl\/wp-json\/wp\/v2\/types\/product"}],"wp:featuredmedia":[{"embeddable":true,"href":"https:\/\/secureus.se\/pl\/wp-json\/wp\/v2\/media\/155505"}],"wp:attachment":[{"href":"https:\/\/secureus.se\/pl\/wp-json\/wp\/v2\/media?parent=153583"}],"wp:term":[{"taxonomy":"product_brand","embeddable":true,"href":"https:\/\/secureus.se\/pl\/wp-json\/wp\/v2\/product_brand?post=153583"},{"taxonomy":"product_cat","embeddable":true,"href":"https:\/\/secureus.se\/pl\/wp-json\/wp\/v2\/product_cat?post=153583"},{"taxonomy":"product_tag","embeddable":true,"href":"https:\/\/secureus.se\/pl\/wp-json\/wp\/v2\/product_tag?post=153583"}],"curies":[{"name":"wp","href":"https:\/\/api.w.org\/{rel}","templated":true}]}}