{"id":153623,"date":"2025-06-27T16:39:55","date_gmt":"2025-06-27T14:39:55","guid":{"rendered":"https:\/\/secureus.se\/ajax-speakerphone-vit\/"},"modified":"2026-03-31T13:29:49","modified_gmt":"2026-03-31T11:29:49","slug":"ajax-speakerphone-vit","status":"publish","type":"product","link":"https:\/\/secureus.se\/pl\/ajax-speakerphone-vit\/","title":{"rendered":"Ajax SpeakerPhone White \u2013 G\u0142o\u015bnik do centrum alarmowego, bezprzewodowy dwukierunkowy"},"content":{"rendered":"<p data-start=\"755\" data-end=\"1123\"><strong data-start=\"755\" data-end=\"776\">G\u0142o\u015bnik Ajax<\/strong> Umo\u017cliwia weryfikacj\u0119 alarmu tak szybko, jak po\u0142\u0105czenie telefoniczne. Po uruchomieniu alarmu syreny wy\u0142\u0105czaj\u0105 si\u0119, a operator centrum alarmowego \u0142\u0105czy si\u0119 z <strong data-start=\"912\" data-end=\"946\">wyra\u017ana komunikacja pe\u0142nodupleksowa<\/strong>Operator mo\u017ce s\u0142ucha\u0107 d\u017awi\u0119k\u00f3w otoczenia, rozmawia\u0107 z osobami na miejscu i natychmiast decydowa\u0107, czy nale\u017cy powiadomi\u0107 ochron\u0119, policj\u0119 lub s\u0142u\u017cby ratunkowe, czy te\u017c jest to fa\u0142szywy alarm.<\/p>\n<p data-start=\"1125\" data-end=\"1387\">Jednostka dzia\u0142a niezale\u017cnie poprzez <strong data-start=\"1157\" data-end=\"1172\">Wi-Fi + SIP<\/strong> lub jako cz\u0119\u015b\u0107 systemu Ajax (Hub 2 4G \/ Hub 2 Plus \/ Hub Hybrid 4G). W przypadku po\u0142\u0105czenia z koncentratorem szyfrowane <strong data-start=\"1294\" data-end=\"1321\">Kopia zapasowa jubilera\/Wings<\/strong>dzi\u0119ki czemu zdarzenia i ruch g\u0142osowy mog\u0105 odbywa\u0107 si\u0119 nawet podczas przerw w dzia\u0142aniu sieci.<\/p>\n<hr data-start=\"1389\" data-end=\"1392\" \/>\n<h2 data-start=\"1394\" data-end=\"1422\"><strong data-start=\"1397\" data-end=\"1422\">Cechy i korzy\u015bci<\/strong><\/h2>\n<div class=\"_tableContainer_16hzy_1\">\n<div class=\"_tableWrapper_16hzy_14 group flex w-fit flex-col-reverse\">\n<table class=\"w-fit min-w-(--thread-content-width)\" data-start=\"1424\" data-end=\"2136\">\n<thead data-start=\"1424\" data-end=\"1453\">\n<tr data-start=\"1424\" data-end=\"1453\">\n<th data-start=\"1424\" data-end=\"1439\" data-col-size=\"sm\"><strong data-start=\"1426\" data-end=\"1438\">Kategoria<\/strong><\/th>\n<th data-start=\"1439\" data-end=\"1453\" data-col-size=\"md\"><strong data-start=\"1441\" data-end=\"1451\">Szczeg\u00f3\u0142<\/strong><\/th>\n<\/tr>\n<\/thead>\n<tbody data-start=\"1483\" data-end=\"2136\">\n<tr data-start=\"1483\" data-end=\"1555\">\n<td data-start=\"1483\" data-end=\"1494\" data-col-size=\"sm\"><strong data-start=\"1485\" data-end=\"1493\">D\u017awi\u0119k<\/strong><\/td>\n<td data-start=\"1494\" data-end=\"1555\" data-col-size=\"md\">Maksymalna g\u0142o\u015bno\u015b\u0107 103 dB, regulowana \u2022 Kodek G722 \u2022 Redukcja echa AI<\/td>\n<\/tr>\n<tr data-start=\"1556\" data-end=\"1647\">\n<td data-start=\"1556\" data-end=\"1576\" data-col-size=\"sm\"><strong data-start=\"1558\" data-end=\"1575\">Komunikacja<\/strong><\/td>\n<td data-start=\"1576\" data-end=\"1647\" data-col-size=\"md\">Wi-Fi 2,4 GHz (\u2264 3 Mbit\/s) \u2022 Jubiler \u2264 1700 m \u2022 Kana\u0142y foto Winga<\/td>\n<\/tr>\n<tr data-start=\"1648\" data-end=\"1741\">\n<td data-start=\"1648\" data-end=\"1664\" data-col-size=\"sm\"><strong data-start=\"1650\" data-end=\"1663\">Protok\u00f3\u0142<\/strong><\/td>\n<td data-start=\"1664\" data-end=\"1741\" data-col-size=\"md\"><strong data-start=\"1666\" data-end=\"1676\">VoRF1\u2122<\/strong> (w\u0142asno\u015bciowe) zapewniaj\u0105ce niskie op\u00f3\u017anienie \u2022 <strong data-start=\"1708\" data-end=\"1715\">\u0141YK<\/strong> do centralnej integracji<\/td>\n<\/tr>\n<tr data-start=\"1742\" data-end=\"1822\">\n<td data-start=\"1742\" data-end=\"1759\" data-col-size=\"sm\"><strong data-start=\"1744\" data-end=\"1758\">Serwer SIP<\/strong><\/td>\n<td data-start=\"1759\" data-end=\"1822\" data-col-size=\"md\">Kompatybilny z Asterisk, ESI, Evalink Talos, Sentinel i innymi.<\/td>\n<\/tr>\n<tr data-start=\"1823\" data-end=\"1912\">\n<td data-start=\"1823\" data-end=\"1836\" data-col-size=\"sm\"><strong data-start=\"1825\" data-end=\"1835\">Kopia zapasowa<\/strong><\/td>\n<td data-start=\"1836\" data-end=\"1912\" data-col-size=\"md\">Czas pracy na baterii \u2264 4 lata czuwania \/ 12 godz. rozm\u00f3w \u2022 Wej\u015bcie 12 V DC = praca ci\u0105g\u0142a<\/td>\n<\/tr>\n<tr data-start=\"1913\" data-end=\"1971\">\n<td data-start=\"1913\" data-end=\"1929\" data-col-size=\"sm\"><strong data-start=\"1915\" data-end=\"1928\">Pojemno\u015b\u0107<\/strong><\/td>\n<td data-start=\"1929\" data-end=\"1971\" data-col-size=\"md\">A\u017c do <strong data-start=\"1940\" data-end=\"1969\">10 g\u0142o\u015bnik\u00f3w na koncentrator<\/strong><\/td>\n<\/tr>\n<tr data-start=\"1972\" data-end=\"2056\">\n<td data-start=\"1972\" data-end=\"1987\" data-col-size=\"sm\"><strong data-start=\"1974\" data-end=\"1986\">Bezpiecze\u0144stwo<\/strong><\/td>\n<td data-start=\"1987\" data-end=\"2056\" data-col-size=\"md\">Szyfrowanie mTLS, bezpieczny rozruch, obudowa IP50, aktualizacje oprogramowania sprz\u0119towego OTA<\/td>\n<\/tr>\n<tr data-start=\"2057\" data-end=\"2136\">\n<td data-start=\"2057\" data-end=\"2076\" data-col-size=\"sm\"><strong data-start=\"2059\" data-end=\"2075\">Instalacja<\/strong><\/td>\n<td data-start=\"2076\" data-end=\"2136\" data-col-size=\"md\">Kod QR w aplikacji, zalecana wysoko\u015b\u0107 1,6 m, monta\u017c na \u015bcianie\/biurku<\/td>\n<\/tr>\n<\/tbody>\n<\/table>\n<div class=\"sticky end-(--thread-content-margin) h-0 self-end select-none\">\n<div class=\"absolute end-0 flex items-end\"><\/div>\n<\/div>\n<\/div>\n<\/div>\n<hr data-start=\"2138\" data-end=\"2141\" \/>\n<h2 data-start=\"2143\" data-end=\"2174\"><strong data-start=\"2146\" data-end=\"2174\">Specyfikacje techniczne<\/strong><\/h2>\n<div class=\"_tableContainer_16hzy_1\">\n<div class=\"_tableWrapper_16hzy_14 group flex w-fit flex-col-reverse\">\n<table class=\"w-fit min-w-(--thread-content-width)\" data-start=\"2176\" data-end=\"2630\">\n<thead data-start=\"2176\" data-end=\"2197\">\n<tr data-start=\"2176\" data-end=\"2197\">\n<th data-start=\"2176\" data-end=\"2188\" data-col-size=\"sm\">Parametr<\/th>\n<th data-start=\"2188\" data-end=\"2197\" data-col-size=\"sm\">Warto\u015b\u0107<\/th>\n<\/tr>\n<\/thead>\n<tbody data-start=\"2220\" data-end=\"2630\">\n<tr data-start=\"2220\" data-end=\"2272\">\n<td data-start=\"2220\" data-end=\"2250\" data-col-size=\"sm\">Zasi\u0119g bezprzewodowy (jubiler)<\/td>\n<td data-start=\"2250\" data-end=\"2272\" data-col-size=\"sm\">\u2264 1 700 m dobrej widoczno\u015bci<\/td>\n<\/tr>\n<tr data-start=\"2273\" data-end=\"2313\">\n<td data-start=\"2273\" data-end=\"2285\" data-col-size=\"sm\">Baterie<\/td>\n<td data-start=\"2285\" data-end=\"2313\" data-col-size=\"sm\">4 \u00d7 CR123A (3 V) \u2013 w zestawie<\/td>\n<\/tr>\n<tr data-start=\"2314\" data-end=\"2367\">\n<td data-start=\"2314\" data-end=\"2333\" data-col-size=\"sm\">\u017bywotno\u015b\u0107 baterii<\/td>\n<td data-start=\"2333\" data-end=\"2367\" data-col-size=\"sm\">\u2264 4 lata czuwania \/ \u2264 12 godzin rozm\u00f3w<\/td>\n<\/tr>\n<tr data-start=\"2368\" data-end=\"2405\">\n<td data-start=\"2368\" data-end=\"2383\" data-col-size=\"sm\">Zasilanie zewn\u0119trzne<\/td>\n<td data-start=\"2383\" data-end=\"2405\" data-col-size=\"sm\">12V DC \u00b110 %, 1A<\/td>\n<\/tr>\n<tr data-start=\"2406\" data-end=\"2447\">\n<td data-start=\"2406\" data-end=\"2420\" data-col-size=\"sm\">Maksymalna liczba jednostek<\/td>\n<td data-start=\"2420\" data-end=\"2447\" data-col-size=\"sm\">10 g\u0142o\u015bnik\u00f3w\/centrum<\/td>\n<\/tr>\n<tr data-start=\"2448\" data-end=\"2484\">\n<td data-start=\"2448\" data-end=\"2460\" data-col-size=\"sm\">Ci\u015bnienie akustyczne<\/td>\n<td data-start=\"2460\" data-end=\"2484\" data-col-size=\"sm\">Do 103 dB w odleg\u0142o\u015bci 1 m<\/td>\n<\/tr>\n<tr data-start=\"2485\" data-end=\"2523\">\n<td data-start=\"2485\" data-end=\"2497\" data-col-size=\"sm\">Temperatura\/wilgotno\u015b\u0107 wzgl\u0119dna<\/td>\n<td data-start=\"2497\" data-end=\"2523\" data-col-size=\"sm\">0 \u2026 +40 \u00b0C \u2022 \u2264 75 % RH<\/td>\n<\/tr>\n<tr data-start=\"2524\" data-end=\"2543\">\n<td data-start=\"2524\" data-end=\"2535\" data-col-size=\"sm\">Klasa IP<\/td>\n<td data-start=\"2535\" data-end=\"2543\" data-col-size=\"sm\">IP50<\/td>\n<\/tr>\n<tr data-start=\"2544\" data-end=\"2583\">\n<td data-start=\"2544\" data-end=\"2551\" data-col-size=\"sm\">Mierzy\u0107<\/td>\n<td data-start=\"2551\" data-end=\"2583\" data-col-size=\"sm\">\u00d8 \u2248 110 mm \u00d7 D \u2248 40 mm (typ)<\/td>\n<\/tr>\n<tr data-start=\"2584\" data-end=\"2630\">\n<td data-start=\"2584\" data-end=\"2604\" data-col-size=\"sm\">Wysoko\u015b\u0107 monta\u017cu<\/td>\n<td data-start=\"2604\" data-end=\"2630\" data-col-size=\"sm\">1,60 m (zalecane)<\/td>\n<\/tr>\n<\/tbody>\n<\/table>\n<div class=\"sticky end-(--thread-content-margin) h-0 self-end select-none\">\n<div class=\"absolute end-0 flex items-end\"><\/div>\n<\/div>\n<\/div>\n<\/div>\n<hr data-start=\"2632\" data-end=\"2635\" \/>\n<h2 data-start=\"2637\" data-end=\"2662\"><strong data-start=\"2640\" data-end=\"2662\">Obszary zastosowa\u0144<\/strong><\/h2>\n<div class=\"_tableContainer_16hzy_1\">\n<div class=\"_tableWrapper_16hzy_14 group flex w-fit flex-col-reverse\">\n<table class=\"w-fit min-w-(--thread-content-width)\" data-start=\"2664\" data-end=\"3024\">\n<thead data-start=\"2664\" data-end=\"2681\">\n<tr data-start=\"2664\" data-end=\"2681\">\n<th data-start=\"2664\" data-end=\"2672\" data-col-size=\"sm\">\u015arodowisko<\/th>\n<th data-start=\"2672\" data-end=\"2681\" data-col-size=\"md\">Korzy\u015b\u0107<\/th>\n<\/tr>\n<\/thead>\n<tbody data-start=\"2700\" data-end=\"3024\">\n<tr data-start=\"2700\" data-end=\"2771\">\n<td data-start=\"2700\" data-end=\"2710\" data-col-size=\"sm\"><strong data-start=\"2702\" data-end=\"2709\">Dom<\/strong><\/td>\n<td data-start=\"2710\" data-end=\"2771\" data-col-size=\"md\">Operator mo\u017ce natychmiast wykry\u0107 fa\u0142szywe alarmy lub wys\u0142a\u0107 pomoc<\/td>\n<\/tr>\n<tr data-start=\"2772\" data-end=\"2861\">\n<td data-start=\"2772\" data-end=\"2795\" data-col-size=\"sm\"><strong data-start=\"2774\" data-end=\"2794\">Biznes i biuro<\/strong><\/td>\n<td data-start=\"2795\" data-end=\"2861\" data-col-size=\"md\">Szybka reakcja na w\u0142amanie, sytuacje zagra\u017caj\u0105ce bezpiecze\u0144stwu lub alarmy po\u017carowe<\/td>\n<\/tr>\n<tr data-start=\"2862\" data-end=\"2936\">\n<td data-start=\"2862\" data-end=\"2874\" data-col-size=\"sm\"><strong data-start=\"2864\" data-end=\"2873\">Sklep<\/strong><\/td>\n<td data-start=\"2874\" data-end=\"2936\" data-col-size=\"md\">Odstraszaj z\u0142odziei za pomoc\u0105 wp\u0142ywu g\u0142osu, chro\u0144 personel i klient\u00f3w<\/td>\n<\/tr>\n<tr data-start=\"2937\" data-end=\"3024\">\n<td data-start=\"2937\" data-end=\"2966\" data-col-size=\"sm\"><strong data-start=\"2939\" data-end=\"2965\">Domy opieki i dla os\u00f3b starszych<\/strong><\/td>\n<td data-start=\"2966\" data-end=\"3024\" data-col-size=\"md\">Dwustronna komunikacja w przypadku upadku, wypadku lub alarmu paniki<\/td>\n<\/tr>\n<\/tbody>\n<\/table>\n<\/div>\n<\/div>","protected":false},"excerpt":{"rendered":"<ul>\n<li data-start=\"118\" data-end=\"211\">\n<p data-start=\"120\" data-end=\"211\"><strong data-start=\"123\" data-end=\"159\">Dwukierunkowa transmisja d\u017awi\u0119ku w trybie pe\u0142nego dupleksu (VoRF1\u2122)<\/strong> \u2013 wyra\u017ana rozmowa pomi\u0119dzy centrum alarmowym a obiektem<\/p>\n<\/li>\n<li data-start=\"212\" data-end=\"306\">\n<p data-start=\"214\" data-end=\"306\"><strong data-start=\"217\" data-end=\"250\">Wi-Fi + kopia zapasowa Jeweller\/Wings<\/strong> \u2013 zdarzenia i mowa dzia\u0142aj\u0105 nawet wtedy, gdy sie\u0107 przestaje dzia\u0142a\u0107<\/p>\n<\/li>\n<li data-start=\"307\" data-end=\"394\">\n<p data-start=\"309\" data-end=\"394\"><strong data-start=\"312\" data-end=\"330\">Obs\u0142uga serwera SIP<\/strong> \u2013 integruje si\u0119 z Asterisk, ESI, Evalink Talos, Sentinel itp.<\/p>\n<\/li>\n<li data-start=\"395\" data-end=\"480\">\n<p data-start=\"397\" data-end=\"480\"><strong data-start=\"400\" data-end=\"441\">4 baterie CR123A (\u2264 4 lata czuwania)<\/strong> + 12 V DC wej\u015bcie jako zasilanie sieciowe\/zapasowe<\/p>\n<\/li>\n<li data-start=\"481\" data-end=\"572\">\n<p data-start=\"483\" data-end=\"572\"><strong data-start=\"486\" data-end=\"511\">G\u0142o\u015bno\u015b\u0107 do 103 dB<\/strong> \u2013 wyra\u017anie s\u0142yszalny w wi\u0119kszych pomieszczeniach, do 10 jednostek\/centrum<\/p>\n<\/li>\n<li data-start=\"573\" data-end=\"630\">\n<p data-start=\"575\" data-end=\"630\"><strong data-start=\"578\" data-end=\"598\">Zasi\u0119g 1700 m<\/strong> (linia wzroku) przez radio jubilera<\/p>\n<\/li>\n<li data-start=\"631\" data-end=\"721\">\n<p data-start=\"633\" data-end=\"721\"><strong data-start=\"637\" data-end=\"682\">Zgodno\u015b\u0107 z NDAA, IP50 i aktualizacje OTA<\/strong> \u2013 odporne na przysz\u0142o\u015b\u0107 i bezobs\u0142ugowe<\/p>\n<\/li>\n<\/ul>","protected":false},"featured_media":155465,"template":"","meta":{"_acf_changed":false},"product_brand":[],"product_cat":[3163],"product_tag":[4863],"class_list":{"0":"post-153623","1":"product","2":"type-product","3":"status-publish","4":"has-post-thumbnail","6":"product_cat-sirener","7":"product_tag-pf","8":"pa_brands-ajax-systems","9":"pa_farg-vit","10":"tm-no-options","12":"first","13":"onbackorder","14":"taxable","15":"shipping-taxable","16":"purchasable","17":"product-type-simple"},"acf":[],"_links":{"self":[{"href":"https:\/\/secureus.se\/pl\/wp-json\/wp\/v2\/product\/153623","targetHints":{"allow":["GET"]}}],"collection":[{"href":"https:\/\/secureus.se\/pl\/wp-json\/wp\/v2\/product"}],"about":[{"href":"https:\/\/secureus.se\/pl\/wp-json\/wp\/v2\/types\/product"}],"wp:featuredmedia":[{"embeddable":true,"href":"https:\/\/secureus.se\/pl\/wp-json\/wp\/v2\/media\/155465"}],"wp:attachment":[{"href":"https:\/\/secureus.se\/pl\/wp-json\/wp\/v2\/media?parent=153623"}],"wp:term":[{"taxonomy":"product_brand","embeddable":true,"href":"https:\/\/secureus.se\/pl\/wp-json\/wp\/v2\/product_brand?post=153623"},{"taxonomy":"product_cat","embeddable":true,"href":"https:\/\/secureus.se\/pl\/wp-json\/wp\/v2\/product_cat?post=153623"},{"taxonomy":"product_tag","embeddable":true,"href":"https:\/\/secureus.se\/pl\/wp-json\/wp\/v2\/product_tag?post=153623"}],"curies":[{"name":"wp","href":"https:\/\/api.w.org\/{rel}","templated":true}]}}